{"id":1237,"date":"2021-08-31T20:01:51","date_gmt":"2021-08-31T20:01:51","guid":{"rendered":"https:\/\/www3.tuhh.de\/itl\/?page_id=1237"},"modified":"2024-08-22T12:32:16","modified_gmt":"2024-08-22T10:32:16","slug":"forschung","status":"publish","type":"page","link":"https:\/\/www3.tuhh.de\/itl\/forschung\/","title":{"rendered":"Forschung"},"content":{"rendered":"<p><div class=\"fusion-fullwidth fullwidth-box fusion-builder-row-1 fusion-flex-container hundred-percent-fullwidth non-hundred-percent-height-scrolling\" style=\"--awb-border-radius-top-left:0px;--awb-border-radius-top-right:0px;--awb-border-radius-bottom-right:0px;--awb-border-radius-bottom-left:0px;--awb-padding-right:11%;--awb-padding-bottom:100px;--awb-padding-left:11%;--awb-padding-bottom-small:0px;--awb-flex-wrap:wrap;\" ><div class=\"fusion-builder-row fusion-row fusion-flex-align-items-stretch fusion-flex-content-wrap\" style=\"width:104% !important;max-width:104% !important;margin-left: calc(-4% \/ 2 );margin-right: calc(-4% \/ 2 );\"><div class=\"fusion-layout-column fusion_builder_column fusion-builder-column-0 fusion_builder_column_2_3 2_3 fusion-flex-column\" style=\"--awb-bg-size:cover;--awb-width-large:66.666666666667%;--awb-margin-top-large:15px;--awb-spacing-right-large:7.2%;--awb-margin-bottom-large:15px;--awb-spacing-left-large:2.88%;--awb-width-medium:100%;--awb-order-medium:0;--awb-spacing-right-medium:1.92%;--awb-spacing-left-medium:1.92%;--awb-width-small:100%;--awb-order-small:0;--awb-spacing-right-small:1.92%;--awb-spacing-left-small:1.92%;\"><div class=\"fusion-column-wrapper fusion-column-has-shadow fusion-flex-justify-content-center fusion-content-layout-column\"><div class=\"fusion-title title fusion-title-1 fusion-title-text fusion-title-size-two\"><div class=\"title-sep-container title-sep-container-left fusion-no-large-visibility fusion-no-medium-visibility fusion-no-small-visibility\"><div class=\"title-sep sep- sep-solid\" style=\"border-color:var(--awb-color3);\"><\/div><\/div><span class=\"awb-title-spacer fusion-no-large-visibility fusion-no-medium-visibility fusion-no-small-visibility\"><\/span><h2 class=\"fusion-title-heading title-heading-left fusion-responsive-typography-calculated\" style=\"margin:0;--fontSize:65;line-height:1.0;\"><span style=\"color: var(--awb-color4);\">FORSCHUNG.<\/span><\/h2><span class=\"awb-title-spacer\"><\/span><div class=\"title-sep-container title-sep-container-right\"><div class=\"title-sep sep- sep-solid\" style=\"border-color:var(--awb-color3);\"><\/div><\/div><\/div><\/div><\/div><div class=\"fusion-layout-column fusion_builder_column fusion-builder-column-1 fusion_builder_column_1_3 1_3 fusion-flex-column\" style=\"--awb-bg-size:cover;--awb-width-large:33.333333333333%;--awb-margin-top-large:0px;--awb-spacing-right-large:5.76%;--awb-margin-bottom-large:0px;--awb-spacing-left-large:9.6%;--awb-width-medium:100%;--awb-order-medium:0;--awb-spacing-right-medium:1.92%;--awb-spacing-left-medium:1.92%;--awb-width-small:100%;--awb-order-small:0;--awb-spacing-right-small:1.92%;--awb-spacing-left-small:1.92%;\"><div class=\"fusion-column-wrapper fusion-column-has-shadow fusion-flex-justify-content-flex-start fusion-content-layout-column\"><div class=\"fusion-image-element \" style=\"text-align:center;--awb-caption-title-font-family:var(--h2_typography-font-family);--awb-caption-title-font-weight:var(--h2_typography-font-weight);--awb-caption-title-font-style:var(--h2_typography-font-style);--awb-caption-title-size:var(--h2_typography-font-size);--awb-caption-title-transform:var(--h2_typography-text-transform);--awb-caption-title-line-height:var(--h2_typography-line-height);--awb-caption-title-letter-spacing:var(--h2_typography-letter-spacing);\"><span class=\" fusion-imageframe imageframe-none imageframe-1 hover-type-none\"><a class=\"fusion-no-lightbox\" href=\"https:\/\/bit.ly\/2x2bahR\" target=\"_blank\" aria-label=\"Ilustration TUHH Farben_ Technik_Forschung\" rel=\"noopener noreferrer\"><img decoding=\"async\" width=\"300\" height=\"182\" src=\"https:\/\/www3.tuhh.de\/itl\/wp-content\/uploads\/2022\/09\/Ilustration-TUHH-Farben_-Technik_Forschung-scaled.jpg\" data-orig-src=\"https:\/\/www3.tuhh.de\/itl\/wp-content\/uploads\/2022\/09\/Ilustration-TUHH-Farben_-Technik_Forschung-300x182.jpg\" alt class=\"lazyload img-responsive wp-image-3596\" srcset=\"data:image\/svg+xml,%3Csvg%20xmlns%3D%27http%3A%2F%2Fwww.w3.org%2F2000%2Fsvg%27%20width%3D%272560%27%20height%3D%271554%27%20viewBox%3D%270%200%202560%201554%27%3E%3Crect%20width%3D%272560%27%20height%3D%271554%27%20fill-opacity%3D%220%22%2F%3E%3C%2Fsvg%3E\" data-srcset=\"https:\/\/www3.tuhh.de\/itl\/wp-content\/uploads\/2022\/09\/Ilustration-TUHH-Farben_-Technik_Forschung-200x121.jpg 200w, https:\/\/www3.tuhh.de\/itl\/wp-content\/uploads\/2022\/09\/Ilustration-TUHH-Farben_-Technik_Forschung-400x243.jpg 400w, https:\/\/www3.tuhh.de\/itl\/wp-content\/uploads\/2022\/09\/Ilustration-TUHH-Farben_-Technik_Forschung-600x364.jpg 600w, https:\/\/www3.tuhh.de\/itl\/wp-content\/uploads\/2022\/09\/Ilustration-TUHH-Farben_-Technik_Forschung-800x486.jpg 800w, https:\/\/www3.tuhh.de\/itl\/wp-content\/uploads\/2022\/09\/Ilustration-TUHH-Farben_-Technik_Forschung-1200x728.jpg 1200w\" data-sizes=\"auto\" data-orig-sizes=\"(max-width: 1024px) 100vw, (max-width: 640px) 100vw, 400px\" \/><\/a><\/span><\/div><\/div><\/div><div class=\"fusion-layout-column fusion_builder_column fusion-builder-column-2 fusion_builder_column_1_1 1_1 fusion-flex-column\" style=\"--awb-bg-size:cover;--awb-width-large:100%;--awb-margin-top-large:15px;--awb-spacing-right-large:1.92%;--awb-margin-bottom-large:15px;--awb-spacing-left-large:1.92%;--awb-width-medium:100%;--awb-order-medium:0;--awb-spacing-right-medium:1.92%;--awb-spacing-left-medium:1.92%;--awb-width-small:100%;--awb-order-small:0;--awb-spacing-right-small:1.92%;--awb-spacing-left-small:1.92%;\"><div class=\"fusion-column-wrapper fusion-column-has-shadow fusion-flex-justify-content-center fusion-content-layout-column\"><div class=\"fusion-separator\" style=\"align-self: flex-start;margin-right:auto;margin-bottom:50px;width:100%;max-width:100px;\"><div class=\"fusion-separator-border sep-single sep-solid\" style=\"--awb-height:20px;--awb-amount:20px;--awb-sep-color:var(--awb-color4);border-color:var(--awb-color4);border-top-width:4px;\"><\/div><\/div><div class=\"fusion-text fusion-text-1\" style=\"--awb-font-size:20px;\"><p><span class=\"fusion-dropcap dropcap\" style=\"--awb-color:#00C1D4;\">U<\/span> nsere Forschung am Institut umfasst:<\/p>\n<\/div><div class=\"fusion-separator\" style=\"align-self: center;margin-left: auto;margin-right: auto;width:100%;max-width:100px;\"><\/div><div class=\"fusion-content-boxes content-boxes columns row fusion-columns-2 fusion-columns-total-2 fusion-content-boxes-1 content-boxes-icon-with-title content-left fusion-delayed-animation\" style=\"--awb-body-color:var(--awb-color6);--awb-title-color:var(--awb-color8);--awb-margin-top:50px;--awb-hover-accent-color:var(--awb-color5);--awb-circle-hover-accent-color:var(--awb-color5);\" data-animation-delay=\"1000\" data-animationOffset=\"top-into-view\"><div style=\"--awb-backgroundcolor:rgba(255,255,255,0);\" class=\"fusion-column content-box-column content-box-column content-box-column-1 col-lg-6 col-md-6 col-sm-6 fusion-content-box-hover content-box-column-first-in-row\"><div class=\"col content-box-wrapper content-wrapper link-area-box icon-hover-animation-pulsate fusion-animated\" data-animationType=\"fadeInLeft\" data-animationDuration=\"0.9\" data-animationOffset=\"top-into-view\"><div class=\"heading heading-with-icon icon-left\"><div class=\"icon\" style=\"-webkit-animation-duration: 1000ms;animation-duration: 1000ms;\"><i style=\"border-color:var(--awb-color4);border-width:0px;background-color:var(--awb-color5);box-sizing:content-box;height:40px;width:40px;line-height:40px;border-radius:100%;font-size:20px;\" aria-hidden=\"true\" class=\"fontawesome-icon fa-book-reader fas circle-yes\"><\/i><\/div><h5 class=\"content-box-heading fusion-responsive-typography-calculated\" style=\"--h5_typography-font-size:15px;--fontSize:15;line-height:1.5;\">Unsere Publikationen<\/h5><\/div><div class=\"fusion-clearfix\"><\/div><div class=\"content-container\">\n<div id=\"6d6f47210f8d131a0\" class=\"panel-collapse collapse in\">\n<div class=\"panel-body toggle-content fusion-clearfix\">\n<p class=\"fusion-responsive-typography-calculated\" style=\"font-family: Poppins; font-weight: 400; line-height: 30px;\" data-fontsize=\"16\" data-lineheight=\"24px\" data-fusion-font=\"true\" data-fusion-google-font=\"Poppins\" data-fusion-google-variant=\"400\">Das Institut f\u00fcr Technische Logistik ver\u00f6ffentlicht laufend Beitr\u00e4ge zu Fachzeitschriften u.a., eigene Studien und Expertisen, Konferenzbeitr\u00e4ge, gibt Interviews, unterst\u00fctzt fachlich bei Publikationen und agiert als Gutachter. Alle Details dazu finden Sie hier:<\/p>\n<p data-fontsize=\"16\" data-lineheight=\"24px\"><a href=\"https:\/\/www3.tuhh.de\/itl\/publikationen\/\" target=\"_blank\" rel=\"noopener\"><img decoding=\"async\" class=\"lazyload alignnone wp-image-2412\" src=\"https:\/\/www3.tuhh.de\/itl\/wp-content\/uploads\/2022\/06\/Element-3-1-300x139.png\" data-orig-src=\"https:\/\/www3.tuhh.de\/itl\/wp-content\/uploads\/2022\/06\/Element-3-1-300x139.png\" alt=\"\" width=\"150\" height=\"69\" srcset=\"data:image\/svg+xml,%3Csvg%20xmlns%3D%27http%3A%2F%2Fwww.w3.org%2F2000%2Fsvg%27%20width%3D%27150%27%20height%3D%2769%27%20viewBox%3D%270%200%20150%2069%27%3E%3Crect%20width%3D%27150%27%20height%3D%2769%27%20fill-opacity%3D%220%22%2F%3E%3C%2Fsvg%3E\" data-srcset=\"https:\/\/www3.tuhh.de\/itl\/wp-content\/uploads\/2022\/06\/Element-3-1-200x92.png 200w, https:\/\/www3.tuhh.de\/itl\/wp-content\/uploads\/2022\/06\/Element-3-1-300x139.png 300w, https:\/\/www3.tuhh.de\/itl\/wp-content\/uploads\/2022\/06\/Element-3-1.png 346w\" data-sizes=\"auto\" data-orig-sizes=\"(max-width: 150px) 100vw, 150px\" \/><\/a><\/p>\n<\/div>\n<\/div>\n<\/div><\/div><\/div><div style=\"--awb-backgroundcolor:rgba(255,255,255,0);\" class=\"fusion-column content-box-column content-box-column content-box-column-2 col-lg-6 col-md-6 col-sm-6 fusion-content-box-hover content-box-column-last content-box-column-last-in-row\"><div class=\"col content-box-wrapper content-wrapper link-area-box icon-hover-animation-pulsate fusion-animated\" data-animationType=\"fadeInLeft\" data-animationDuration=\"0.9\" data-animationOffset=\"top-into-view\"><div class=\"heading heading-with-icon icon-left\"><div class=\"icon\" style=\"-webkit-animation-duration: 1000ms;animation-duration: 1000ms;\"><i style=\"border-color:var(--awb-color4);border-width:0px;background-color:var(--awb-color5);box-sizing:content-box;height:40px;width:40px;line-height:40px;border-radius:100%;font-size:20px;\" aria-hidden=\"true\" class=\"fontawesome-icon fa-project-diagram fas circle-yes\"><\/i><\/div><h5 class=\"content-box-heading fusion-responsive-typography-calculated\" style=\"--h5_typography-font-size:15px;--fontSize:15;line-height:1.5;\">Unsere Forschungsprojekte<\/h5><\/div><div class=\"fusion-clearfix\"><\/div><div class=\"content-container\">\n<div id=\"6d6f47210f8d131a0\" class=\"panel-collapse collapse in\">\n<div class=\"panel-body toggle-content fusion-clearfix\">\n<p class=\"fusion-responsive-typography-calculated\" style=\"font-family: Poppins; font-weight: 400; line-height: 30px;\" data-fontsize=\"16\" data-lineheight=\"24px\" data-fusion-font=\"true\" data-fusion-google-font=\"Poppins\" data-fusion-google-variant=\"400\">Auf dieser Seite stellen wir unsere laufenden und abgeschlossenen Projekte vor. Auf den jeweiligen Unterseiten k\u00f6nnen Sie Genaueres zu den einzelnen Projekten, Ergebnissen und Partnern erfahren:<\/p>\n<p data-fontsize=\"16\" data-lineheight=\"24px\"><a href=\"https:\/\/www3.tuhh.de\/itl\/projekte\/\" target=\"_blank\" rel=\"noopener\"><img decoding=\"async\" class=\"lazyload alignnone wp-image-2412\" src=\"https:\/\/www3.tuhh.de\/itl\/wp-content\/uploads\/2022\/06\/Element-3-1-300x139.png\" data-orig-src=\"https:\/\/www3.tuhh.de\/itl\/wp-content\/uploads\/2022\/06\/Element-3-1-300x139.png\" alt=\"\" width=\"150\" height=\"69\" srcset=\"data:image\/svg+xml,%3Csvg%20xmlns%3D%27http%3A%2F%2Fwww.w3.org%2F2000%2Fsvg%27%20width%3D%27150%27%20height%3D%2769%27%20viewBox%3D%270%200%20150%2069%27%3E%3Crect%20width%3D%27150%27%20height%3D%2769%27%20fill-opacity%3D%220%22%2F%3E%3C%2Fsvg%3E\" data-srcset=\"https:\/\/www3.tuhh.de\/itl\/wp-content\/uploads\/2022\/06\/Element-3-1-200x92.png 200w, https:\/\/www3.tuhh.de\/itl\/wp-content\/uploads\/2022\/06\/Element-3-1-300x139.png 300w, https:\/\/www3.tuhh.de\/itl\/wp-content\/uploads\/2022\/06\/Element-3-1.png 346w\" data-sizes=\"auto\" data-orig-sizes=\"(max-width: 150px) 100vw, 150px\" \/><\/a><\/p>\n<\/div>\n<\/div>\n<\/div><\/div><\/div><div class=\"fusion-clearfix\"><\/div><\/div><\/div><\/div><\/div><\/div><div class=\"fusion-fullwidth fullwidth-box fusion-builder-row-2 fusion-flex-container has-pattern-background has-mask-background nonhundred-percent-fullwidth non-hundred-percent-height-scrolling\" style=\"--awb-border-radius-top-left:0px;--awb-border-radius-top-right:0px;--awb-border-radius-bottom-right:0px;--awb-border-radius-bottom-left:0px;--awb-padding-bottom:66px;--awb-flex-wrap:wrap;\" ><div class=\"fusion-builder-row fusion-row fusion-flex-align-items-flex-start fusion-flex-content-wrap\" style=\"max-width:1216.8px;margin-left: calc(-4% \/ 2 );margin-right: calc(-4% \/ 2 );\"><div class=\"fusion-layout-column fusion_builder_column fusion-builder-column-3 fusion_builder_column_3_5 3_5 fusion-flex-column\" style=\"--awb-padding-top-medium:50px;--awb-bg-size:cover;--awb-width-large:60%;--awb-margin-top-large:0px;--awb-spacing-right-large:3.2%;--awb-margin-bottom-large:50px;--awb-spacing-left-large:3.2%;--awb-width-medium:50%;--awb-order-medium:0;--awb-spacing-right-medium:3.84%;--awb-margin-bottom-medium:0px;--awb-spacing-left-medium:3.84%;--awb-width-small:60%;--awb-order-small:0;--awb-spacing-right-small:3.2%;--awb-spacing-left-small:3.2%;\"><div class=\"fusion-column-wrapper fusion-column-has-shadow fusion-flex-justify-content-flex-start fusion-content-layout-column\"><div class=\"fusion-image-element \" style=\"--awb-caption-title-font-family:var(--h2_typography-font-family);--awb-caption-title-font-weight:var(--h2_typography-font-weight);--awb-caption-title-font-style:var(--h2_typography-font-style);--awb-caption-title-size:var(--h2_typography-font-size);--awb-caption-title-transform:var(--h2_typography-text-transform);--awb-caption-title-line-height:var(--h2_typography-line-height);--awb-caption-title-letter-spacing:var(--h2_typography-letter-spacing);\"><span class=\" fusion-imageframe imageframe-none imageframe-2 hover-type-none\"><img decoding=\"async\" width=\"2560\" height=\"1024\" title=\"AdobeStock_440606049-[Konvertiert]\" src=\"https:\/\/www3.tuhh.de\/itl\/wp-content\/uploads\/2024\/03\/AdobeStock_440606049-Konvertiert-scaled.jpg\" data-orig-src=\"https:\/\/www3.tuhh.de\/itl\/wp-content\/uploads\/2024\/03\/AdobeStock_440606049-Konvertiert-scaled.jpg\" alt class=\"lazyload img-responsive wp-image-14231\" srcset=\"data:image\/svg+xml,%3Csvg%20xmlns%3D%27http%3A%2F%2Fwww.w3.org%2F2000%2Fsvg%27%20width%3D%272560%27%20height%3D%271024%27%20viewBox%3D%270%200%202560%201024%27%3E%3Crect%20width%3D%272560%27%20height%3D%271024%27%20fill-opacity%3D%220%22%2F%3E%3C%2Fsvg%3E\" data-srcset=\"https:\/\/www3.tuhh.de\/itl\/wp-content\/uploads\/2024\/03\/AdobeStock_440606049-Konvertiert-200x80.jpg 200w, https:\/\/www3.tuhh.de\/itl\/wp-content\/uploads\/2024\/03\/AdobeStock_440606049-Konvertiert-400x160.jpg 400w, https:\/\/www3.tuhh.de\/itl\/wp-content\/uploads\/2024\/03\/AdobeStock_440606049-Konvertiert-600x240.jpg 600w, https:\/\/www3.tuhh.de\/itl\/wp-content\/uploads\/2024\/03\/AdobeStock_440606049-Konvertiert-800x320.jpg 800w, https:\/\/www3.tuhh.de\/itl\/wp-content\/uploads\/2024\/03\/AdobeStock_440606049-Konvertiert-1200x480.jpg 1200w, https:\/\/www3.tuhh.de\/itl\/wp-content\/uploads\/2024\/03\/AdobeStock_440606049-Konvertiert-scaled.jpg 2560w\" data-sizes=\"auto\" data-orig-sizes=\"(max-width: 1024px) 100vw, (max-width: 640px) 100vw, 800px\" \/><\/span><\/div><\/div><\/div><div class=\"fusion-layout-column fusion_builder_column fusion-builder-column-4 fusion_builder_column_1_3 1_3 fusion-flex-column\" style=\"--awb-bg-size:cover;--awb-width-large:33.333333333333%;--awb-margin-top-large:0px;--awb-spacing-right-large:5.76%;--awb-margin-bottom-large:50px;--awb-spacing-left-large:5.76%;--awb-width-medium:50%;--awb-order-medium:0;--awb-spacing-right-medium:3.84%;--awb-spacing-left-medium:3.84%;--awb-width-small:40%;--awb-order-small:0;--awb-spacing-right-small:4.8%;--awb-spacing-left-small:4.8%;\"><div class=\"fusion-column-wrapper fusion-column-has-shadow fusion-flex-justify-content-flex-start fusion-content-layout-column\"><div class=\"fusion-lottie fusion-lottie-1\" data-id=\"1\"><div class=\"fusion-lottie-animation\" data-path=\"https:\/\/www3.tuhh.de\/itl\/wp-content\/uploads\/2024\/03\/Robolab.json\" data-loop=\"1\" data-reverse=\"0\" data-speed=\"1\" data-trigger=\"none\" data-start_point=\"0\" data-end_point=\"100\"><lottie-player loop=\"1\" speed=\"1\"><\/lottie-player><\/div><\/div><\/div><\/div><\/div><\/div><\/p>\n","protected":false},"excerpt":{"rendered":"","protected":false},"author":1,"featured_media":0,"parent":0,"menu_order":0,"comment_status":"closed","ping_status":"closed","template":"","meta":{"_acf_changed":false,"footnotes":""},"class_list":["post-1237","page","type-page","status-publish","hentry"],"acf":[],"yoast_head":"<!-- This site is optimized with the Yoast SEO plugin v25.5 - https:\/\/yoast.com\/wordpress\/plugins\/seo\/ -->\n<title>Forschung - Institut f\u00fcr Technische Logistik<\/title>\n<meta name=\"description\" content=\"Unsere Forschung am Institut umfasst Publikationen sowie Forschungsprojekte mit Partnern Industrie und Wissenschaft\" \/>\n<meta name=\"robots\" content=\"index, follow, max-snippet:-1, max-image-preview:large, max-video-preview:-1\" \/>\n<link rel=\"canonical\" href=\"https:\/\/www3.tuhh.de\/itl\/forschung\/\" \/>\n<meta property=\"og:locale\" content=\"de_DE\" \/>\n<meta property=\"og:type\" content=\"article\" \/>\n<meta property=\"og:title\" content=\"Forschung - Institut f\u00fcr Technische Logistik\" \/>\n<meta property=\"og:description\" content=\"Unsere Forschung am Institut umfasst Publikationen sowie Forschungsprojekte mit Partnern Industrie und Wissenschaft\" \/>\n<meta property=\"og:url\" content=\"https:\/\/www3.tuhh.de\/itl\/forschung\/\" \/>\n<meta property=\"og:site_name\" content=\"Institut f\u00fcr Technische Logistik\" \/>\n<meta property=\"article:publisher\" content=\"https:\/\/www.facebook.com\/ITLTUHH\/\" \/>\n<meta property=\"article:modified_time\" content=\"2024-08-22T10:32:16+00:00\" \/>\n<meta property=\"og:image\" content=\"https:\/\/www3.tuhh.de\/itl\/wp-content\/uploads\/2022\/06\/Element-3-1-300x139.png\" \/>\n<meta name=\"twitter:card\" content=\"summary_large_image\" \/>\n<meta name=\"twitter:site\" content=\"@ITL_TUHH\" \/>\n<meta name=\"twitter:label1\" content=\"Gesch\u00e4tzte Lesezeit\" \/>\n\t<meta name=\"twitter:data1\" content=\"10\u00a0Minuten\" \/>\n<script type=\"application\/ld+json\" class=\"yoast-schema-graph\">{\"@context\":\"https:\/\/schema.org\",\"@graph\":[{\"@type\":\"WebPage\",\"@id\":\"https:\/\/www3.tuhh.de\/itl\/forschung\/\",\"url\":\"https:\/\/www3.tuhh.de\/itl\/forschung\/\",\"name\":\"Forschung - Institut f\u00fcr Technische Logistik\",\"isPartOf\":{\"@id\":\"https:\/\/www3.tuhh.de\/itl\/#website\"},\"primaryImageOfPage\":{\"@id\":\"https:\/\/www3.tuhh.de\/itl\/forschung\/#primaryimage\"},\"image\":{\"@id\":\"https:\/\/www3.tuhh.de\/itl\/forschung\/#primaryimage\"},\"thumbnailUrl\":\"https:\/\/www3.tuhh.de\/itl\/wp-content\/uploads\/2022\/06\/Element-3-1-300x139.png\",\"datePublished\":\"2021-08-31T20:01:51+00:00\",\"dateModified\":\"2024-08-22T10:32:16+00:00\",\"description\":\"Unsere Forschung am Institut umfasst Publikationen sowie Forschungsprojekte mit Partnern Industrie und Wissenschaft\",\"breadcrumb\":{\"@id\":\"https:\/\/www3.tuhh.de\/itl\/forschung\/#breadcrumb\"},\"inLanguage\":\"de\",\"potentialAction\":[{\"@type\":\"ReadAction\",\"target\":[\"https:\/\/www3.tuhh.de\/itl\/forschung\/\"]}]},{\"@type\":\"ImageObject\",\"inLanguage\":\"de\",\"@id\":\"https:\/\/www3.tuhh.de\/itl\/forschung\/#primaryimage\",\"url\":\"https:\/\/www3.tuhh.de\/itl\/wp-content\/uploads\/2022\/06\/Element-3-1.png\",\"contentUrl\":\"https:\/\/www3.tuhh.de\/itl\/wp-content\/uploads\/2022\/06\/Element-3-1.png\",\"width\":346,\"height\":160},{\"@type\":\"BreadcrumbList\",\"@id\":\"https:\/\/www3.tuhh.de\/itl\/forschung\/#breadcrumb\",\"itemListElement\":[{\"@type\":\"ListItem\",\"position\":1,\"name\":\"Startseite\",\"item\":\"https:\/\/www3.tuhh.de\/itl\/\"},{\"@type\":\"ListItem\",\"position\":2,\"name\":\"Forschung\"}]},{\"@type\":\"WebSite\",\"@id\":\"https:\/\/www3.tuhh.de\/itl\/#website\",\"url\":\"https:\/\/www3.tuhh.de\/itl\/\",\"name\":\"Institut f\u00fcr Technische Logistik\",\"description\":\"Willkommen beim Institut f\u00fcr Technische Logistik der TU Hamburg!\",\"publisher\":{\"@id\":\"https:\/\/www3.tuhh.de\/itl\/#organization\"},\"potentialAction\":[{\"@type\":\"SearchAction\",\"target\":{\"@type\":\"EntryPoint\",\"urlTemplate\":\"https:\/\/www3.tuhh.de\/itl\/?s={search_term_string}\"},\"query-input\":{\"@type\":\"PropertyValueSpecification\",\"valueRequired\":true,\"valueName\":\"search_term_string\"}}],\"inLanguage\":\"de\"},{\"@type\":\"Organization\",\"@id\":\"https:\/\/www3.tuhh.de\/itl\/#organization\",\"name\":\"Institut f\u00fcr Technische Logistik\",\"url\":\"https:\/\/www3.tuhh.de\/itl\/\",\"logo\":{\"@type\":\"ImageObject\",\"inLanguage\":\"de\",\"@id\":\"https:\/\/www3.tuhh.de\/itl\/#\/schema\/logo\/image\/\",\"url\":\"https:\/\/www3.tuhh.de\/itl\/wp-content\/uploads\/2022\/10\/Logo_ITL_blau_2018-06-12_kl-1.gif\",\"contentUrl\":\"https:\/\/www3.tuhh.de\/itl\/wp-content\/uploads\/2022\/10\/Logo_ITL_blau_2018-06-12_kl-1.gif\",\"width\":47,\"height\":44,\"caption\":\"Institut f\u00fcr Technische Logistik\"},\"image\":{\"@id\":\"https:\/\/www3.tuhh.de\/itl\/#\/schema\/logo\/image\/\"},\"sameAs\":[\"https:\/\/www.facebook.com\/ITLTUHH\/\",\"https:\/\/x.com\/ITL_TUHH\",\"https:\/\/www.instagram.com\/itlhamburg\/\",\"https:\/\/www.youtube.com\/channel\/UCjfr0QytTA29dJInXSUQz8w\"]}]}<\/script>\n<!-- \/ Yoast SEO plugin. -->","yoast_head_json":{"title":"Forschung - Institut f\u00fcr Technische Logistik","description":"Unsere Forschung am Institut umfasst Publikationen sowie Forschungsprojekte mit Partnern Industrie und Wissenschaft","robots":{"index":"index","follow":"follow","max-snippet":"max-snippet:-1","max-image-preview":"max-image-preview:large","max-video-preview":"max-video-preview:-1"},"canonical":"https:\/\/www3.tuhh.de\/itl\/forschung\/","og_locale":"de_DE","og_type":"article","og_title":"Forschung - Institut f\u00fcr Technische Logistik","og_description":"Unsere Forschung am Institut umfasst Publikationen sowie Forschungsprojekte mit Partnern Industrie und Wissenschaft","og_url":"https:\/\/www3.tuhh.de\/itl\/forschung\/","og_site_name":"Institut f\u00fcr Technische Logistik","article_publisher":"https:\/\/www.facebook.com\/ITLTUHH\/","article_modified_time":"2024-08-22T10:32:16+00:00","og_image":[{"url":"https:\/\/www3.tuhh.de\/itl\/wp-content\/uploads\/2022\/06\/Element-3-1-300x139.png","type":"","width":"","height":""}],"twitter_card":"summary_large_image","twitter_site":"@ITL_TUHH","twitter_misc":{"Gesch\u00e4tzte Lesezeit":"10\u00a0Minuten"},"schema":{"@context":"https:\/\/schema.org","@graph":[{"@type":"WebPage","@id":"https:\/\/www3.tuhh.de\/itl\/forschung\/","url":"https:\/\/www3.tuhh.de\/itl\/forschung\/","name":"Forschung - Institut f\u00fcr Technische Logistik","isPartOf":{"@id":"https:\/\/www3.tuhh.de\/itl\/#website"},"primaryImageOfPage":{"@id":"https:\/\/www3.tuhh.de\/itl\/forschung\/#primaryimage"},"image":{"@id":"https:\/\/www3.tuhh.de\/itl\/forschung\/#primaryimage"},"thumbnailUrl":"https:\/\/www3.tuhh.de\/itl\/wp-content\/uploads\/2022\/06\/Element-3-1-300x139.png","datePublished":"2021-08-31T20:01:51+00:00","dateModified":"2024-08-22T10:32:16+00:00","description":"Unsere Forschung am Institut umfasst Publikationen sowie Forschungsprojekte mit Partnern Industrie und Wissenschaft","breadcrumb":{"@id":"https:\/\/www3.tuhh.de\/itl\/forschung\/#breadcrumb"},"inLanguage":"de","potentialAction":[{"@type":"ReadAction","target":["https:\/\/www3.tuhh.de\/itl\/forschung\/"]}]},{"@type":"ImageObject","inLanguage":"de","@id":"https:\/\/www3.tuhh.de\/itl\/forschung\/#primaryimage","url":"https:\/\/www3.tuhh.de\/itl\/wp-content\/uploads\/2022\/06\/Element-3-1.png","contentUrl":"https:\/\/www3.tuhh.de\/itl\/wp-content\/uploads\/2022\/06\/Element-3-1.png","width":346,"height":160},{"@type":"BreadcrumbList","@id":"https:\/\/www3.tuhh.de\/itl\/forschung\/#breadcrumb","itemListElement":[{"@type":"ListItem","position":1,"name":"Startseite","item":"https:\/\/www3.tuhh.de\/itl\/"},{"@type":"ListItem","position":2,"name":"Forschung"}]},{"@type":"WebSite","@id":"https:\/\/www3.tuhh.de\/itl\/#website","url":"https:\/\/www3.tuhh.de\/itl\/","name":"Institut f\u00fcr Technische Logistik","description":"Willkommen beim Institut f\u00fcr Technische Logistik der TU Hamburg!","publisher":{"@id":"https:\/\/www3.tuhh.de\/itl\/#organization"},"potentialAction":[{"@type":"SearchAction","target":{"@type":"EntryPoint","urlTemplate":"https:\/\/www3.tuhh.de\/itl\/?s={search_term_string}"},"query-input":{"@type":"PropertyValueSpecification","valueRequired":true,"valueName":"search_term_string"}}],"inLanguage":"de"},{"@type":"Organization","@id":"https:\/\/www3.tuhh.de\/itl\/#organization","name":"Institut f\u00fcr Technische Logistik","url":"https:\/\/www3.tuhh.de\/itl\/","logo":{"@type":"ImageObject","inLanguage":"de","@id":"https:\/\/www3.tuhh.de\/itl\/#\/schema\/logo\/image\/","url":"https:\/\/www3.tuhh.de\/itl\/wp-content\/uploads\/2022\/10\/Logo_ITL_blau_2018-06-12_kl-1.gif","contentUrl":"https:\/\/www3.tuhh.de\/itl\/wp-content\/uploads\/2022\/10\/Logo_ITL_blau_2018-06-12_kl-1.gif","width":47,"height":44,"caption":"Institut f\u00fcr Technische Logistik"},"image":{"@id":"https:\/\/www3.tuhh.de\/itl\/#\/schema\/logo\/image\/"},"sameAs":["https:\/\/www.facebook.com\/ITLTUHH\/","https:\/\/x.com\/ITL_TUHH","https:\/\/www.instagram.com\/itlhamburg\/","https:\/\/www.youtube.com\/channel\/UCjfr0QytTA29dJInXSUQz8w"]}]}},"jetpack_sharing_enabled":true,"_links":{"self":[{"href":"https:\/\/www3.tuhh.de\/itl\/wp-json\/wp\/v2\/pages\/1237","targetHints":{"allow":["GET"]}}],"collection":[{"href":"https:\/\/www3.tuhh.de\/itl\/wp-json\/wp\/v2\/pages"}],"about":[{"href":"https:\/\/www3.tuhh.de\/itl\/wp-json\/wp\/v2\/types\/page"}],"author":[{"embeddable":true,"href":"https:\/\/www3.tuhh.de\/itl\/wp-json\/wp\/v2\/users\/1"}],"replies":[{"embeddable":true,"href":"https:\/\/www3.tuhh.de\/itl\/wp-json\/wp\/v2\/comments?post=1237"}],"version-history":[{"count":31,"href":"https:\/\/www3.tuhh.de\/itl\/wp-json\/wp\/v2\/pages\/1237\/revisions"}],"predecessor-version":[{"id":14786,"href":"https:\/\/www3.tuhh.de\/itl\/wp-json\/wp\/v2\/pages\/1237\/revisions\/14786"}],"wp:attachment":[{"href":"https:\/\/www3.tuhh.de\/itl\/wp-json\/wp\/v2\/media?parent=1237"}],"curies":[{"name":"wp","href":"https:\/\/api.w.org\/{rel}","templated":true}]}}