{"id":15168,"date":"2024-12-04T11:36:46","date_gmt":"2024-12-04T09:36:46","guid":{"rendered":"https:\/\/www3.tuhh.de\/itl\/?page_id=15168"},"modified":"2024-12-17T11:44:15","modified_gmt":"2024-12-17T09:44:15","slug":"blockchain-technologie-fuer-die-baupruefung-2","status":"publish","type":"page","link":"https:\/\/www3.tuhh.de\/itl\/en\/blockchain-technologie-fuer-die-baupruefung-2\/","title":{"rendered":"Blockchain technology for building inspection"},"content":{"rendered":"<p><div class=\"fusion-fullwidth fullwidth-box fusion-builder-row-1 fusion-flex-container nonhundred-percent-fullwidth non-hundred-percent-height-scrolling\" style=\"--awb-border-radius-top-left:0px;--awb-border-radius-top-right:0px;--awb-border-radius-bottom-right:0px;--awb-border-radius-bottom-left:0px;--awb-flex-wrap:wrap;\" ><div class=\"fusion-builder-row fusion-row fusion-flex-align-items-flex-start fusion-flex-content-wrap\" style=\"max-width:1216.8px;margin-left: calc(-4% \/ 2 );margin-right: calc(-4% \/ 2 );\"><div class=\"fusion-layout-column fusion_builder_column fusion-builder-column-0 fusion_builder_column_1_2 1_2 fusion-flex-column\" style=\"--awb-bg-size:cover;--awb-width-large:50%;--awb-margin-top-large:0px;--awb-spacing-right-large:3.84%;--awb-margin-bottom-large:0px;--awb-spacing-left-large:3.84%;--awb-width-medium:100%;--awb-order-medium:0;--awb-spacing-right-medium:1.92%;--awb-spacing-left-medium:1.92%;--awb-width-small:100%;--awb-order-small:0;--awb-spacing-right-small:1.92%;--awb-spacing-left-small:1.92%;\"><div class=\"fusion-column-wrapper fusion-column-has-shadow fusion-flex-justify-content-flex-start fusion-content-layout-column\"><div class=\"fusion-person person fusion-person-center fusion-person-1 fusion-person-icon-bottom\" style=\"--awb-pic-style-color:var(--awb-color6);--awb-pic-borderradius:0px;--awb-margin-top:2px;--awb-margin-right:2px;--awb-margin-bottom:2px;--awb-margin-left:2px;--awb-social-box-border-top:0px;--awb-social-box-border-right:0px;--awb-social-box-border-bottom:0px;--awb-social-box-border-left:0px;--awb-social-box-border-color:var(--awb-color3);--awb-social-box-border-color-hover:var(--awb-color4);--awb-social-box-colors-hover:var(--awb-color1);--awb-social-icon-boxed-colors:var(--awb-color2);--awb-social-icon-colors:var(--awb-color6);--awb-social-icon-colors-hover:var(--awb-color4);\"><div class=\"person-shortcode-image-wrapper\"><div class=\"person-image-container hover-type-none\" style=\"border:0px solid var(--awb-color6);-webkit-border-radius:0px;-moz-border-radius:0px;border-radius:0px;\"><img decoding=\"async\" class=\"lazyload person-img img-responsive wp-image-2843\" width=\"2400\" height=\"1600\" src=\"https:\/\/www3.tuhh.de\/itl\/wp-content\/uploads\/2022\/06\/IMG_0791_Web2.jpg\" data-orig-src=\"https:\/\/www3.tuhh.de\/itl\/wp-content\/uploads\/2022\/06\/IMG_0791_Web2.jpg\" alt=\"Jana Purgander\" srcset=\"data:image\/svg+xml,%3Csvg%20xmlns%3D%27http%3A%2F%2Fwww.w3.org%2F2000%2Fsvg%27%20width%3D%272400%27%20height%3D%271600%27%20viewBox%3D%270%200%202400%201600%27%3E%3Crect%20width%3D%272400%27%20height%3D%271600%27%20fill-opacity%3D%220%22%2F%3E%3C%2Fsvg%3E\" data-srcset=\"https:\/\/www3.tuhh.de\/itl\/wp-content\/uploads\/2022\/06\/IMG_0791_Web2-200x133.jpg 200w, https:\/\/www3.tuhh.de\/itl\/wp-content\/uploads\/2022\/06\/IMG_0791_Web2-400x267.jpg 400w, https:\/\/www3.tuhh.de\/itl\/wp-content\/uploads\/2022\/06\/IMG_0791_Web2-600x400.jpg 600w, https:\/\/www3.tuhh.de\/itl\/wp-content\/uploads\/2022\/06\/IMG_0791_Web2-800x533.jpg 800w, https:\/\/www3.tuhh.de\/itl\/wp-content\/uploads\/2022\/06\/IMG_0791_Web2-1200x800.jpg 1200w, https:\/\/www3.tuhh.de\/itl\/wp-content\/uploads\/2022\/06\/IMG_0791_Web2.jpg 2400w\" data-sizes=\"auto\" data-orig-sizes=\"(max-width: 1024px) 100vw, (max-width: 640px) 100vw, 600px\" \/><\/div><\/div><div class=\"person-desc\" style=\"background-color:var(--awb-color1);padding:40px;margin-top:0;\"><div class=\"person-author\"><div class=\"person-author-wrapper\"><span class=\"person-name\">Jana Purgander<\/span><span class=\"person-title\">Research assistant<\/span><\/div><\/div><div class=\"person-content fusion-clearfix\"><\/div><div class=\"fusion-social-networks\"><div class=\"fusion-social-networks-wrapper\"><a class=\"fusion-social-network-icon fusion-tooltip fusion-mail awb-icon-mail custom\" aria-label=\"fusion-mail\" href=\"mailto:&#106;an&#097;&#046;p&#117;rg&#097;&#110;&#100;e&#114;&#064;tu&#104;h&#046;de\" target=\"_self\" style=\"color:var(--awb-color6);font-size:16px;\" data-placement=\"top\" data-title=\"Mail\" title=\"Mail\" data-toggle=\"tooltip\"><\/a><a class=\"fusion-social-network-icon fusion-tooltip fusion-phone awb-icon-phone custom\" aria-label=\"fusion-phone\" href=\"tel:+4940428784904\" target=\"_self\" style=\"color:var(--awb-color6);font-size:16px;\" data-placement=\"top\" data-title=\"Phone\" title=\"Phone\" data-toggle=\"tooltip\"><\/a><\/div><\/div><\/div><\/div><\/div><\/div><div class=\"fusion-layout-column fusion_builder_column fusion-builder-column-1 fusion_builder_column_1_2 1_2 fusion-flex-column\" style=\"--awb-bg-size:cover;--awb-width-large:50%;--awb-margin-top-large:0px;--awb-spacing-right-large:3.84%;--awb-margin-bottom-large:0px;--awb-spacing-left-large:3.84%;--awb-width-medium:100%;--awb-order-medium:0;--awb-spacing-right-medium:1.92%;--awb-spacing-left-medium:1.92%;--awb-width-small:100%;--awb-order-small:0;--awb-spacing-right-small:1.92%;--awb-spacing-left-small:1.92%;\"><div class=\"fusion-column-wrapper fusion-column-has-shadow fusion-flex-justify-content-flex-start fusion-content-layout-column\"><div class=\"fusion-title title fusion-title-1 fusion-sep-none fusion-title-text fusion-title-size-three fusion-animated\" style=\"--awb-text-color:var(--awb-color4);--awb-sep-color:var(--awb-custom_color_3);\" data-animationType=\"fadeInLeft\" data-animationDuration=\"0.3\" data-animationOffset=\"top-mid-of-view\"><h3 class=\"fusion-title-heading title-heading-right fusion-responsive-typography-calculated\" style=\"font-family:&quot;Poppins&quot;;font-style:normal;font-weight:400;margin:0;--fontSize:42;line-height:1.3;\">BLOCKCHAIN TECHNOLOGY FOR BUILDING INSPECTION<\/h3><\/div><\/div><\/div><\/div><\/div><div class=\"fusion-fullwidth fullwidth-box fusion-builder-row-2 fusion-flex-container nonhundred-percent-fullwidth non-hundred-percent-height-scrolling\" style=\"--awb-border-radius-top-left:0px;--awb-border-radius-top-right:0px;--awb-border-radius-bottom-right:0px;--awb-border-radius-bottom-left:0px;--awb-flex-wrap:wrap;\" ><div class=\"fusion-builder-row fusion-row fusion-flex-align-items-flex-start fusion-flex-content-wrap\" style=\"max-width:1216.8px;margin-left: calc(-4% \/ 2 );margin-right: calc(-4% \/ 2 );\"><div class=\"fusion-layout-column fusion_builder_column fusion-builder-column-2 fusion_builder_column_1_1 1_1 fusion-flex-column\" style=\"--awb-padding-top:50px;--awb-padding-bottom:50px;--awb-bg-size:cover;--awb-width-large:100%;--awb-margin-top-large:0px;--awb-spacing-right-large:1.92%;--awb-margin-bottom-large:0px;--awb-spacing-left-large:1.92%;--awb-width-medium:100%;--awb-order-medium:0;--awb-spacing-right-medium:1.92%;--awb-spacing-left-medium:1.92%;--awb-width-small:100%;--awb-order-small:0;--awb-spacing-right-small:1.92%;--awb-spacing-left-small:1.92%;\"><div class=\"fusion-column-wrapper fusion-column-has-shadow fusion-flex-justify-content-flex-start fusion-content-layout-column\"><div class=\"fusion-separator fusion-full-width-sep\" style=\"align-self: center;margin-left: auto;margin-right: auto;width:100%;\"><div class=\"fusion-separator-border sep-single sep-solid\" style=\"--awb-height:20px;--awb-amount:20px;--awb-sep-color:var(--awb-color5);border-color:var(--awb-color5);border-top-width:1px;\"><\/div><\/div><\/div><\/div><div class=\"fusion-layout-column fusion_builder_column fusion-builder-column-3 fusion_builder_column_1_1 1_1 fusion-flex-column\" style=\"--awb-bg-size:cover;--awb-width-large:100%;--awb-margin-top-large:0px;--awb-spacing-right-large:1.92%;--awb-margin-bottom-large:0px;--awb-spacing-left-large:1.92%;--awb-width-medium:100%;--awb-order-medium:0;--awb-spacing-right-medium:1.92%;--awb-spacing-left-medium:1.92%;--awb-width-small:100%;--awb-order-small:0;--awb-spacing-right-small:1.92%;--awb-spacing-left-small:1.92%;\"><div class=\"fusion-column-wrapper fusion-column-has-shadow fusion-flex-justify-content-flex-start fusion-content-layout-column\"><div class=\"fusion-text fusion-text-1\" style=\"--awb-content-alignment:right;--awb-text-font-family:&quot;Poppins&quot;;--awb-text-font-style:normal;--awb-text-font-weight:400;\"><p style=\"text-align: left;\"><strong>Research project:<\/strong> NEGZ short study to investigate the usability of blockchain technology for building inspection<\/p>\n<p style=\"text-align: left;\"><strong>Research area:<\/strong> Blockchain<\/p>\n<p style=\"text-align: left;\"><strong>Funded by:<\/strong> <a href=\"https:\/\/negz.org\/\" target=\"_blank\" rel=\"noopener\">NEGZ (Nationales E-Governement Kompetenzzentrum)<\/a><\/p>\n<p style=\"text-align: left;\"><strong>In cooperation with: <\/strong><a href=\"https:\/\/www.hamburg.de\/bsw\/\" target=\"_blank\" rel=\"noopener\">Freie und Hansestadt Hamburg: Beh\u00f6rde f\u00fcr Stadtentwicklung und Wohnen<\/a><\/p>\n<p style=\"text-align: left;\"><strong>Start of the project:<\/strong> 01.06.2020<\/p>\n<p style=\"text-align: left;\"><strong>End of the project:<\/strong> 31.10.2020<\/p>\n<\/div><\/div><\/div><\/div><\/div><div class=\"fusion-fullwidth fullwidth-box fusion-builder-row-3 fusion-flex-container nonhundred-percent-fullwidth non-hundred-percent-height-scrolling\" style=\"--awb-border-radius-top-left:0px;--awb-border-radius-top-right:0px;--awb-border-radius-bottom-right:0px;--awb-border-radius-bottom-left:0px;--awb-flex-wrap:wrap;\" ><div class=\"fusion-builder-row fusion-row fusion-flex-align-items-flex-start fusion-flex-content-wrap\" style=\"max-width:1216.8px;margin-left: calc(-4% \/ 2 );margin-right: calc(-4% \/ 2 );\"><div class=\"fusion-layout-column fusion_builder_column fusion-builder-column-4 fusion_builder_column_1_1 1_1 fusion-flex-column\" style=\"--awb-bg-size:cover;--awb-width-large:100%;--awb-margin-top-large:0px;--awb-spacing-right-large:1.92%;--awb-margin-bottom-large:0px;--awb-spacing-left-large:1.92%;--awb-width-medium:100%;--awb-order-medium:0;--awb-spacing-right-medium:1.92%;--awb-spacing-left-medium:1.92%;--awb-width-small:100%;--awb-order-small:0;--awb-spacing-right-small:1.92%;--awb-spacing-left-small:1.92%;\"><div class=\"fusion-column-wrapper fusion-column-has-shadow fusion-flex-justify-content-flex-start fusion-content-layout-column\"><div class=\"fusion-title title fusion-title-2 fusion-title-text fusion-title-size-two fusion-animated\" style=\"--awb-text-color:var(--awb-color4);--awb-sep-color:var(--awb-color5);\" data-animationType=\"fadeInLeft\" data-animationDuration=\"0.3\" data-animationOffset=\"top-mid-of-view\"><div class=\"title-sep-container title-sep-container-left\"><div class=\"title-sep sep-single sep-solid\" style=\"border-color:var(--awb-color5);\"><\/div><\/div><span class=\"awb-title-spacer\"><\/span><h2 class=\"fusion-title-heading title-heading-right fusion-responsive-typography-calculated\" style=\"font-family:&quot;Poppins&quot;;font-style:normal;font-weight:400;margin:0;--fontSize:65;line-height:1.0;\">ABOUT THE PROJECT<\/h2><span class=\"awb-title-spacer fusion-no-large-visibility fusion-no-medium-visibility fusion-no-small-visibility\"><\/span><div class=\"title-sep-container title-sep-container-right fusion-no-large-visibility fusion-no-medium-visibility fusion-no-small-visibility\"><div class=\"title-sep sep-single sep-solid\" style=\"border-color:var(--awb-color5);\"><\/div><\/div><\/div><div class=\"fusion-text fusion-text-2\" style=\"--awb-text-font-family:&quot;Poppins&quot;;--awb-text-font-style:normal;--awb-text-font-weight:400;\"><p>This short study, funded by the <a href=\"https:\/\/negz.org\/\" target=\"_blank\" rel=\"noopener\">National E-Government Competence Center<\/a>, is being conducted in close cooperation with the <a href=\"https:\/\/www.hamburg.de\/bsw\/\" target=\"_blank\" rel=\"noopener\">Ministry of Urban Development and Housing of the Free and Hanseatic City of Hamburg<\/a>.<\/p>\n<p>The aim of the project is to develop and conceptualize use cases for blockchain technology in the building inspection process. The benefits of the use cases will be determined in collaboration with the Ministry of Urban Development and Housing.<\/p>\n<p>A selected use case is to be implemented by the Institute of Technical Logistics. Among other things, a suitable selection must be made for a blockchain framework. The implementation will be evaluated in a workshop with the participants.<\/p>\n<\/div><div class=\"fusion-content-boxes content-boxes columns row fusion-columns-1 fusion-columns-total-1 fusion-content-boxes-1 content-boxes-icon-with-title content-left\" style=\"--awb-title-color:var(--awb-color5);--awb-margin-top:50px;--awb-hover-accent-color:var(--awb-color5);--awb-circle-hover-accent-color:var(--awb-color5);--awb-item-margin-bottom:40px;\" data-animationOffset=\"top-mid-of-view\"><div style=\"--awb-backgroundcolor:rgba(255,255,255,0);\" class=\"fusion-column content-box-column content-box-column content-box-column-1 col-lg-12 col-md-12 col-sm-12 fusion-content-box-hover content-box-column-last content-box-column-last-in-row\"><div class=\"col content-box-wrapper content-wrapper link-area-box icon-hover-animation-pulsate fusion-animated\" data-animationType=\"fadeInLeft\" data-animationDuration=\"0.3\" data-animationOffset=\"top-mid-of-view\"><div class=\"heading icon-left\"><h5 class=\"content-box-heading fusion-responsive-typography-calculated\" style=\"--h5_typography-font-size:20px;--fontSize:20;line-height:1.5;\">Forschungsstudie<\/h5><\/div><div class=\"fusion-clearfix\"><\/div><div class=\"content-container\">\n<p class=\"fusion-responsive-typography-calculated\" style=\"text-align: left;\" data-fontsize=\"16\" data-lineheight=\"24px\"><a style=\"color: #74c5da; font-family: Poppins; font-weight: 400;\" href=\"https:\/\/www.negz.org\/_files\/ugd\/5aa84d_f725559a25ed4fd2b5c742a66346d946.pdf?index=true\" target=\"_blank\" rel=\"noopener\" data-fusion-font=\"true\" data-fusion-google-font=\"Poppins\" data-fusion-google-variant=\"400\">Purgander, J.; Hinckeldeyn, J. (2021): Untersuchung der Einsatzf\u00e4higkeit von Blockchain-Technologie f\u00fcr die Baupr\u00fcfung<\/a><span style=\"color: #74c5da; font-family: Poppins; font-weight: 400;\" data-fusion-font=\"true\" data-fusion-google-font=\"Poppins\" data-fusion-google-variant=\"400\">, Zusammenarbeit und F\u00f6rderung durch das <\/span><a style=\"color: #74c5da; font-family: Poppins; font-weight: 400;\" href=\"http:\/\/www.negz.org\" data-fusion-font=\"true\" data-fusion-google-font=\"Poppins\" data-fusion-google-variant=\"400\">Nationalen E-Government Kompetenzzentrum e.V.<\/a><span style=\"color: #74c5da; font-family: Poppins; font-weight: 400;\" data-fusion-font=\"true\" data-fusion-google-font=\"Poppins\" data-fusion-google-variant=\"400\">, 2021<\/span><\/p>\n<\/div><\/div><\/div><div class=\"fusion-clearfix\"><\/div><\/div><\/div><\/div><\/div><\/div><div class=\"fusion-fullwidth fullwidth-box fusion-builder-row-4 fusion-flex-container has-pattern-background has-mask-background nonhundred-percent-fullwidth non-hundred-percent-height-scrolling\" style=\"--awb-border-radius-top-left:0px;--awb-border-radius-top-right:0px;--awb-border-radius-bottom-right:0px;--awb-border-radius-bottom-left:0px;--awb-flex-wrap:wrap;\" ><div class=\"fusion-builder-row fusion-row fusion-flex-align-items-flex-start fusion-flex-content-wrap\" style=\"max-width:1216.8px;margin-left: calc(-4% \/ 2 );margin-right: calc(-4% \/ 2 );\"><div class=\"fusion-layout-column fusion_builder_column fusion-builder-column-5 fusion_builder_column_1_4 1_4 fusion-flex-column\" style=\"--awb-bg-size:cover;--awb-width-large:25%;--awb-margin-top-large:0px;--awb-spacing-right-large:7.68%;--awb-margin-bottom-large:0px;--awb-spacing-left-large:7.68%;--awb-width-medium:100%;--awb-order-medium:0;--awb-spacing-right-medium:1.92%;--awb-spacing-left-medium:1.92%;--awb-width-small:100%;--awb-order-small:0;--awb-spacing-right-small:1.92%;--awb-spacing-left-small:1.92%;\"><div class=\"fusion-column-wrapper fusion-column-has-shadow fusion-flex-justify-content-flex-start fusion-content-layout-column\"><\/div><\/div><div class=\"fusion-layout-column fusion_builder_column fusion-builder-column-6 fusion_builder_column_1_2 1_2 fusion-flex-column\" style=\"--awb-padding-top:50px;--awb-padding-bottom:50px;--awb-bg-size:cover;--awb-width-large:50%;--awb-margin-top-large:0px;--awb-spacing-right-large:3.84%;--awb-margin-bottom-large:0px;--awb-spacing-left-large:3.84%;--awb-width-medium:100%;--awb-order-medium:0;--awb-spacing-right-medium:1.92%;--awb-spacing-left-medium:1.92%;--awb-width-small:100%;--awb-order-small:0;--awb-spacing-right-small:1.92%;--awb-spacing-left-small:1.92%;\"><div class=\"fusion-column-wrapper fusion-column-has-shadow fusion-flex-justify-content-flex-start fusion-content-layout-column\"><script type=\"text\/javascript\">jQuery(function() { _initLayerSlider( '#layerslider_39_12vfqzknd115k', {createdWith: '7.2.1', sliderVersion: '7.5.0', allowFullscreen: true, skin: 'v6', sliderFadeInDuration: 350, useSrcset: true, skinsPath: 'https:\/\/www3.tuhh.de\/itl\/wp-content\/plugins\/LayerSlider\/assets\/static\/layerslider\/skins\/', performanceMode: true}); });<\/script><div id=\"layerslider_39_12vfqzknd115k\"  class=\"ls-wp-container fitvidsignore ls-selectable\" style=\"width:1280px;height:720px;margin:0 auto;margin-bottom: 0px;\"><div class=\"ls-slide\" data-ls=\"bgsize:contain;bgposition:50% 50%;\"><\/div><div class=\"ls-slide\" data-ls=\"bgsize:contain;bgposition:50% 50%;\"><\/div><div class=\"ls-slide\" data-ls=\"bgsize:contain;bgposition:50% 50%;\"><\/div><div class=\"ls-slide\" ><\/div><\/div><\/div><\/div><div class=\"fusion-layout-column fusion_builder_column fusion-builder-column-7 fusion_builder_column_1_4 1_4 fusion-flex-column\" style=\"--awb-bg-size:cover;--awb-width-large:25%;--awb-margin-top-large:0px;--awb-spacing-right-large:7.68%;--awb-margin-bottom-large:0px;--awb-spacing-left-large:7.68%;--awb-width-medium:100%;--awb-order-medium:0;--awb-spacing-right-medium:1.92%;--awb-spacing-left-medium:1.92%;--awb-width-small:100%;--awb-order-small:0;--awb-spacing-right-small:1.92%;--awb-spacing-left-small:1.92%;\"><div class=\"fusion-column-wrapper fusion-column-has-shadow fusion-flex-justify-content-flex-start fusion-content-layout-column\"><\/div><\/div><\/div><\/div><\/p>\n","protected":false},"excerpt":{"rendered":"","protected":false},"author":1,"featured_media":0,"parent":0,"menu_order":0,"comment_status":"closed","ping_status":"closed","template":"","meta":{"_acf_changed":false,"footnotes":""},"class_list":["post-15168","page","type-page","status-publish","hentry"],"acf":[],"yoast_head":"<!-- This site is optimized with the Yoast SEO plugin v25.5 - https:\/\/yoast.com\/wordpress\/plugins\/seo\/ -->\n<title>Blockchain technology for building inspection - Institut f\u00fcr Technische Logistik<\/title>\n<meta name=\"robots\" content=\"index, follow, max-snippet:-1, max-image-preview:large, max-video-preview:-1\" \/>\n<link rel=\"canonical\" href=\"https:\/\/www3.tuhh.de\/itl\/en\/blockchain-technologie-fuer-die-baupruefung-2\/\" \/>\n<meta property=\"og:locale\" content=\"de_DE\" \/>\n<meta property=\"og:type\" content=\"article\" \/>\n<meta property=\"og:title\" content=\"Blockchain technology for building inspection - Institut f\u00fcr Technische Logistik\" \/>\n<meta property=\"og:url\" content=\"https:\/\/www3.tuhh.de\/itl\/en\/blockchain-technologie-fuer-die-baupruefung-2\/\" \/>\n<meta property=\"og:site_name\" content=\"Institut f\u00fcr Technische Logistik\" \/>\n<meta property=\"article:publisher\" content=\"https:\/\/www.facebook.com\/ITLTUHH\/\" \/>\n<meta property=\"article:modified_time\" content=\"2024-12-17T09:44:15+00:00\" \/>\n<meta name=\"twitter:card\" content=\"summary_large_image\" \/>\n<meta name=\"twitter:site\" content=\"@ITL_TUHH\" \/>\n<meta name=\"twitter:label1\" content=\"Gesch\u00e4tzte Lesezeit\" \/>\n\t<meta name=\"twitter:data1\" content=\"16\u00a0Minuten\" \/>\n<script type=\"application\/ld+json\" class=\"yoast-schema-graph\">{\"@context\":\"https:\/\/schema.org\",\"@graph\":[{\"@type\":\"WebPage\",\"@id\":\"https:\/\/www3.tuhh.de\/itl\/en\/blockchain-technologie-fuer-die-baupruefung-2\/\",\"url\":\"https:\/\/www3.tuhh.de\/itl\/en\/blockchain-technologie-fuer-die-baupruefung-2\/\",\"name\":\"Blockchain technology for building inspection - Institut f\u00fcr Technische Logistik\",\"isPartOf\":{\"@id\":\"https:\/\/www3.tuhh.de\/itl\/#website\"},\"datePublished\":\"2024-12-04T09:36:46+00:00\",\"dateModified\":\"2024-12-17T09:44:15+00:00\",\"breadcrumb\":{\"@id\":\"https:\/\/www3.tuhh.de\/itl\/en\/blockchain-technologie-fuer-die-baupruefung-2\/#breadcrumb\"},\"inLanguage\":\"de\",\"potentialAction\":[{\"@type\":\"ReadAction\",\"target\":[\"https:\/\/www3.tuhh.de\/itl\/en\/blockchain-technologie-fuer-die-baupruefung-2\/\"]}]},{\"@type\":\"BreadcrumbList\",\"@id\":\"https:\/\/www3.tuhh.de\/itl\/en\/blockchain-technologie-fuer-die-baupruefung-2\/#breadcrumb\",\"itemListElement\":[{\"@type\":\"ListItem\",\"position\":1,\"name\":\"Startseite\",\"item\":\"https:\/\/www3.tuhh.de\/itl\/\"},{\"@type\":\"ListItem\",\"position\":2,\"name\":\"Blockchain technology for building inspection\"}]},{\"@type\":\"WebSite\",\"@id\":\"https:\/\/www3.tuhh.de\/itl\/#website\",\"url\":\"https:\/\/www3.tuhh.de\/itl\/\",\"name\":\"Institut f\u00fcr Technische Logistik\",\"description\":\"Willkommen beim Institut f\u00fcr Technische Logistik der TU Hamburg!\",\"publisher\":{\"@id\":\"https:\/\/www3.tuhh.de\/itl\/#organization\"},\"potentialAction\":[{\"@type\":\"SearchAction\",\"target\":{\"@type\":\"EntryPoint\",\"urlTemplate\":\"https:\/\/www3.tuhh.de\/itl\/?s={search_term_string}\"},\"query-input\":{\"@type\":\"PropertyValueSpecification\",\"valueRequired\":true,\"valueName\":\"search_term_string\"}}],\"inLanguage\":\"de\"},{\"@type\":\"Organization\",\"@id\":\"https:\/\/www3.tuhh.de\/itl\/#organization\",\"name\":\"Institut f\u00fcr Technische Logistik\",\"url\":\"https:\/\/www3.tuhh.de\/itl\/\",\"logo\":{\"@type\":\"ImageObject\",\"inLanguage\":\"de\",\"@id\":\"https:\/\/www3.tuhh.de\/itl\/#\/schema\/logo\/image\/\",\"url\":\"https:\/\/www3.tuhh.de\/itl\/wp-content\/uploads\/2022\/10\/Logo_ITL_blau_2018-06-12_kl-1.gif\",\"contentUrl\":\"https:\/\/www3.tuhh.de\/itl\/wp-content\/uploads\/2022\/10\/Logo_ITL_blau_2018-06-12_kl-1.gif\",\"width\":47,\"height\":44,\"caption\":\"Institut f\u00fcr Technische Logistik\"},\"image\":{\"@id\":\"https:\/\/www3.tuhh.de\/itl\/#\/schema\/logo\/image\/\"},\"sameAs\":[\"https:\/\/www.facebook.com\/ITLTUHH\/\",\"https:\/\/x.com\/ITL_TUHH\",\"https:\/\/www.instagram.com\/itlhamburg\/\",\"https:\/\/www.youtube.com\/channel\/UCjfr0QytTA29dJInXSUQz8w\"]}]}<\/script>\n<!-- \/ Yoast SEO plugin. -->","yoast_head_json":{"title":"Blockchain technology for building inspection - Institut f\u00fcr Technische Logistik","robots":{"index":"index","follow":"follow","max-snippet":"max-snippet:-1","max-image-preview":"max-image-preview:large","max-video-preview":"max-video-preview:-1"},"canonical":"https:\/\/www3.tuhh.de\/itl\/en\/blockchain-technologie-fuer-die-baupruefung-2\/","og_locale":"de_DE","og_type":"article","og_title":"Blockchain technology for building inspection - Institut f\u00fcr Technische Logistik","og_url":"https:\/\/www3.tuhh.de\/itl\/en\/blockchain-technologie-fuer-die-baupruefung-2\/","og_site_name":"Institut f\u00fcr Technische Logistik","article_publisher":"https:\/\/www.facebook.com\/ITLTUHH\/","article_modified_time":"2024-12-17T09:44:15+00:00","twitter_card":"summary_large_image","twitter_site":"@ITL_TUHH","twitter_misc":{"Gesch\u00e4tzte Lesezeit":"16\u00a0Minuten"},"schema":{"@context":"https:\/\/schema.org","@graph":[{"@type":"WebPage","@id":"https:\/\/www3.tuhh.de\/itl\/en\/blockchain-technologie-fuer-die-baupruefung-2\/","url":"https:\/\/www3.tuhh.de\/itl\/en\/blockchain-technologie-fuer-die-baupruefung-2\/","name":"Blockchain technology for building inspection - Institut f\u00fcr Technische Logistik","isPartOf":{"@id":"https:\/\/www3.tuhh.de\/itl\/#website"},"datePublished":"2024-12-04T09:36:46+00:00","dateModified":"2024-12-17T09:44:15+00:00","breadcrumb":{"@id":"https:\/\/www3.tuhh.de\/itl\/en\/blockchain-technologie-fuer-die-baupruefung-2\/#breadcrumb"},"inLanguage":"de","potentialAction":[{"@type":"ReadAction","target":["https:\/\/www3.tuhh.de\/itl\/en\/blockchain-technologie-fuer-die-baupruefung-2\/"]}]},{"@type":"BreadcrumbList","@id":"https:\/\/www3.tuhh.de\/itl\/en\/blockchain-technologie-fuer-die-baupruefung-2\/#breadcrumb","itemListElement":[{"@type":"ListItem","position":1,"name":"Startseite","item":"https:\/\/www3.tuhh.de\/itl\/"},{"@type":"ListItem","position":2,"name":"Blockchain technology for building inspection"}]},{"@type":"WebSite","@id":"https:\/\/www3.tuhh.de\/itl\/#website","url":"https:\/\/www3.tuhh.de\/itl\/","name":"Institut f\u00fcr Technische Logistik","description":"Willkommen beim Institut f\u00fcr Technische Logistik der TU Hamburg!","publisher":{"@id":"https:\/\/www3.tuhh.de\/itl\/#organization"},"potentialAction":[{"@type":"SearchAction","target":{"@type":"EntryPoint","urlTemplate":"https:\/\/www3.tuhh.de\/itl\/?s={search_term_string}"},"query-input":{"@type":"PropertyValueSpecification","valueRequired":true,"valueName":"search_term_string"}}],"inLanguage":"de"},{"@type":"Organization","@id":"https:\/\/www3.tuhh.de\/itl\/#organization","name":"Institut f\u00fcr Technische Logistik","url":"https:\/\/www3.tuhh.de\/itl\/","logo":{"@type":"ImageObject","inLanguage":"de","@id":"https:\/\/www3.tuhh.de\/itl\/#\/schema\/logo\/image\/","url":"https:\/\/www3.tuhh.de\/itl\/wp-content\/uploads\/2022\/10\/Logo_ITL_blau_2018-06-12_kl-1.gif","contentUrl":"https:\/\/www3.tuhh.de\/itl\/wp-content\/uploads\/2022\/10\/Logo_ITL_blau_2018-06-12_kl-1.gif","width":47,"height":44,"caption":"Institut f\u00fcr Technische Logistik"},"image":{"@id":"https:\/\/www3.tuhh.de\/itl\/#\/schema\/logo\/image\/"},"sameAs":["https:\/\/www.facebook.com\/ITLTUHH\/","https:\/\/x.com\/ITL_TUHH","https:\/\/www.instagram.com\/itlhamburg\/","https:\/\/www.youtube.com\/channel\/UCjfr0QytTA29dJInXSUQz8w"]}]}},"jetpack_sharing_enabled":true,"_links":{"self":[{"href":"https:\/\/www3.tuhh.de\/itl\/wp-json\/wp\/v2\/pages\/15168","targetHints":{"allow":["GET"]}}],"collection":[{"href":"https:\/\/www3.tuhh.de\/itl\/wp-json\/wp\/v2\/pages"}],"about":[{"href":"https:\/\/www3.tuhh.de\/itl\/wp-json\/wp\/v2\/types\/page"}],"author":[{"embeddable":true,"href":"https:\/\/www3.tuhh.de\/itl\/wp-json\/wp\/v2\/users\/1"}],"replies":[{"embeddable":true,"href":"https:\/\/www3.tuhh.de\/itl\/wp-json\/wp\/v2\/comments?post=15168"}],"version-history":[{"count":4,"href":"https:\/\/www3.tuhh.de\/itl\/wp-json\/wp\/v2\/pages\/15168\/revisions"}],"predecessor-version":[{"id":15173,"href":"https:\/\/www3.tuhh.de\/itl\/wp-json\/wp\/v2\/pages\/15168\/revisions\/15173"}],"wp:attachment":[{"href":"https:\/\/www3.tuhh.de\/itl\/wp-json\/wp\/v2\/media?parent=15168"}],"curies":[{"name":"wp","href":"https:\/\/api.w.org\/{rel}","templated":true}]}}