{"id":15636,"date":"2025-03-27T14:34:21","date_gmt":"2025-03-27T12:34:21","guid":{"rendered":"https:\/\/www3.tuhh.de\/itl\/?page_id=15636"},"modified":"2025-03-27T14:39:13","modified_gmt":"2025-03-27T12:39:13","slug":"prof-jochen-kreutzfeldt-engl","status":"publish","type":"page","link":"https:\/\/www3.tuhh.de\/itl\/en\/prof-jochen-kreutzfeldt-engl\/","title":{"rendered":"Prof. Jochen Kreutzfeldt"},"content":{"rendered":"<p><div class=\"fusion-fullwidth fullwidth-box fusion-builder-row-1 fusion-flex-container nonhundred-percent-fullwidth non-hundred-percent-height-scrolling fusion-no-small-visibility\" style=\"--awb-border-radius-top-left:0px;--awb-border-radius-top-right:0px;--awb-border-radius-bottom-right:0px;--awb-border-radius-bottom-left:0px;--awb-padding-top:0px;--awb-padding-right:12vw;--awb-padding-left:12vw;--awb-flex-wrap:wrap;\" id=\"home\" ><div class=\"fusion-builder-row fusion-row fusion-flex-align-items-center fusion-flex-content-wrap\" style=\"max-width:1216.8px;margin-left: calc(-4% \/ 2 );margin-right: calc(-4% \/ 2 );\"><div class=\"fusion-layout-column fusion_builder_column fusion-builder-column-0 fusion_builder_column_1_1 1_1 fusion-flex-column fusion-no-small-visibility fusion-animated\" style=\"--awb-bg-size:cover;--awb-width-large:100%;--awb-margin-top-large:0px;--awb-spacing-right-large:1.92%;--awb-margin-bottom-large:0px;--awb-spacing-left-large:1.92%;--awb-width-medium:83.333333333333%;--awb-order-medium:0;--awb-spacing-right-medium:0%;--awb-spacing-left-medium:0%;--awb-width-small:100%;--awb-order-small:0;--awb-spacing-right-small:1.92%;--awb-spacing-left-small:1.92%;\" data-animationType=\"fadeInUp\" data-animationDuration=\"0.8\" data-animationOffset=\"top-mid-of-view\"><div class=\"fusion-column-wrapper fusion-column-has-shadow fusion-flex-justify-content-flex-start fusion-content-layout-column\"><div class=\"fusion-title title fusion-title-1 fusion-title-text fusion-title-size-three\" style=\"--awb-text-color:var(--awb-color4);--awb-margin-bottom:70px;\"><div class=\"title-sep-container title-sep-container-left fusion-no-large-visibility fusion-no-medium-visibility fusion-no-small-visibility\"><div class=\"title-sep sep- sep-solid\" style=\"border-color:var(--awb-color3);\"><\/div><\/div><span class=\"awb-title-spacer fusion-no-large-visibility fusion-no-medium-visibility fusion-no-small-visibility\"><\/span><h3 class=\"fusion-title-heading title-heading-left fusion-responsive-typography-calculated\" style=\"font-family:&quot;Poppins&quot;;font-style:normal;font-weight:400;margin:0;letter-spacing:2px;--fontSize:42;line-height:1.2;\">PROF. JOCHEN KREUTZFELDT <span style=\"font-size: 25px;\" data-fusion-font=\"true\">\u271d<\/span><\/h3><span class=\"awb-title-spacer\"><\/span><div class=\"title-sep-container title-sep-container-right\"><div class=\"title-sep sep- sep-solid\" style=\"border-color:var(--awb-color3);\"><\/div><\/div><\/div><\/div><\/div><\/div><\/div><div id=\"about\" class=\"fusion-container-anchor\"><div class=\"fusion-fullwidth fullwidth-box fusion-builder-row-2 fusion-flex-container hundred-percent-fullwidth non-hundred-percent-height-scrolling\" style=\"--awb-background-position:left top;--awb-border-sizes-top:0px;--awb-border-sizes-bottom:0px;--awb-border-sizes-left:0px;--awb-border-sizes-right:0px;--awb-border-radius-top-left:0px;--awb-border-radius-top-right:0px;--awb-border-radius-bottom-right:0px;--awb-border-radius-bottom-left:0px;--awb-padding-top:0px;--awb-padding-right:0px;--awb-padding-bottom:0px;--awb-padding-left:0px;--awb-flex-wrap:wrap;\" ><div class=\"fusion-builder-row fusion-row fusion-flex-align-items-stretch fusion-flex-content-wrap\" style=\"width:calc( 100% + 0px ) !important;max-width:calc( 100% + 0px ) !important;margin-left: calc(-0px \/ 2 );margin-right: calc(-0px \/ 2 );\"><div class=\"fusion-layout-column fusion_builder_column fusion-builder-column-1 fusion_builder_column_1_1 1_1 fusion-flex-column\" style=\"--awb-padding-top:50px;--awb-padding-right:3%;--awb-padding-bottom:115px;--awb-padding-left:5%;--awb-bg-blend:overlay;--awb-bg-size:cover;--awb-width-large:100%;--awb-margin-top-large:-50px;--awb-spacing-right-large:0px;--awb-margin-bottom-large:0px;--awb-spacing-left-large:0px;--awb-width-medium:100%;--awb-order-medium:1;--awb-spacing-right-medium:0px;--awb-spacing-left-medium:0px;--awb-width-small:100%;--awb-order-small:0;--awb-spacing-right-small:0px;--awb-spacing-left-small:0px;\"><div class=\"fusion-column-wrapper fusion-column-has-shadow fusion-flex-justify-content-flex-start fusion-content-layout-column\"><div class=\"fusion-person person fusion-person-center fusion-person-1 fusion-person-icon-bottom fusion-no-small-visibility\" style=\"--awb-pic-style-color:var(--awb-color6);--awb-pic-borderradius:0px;--awb-margin-top:2px;--awb-margin-right:2px;--awb-margin-bottom:2px;--awb-margin-left:2px;--awb-social-box-border-top:0px;--awb-social-box-border-right:0px;--awb-social-box-border-bottom:0px;--awb-social-box-border-left:0px;--awb-social-box-border-color:var(--awb-color3);--awb-social-box-border-color-hover:var(--awb-color4);--awb-social-box-colors-hover:var(--awb-color1);--awb-social-icon-boxed-colors:var(--awb-color2);--awb-social-icon-colors:var(--awb-color6);--awb-social-icon-colors-hover:var(--awb-color4);\"><div class=\"person-shortcode-image-wrapper\"><div class=\"person-image-container hover-type-none\" style=\"border:3px solid var(--awb-color6);-webkit-border-radius:0px;-moz-border-radius:0px;border-radius:0px;\"><img decoding=\"async\" class=\"lazyload person-img img-responsive wp-image-6165\" width=\"338\" height=\"234\" src=\"https:\/\/www3.tuhh.de\/itl\/wp-content\/uploads\/2022\/12\/J.-Kreutzfeldt-Hochkant_Q9A2081-2_MioPX_beabr-e1738235518859.jpg\" data-orig-src=\"https:\/\/www3.tuhh.de\/itl\/wp-content\/uploads\/2022\/12\/J.-Kreutzfeldt-Hochkant_Q9A2081-2_MioPX_beabr-e1738235518859.jpg\" alt=\"Prof. Jochen Kreutzfeldt (\u20202023)\" srcset=\"data:image\/svg+xml,%3Csvg%20xmlns%3D%27http%3A%2F%2Fwww.w3.org%2F2000%2Fsvg%27%20width%3D%27338%27%20height%3D%27234%27%20viewBox%3D%270%200%20338%20234%27%3E%3Crect%20width%3D%27338%27%20height%3D%27234%27%20fill-opacity%3D%220%22%2F%3E%3C%2Fsvg%3E\" data-srcset=\"https:\/\/www3.tuhh.de\/itl\/wp-content\/uploads\/2022\/12\/J.-Kreutzfeldt-Hochkant_Q9A2081-2_MioPX_beabr-e1738235518859-200x138.jpg 200w, https:\/\/www3.tuhh.de\/itl\/wp-content\/uploads\/2022\/12\/J.-Kreutzfeldt-Hochkant_Q9A2081-2_MioPX_beabr-e1738235518859.jpg 338w\" data-sizes=\"auto\" data-orig-sizes=\"(max-width: 1024px) 100vw, (max-width: 640px) 100vw, 338px\" \/><\/div><\/div><div class=\"person-desc\"><div class=\"person-author\"><div class=\"person-author-wrapper\"><span class=\"person-name\">Prof. Jochen Kreutzfeldt (\u20202023)<\/span><span class=\"person-title\">Head of Institute till 2023<\/span><\/div><\/div><div class=\"person-content fusion-clearfix\"><\/div><\/div><\/div><div class=\"fusion-separator fusion-full-width-sep\" style=\"align-self: center;margin-left: auto;margin-right: auto;margin-top:40px;width:100%;\"><\/div><div class=\"fusion-content-boxes content-boxes columns row fusion-columns-1 fusion-columns-total-1 fusion-content-boxes-1 content-boxes-icon-with-title content-left\" style=\"--awb-body-color:var(--awb-color8);--awb-title-color:var(--awb-color4);--awb-hover-accent-color:var(--awb-color5);--awb-circle-hover-accent-color:var(--awb-color5);--awb-item-margin-bottom:40px;\" data-animationOffset=\"top-mid-of-view\"><div style=\"--awb-backgroundcolor:rgba(255,255,255,0);\" class=\"fusion-column content-box-column content-box-column content-box-column-1 col-lg-12 col-md-12 col-sm-12 fusion-content-box-hover content-box-column-last content-box-column-last-in-row\"><div class=\"col content-box-wrapper content-wrapper link-area-box icon-hover-animation-pulsate\" data-animationOffset=\"top-mid-of-view\"><div class=\"heading icon-left\"><h2 class=\"content-box-heading fusion-responsive-typography-calculated\" style=\"--h2_typography-font-size:30px;--fontSize:30;line-height:1.0;\">Obituary<\/h2><\/div><div class=\"fusion-clearfix\"><\/div><div class=\"content-container\">\n<div>\n<p><span style=\"font-family: Poppins; font-weight: 400; line-height: 22px; font-size: 18px;\" data-fusion-font=\"true\" data-fusion-google-font=\"Poppins\" data-fusion-google-variant=\"400\">The <\/span><a style=\"font-family: Poppins; font-weight: 400; line-height: 22px; font-size: 18px;\" href=\"https:\/\/www.tuhh.de\/tuhh\/startseite\" target=\"_blank\" rel=\"noopener\" data-fusion-font=\"true\" data-fusion-google-font=\"Poppins\" data-fusion-google-variant=\"400\">TU Hamburg<\/a><span style=\"font-family: Poppins; font-weight: 400; line-height: 22px; font-size: 18px;\" data-fusion-font=\"true\" data-fusion-google-font=\"Poppins\" data-fusion-google-variant=\"400\"> mourns the loss of Professor Dr Jochen Kreutzfeldt<\/span><\/p>\n<p style=\"font-family: Poppins; font-weight: 400; line-height: 22px; font-size: 18px;\" data-fusion-font=\"true\" data-fusion-google-font=\"Poppins\" data-fusion-google-variant=\"400\">12.10.1959 &#8211; 16.11.2023<\/p>\n<p style=\"font-family: Poppins; font-weight: 400; line-height: 22px; font-size: 18px;\" data-fusion-font=\"true\" data-fusion-google-font=\"Poppins\" data-fusion-google-variant=\"400\">Head of the Institute of Technical Logistics<\/p>\n<p style=\"font-family: Poppins; font-weight: 400; line-height: 22px; font-size: 18px;\" data-fusion-font=\"true\" data-fusion-google-font=\"Poppins\" data-fusion-google-variant=\"400\">Professor Kreutzfeldt was appointed to Hamburg University of Technology in 2016 and founded the Institute of Technical Logistics at the Dean&#8217;s Office for Management Sciences and Technology Management. Under his leadership, the institute grew to a remarkable size in just a few years through innovative research projects and extensive industrial cooperation and was quickly able to establish itself as an important member of the group of logistics institutes of the renowned Wissenschaftliche Gesellschaft f\u00fcr Technische Logistik e.V. (Scientific Society for Technical Logistics). The close cooperation with Jungheinrich AG and the Dr Friedrich Jungheinrich Foundation, whose support of the Institute of Technical Logistics created the framework for important research work and innovations, should also be emphasised. During his scientific career, Mr Kreutzfeldt has made pioneering contributions to the integration of new technologies, such as robotics and artificial intelligence, into logistics.<\/p>\n<p style=\"font-family: Poppins; font-weight: 400; line-height: 22px; font-size: 18px;\" data-fusion-font=\"true\" data-fusion-google-font=\"Poppins\" data-fusion-google-variant=\"400\">ochen Kreutzfeldt graduated with a degree in mechanical engineering from the Leibniz University of Hanover in 1988 and was awarded a doctorate in engineering with honours from the Institute of Production Engineering and Machine Tools there in 1994. He then worked at Autoliv for 10 years in various management positions, including product controlling, production manager and head of product development in Europe. From 2004 to 2015, Mr Kreutzfeldt was Professor and Head of the Institute for Product and Production Management at the Hamburg University of Applied Sciences. In 2016, he moved to Hamburg University of Technology as a professor and founded the Institute of Technical Logistics.<\/p>\n<p style=\"font-family: Poppins; font-weight: 400; line-height: 22px; font-size: 18px;\" data-fusion-font=\"true\" data-fusion-google-font=\"Poppins\" data-fusion-google-variant=\"400\">His sudden and unexpected death on 16 November 2023 leaves a huge gap in the circle of professors, in research and teaching, and above all among his staff and students. He will be missed in many ways. Mr Kreutzfeldt was highly respected for his professional expertise, his approachable and appreciative manner and as a passionate university lecturer at TU Hamburg and far beyond. His large industrial network enabled him to transfer knowledge in both directions, from university to industry and vice versa, in order to identify current and future developments, address them in research projects and incorporate them into teaching.<\/p>\n<\/div>\n<p style=\"font-family: Poppins; font-weight: 400; color: #092933; font-size: 18px; line-height: 22px;\" align=\"justify\" data-fusion-font=\"true\" data-fusion-google-font=\"Poppins\" data-fusion-google-variant=\"400\">Jochen Kreutzfeldt schloss 1988 das Studium des Maschinenbaus an der Leibniz Universit\u00e4t Hannover als Dipl.-Ing. ab und wurde 1994 am dortigen Institut f\u00fcr Fertigungstechnik und Werkzeugmaschinen mit Auszeichnung zum Dr.-Ing. promoviert. Anschlie\u00dfend war er 10 Jahre bei der Firma Autoliv in verschiedenen F\u00fchrungspositionen besch\u00e4ftigt, wie im Produktcontrolling, als Produktionsleiter und als Leiter der Produktentwicklung in Europa. Von 2004 bis 2015 war Herr Kreutzfeldt als Professor und Leiter des Instituts f\u00fcr Produkt- und Produktionsmanagement an der Hochschule f\u00fcr Angewandte Wissenschaften Hamburg t\u00e4tig. 2016 folgte dann der Wechsel als Professor an die TU Hamburg und die Gr\u00fcndung des Instituts f\u00fcr Technische Logistik.<\/p>\n<p style=\"font-family: Poppins; font-weight: 400; color: #092933; font-size: 18px; line-height: 22px;\" align=\"justify\" data-fusion-font=\"true\" data-fusion-google-font=\"Poppins\" data-fusion-google-variant=\"400\">Sein pl\u00f6tzlicher und unerwarteter Tod am 16. November 2023 rei\u00dft eine gro\u00dfe L\u00fccke im Kreis der Professoren, in Forschung und Lehre, und vor allem bei seinen Mitarbeitenden und Studierenden. Er wird in vielfacher Hinsicht fehlen. Herr Kreutzfeldt war wegen seiner fachlichen Expertise, seiner zugewandten und wertsch\u00e4tzenden Art und als leidenschaftlicher Hochschullehrer an der TU Hamburg und weit dar\u00fcber hinaus hochgeachtet. Sein gro\u00dfes industrielles Netzwerk erm\u00f6glichte ihm den Transfer in beide Richtungen, von der Universit\u00e4t zur Industrie und umgekehrt, um aktuelle und k\u00fcnftige Entwicklungen zu identifizieren, in Forschungsprojekten zu adressieren und in die Lehre einflie\u00dfen zu lassen.<\/p>\n<p style=\"font-family: Poppins; font-weight: 400; color: #092933; font-size: 18px; line-height: 22px;\" align=\"justify\" data-fusion-font=\"true\" data-fusion-google-font=\"Poppins\" data-fusion-google-variant=\"400\">Mit Herrn Jochen Kreutzfeldt verliert die TU Hamburg einen hochgesch\u00e4tzten, engagierten Professor, einen zukunftsgewandten Forscher und einen hervorragenden Wissenschaftsmanager. Die TU Hamburg trauert mit seiner Familie und wird Herrn Professor Dr.-Ing. Jochen Kreutzfeldt ein ehrendes Andenken bewahren.<\/p>\n<p style=\"font-family: Poppins; font-weight: 400; line-height: 22px; font-size: 18px;\" align=\"justify\" data-fusion-font=\"true\" data-fusion-google-font=\"Poppins\" data-fusion-google-variant=\"400\">In Mr Jochen Kreutzfeldt, the TU Hamburg has lost a highly esteemed, committed professor, a forward-looking researcher and an outstanding science manager. TU Hamburg mourns with his family and will honour the memory of Professor Jochen Kreutzfeldt.<\/p>\n<\/div><\/div><\/div><div class=\"fusion-clearfix\"><\/div><\/div><div class=\"fusion-separator fusion-full-width-sep\" style=\"align-self: center;margin-left: auto;margin-right: auto;margin-top:40px;width:100%;\"><\/div><\/div><\/div><div class=\"fusion-layout-column fusion_builder_column fusion-builder-column-2 fusion_builder_column_1_1 1_1 fusion-flex-column\" style=\"--awb-bg-size:cover;--awb-width-large:100%;--awb-margin-top-large:0px;--awb-spacing-right-large:0px;--awb-margin-bottom-large:0px;--awb-spacing-left-large:0px;--awb-width-medium:100%;--awb-order-medium:0;--awb-spacing-right-medium:0px;--awb-spacing-left-medium:0px;--awb-width-small:100%;--awb-order-small:0;--awb-spacing-right-small:0px;--awb-spacing-left-small:0px;\"><div class=\"fusion-column-wrapper fusion-column-has-shadow fusion-flex-justify-content-flex-start fusion-content-layout-column\"><\/div><\/div><\/div><\/div><\/div><\/p>\n","protected":false},"excerpt":{"rendered":"","protected":false},"author":1,"featured_media":0,"parent":0,"menu_order":0,"comment_status":"closed","ping_status":"closed","template":"100-width.php","meta":{"_acf_changed":false,"footnotes":""},"class_list":["post-15636","page","type-page","status-publish","hentry"],"acf":[],"yoast_head":"<!-- This site is optimized with the Yoast SEO plugin v25.5 - https:\/\/yoast.com\/wordpress\/plugins\/seo\/ -->\n<title>Prof. Jochen Kreutzfeldt - Institut f\u00fcr Technische Logistik<\/title>\n<meta name=\"description\" content=\"Vorstellungsseite des ehemaligen Institutsleiters am Institut f\u00fcr Technische Logistik der Technischen Universit\u00e4t Hamburg, TUHH.\" \/>\n<meta name=\"robots\" content=\"index, follow, max-snippet:-1, max-image-preview:large, max-video-preview:-1\" \/>\n<link rel=\"canonical\" href=\"https:\/\/www3.tuhh.de\/itl\/en\/prof-jochen-kreutzfeldt-engl\/\" \/>\n<meta property=\"og:locale\" content=\"de_DE\" \/>\n<meta property=\"og:type\" content=\"article\" \/>\n<meta property=\"og:title\" content=\"Prof. Jochen Kreutzfeldt - Institut f\u00fcr Technische Logistik\" \/>\n<meta property=\"og:description\" content=\"Vorstellungsseite des ehemaligen Institutsleiters am Institut f\u00fcr Technische Logistik der Technischen Universit\u00e4t Hamburg, TUHH.\" \/>\n<meta property=\"og:url\" content=\"https:\/\/www3.tuhh.de\/itl\/en\/prof-jochen-kreutzfeldt-engl\/\" \/>\n<meta property=\"og:site_name\" content=\"Institut f\u00fcr Technische Logistik\" \/>\n<meta property=\"article:publisher\" content=\"https:\/\/www.facebook.com\/ITLTUHH\/\" \/>\n<meta property=\"article:modified_time\" content=\"2025-03-27T12:39:13+00:00\" \/>\n<meta name=\"twitter:card\" content=\"summary_large_image\" \/>\n<meta name=\"twitter:site\" content=\"@ITL_TUHH\" \/>\n<meta name=\"twitter:label1\" content=\"Gesch\u00e4tzte Lesezeit\" \/>\n\t<meta name=\"twitter:data1\" content=\"18\u00a0Minuten\" \/>\n<script type=\"application\/ld+json\" class=\"yoast-schema-graph\">{\"@context\":\"https:\/\/schema.org\",\"@graph\":[{\"@type\":\"WebPage\",\"@id\":\"https:\/\/www3.tuhh.de\/itl\/en\/prof-jochen-kreutzfeldt-engl\/\",\"url\":\"https:\/\/www3.tuhh.de\/itl\/en\/prof-jochen-kreutzfeldt-engl\/\",\"name\":\"Prof. Jochen Kreutzfeldt - Institut f\u00fcr Technische Logistik\",\"isPartOf\":{\"@id\":\"https:\/\/www3.tuhh.de\/itl\/#website\"},\"datePublished\":\"2025-03-27T12:34:21+00:00\",\"dateModified\":\"2025-03-27T12:39:13+00:00\",\"description\":\"Vorstellungsseite des ehemaligen Institutsleiters am Institut f\u00fcr Technische Logistik der Technischen Universit\u00e4t Hamburg, TUHH.\",\"breadcrumb\":{\"@id\":\"https:\/\/www3.tuhh.de\/itl\/en\/prof-jochen-kreutzfeldt-engl\/#breadcrumb\"},\"inLanguage\":\"de\",\"potentialAction\":[{\"@type\":\"ReadAction\",\"target\":[\"https:\/\/www3.tuhh.de\/itl\/en\/prof-jochen-kreutzfeldt-engl\/\"]}]},{\"@type\":\"BreadcrumbList\",\"@id\":\"https:\/\/www3.tuhh.de\/itl\/en\/prof-jochen-kreutzfeldt-engl\/#breadcrumb\",\"itemListElement\":[{\"@type\":\"ListItem\",\"position\":1,\"name\":\"Startseite\",\"item\":\"https:\/\/www3.tuhh.de\/itl\/\"},{\"@type\":\"ListItem\",\"position\":2,\"name\":\"Prof. Jochen Kreutzfeldt\"}]},{\"@type\":\"WebSite\",\"@id\":\"https:\/\/www3.tuhh.de\/itl\/#website\",\"url\":\"https:\/\/www3.tuhh.de\/itl\/\",\"name\":\"Institut f\u00fcr Technische Logistik\",\"description\":\"Willkommen beim Institut f\u00fcr Technische Logistik der TU Hamburg!\",\"publisher\":{\"@id\":\"https:\/\/www3.tuhh.de\/itl\/#organization\"},\"potentialAction\":[{\"@type\":\"SearchAction\",\"target\":{\"@type\":\"EntryPoint\",\"urlTemplate\":\"https:\/\/www3.tuhh.de\/itl\/?s={search_term_string}\"},\"query-input\":{\"@type\":\"PropertyValueSpecification\",\"valueRequired\":true,\"valueName\":\"search_term_string\"}}],\"inLanguage\":\"de\"},{\"@type\":\"Organization\",\"@id\":\"https:\/\/www3.tuhh.de\/itl\/#organization\",\"name\":\"Institut f\u00fcr Technische Logistik\",\"url\":\"https:\/\/www3.tuhh.de\/itl\/\",\"logo\":{\"@type\":\"ImageObject\",\"inLanguage\":\"de\",\"@id\":\"https:\/\/www3.tuhh.de\/itl\/#\/schema\/logo\/image\/\",\"url\":\"https:\/\/www3.tuhh.de\/itl\/wp-content\/uploads\/2022\/10\/Logo_ITL_blau_2018-06-12_kl-1.gif\",\"contentUrl\":\"https:\/\/www3.tuhh.de\/itl\/wp-content\/uploads\/2022\/10\/Logo_ITL_blau_2018-06-12_kl-1.gif\",\"width\":47,\"height\":44,\"caption\":\"Institut f\u00fcr Technische Logistik\"},\"image\":{\"@id\":\"https:\/\/www3.tuhh.de\/itl\/#\/schema\/logo\/image\/\"},\"sameAs\":[\"https:\/\/www.facebook.com\/ITLTUHH\/\",\"https:\/\/x.com\/ITL_TUHH\",\"https:\/\/www.instagram.com\/itlhamburg\/\",\"https:\/\/www.youtube.com\/channel\/UCjfr0QytTA29dJInXSUQz8w\"]}]}<\/script>\n<!-- \/ Yoast SEO plugin. -->","yoast_head_json":{"title":"Prof. Jochen Kreutzfeldt - Institut f\u00fcr Technische Logistik","description":"Vorstellungsseite des ehemaligen Institutsleiters am Institut f\u00fcr Technische Logistik der Technischen Universit\u00e4t Hamburg, TUHH.","robots":{"index":"index","follow":"follow","max-snippet":"max-snippet:-1","max-image-preview":"max-image-preview:large","max-video-preview":"max-video-preview:-1"},"canonical":"https:\/\/www3.tuhh.de\/itl\/en\/prof-jochen-kreutzfeldt-engl\/","og_locale":"de_DE","og_type":"article","og_title":"Prof. Jochen Kreutzfeldt - Institut f\u00fcr Technische Logistik","og_description":"Vorstellungsseite des ehemaligen Institutsleiters am Institut f\u00fcr Technische Logistik der Technischen Universit\u00e4t Hamburg, TUHH.","og_url":"https:\/\/www3.tuhh.de\/itl\/en\/prof-jochen-kreutzfeldt-engl\/","og_site_name":"Institut f\u00fcr Technische Logistik","article_publisher":"https:\/\/www.facebook.com\/ITLTUHH\/","article_modified_time":"2025-03-27T12:39:13+00:00","twitter_card":"summary_large_image","twitter_site":"@ITL_TUHH","twitter_misc":{"Gesch\u00e4tzte Lesezeit":"18\u00a0Minuten"},"schema":{"@context":"https:\/\/schema.org","@graph":[{"@type":"WebPage","@id":"https:\/\/www3.tuhh.de\/itl\/en\/prof-jochen-kreutzfeldt-engl\/","url":"https:\/\/www3.tuhh.de\/itl\/en\/prof-jochen-kreutzfeldt-engl\/","name":"Prof. Jochen Kreutzfeldt - Institut f\u00fcr Technische Logistik","isPartOf":{"@id":"https:\/\/www3.tuhh.de\/itl\/#website"},"datePublished":"2025-03-27T12:34:21+00:00","dateModified":"2025-03-27T12:39:13+00:00","description":"Vorstellungsseite des ehemaligen Institutsleiters am Institut f\u00fcr Technische Logistik der Technischen Universit\u00e4t Hamburg, TUHH.","breadcrumb":{"@id":"https:\/\/www3.tuhh.de\/itl\/en\/prof-jochen-kreutzfeldt-engl\/#breadcrumb"},"inLanguage":"de","potentialAction":[{"@type":"ReadAction","target":["https:\/\/www3.tuhh.de\/itl\/en\/prof-jochen-kreutzfeldt-engl\/"]}]},{"@type":"BreadcrumbList","@id":"https:\/\/www3.tuhh.de\/itl\/en\/prof-jochen-kreutzfeldt-engl\/#breadcrumb","itemListElement":[{"@type":"ListItem","position":1,"name":"Startseite","item":"https:\/\/www3.tuhh.de\/itl\/"},{"@type":"ListItem","position":2,"name":"Prof. Jochen Kreutzfeldt"}]},{"@type":"WebSite","@id":"https:\/\/www3.tuhh.de\/itl\/#website","url":"https:\/\/www3.tuhh.de\/itl\/","name":"Institut f\u00fcr Technische Logistik","description":"Willkommen beim Institut f\u00fcr Technische Logistik der TU Hamburg!","publisher":{"@id":"https:\/\/www3.tuhh.de\/itl\/#organization"},"potentialAction":[{"@type":"SearchAction","target":{"@type":"EntryPoint","urlTemplate":"https:\/\/www3.tuhh.de\/itl\/?s={search_term_string}"},"query-input":{"@type":"PropertyValueSpecification","valueRequired":true,"valueName":"search_term_string"}}],"inLanguage":"de"},{"@type":"Organization","@id":"https:\/\/www3.tuhh.de\/itl\/#organization","name":"Institut f\u00fcr Technische Logistik","url":"https:\/\/www3.tuhh.de\/itl\/","logo":{"@type":"ImageObject","inLanguage":"de","@id":"https:\/\/www3.tuhh.de\/itl\/#\/schema\/logo\/image\/","url":"https:\/\/www3.tuhh.de\/itl\/wp-content\/uploads\/2022\/10\/Logo_ITL_blau_2018-06-12_kl-1.gif","contentUrl":"https:\/\/www3.tuhh.de\/itl\/wp-content\/uploads\/2022\/10\/Logo_ITL_blau_2018-06-12_kl-1.gif","width":47,"height":44,"caption":"Institut f\u00fcr Technische Logistik"},"image":{"@id":"https:\/\/www3.tuhh.de\/itl\/#\/schema\/logo\/image\/"},"sameAs":["https:\/\/www.facebook.com\/ITLTUHH\/","https:\/\/x.com\/ITL_TUHH","https:\/\/www.instagram.com\/itlhamburg\/","https:\/\/www.youtube.com\/channel\/UCjfr0QytTA29dJInXSUQz8w"]}]}},"jetpack_sharing_enabled":true,"_links":{"self":[{"href":"https:\/\/www3.tuhh.de\/itl\/wp-json\/wp\/v2\/pages\/15636","targetHints":{"allow":["GET"]}}],"collection":[{"href":"https:\/\/www3.tuhh.de\/itl\/wp-json\/wp\/v2\/pages"}],"about":[{"href":"https:\/\/www3.tuhh.de\/itl\/wp-json\/wp\/v2\/types\/page"}],"author":[{"embeddable":true,"href":"https:\/\/www3.tuhh.de\/itl\/wp-json\/wp\/v2\/users\/1"}],"replies":[{"embeddable":true,"href":"https:\/\/www3.tuhh.de\/itl\/wp-json\/wp\/v2\/comments?post=15636"}],"version-history":[{"count":2,"href":"https:\/\/www3.tuhh.de\/itl\/wp-json\/wp\/v2\/pages\/15636\/revisions"}],"predecessor-version":[{"id":15638,"href":"https:\/\/www3.tuhh.de\/itl\/wp-json\/wp\/v2\/pages\/15636\/revisions\/15638"}],"wp:attachment":[{"href":"https:\/\/www3.tuhh.de\/itl\/wp-json\/wp\/v2\/media?parent=15636"}],"curies":[{"name":"wp","href":"https:\/\/api.w.org\/{rel}","templated":true}]}}