{"id":2385,"date":"2022-05-31T11:34:15","date_gmt":"2022-05-31T09:34:15","guid":{"rendered":"https:\/\/www3.tuhh.de\/itl\/?page_id=2385"},"modified":"2024-01-10T10:37:46","modified_gmt":"2024-01-10T08:37:46","slug":"automatisierte-datenverknuepfung-von-der-auslegung-bis-zur-produktion-adapt","status":"publish","type":"page","link":"https:\/\/www3.tuhh.de\/itl\/projekte\/automatisierte-datenverknuepfung-von-der-auslegung-bis-zur-produktion-adapt\/","title":{"rendered":"Automatisierte Datenverkn\u00fcpfung von der Auslegung bis zur Produktion (ADAPT)"},"content":{"rendered":"<p><div class=\"fusion-fullwidth fullwidth-box fusion-builder-row-1 fusion-flex-container nonhundred-percent-fullwidth non-hundred-percent-height-scrolling\" style=\"--awb-border-radius-top-left:0px;--awb-border-radius-top-right:0px;--awb-border-radius-bottom-right:0px;--awb-border-radius-bottom-left:0px;--awb-flex-wrap:wrap;\" ><div class=\"fusion-builder-row fusion-row fusion-flex-align-items-flex-start fusion-flex-content-wrap\" style=\"max-width:1216.8px;margin-left: calc(-4% \/ 2 );margin-right: calc(-4% \/ 2 );\"><div class=\"fusion-layout-column fusion_builder_column fusion-builder-column-0 fusion_builder_column_1_2 1_2 fusion-flex-column\" style=\"--awb-bg-size:cover;--awb-width-large:50%;--awb-margin-top-large:0px;--awb-spacing-right-large:3.84%;--awb-margin-bottom-large:0px;--awb-spacing-left-large:3.84%;--awb-width-medium:100%;--awb-order-medium:0;--awb-spacing-right-medium:1.92%;--awb-spacing-left-medium:1.92%;--awb-width-small:100%;--awb-order-small:0;--awb-spacing-right-small:1.92%;--awb-spacing-left-small:1.92%;\"><div class=\"fusion-column-wrapper fusion-column-has-shadow fusion-flex-justify-content-flex-start fusion-content-layout-column\"><div class=\"fusion-person person fusion-person-center fusion-person-1 fusion-person-icon-bottom\" style=\"--awb-pic-style-color:var(--awb-color6);--awb-pic-borderradius:0px;--awb-margin-top:2px;--awb-margin-right:2px;--awb-margin-bottom:2px;--awb-margin-left:2px;--awb-social-box-border-top:0px;--awb-social-box-border-right:0px;--awb-social-box-border-bottom:0px;--awb-social-box-border-left:0px;--awb-social-box-border-color:var(--awb-color3);--awb-social-box-border-color-hover:var(--awb-color4);--awb-social-box-colors-hover:var(--awb-color1);--awb-social-icon-boxed-colors:var(--awb-color2);--awb-social-icon-colors:var(--awb-color6);--awb-social-icon-colors-hover:var(--awb-color4);\"><div class=\"person-shortcode-image-wrapper\"><div class=\"person-image-container hover-type-none\" style=\"border:0px solid var(--awb-color6);-webkit-border-radius:0px;-moz-border-radius:0px;border-radius:0px;\"><img decoding=\"async\" class=\"lazyload person-img img-responsive wp-image-14094\" width=\"338\" height=\"225\" src=\"data:image\/svg+xml,%3Csvg%20xmlns%3D%27http%3A%2F%2Fwww.w3.org%2F2000%2Fsvg%27%20width%3D%27338%27%20height%3D%27225%27%20viewBox%3D%270%200%20338%20225%27%3E%3Crect%20width%3D%27338%27%20height%3D%27225%27%20fill-opacity%3D%220%22%2F%3E%3C%2Fsvg%3E\" data-orig-src=\"https:\/\/www3.tuhh.de\/itl\/wp-content\/uploads\/2023\/11\/Niklas-Hesslein-Kopie_quer.jpg\" alt=\"Niklas Hesslein\" \/><\/div><\/div><div class=\"person-desc\" style=\"background-color:var(--awb-color1);padding:40px;margin-top:0;\"><div class=\"person-author\"><div class=\"person-author-wrapper\"><span class=\"person-name\">Niklas Hesslein<\/span><span class=\"person-title\">Wissenschaftlicher Mitarbeiter<\/span><\/div><\/div><div class=\"person-content fusion-clearfix\"><\/div><div class=\"fusion-social-networks\"><div class=\"fusion-social-networks-wrapper\"><a class=\"fusion-social-network-icon fusion-tooltip fusion-linkedin awb-icon-linkedin custom\" aria-label=\"fusion-linkedin\" href=\"https:\/\/www.linkedin.com\/in\/niklas-hesslein\/?challengeId=AQFA2zr35uk0HAAAAYJJ9uNMRosfKc9fFaW3ugRaZxI6dKUJ9_DeGuShZR1usVgVtFyVyD4-xeMUTc0k3Qtj4VPdhpweJQIU4g&amp;submissionId=7612a464-1b4d-0617-64ab-e7663ecdc247&amp;challengeSource=AgFKYxOvF-_wJQAAAYJJ9wZ2SdAKjHDKLQRVsaCiOK6denZnzQVNmRH5TyIfDhk&amp;challegeType=AgHmeRMgPQZOcAAAAYJJ9wZ52qFFQdFD-eXL_aFcxPcLfFZoIEPBY00&amp;memberId=AgGuahdOatu-2gAAAYJJ9wZ7oQb17uRTLmSK5tvDGCMPUrc&amp;recognizeDevice=AgF-j52YnisWWQAAAYJJ9wZ-DNmDN0mzs3uu3B1Cvj2YGmFGvP1D\" target=\"_blank\" rel=\"noopener noreferrer\" style=\"color:var(--awb-color6);font-size:16px;\" data-placement=\"top\" data-title=\"LinkedIn\" title=\"LinkedIn\" data-toggle=\"tooltip\"><\/a><a class=\"fusion-social-network-icon fusion-tooltip fusion-xing awb-icon-xing custom\" aria-label=\"fusion-xing\" href=\"https:\/\/www.xing.com\/profile\/Niklas_Hesslein\" target=\"_blank\" rel=\"noopener noreferrer\" style=\"color:var(--awb-color6);font-size:16px;\" data-placement=\"top\" data-title=\"Xing\" title=\"Xing\" data-toggle=\"tooltip\"><\/a><a class=\"fusion-social-network-icon fusion-tooltip fusion-mail awb-icon-mail custom\" aria-label=\"fusion-mail\" href=\"mailto:n&#105;&#107;&#108;a&#115;.h&#101;sslein&#064;&#116;&#117;&#104;&#104;.de\" target=\"_self\" style=\"color:var(--awb-color6);font-size:16px;\" data-placement=\"top\" data-title=\"Mail\" title=\"Mail\" data-toggle=\"tooltip\"><\/a><\/div><\/div><\/div><\/div><\/div><\/div><div class=\"fusion-layout-column fusion_builder_column fusion-builder-column-1 fusion_builder_column_1_2 1_2 fusion-flex-column\" style=\"--awb-bg-size:cover;--awb-width-large:50%;--awb-margin-top-large:0px;--awb-spacing-right-large:3.84%;--awb-margin-bottom-large:0px;--awb-spacing-left-large:3.84%;--awb-width-medium:100%;--awb-order-medium:0;--awb-spacing-right-medium:1.92%;--awb-spacing-left-medium:1.92%;--awb-width-small:100%;--awb-order-small:0;--awb-spacing-right-small:1.92%;--awb-spacing-left-small:1.92%;\"><div class=\"fusion-column-wrapper fusion-column-has-shadow fusion-flex-justify-content-flex-start fusion-content-layout-column\"><div class=\"fusion-title title fusion-title-1 fusion-sep-none fusion-title-text fusion-title-size-one fusion-animated\" style=\"--awb-text-color:var(--awb-color4);--awb-sep-color:var(--awb-color5);\" data-animationType=\"fadeInLeft\" data-animationDuration=\"0.3\" data-animationOffset=\"top-mid-of-view\"><h1 class=\"fusion-title-heading title-heading-right fusion-responsive-typography-calculated\" style=\"font-family:&quot;Poppins&quot;;font-style:normal;font-weight:500;margin:0;--fontSize:90;line-height:var(--awb-typography1-line-height);\"><span style=\"font-family: Poppins; font-weight: 400;\" data-fusion-font=\"true\" data-fusion-google-font=\"Poppins\" data-fusion-google-variant=\"400\">ADAPT<br \/>\n<\/span><\/h1><\/div><\/div><\/div><\/div><\/div><div class=\"fusion-fullwidth fullwidth-box fusion-builder-row-2 fusion-flex-container nonhundred-percent-fullwidth non-hundred-percent-height-scrolling\" style=\"--awb-border-radius-top-left:0px;--awb-border-radius-top-right:0px;--awb-border-radius-bottom-right:0px;--awb-border-radius-bottom-left:0px;--awb-flex-wrap:wrap;\" ><div class=\"fusion-builder-row fusion-row fusion-flex-align-items-flex-start fusion-flex-content-wrap\" style=\"max-width:1216.8px;margin-left: calc(-4% \/ 2 );margin-right: calc(-4% \/ 2 );\"><div class=\"fusion-layout-column fusion_builder_column fusion-builder-column-2 fusion_builder_column_1_1 1_1 fusion-flex-column\" style=\"--awb-bg-size:cover;--awb-width-large:100%;--awb-margin-top-large:0px;--awb-spacing-right-large:1.92%;--awb-margin-bottom-large:0px;--awb-spacing-left-large:1.92%;--awb-width-medium:100%;--awb-order-medium:0;--awb-spacing-right-medium:1.92%;--awb-spacing-left-medium:1.92%;--awb-width-small:100%;--awb-order-small:0;--awb-spacing-right-small:1.92%;--awb-spacing-left-small:1.92%;\"><div class=\"fusion-column-wrapper fusion-column-has-shadow fusion-flex-justify-content-flex-start fusion-content-layout-column\"><div class=\"fusion-separator fusion-full-width-sep\" style=\"align-self: center;margin-left: auto;margin-right: auto;margin-bottom:50px;width:100%;\"><div class=\"fusion-separator-border sep-single sep-solid\" style=\"--awb-height:20px;--awb-amount:20px;--awb-sep-color:var(--awb-color5);border-color:var(--awb-color5);border-top-width:1px;\"><\/div><\/div><div class=\"fusion-text fusion-text-1\" style=\"--awb-content-alignment:right;--awb-margin-top:50px;--awb-text-font-family:&quot;Poppins&quot;;--awb-text-font-style:normal;--awb-text-font-weight:400;\"><p style=\"text-align: left;\"><strong>Forschungsprojekt<\/strong>: ADAPT<\/p>\n<p style=\"text-align: left;\"><strong>Forschungsbereich<\/strong>: Automatisierte Erstellung von Logistik Dossiers<\/p>\n<p style=\"text-align: left;\"><strong>Gef\u00f6rdert duch<\/strong>: Bundesministerium f\u00fcr Wirtschaft und Energie<\/p>\n<p style=\"text-align: left;\"><strong>In Zusammenarbeit mit: <\/strong><a href=\"https:\/\/www.airbus.com\/en\" target=\"_blank\" rel=\"noopener\">Airbus Operations GmbH<\/a>, <a href=\"https:\/\/www.dlr.de\/DE\/Home\/home_node.html\" target=\"_blank\" rel=\"noopener\">Deutsches Zentrum f\u00fcr Luft- und Raumfahrt e.V. (DLR)<\/a>,<br \/>\nHelmut-Schmidt-Universit\u00e4t, <a href=\"https:\/\/zal.aero\/\" target=\"_blank\" rel=\"noopener\">Zentrum f\u00fcr angewandte Luftfahrtforschung (ZAL)<\/a>, <a href=\"https:\/\/synergeticon.de\/\">Synergeticon GmbH<\/a><\/p>\n<p style=\"text-align: left;\"><strong>Assoziierte Partner<\/strong>: <a href=\"https:\/\/www.3ds.com\/de\/\" target=\"_blank\" rel=\"noopener\">Dassault Systems SE<\/a><\/p>\n<p style=\"text-align: left;\"><strong>Beginn des Projekts<\/strong>: 01.07.2020<\/p>\n<p style=\"text-align: left;\"><strong>Ende des Projekts<\/strong>: 30.06.2023<\/p>\n<\/div><\/div><\/div><\/div><\/div><div class=\"fusion-fullwidth fullwidth-box fusion-builder-row-3 fusion-flex-container nonhundred-percent-fullwidth non-hundred-percent-height-scrolling\" style=\"--awb-border-radius-top-left:0px;--awb-border-radius-top-right:0px;--awb-border-radius-bottom-right:0px;--awb-border-radius-bottom-left:0px;--awb-flex-wrap:wrap;\" ><div class=\"fusion-builder-row fusion-row fusion-flex-align-items-flex-start fusion-flex-content-wrap\" style=\"max-width:1216.8px;margin-left: calc(-4% \/ 2 );margin-right: calc(-4% \/ 2 );\"><div class=\"fusion-layout-column fusion_builder_column fusion-builder-column-3 fusion_builder_column_1_1 1_1 fusion-flex-column\" style=\"--awb-bg-size:cover;--awb-width-large:100%;--awb-margin-top-large:0px;--awb-spacing-right-large:1.92%;--awb-margin-bottom-large:0px;--awb-spacing-left-large:1.92%;--awb-width-medium:100%;--awb-order-medium:0;--awb-spacing-right-medium:1.92%;--awb-spacing-left-medium:1.92%;--awb-width-small:100%;--awb-order-small:0;--awb-spacing-right-small:1.92%;--awb-spacing-left-small:1.92%;\"><div class=\"fusion-column-wrapper fusion-column-has-shadow fusion-flex-justify-content-flex-start fusion-content-layout-column\"><div class=\"fusion-title title fusion-title-2 fusion-title-text fusion-title-size-two fusion-animated\" style=\"--awb-text-color:var(--awb-color4);--awb-sep-color:var(--awb-color5);\" data-animationType=\"fadeInLeft\" data-animationDuration=\"0.3\" data-animationOffset=\"top-mid-of-view\"><div class=\"title-sep-container title-sep-container-left\"><div class=\"title-sep sep-single sep-solid\" style=\"border-color:var(--awb-color5);\"><\/div><\/div><span class=\"awb-title-spacer\"><\/span><h2 class=\"fusion-title-heading title-heading-right fusion-responsive-typography-calculated\" style=\"font-family:&quot;Poppins&quot;;font-style:normal;font-weight:400;margin:0;--fontSize:65;line-height:1.0;\">\u00dcBER DAS PROJEKT<\/h2><span class=\"awb-title-spacer fusion-no-large-visibility fusion-no-medium-visibility fusion-no-small-visibility\"><\/span><div class=\"title-sep-container title-sep-container-right fusion-no-large-visibility fusion-no-medium-visibility fusion-no-small-visibility\"><div class=\"title-sep sep-single sep-solid\" style=\"border-color:var(--awb-color5);\"><\/div><\/div><\/div><div class=\"fusion-text fusion-text-2\" style=\"--awb-text-font-family:&quot;Poppins&quot;;--awb-text-font-style:normal;--awb-text-font-weight:400;\"><p data-fontsize=\"13\" data-lineheight=\"19.5px\">Im Juli 2020 startete das <a href=\"https:\/\/www.bmwi.de\/Redaktion\/DE\/Artikel\/Technologie\/luftfahrttechnologien-02.html\" target=\"_blank\" rel=\"noopener noreferrer\">LuFo-Projekt <\/a>\u201eAutomatisierte Datenverkn\u00fcpfung von der Auslegung bis zur Produktion\u201c.<\/p>\n<p data-fontsize=\"13\" data-lineheight=\"19.5px\">Ziel des Projekts ist die Entwicklung von einem automatisierten Datenmanagement als Kette von Entwicklung bis zur Fertigung. Die nahtlose Verf\u00fcgbarkeit der Informationen zwischen allen Prozessebenen in einer f\u00fcr Maschinen interpretierbaren, semantisch definierten Weise erm\u00f6glicht die Automatisierung und kontinuierliche Effizienzsteigerung der Design- und Fertigungsprozesse.<\/p>\n<p data-fontsize=\"13\" data-lineheight=\"19.5px\">Das ITL \u00fcbernimmt in dem Konsortium die R\u00fcckkopplung der Arbeitsergebnisse hin zur Logistik.<\/p>\n<p data-fontsize=\"13\" data-lineheight=\"19.5px\">Es wird dabei ein \u201eLogistic Model Generator\u201c entwickelt, der die digitalen Daten aus Design und Fertigung zur automatisierten Ableitung von strategischen Planungsparametern in der Logistik nutzt. Das resultierende Logistik-Dossiers soll die Logistik-Planer in bestehenden Prozessen unterst\u00fctzen und manuelle Planungsschritte reduzieren. Somit soll zeitnah bei \u00c4nderungspl\u00e4nen in der Fertigung m\u00f6gliche Anpassungen in der Logistik \u00fcberpr\u00fcft und umgesetzt werden k\u00f6nnen.<\/p>\n<\/div><\/div><\/div><\/div><\/div><div class=\"fusion-fullwidth fullwidth-box fusion-builder-row-4 fusion-flex-container has-pattern-background has-mask-background nonhundred-percent-fullwidth non-hundred-percent-height-scrolling\" style=\"--awb-border-radius-top-left:0px;--awb-border-radius-top-right:0px;--awb-border-radius-bottom-right:0px;--awb-border-radius-bottom-left:0px;--awb-margin-bottom:100px;--awb-flex-wrap:wrap;\" ><div class=\"fusion-builder-row fusion-row fusion-flex-align-items-flex-start fusion-flex-content-wrap\" style=\"max-width:1216.8px;margin-left: calc(-4% \/ 2 );margin-right: calc(-4% \/ 2 );\"><div class=\"fusion-layout-column fusion_builder_column fusion-builder-column-4 fusion_builder_column_1_5 1_5 fusion-flex-column\" style=\"--awb-bg-size:cover;--awb-width-large:20%;--awb-margin-top-large:0px;--awb-spacing-right-large:9.6%;--awb-margin-bottom-large:0px;--awb-spacing-left-large:9.6%;--awb-width-medium:100%;--awb-order-medium:0;--awb-spacing-right-medium:1.92%;--awb-spacing-left-medium:1.92%;--awb-width-small:100%;--awb-order-small:0;--awb-spacing-right-small:1.92%;--awb-spacing-left-small:1.92%;\"><div class=\"fusion-column-wrapper fusion-column-has-shadow fusion-flex-justify-content-flex-start fusion-content-layout-column\"><\/div><\/div><div class=\"fusion-layout-column fusion_builder_column fusion-builder-column-5 fusion_builder_column_3_5 3_5 fusion-flex-column\" style=\"--awb-bg-size:cover;--awb-width-large:60%;--awb-margin-top-large:0px;--awb-spacing-right-large:3.2%;--awb-margin-bottom-large:0px;--awb-spacing-left-large:3.2%;--awb-width-medium:100%;--awb-order-medium:0;--awb-spacing-right-medium:1.92%;--awb-spacing-left-medium:1.92%;--awb-width-small:100%;--awb-order-small:0;--awb-spacing-right-small:1.92%;--awb-spacing-left-small:1.92%;\"><div class=\"fusion-column-wrapper fusion-column-has-shadow fusion-flex-justify-content-flex-start fusion-content-layout-column\"><script type=\"text\/javascript\">jQuery(function() { _initLayerSlider( '#layerslider_33_rzwu49e2bnyk', {createdWith: '7.2.1', sliderVersion: '7.5.3', allowFullscreen: true, skin: 'v6', sliderFadeInDuration: 350, useSrcset: true, skinsPath: 'https:\/\/www3.tuhh.de\/itl\/wp-content\/plugins\/LayerSlider\/assets\/static\/layerslider\/skins\/', performanceMode: true}); });<\/script><div id=\"layerslider_33_rzwu49e2bnyk\"  class=\"ls-wp-container fitvidsignore ls-selectable\" style=\"width:1280px;height:720px;margin:0 auto;margin-bottom: 0px;\"><div class=\"ls-slide\" ><\/div><div class=\"ls-slide\" data-ls=\"bgsize:contain;\"><\/div><div class=\"ls-slide\" data-ls=\"bgsize:cover;bgposition:50% 50%;\"><\/div><\/div><div class=\"fusion-separator fusion-full-width-sep\" style=\"align-self: center;margin-left: auto;margin-right: auto;margin-bottom:50px;width:100%;\"><\/div><\/div><\/div><div class=\"fusion-layout-column fusion_builder_column fusion-builder-column-6 fusion_builder_column_1_5 1_5 fusion-flex-column\" style=\"--awb-bg-size:cover;--awb-width-large:20%;--awb-margin-top-large:0px;--awb-spacing-right-large:9.6%;--awb-margin-bottom-large:0px;--awb-spacing-left-large:9.6%;--awb-width-medium:100%;--awb-order-medium:0;--awb-spacing-right-medium:1.92%;--awb-spacing-left-medium:1.92%;--awb-width-small:100%;--awb-order-small:0;--awb-spacing-right-small:1.92%;--awb-spacing-left-small:1.92%;\"><div class=\"fusion-column-wrapper fusion-column-has-shadow fusion-flex-justify-content-flex-start fusion-content-layout-column\"><\/div><\/div><\/div><\/div><\/p>\n","protected":false},"excerpt":{"rendered":"","protected":false},"author":11,"featured_media":0,"parent":2152,"menu_order":0,"comment_status":"closed","ping_status":"closed","template":"","meta":{"_acf_changed":false,"footnotes":""},"class_list":["post-2385","page","type-page","status-publish","hentry"],"acf":[],"yoast_head":"<!-- This site is optimized with the Yoast SEO plugin v25.5 - https:\/\/yoast.com\/wordpress\/plugins\/seo\/ -->\n<title>Automatisierte Datenverkn\u00fcpfung von der Auslegung bis zur Produktion (ADAPT) - Institut f\u00fcr Technische Logistik<\/title>\n<meta name=\"description\" content=\"Im Juli 2020 startete das LuFo-Projekt \u201eAutomatisierte Datenverkn\u00fcpfung von der Auslegung bis zur Produktion\u201c.\" \/>\n<meta name=\"robots\" content=\"index, follow, max-snippet:-1, max-image-preview:large, max-video-preview:-1\" \/>\n<link rel=\"canonical\" href=\"https:\/\/www3.tuhh.de\/itl\/projekte\/automatisierte-datenverknuepfung-von-der-auslegung-bis-zur-produktion-adapt\/\" \/>\n<meta property=\"og:locale\" content=\"de_DE\" \/>\n<meta property=\"og:type\" content=\"article\" \/>\n<meta property=\"og:title\" content=\"Automatisierte Datenverkn\u00fcpfung von der Auslegung bis zur Produktion (ADAPT) - Institut f\u00fcr Technische Logistik\" \/>\n<meta property=\"og:description\" content=\"Im Juli 2020 startete das LuFo-Projekt \u201eAutomatisierte Datenverkn\u00fcpfung von der Auslegung bis zur Produktion\u201c.\" \/>\n<meta property=\"og:url\" content=\"https:\/\/www3.tuhh.de\/itl\/projekte\/automatisierte-datenverknuepfung-von-der-auslegung-bis-zur-produktion-adapt\/\" \/>\n<meta property=\"og:site_name\" content=\"Institut f\u00fcr Technische Logistik\" \/>\n<meta property=\"article:publisher\" content=\"https:\/\/www.facebook.com\/ITLTUHH\/\" \/>\n<meta property=\"article:modified_time\" content=\"2024-01-10T08:37:46+00:00\" \/>\n<meta name=\"twitter:card\" content=\"summary_large_image\" \/>\n<meta name=\"twitter:site\" content=\"@ITL_TUHH\" \/>\n<meta name=\"twitter:label1\" content=\"Gesch\u00e4tzte Lesezeit\" \/>\n\t<meta name=\"twitter:data1\" content=\"13\u00a0Minuten\" \/>\n<script type=\"application\/ld+json\" class=\"yoast-schema-graph\">{\"@context\":\"https:\/\/schema.org\",\"@graph\":[{\"@type\":\"WebPage\",\"@id\":\"https:\/\/www3.tuhh.de\/itl\/projekte\/automatisierte-datenverknuepfung-von-der-auslegung-bis-zur-produktion-adapt\/\",\"url\":\"https:\/\/www3.tuhh.de\/itl\/projekte\/automatisierte-datenverknuepfung-von-der-auslegung-bis-zur-produktion-adapt\/\",\"name\":\"Automatisierte Datenverkn\u00fcpfung von der Auslegung bis zur Produktion (ADAPT) - Institut f\u00fcr Technische Logistik\",\"isPartOf\":{\"@id\":\"https:\/\/www3.tuhh.de\/itl\/#website\"},\"datePublished\":\"2022-05-31T09:34:15+00:00\",\"dateModified\":\"2024-01-10T08:37:46+00:00\",\"description\":\"Im Juli 2020 startete das LuFo-Projekt \u201eAutomatisierte Datenverkn\u00fcpfung von der Auslegung bis zur Produktion\u201c.\",\"breadcrumb\":{\"@id\":\"https:\/\/www3.tuhh.de\/itl\/projekte\/automatisierte-datenverknuepfung-von-der-auslegung-bis-zur-produktion-adapt\/#breadcrumb\"},\"inLanguage\":\"de\",\"potentialAction\":[{\"@type\":\"ReadAction\",\"target\":[\"https:\/\/www3.tuhh.de\/itl\/projekte\/automatisierte-datenverknuepfung-von-der-auslegung-bis-zur-produktion-adapt\/\"]}]},{\"@type\":\"BreadcrumbList\",\"@id\":\"https:\/\/www3.tuhh.de\/itl\/projekte\/automatisierte-datenverknuepfung-von-der-auslegung-bis-zur-produktion-adapt\/#breadcrumb\",\"itemListElement\":[{\"@type\":\"ListItem\",\"position\":1,\"name\":\"Startseite\",\"item\":\"https:\/\/www3.tuhh.de\/itl\/\"},{\"@type\":\"ListItem\",\"position\":2,\"name\":\"Projekte\",\"item\":\"https:\/\/www3.tuhh.de\/itl\/projekte\/\"},{\"@type\":\"ListItem\",\"position\":3,\"name\":\"Automatisierte Datenverkn\u00fcpfung von der Auslegung bis zur Produktion (ADAPT)\"}]},{\"@type\":\"WebSite\",\"@id\":\"https:\/\/www3.tuhh.de\/itl\/#website\",\"url\":\"https:\/\/www3.tuhh.de\/itl\/\",\"name\":\"Institut f\u00fcr Technische Logistik\",\"description\":\"Willkommen beim Institut f\u00fcr Technische Logistik der TU Hamburg!\",\"publisher\":{\"@id\":\"https:\/\/www3.tuhh.de\/itl\/#organization\"},\"potentialAction\":[{\"@type\":\"SearchAction\",\"target\":{\"@type\":\"EntryPoint\",\"urlTemplate\":\"https:\/\/www3.tuhh.de\/itl\/?s={search_term_string}\"},\"query-input\":{\"@type\":\"PropertyValueSpecification\",\"valueRequired\":true,\"valueName\":\"search_term_string\"}}],\"inLanguage\":\"de\"},{\"@type\":\"Organization\",\"@id\":\"https:\/\/www3.tuhh.de\/itl\/#organization\",\"name\":\"Institut f\u00fcr Technische Logistik\",\"url\":\"https:\/\/www3.tuhh.de\/itl\/\",\"logo\":{\"@type\":\"ImageObject\",\"inLanguage\":\"de\",\"@id\":\"https:\/\/www3.tuhh.de\/itl\/#\/schema\/logo\/image\/\",\"url\":\"https:\/\/www3.tuhh.de\/itl\/wp-content\/uploads\/2022\/10\/Logo_ITL_blau_2018-06-12_kl-1.gif\",\"contentUrl\":\"https:\/\/www3.tuhh.de\/itl\/wp-content\/uploads\/2022\/10\/Logo_ITL_blau_2018-06-12_kl-1.gif\",\"width\":47,\"height\":44,\"caption\":\"Institut f\u00fcr Technische Logistik\"},\"image\":{\"@id\":\"https:\/\/www3.tuhh.de\/itl\/#\/schema\/logo\/image\/\"},\"sameAs\":[\"https:\/\/www.facebook.com\/ITLTUHH\/\",\"https:\/\/x.com\/ITL_TUHH\",\"https:\/\/www.instagram.com\/itlhamburg\/\",\"https:\/\/www.youtube.com\/channel\/UCjfr0QytTA29dJInXSUQz8w\"]}]}<\/script>\n<!-- \/ Yoast SEO plugin. -->","yoast_head_json":{"title":"Automatisierte Datenverkn\u00fcpfung von der Auslegung bis zur Produktion (ADAPT) - Institut f\u00fcr Technische Logistik","description":"Im Juli 2020 startete das LuFo-Projekt \u201eAutomatisierte Datenverkn\u00fcpfung von der Auslegung bis zur Produktion\u201c.","robots":{"index":"index","follow":"follow","max-snippet":"max-snippet:-1","max-image-preview":"max-image-preview:large","max-video-preview":"max-video-preview:-1"},"canonical":"https:\/\/www3.tuhh.de\/itl\/projekte\/automatisierte-datenverknuepfung-von-der-auslegung-bis-zur-produktion-adapt\/","og_locale":"de_DE","og_type":"article","og_title":"Automatisierte Datenverkn\u00fcpfung von der Auslegung bis zur Produktion (ADAPT) - Institut f\u00fcr Technische Logistik","og_description":"Im Juli 2020 startete das LuFo-Projekt \u201eAutomatisierte Datenverkn\u00fcpfung von der Auslegung bis zur Produktion\u201c.","og_url":"https:\/\/www3.tuhh.de\/itl\/projekte\/automatisierte-datenverknuepfung-von-der-auslegung-bis-zur-produktion-adapt\/","og_site_name":"Institut f\u00fcr Technische Logistik","article_publisher":"https:\/\/www.facebook.com\/ITLTUHH\/","article_modified_time":"2024-01-10T08:37:46+00:00","twitter_card":"summary_large_image","twitter_site":"@ITL_TUHH","twitter_misc":{"Gesch\u00e4tzte Lesezeit":"13\u00a0Minuten"},"schema":{"@context":"https:\/\/schema.org","@graph":[{"@type":"WebPage","@id":"https:\/\/www3.tuhh.de\/itl\/projekte\/automatisierte-datenverknuepfung-von-der-auslegung-bis-zur-produktion-adapt\/","url":"https:\/\/www3.tuhh.de\/itl\/projekte\/automatisierte-datenverknuepfung-von-der-auslegung-bis-zur-produktion-adapt\/","name":"Automatisierte Datenverkn\u00fcpfung von der Auslegung bis zur Produktion (ADAPT) - Institut f\u00fcr Technische Logistik","isPartOf":{"@id":"https:\/\/www3.tuhh.de\/itl\/#website"},"datePublished":"2022-05-31T09:34:15+00:00","dateModified":"2024-01-10T08:37:46+00:00","description":"Im Juli 2020 startete das LuFo-Projekt \u201eAutomatisierte Datenverkn\u00fcpfung von der Auslegung bis zur Produktion\u201c.","breadcrumb":{"@id":"https:\/\/www3.tuhh.de\/itl\/projekte\/automatisierte-datenverknuepfung-von-der-auslegung-bis-zur-produktion-adapt\/#breadcrumb"},"inLanguage":"de","potentialAction":[{"@type":"ReadAction","target":["https:\/\/www3.tuhh.de\/itl\/projekte\/automatisierte-datenverknuepfung-von-der-auslegung-bis-zur-produktion-adapt\/"]}]},{"@type":"BreadcrumbList","@id":"https:\/\/www3.tuhh.de\/itl\/projekte\/automatisierte-datenverknuepfung-von-der-auslegung-bis-zur-produktion-adapt\/#breadcrumb","itemListElement":[{"@type":"ListItem","position":1,"name":"Startseite","item":"https:\/\/www3.tuhh.de\/itl\/"},{"@type":"ListItem","position":2,"name":"Projekte","item":"https:\/\/www3.tuhh.de\/itl\/projekte\/"},{"@type":"ListItem","position":3,"name":"Automatisierte Datenverkn\u00fcpfung von der Auslegung bis zur Produktion (ADAPT)"}]},{"@type":"WebSite","@id":"https:\/\/www3.tuhh.de\/itl\/#website","url":"https:\/\/www3.tuhh.de\/itl\/","name":"Institut f\u00fcr Technische Logistik","description":"Willkommen beim Institut f\u00fcr Technische Logistik der TU Hamburg!","publisher":{"@id":"https:\/\/www3.tuhh.de\/itl\/#organization"},"potentialAction":[{"@type":"SearchAction","target":{"@type":"EntryPoint","urlTemplate":"https:\/\/www3.tuhh.de\/itl\/?s={search_term_string}"},"query-input":{"@type":"PropertyValueSpecification","valueRequired":true,"valueName":"search_term_string"}}],"inLanguage":"de"},{"@type":"Organization","@id":"https:\/\/www3.tuhh.de\/itl\/#organization","name":"Institut f\u00fcr Technische Logistik","url":"https:\/\/www3.tuhh.de\/itl\/","logo":{"@type":"ImageObject","inLanguage":"de","@id":"https:\/\/www3.tuhh.de\/itl\/#\/schema\/logo\/image\/","url":"https:\/\/www3.tuhh.de\/itl\/wp-content\/uploads\/2022\/10\/Logo_ITL_blau_2018-06-12_kl-1.gif","contentUrl":"https:\/\/www3.tuhh.de\/itl\/wp-content\/uploads\/2022\/10\/Logo_ITL_blau_2018-06-12_kl-1.gif","width":47,"height":44,"caption":"Institut f\u00fcr Technische Logistik"},"image":{"@id":"https:\/\/www3.tuhh.de\/itl\/#\/schema\/logo\/image\/"},"sameAs":["https:\/\/www.facebook.com\/ITLTUHH\/","https:\/\/x.com\/ITL_TUHH","https:\/\/www.instagram.com\/itlhamburg\/","https:\/\/www.youtube.com\/channel\/UCjfr0QytTA29dJInXSUQz8w"]}]}},"jetpack_sharing_enabled":true,"_links":{"self":[{"href":"https:\/\/www3.tuhh.de\/itl\/wp-json\/wp\/v2\/pages\/2385","targetHints":{"allow":["GET"]}}],"collection":[{"href":"https:\/\/www3.tuhh.de\/itl\/wp-json\/wp\/v2\/pages"}],"about":[{"href":"https:\/\/www3.tuhh.de\/itl\/wp-json\/wp\/v2\/types\/page"}],"author":[{"embeddable":true,"href":"https:\/\/www3.tuhh.de\/itl\/wp-json\/wp\/v2\/users\/11"}],"replies":[{"embeddable":true,"href":"https:\/\/www3.tuhh.de\/itl\/wp-json\/wp\/v2\/comments?post=2385"}],"version-history":[{"count":11,"href":"https:\/\/www3.tuhh.de\/itl\/wp-json\/wp\/v2\/pages\/2385\/revisions"}],"predecessor-version":[{"id":14152,"href":"https:\/\/www3.tuhh.de\/itl\/wp-json\/wp\/v2\/pages\/2385\/revisions\/14152"}],"up":[{"embeddable":true,"href":"https:\/\/www3.tuhh.de\/itl\/wp-json\/wp\/v2\/pages\/2152"}],"wp:attachment":[{"href":"https:\/\/www3.tuhh.de\/itl\/wp-json\/wp\/v2\/media?parent=2385"}],"curies":[{"name":"wp","href":"https:\/\/api.w.org\/{rel}","templated":true}]}}