{"id":2631,"date":"2022-06-16T14:25:31","date_gmt":"2022-06-16T12:25:31","guid":{"rendered":"https:\/\/www3.tuhh.de\/itl\/?page_id=2631"},"modified":"2024-12-11T13:55:41","modified_gmt":"2024-12-11T11:55:41","slug":"machbarkeitsuntersuchungen-eines-matrix-montage-systems","status":"publish","type":"page","link":"https:\/\/www3.tuhh.de\/itl\/machbarkeitsuntersuchungen-eines-matrix-montage-systems\/","title":{"rendered":"Machbarkeitsuntersuchungen eines Matrix-Montage-Systems"},"content":{"rendered":"<p><div class=\"fusion-fullwidth fullwidth-box fusion-builder-row-1 fusion-flex-container nonhundred-percent-fullwidth non-hundred-percent-height-scrolling\" style=\"--awb-border-radius-top-left:0px;--awb-border-radius-top-right:0px;--awb-border-radius-bottom-right:0px;--awb-border-radius-bottom-left:0px;--awb-flex-wrap:wrap;\" ><div class=\"fusion-builder-row fusion-row fusion-flex-align-items-flex-start fusion-flex-content-wrap\" style=\"max-width:1216.8px;margin-left: calc(-4% \/ 2 );margin-right: calc(-4% \/ 2 );\"><div class=\"fusion-layout-column fusion_builder_column fusion-builder-column-0 fusion_builder_column_1_2 1_2 fusion-flex-column\" style=\"--awb-bg-size:cover;--awb-width-large:50%;--awb-margin-top-large:0px;--awb-spacing-right-large:3.84%;--awb-margin-bottom-large:0px;--awb-spacing-left-large:3.84%;--awb-width-medium:100%;--awb-order-medium:0;--awb-spacing-right-medium:1.92%;--awb-spacing-left-medium:1.92%;--awb-width-small:100%;--awb-order-small:0;--awb-spacing-right-small:1.92%;--awb-spacing-left-small:1.92%;\"><div class=\"fusion-column-wrapper fusion-column-has-shadow fusion-flex-justify-content-flex-start fusion-content-layout-column\"><div class=\"fusion-person person fusion-person-center fusion-person-1 fusion-person-icon-bottom\" style=\"--awb-pic-style-color:var(--awb-color6);--awb-pic-borderradius:0px;--awb-margin-top:2px;--awb-margin-right:2px;--awb-margin-bottom:2px;--awb-margin-left:2px;--awb-social-box-border-top:0px;--awb-social-box-border-right:0px;--awb-social-box-border-bottom:0px;--awb-social-box-border-left:0px;--awb-social-box-border-color:var(--awb-color3);--awb-social-box-border-color-hover:var(--awb-color4);--awb-social-box-colors-hover:var(--awb-color1);--awb-social-icon-boxed-colors:var(--awb-color2);--awb-social-icon-colors:var(--awb-color6);--awb-social-icon-colors-hover:var(--awb-color4);\"><div class=\"person-desc\" style=\"background-color:var(--awb-color1);padding:40px;margin-top:0;\"><div class=\"person-author\"><div class=\"person-author-wrapper\"><span class=\"person-name\">Institut f\u00fcr Technische Logistik<\/span><span class=\"person-title\"><\/span><\/div><\/div><div class=\"person-content fusion-clearfix\"><\/div><div class=\"fusion-social-networks\"><div class=\"fusion-social-networks-wrapper\"><a class=\"fusion-social-network-icon fusion-tooltip fusion-mail awb-icon-mail custom\" aria-label=\"fusion-mail\" href=\"mailto:i&#116;l&#064;tuhh.d&#101;\" target=\"_self\" style=\"color:var(--awb-color6);font-size:16px;\" data-placement=\"top\" data-title=\"Mail\" title=\"Mail\" data-toggle=\"tooltip\"><\/a><a class=\"fusion-social-network-icon fusion-tooltip fusion-phone awb-icon-phone custom\" aria-label=\"fusion-phone\" href=\"tel:+4940428783891\" target=\"_self\" style=\"color:var(--awb-color6);font-size:16px;\" data-placement=\"top\" data-title=\"Phone\" title=\"Phone\" data-toggle=\"tooltip\"><\/a><\/div><\/div><\/div><\/div><\/div><\/div><div class=\"fusion-layout-column fusion_builder_column fusion-builder-column-1 fusion_builder_column_1_2 1_2 fusion-flex-column\" style=\"--awb-bg-size:cover;--awb-width-large:50%;--awb-margin-top-large:0px;--awb-spacing-right-large:3.84%;--awb-margin-bottom-large:0px;--awb-spacing-left-large:3.84%;--awb-width-medium:100%;--awb-order-medium:0;--awb-spacing-right-medium:1.92%;--awb-spacing-left-medium:1.92%;--awb-width-small:100%;--awb-order-small:0;--awb-spacing-right-small:1.92%;--awb-spacing-left-small:1.92%;\"><div class=\"fusion-column-wrapper fusion-column-has-shadow fusion-flex-justify-content-flex-start fusion-content-layout-column\"><div class=\"fusion-title title fusion-title-1 fusion-sep-none fusion-title-text fusion-title-size-three fusion-animated\" style=\"--awb-text-color:var(--awb-color4);--awb-sep-color:var(--awb-custom_color_3);\" data-animationType=\"fadeInLeft\" data-animationDuration=\"0.3\" data-animationOffset=\"top-mid-of-view\"><h3 class=\"fusion-title-heading title-heading-right fusion-responsive-typography-calculated\" style=\"font-family:&quot;Poppins&quot;;font-style:normal;font-weight:400;margin:0;--fontSize:42;line-height:1.3;\">MACHBARKEITS-UNTERSUCHUNGEN EINES MATRIX-MONTAGE-SYSTEMS<\/h3><\/div><\/div><\/div><\/div><\/div><div class=\"fusion-fullwidth fullwidth-box fusion-builder-row-2 fusion-flex-container nonhundred-percent-fullwidth non-hundred-percent-height-scrolling\" style=\"--awb-border-radius-top-left:0px;--awb-border-radius-top-right:0px;--awb-border-radius-bottom-right:0px;--awb-border-radius-bottom-left:0px;--awb-flex-wrap:wrap;\" ><div class=\"fusion-builder-row fusion-row fusion-flex-align-items-flex-start fusion-flex-content-wrap\" style=\"max-width:1216.8px;margin-left: calc(-4% \/ 2 );margin-right: calc(-4% \/ 2 );\"><div class=\"fusion-layout-column fusion_builder_column fusion-builder-column-2 fusion_builder_column_1_1 1_1 fusion-flex-column\" style=\"--awb-bg-size:cover;--awb-width-large:100%;--awb-margin-top-large:0px;--awb-spacing-right-large:1.92%;--awb-margin-bottom-large:0px;--awb-spacing-left-large:1.92%;--awb-width-medium:100%;--awb-order-medium:0;--awb-spacing-right-medium:1.92%;--awb-spacing-left-medium:1.92%;--awb-width-small:100%;--awb-order-small:0;--awb-spacing-right-small:1.92%;--awb-spacing-left-small:1.92%;\"><div class=\"fusion-column-wrapper fusion-column-has-shadow fusion-flex-justify-content-flex-start fusion-content-layout-column\"><div class=\"fusion-separator fusion-full-width-sep\" style=\"align-self: center;margin-left: auto;margin-right: auto;margin-bottom:50px;width:100%;\"><div class=\"fusion-separator-border sep-single sep-solid\" style=\"--awb-height:20px;--awb-amount:20px;--awb-sep-color:var(--awb-color5);border-color:var(--awb-color5);border-top-width:1px;\"><\/div><\/div><\/div><\/div><div class=\"fusion-layout-column fusion_builder_column fusion-builder-column-3 fusion_builder_column_1_1 1_1 fusion-flex-column\" style=\"--awb-bg-size:cover;--awb-width-large:100%;--awb-margin-top-large:0px;--awb-spacing-right-large:1.92%;--awb-margin-bottom-large:0px;--awb-spacing-left-large:1.92%;--awb-width-medium:100%;--awb-order-medium:0;--awb-spacing-right-medium:1.92%;--awb-spacing-left-medium:1.92%;--awb-width-small:100%;--awb-order-small:0;--awb-spacing-right-small:1.92%;--awb-spacing-left-small:1.92%;\"><div class=\"fusion-column-wrapper fusion-column-has-shadow fusion-flex-justify-content-flex-start fusion-content-layout-column\"><div class=\"fusion-text fusion-text-1\" style=\"--awb-content-alignment:right;--awb-text-font-family:&quot;Poppins&quot;;--awb-text-font-style:normal;--awb-text-font-weight:400;\"><p style=\"text-align: left;\"><strong>Forschungsprojekt<\/strong>: Machbarkeitsuntersuchungen eines Matrix-Montage-Systems<\/p>\n<p style=\"text-align: left;\"><strong>Forschungsbereich<\/strong>: Simulation, Produktionslogistik, Materialfluss<\/p>\n<p style=\"text-align: left;\"><strong>In Zusammenarbeit mit: <\/strong>Intralogistik-Hersteller<\/p>\n<p style=\"text-align: left;\"><strong>Beginn des Projekts<\/strong>: 01\/2019<\/p>\n<p style=\"text-align: left;\"><strong>Ende des Projekts<\/strong>: 05\/2019<\/p>\n<\/div><\/div><\/div><\/div><\/div><div class=\"fusion-fullwidth fullwidth-box fusion-builder-row-3 fusion-flex-container nonhundred-percent-fullwidth non-hundred-percent-height-scrolling\" style=\"--awb-border-radius-top-left:0px;--awb-border-radius-top-right:0px;--awb-border-radius-bottom-right:0px;--awb-border-radius-bottom-left:0px;--awb-flex-wrap:wrap;\" ><div class=\"fusion-builder-row fusion-row fusion-flex-align-items-flex-start fusion-flex-content-wrap\" style=\"max-width:1216.8px;margin-left: calc(-4% \/ 2 );margin-right: calc(-4% \/ 2 );\"><div class=\"fusion-layout-column fusion_builder_column fusion-builder-column-4 fusion_builder_column_1_1 1_1 fusion-flex-column\" style=\"--awb-bg-size:cover;--awb-width-large:100%;--awb-margin-top-large:0px;--awb-spacing-right-large:1.92%;--awb-margin-bottom-large:0px;--awb-spacing-left-large:1.92%;--awb-width-medium:100%;--awb-order-medium:0;--awb-spacing-right-medium:1.92%;--awb-spacing-left-medium:1.92%;--awb-width-small:100%;--awb-order-small:0;--awb-spacing-right-small:1.92%;--awb-spacing-left-small:1.92%;\"><div class=\"fusion-column-wrapper fusion-column-has-shadow fusion-flex-justify-content-flex-start fusion-content-layout-column\"><div class=\"fusion-title title fusion-title-2 fusion-title-text fusion-title-size-two fusion-animated\" style=\"--awb-text-color:var(--awb-color4);--awb-sep-color:var(--awb-color5);\" data-animationType=\"fadeInLeft\" data-animationDuration=\"0.3\" data-animationOffset=\"top-mid-of-view\"><div class=\"title-sep-container title-sep-container-left\"><div class=\"title-sep sep-single sep-solid\" style=\"border-color:var(--awb-color5);\"><\/div><\/div><span class=\"awb-title-spacer\"><\/span><h2 class=\"fusion-title-heading title-heading-right fusion-responsive-typography-calculated\" style=\"font-family:&quot;Poppins&quot;;font-style:normal;font-weight:400;margin:0;--fontSize:65;line-height:1.0;\">\u00dcBER DAS PROJEKT<\/h2><span class=\"awb-title-spacer fusion-no-large-visibility fusion-no-medium-visibility fusion-no-small-visibility\"><\/span><div class=\"title-sep-container title-sep-container-right fusion-no-large-visibility fusion-no-medium-visibility fusion-no-small-visibility\"><div class=\"title-sep sep-single sep-solid\" style=\"border-color:var(--awb-color5);\"><\/div><\/div><\/div><div class=\"fusion-text fusion-text-2\" style=\"--awb-text-font-family:&quot;Poppins&quot;;--awb-text-font-style:normal;--awb-text-font-weight:400;\"><p class=\"fusion-responsive-typography-calculated\" style=\"text-align: left;\" data-fontsize=\"16\" data-lineheight=\"24px\">Die in vielen Branchen steigende Produktvielfalt stellt konventionelle Produktionssysteme mit starr verketteten Montagelinien vor gro\u00dfe Herausforderungen. Im Rahmen dieses Forschungsprojektes wird eine Fertigung mittels Montagelinien verglichen mit einer alternativen Produktionsform, der Matrix Montage.<\/p>\n<p class=\"fusion-responsive-typography-calculated\" style=\"text-align: left;\" data-fontsize=\"16\" data-lineheight=\"24px\">Dabei zeichnet sich ein Matrix Montage System durch Montagestationen aus, zwischen denen das Material nicht, wie z.B. bei einem F\u00f6rderband, auf starr festgelegten Wegen flie\u00dft. Stattdessen kann das Material f\u00fcr jedes zu fertigende Produkt einen individuellen Weg durch das Montagesystem nehmen und folgt dabei nicht mehr einem f\u00fcr das gesamte System g\u00fcltigen Takt, wie es bei einer Montagelinie der Fall ist. Die somit gewonnene Flexibilit\u00e4t verspricht den Umgang mit stark auseinandergehenden Bearbeitungszeiten und St\u00f6rungen zu erleichtern.<\/p>\n<p class=\"fusion-responsive-typography-calculated\" style=\"text-align: left;\" data-fontsize=\"16\" data-lineheight=\"24px\">Um diesen Vergleich anzustellen, entwickelt das Institut f\u00fcr Technische Logistik f\u00fcr das Projekt ein parametrisiertes Simulationsmodell, mithilfe dessen verschiedene Szenarien simuliert und ausgewertet werden. Der Fokus liegt dabei auf der Betrachtung verschiedener Layoutvarianten f\u00fcr ein Matrix Montagesystem, sowie mehrerer Steuerungsmechanismen f\u00fcr den Materialfluss. F\u00fcr den Vergleich der Produktionsformen werden vor allem die Produktivit\u00e4t und das Verhalten bei St\u00f6rungen im Montagesystem begutachtet.<\/p>\n<p class=\"fusion-responsive-typography-calculated\" style=\"text-align: left;\" data-fontsize=\"16\" data-lineheight=\"24px\">Durch den Vergleich verschiedener Layouts und Steuerungsalgorithmen einer Matrix Montage und die Gegen\u00fcberstellung mit einer konventionellen Montagelinie werden Empfehlungen f\u00fcr Folgeuntersuchungen erarbeitet und die Grundlage f\u00fcr zuk\u00fcnftige Entscheidungen zur Umgestaltung des Montagesystems des Projektpartners geschaffen.<\/p>\n<\/div><\/div><\/div><\/div><\/div><div class=\"fusion-fullwidth fullwidth-box fusion-builder-row-4 fusion-flex-container has-pattern-background has-mask-background nonhundred-percent-fullwidth non-hundred-percent-height-scrolling\" style=\"--awb-border-radius-top-left:0px;--awb-border-radius-top-right:0px;--awb-border-radius-bottom-right:0px;--awb-border-radius-bottom-left:0px;--awb-flex-wrap:wrap;\" ><div class=\"fusion-builder-row fusion-row fusion-flex-align-items-flex-start fusion-flex-content-wrap\" style=\"max-width:1216.8px;margin-left: calc(-4% \/ 2 );margin-right: calc(-4% \/ 2 );\"><div class=\"fusion-layout-column fusion_builder_column fusion-builder-column-5 fusion_builder_column_1_3 1_3 fusion-flex-column\" style=\"--awb-bg-size:cover;--awb-width-large:33.333333333333%;--awb-margin-top-large:0px;--awb-spacing-right-large:5.76%;--awb-margin-bottom-large:0px;--awb-spacing-left-large:5.76%;--awb-width-medium:100%;--awb-order-medium:0;--awb-spacing-right-medium:1.92%;--awb-spacing-left-medium:1.92%;--awb-width-small:100%;--awb-order-small:0;--awb-spacing-right-small:1.92%;--awb-spacing-left-small:1.92%;\"><div class=\"fusion-column-wrapper fusion-column-has-shadow fusion-flex-justify-content-flex-start fusion-content-layout-column\"><div class=\"fusion-image-element \" style=\"--awb-caption-title-font-family:var(--h2_typography-font-family);--awb-caption-title-font-weight:var(--h2_typography-font-weight);--awb-caption-title-font-style:var(--h2_typography-font-style);--awb-caption-title-size:var(--h2_typography-font-size);--awb-caption-title-transform:var(--h2_typography-text-transform);--awb-caption-title-line-height:var(--h2_typography-line-height);--awb-caption-title-letter-spacing:var(--h2_typography-letter-spacing);\"><span class=\" fusion-imageframe imageframe-none imageframe-1 hover-type-none\" style=\"border:3px solid var(--awb-color3);\"><img decoding=\"async\" width=\"300\" height=\"167\" title=\"Zelle_Beschriftet\" src=\"https:\/\/www3.tuhh.de\/itl\/wp-content\/uploads\/2022\/10\/Zelle_Beschriftet.png\" data-orig-src=\"https:\/\/www3.tuhh.de\/itl\/wp-content\/uploads\/2022\/10\/Zelle_Beschriftet-300x167.png\" alt class=\"lazyload img-responsive wp-image-3878\" srcset=\"data:image\/svg+xml,%3Csvg%20xmlns%3D%27http%3A%2F%2Fwww.w3.org%2F2000%2Fsvg%27%20width%3D%27774%27%20height%3D%27432%27%20viewBox%3D%270%200%20774%20432%27%3E%3Crect%20width%3D%27774%27%20height%3D%27432%27%20fill-opacity%3D%220%22%2F%3E%3C%2Fsvg%3E\" data-srcset=\"https:\/\/www3.tuhh.de\/itl\/wp-content\/uploads\/2022\/10\/Zelle_Beschriftet-200x112.png 200w, https:\/\/www3.tuhh.de\/itl\/wp-content\/uploads\/2022\/10\/Zelle_Beschriftet-400x223.png 400w, https:\/\/www3.tuhh.de\/itl\/wp-content\/uploads\/2022\/10\/Zelle_Beschriftet-600x335.png 600w, https:\/\/www3.tuhh.de\/itl\/wp-content\/uploads\/2022\/10\/Zelle_Beschriftet.png 774w\" data-sizes=\"auto\" data-orig-sizes=\"(max-width: 1024px) 100vw, (max-width: 640px) 100vw, 400px\" \/><\/span><\/div><\/div><\/div><div class=\"fusion-layout-column fusion_builder_column fusion-builder-column-6 fusion_builder_column_2_3 2_3 fusion-flex-column\" style=\"--awb-bg-size:cover;--awb-border-color:var(--awb-color3);--awb-border-style:solid;--awb-width-large:66.666666666667%;--awb-margin-top-large:0px;--awb-spacing-right-large:0%;--awb-margin-bottom-large:0px;--awb-spacing-left-large:0%;--awb-width-medium:100%;--awb-order-medium:0;--awb-spacing-right-medium:1.92%;--awb-spacing-left-medium:1.92%;--awb-width-small:100%;--awb-order-small:0;--awb-spacing-right-small:1.92%;--awb-spacing-left-small:1.92%;\"><div class=\"fusion-column-wrapper fusion-column-has-shadow fusion-flex-justify-content-space-around fusion-content-layout-column\"><div class=\"fusion-video fusion-selfhosted-video\" style=\"max-width:100%;\"><div class=\"video-wrapper\" style=\"border-radius:3px 3px 3px 3px;\"><video playsinline=\"true\" width=\"100%\" style=\"object-fit: cover;\" autoplay=\"true\" muted=\"true\" loop=\"true\" preload=\"auto\" controls=\"1\"><source src=\"https:\/\/www3.tuhh.de\/itl\/wp-content\/uploads\/2022\/10\/Matrix-Montage-System-Kurzfilm.mp4.mp4\" type=\"video\/mp4\">Sorry, your browser doesn&#039;t support embedded videos.<\/video><\/div><\/div><\/div><\/div><\/div><\/div><\/p>\n","protected":false},"excerpt":{"rendered":"","protected":false},"author":11,"featured_media":0,"parent":0,"menu_order":0,"comment_status":"closed","ping_status":"closed","template":"","meta":{"_acf_changed":false,"footnotes":""},"class_list":["post-2631","page","type-page","status-publish","hentry"],"acf":[],"yoast_head":"<!-- This site is optimized with the Yoast SEO plugin v25.5 - https:\/\/yoast.com\/wordpress\/plugins\/seo\/ -->\n<title>Machbarkeitsuntersuchungen eines Matrix-Montage-Systems - Institut f\u00fcr Technische Logistik<\/title>\n<meta name=\"description\" content=\"Forschungsprojekt: Eine Fertigung mittels Montagelinien wird mit einer alternativen Produktionsform, der Matrix Montage verglichen\" \/>\n<meta name=\"robots\" content=\"index, follow, max-snippet:-1, max-image-preview:large, max-video-preview:-1\" \/>\n<link rel=\"canonical\" href=\"https:\/\/www3.tuhh.de\/itl\/machbarkeitsuntersuchungen-eines-matrix-montage-systems\/\" \/>\n<meta property=\"og:locale\" content=\"de_DE\" \/>\n<meta property=\"og:type\" content=\"article\" \/>\n<meta property=\"og:title\" content=\"Machbarkeitsuntersuchungen eines Matrix-Montage-Systems - Institut f\u00fcr Technische Logistik\" \/>\n<meta property=\"og:description\" content=\"Forschungsprojekt: Eine Fertigung mittels Montagelinien wird mit einer alternativen Produktionsform, der Matrix Montage verglichen\" \/>\n<meta property=\"og:url\" content=\"https:\/\/www3.tuhh.de\/itl\/machbarkeitsuntersuchungen-eines-matrix-montage-systems\/\" \/>\n<meta property=\"og:site_name\" content=\"Institut f\u00fcr Technische Logistik\" \/>\n<meta property=\"article:publisher\" content=\"https:\/\/www.facebook.com\/ITLTUHH\/\" \/>\n<meta property=\"article:modified_time\" content=\"2024-12-11T11:55:41+00:00\" \/>\n<meta name=\"twitter:card\" content=\"summary_large_image\" \/>\n<meta name=\"twitter:site\" content=\"@ITL_TUHH\" \/>\n<meta name=\"twitter:label1\" content=\"Gesch\u00e4tzte Lesezeit\" \/>\n\t<meta name=\"twitter:data1\" content=\"14\u00a0Minuten\" \/>\n<script type=\"application\/ld+json\" class=\"yoast-schema-graph\">{\"@context\":\"https:\/\/schema.org\",\"@graph\":[{\"@type\":\"WebPage\",\"@id\":\"https:\/\/www3.tuhh.de\/itl\/machbarkeitsuntersuchungen-eines-matrix-montage-systems\/\",\"url\":\"https:\/\/www3.tuhh.de\/itl\/machbarkeitsuntersuchungen-eines-matrix-montage-systems\/\",\"name\":\"Machbarkeitsuntersuchungen eines Matrix-Montage-Systems - Institut f\u00fcr Technische Logistik\",\"isPartOf\":{\"@id\":\"https:\/\/www3.tuhh.de\/itl\/#website\"},\"datePublished\":\"2022-06-16T12:25:31+00:00\",\"dateModified\":\"2024-12-11T11:55:41+00:00\",\"description\":\"Forschungsprojekt: Eine Fertigung mittels Montagelinien wird mit einer alternativen Produktionsform, der Matrix Montage verglichen\",\"breadcrumb\":{\"@id\":\"https:\/\/www3.tuhh.de\/itl\/machbarkeitsuntersuchungen-eines-matrix-montage-systems\/#breadcrumb\"},\"inLanguage\":\"de\",\"potentialAction\":[{\"@type\":\"ReadAction\",\"target\":[\"https:\/\/www3.tuhh.de\/itl\/machbarkeitsuntersuchungen-eines-matrix-montage-systems\/\"]}]},{\"@type\":\"BreadcrumbList\",\"@id\":\"https:\/\/www3.tuhh.de\/itl\/machbarkeitsuntersuchungen-eines-matrix-montage-systems\/#breadcrumb\",\"itemListElement\":[{\"@type\":\"ListItem\",\"position\":1,\"name\":\"Startseite\",\"item\":\"https:\/\/www3.tuhh.de\/itl\/\"},{\"@type\":\"ListItem\",\"position\":2,\"name\":\"Machbarkeitsuntersuchungen eines Matrix-Montage-Systems\"}]},{\"@type\":\"WebSite\",\"@id\":\"https:\/\/www3.tuhh.de\/itl\/#website\",\"url\":\"https:\/\/www3.tuhh.de\/itl\/\",\"name\":\"Institut f\u00fcr Technische Logistik\",\"description\":\"Willkommen beim Institut f\u00fcr Technische Logistik der TU Hamburg!\",\"publisher\":{\"@id\":\"https:\/\/www3.tuhh.de\/itl\/#organization\"},\"potentialAction\":[{\"@type\":\"SearchAction\",\"target\":{\"@type\":\"EntryPoint\",\"urlTemplate\":\"https:\/\/www3.tuhh.de\/itl\/?s={search_term_string}\"},\"query-input\":{\"@type\":\"PropertyValueSpecification\",\"valueRequired\":true,\"valueName\":\"search_term_string\"}}],\"inLanguage\":\"de\"},{\"@type\":\"Organization\",\"@id\":\"https:\/\/www3.tuhh.de\/itl\/#organization\",\"name\":\"Institut f\u00fcr Technische Logistik\",\"url\":\"https:\/\/www3.tuhh.de\/itl\/\",\"logo\":{\"@type\":\"ImageObject\",\"inLanguage\":\"de\",\"@id\":\"https:\/\/www3.tuhh.de\/itl\/#\/schema\/logo\/image\/\",\"url\":\"https:\/\/www3.tuhh.de\/itl\/wp-content\/uploads\/2022\/10\/Logo_ITL_blau_2018-06-12_kl-1.gif\",\"contentUrl\":\"https:\/\/www3.tuhh.de\/itl\/wp-content\/uploads\/2022\/10\/Logo_ITL_blau_2018-06-12_kl-1.gif\",\"width\":47,\"height\":44,\"caption\":\"Institut f\u00fcr Technische Logistik\"},\"image\":{\"@id\":\"https:\/\/www3.tuhh.de\/itl\/#\/schema\/logo\/image\/\"},\"sameAs\":[\"https:\/\/www.facebook.com\/ITLTUHH\/\",\"https:\/\/x.com\/ITL_TUHH\",\"https:\/\/www.instagram.com\/itlhamburg\/\",\"https:\/\/www.youtube.com\/channel\/UCjfr0QytTA29dJInXSUQz8w\"]}]}<\/script>\n<!-- \/ Yoast SEO plugin. -->","yoast_head_json":{"title":"Machbarkeitsuntersuchungen eines Matrix-Montage-Systems - Institut f\u00fcr Technische Logistik","description":"Forschungsprojekt: Eine Fertigung mittels Montagelinien wird mit einer alternativen Produktionsform, der Matrix Montage verglichen","robots":{"index":"index","follow":"follow","max-snippet":"max-snippet:-1","max-image-preview":"max-image-preview:large","max-video-preview":"max-video-preview:-1"},"canonical":"https:\/\/www3.tuhh.de\/itl\/machbarkeitsuntersuchungen-eines-matrix-montage-systems\/","og_locale":"de_DE","og_type":"article","og_title":"Machbarkeitsuntersuchungen eines Matrix-Montage-Systems - Institut f\u00fcr Technische Logistik","og_description":"Forschungsprojekt: Eine Fertigung mittels Montagelinien wird mit einer alternativen Produktionsform, der Matrix Montage verglichen","og_url":"https:\/\/www3.tuhh.de\/itl\/machbarkeitsuntersuchungen-eines-matrix-montage-systems\/","og_site_name":"Institut f\u00fcr Technische Logistik","article_publisher":"https:\/\/www.facebook.com\/ITLTUHH\/","article_modified_time":"2024-12-11T11:55:41+00:00","twitter_card":"summary_large_image","twitter_site":"@ITL_TUHH","twitter_misc":{"Gesch\u00e4tzte Lesezeit":"14\u00a0Minuten"},"schema":{"@context":"https:\/\/schema.org","@graph":[{"@type":"WebPage","@id":"https:\/\/www3.tuhh.de\/itl\/machbarkeitsuntersuchungen-eines-matrix-montage-systems\/","url":"https:\/\/www3.tuhh.de\/itl\/machbarkeitsuntersuchungen-eines-matrix-montage-systems\/","name":"Machbarkeitsuntersuchungen eines Matrix-Montage-Systems - Institut f\u00fcr Technische Logistik","isPartOf":{"@id":"https:\/\/www3.tuhh.de\/itl\/#website"},"datePublished":"2022-06-16T12:25:31+00:00","dateModified":"2024-12-11T11:55:41+00:00","description":"Forschungsprojekt: Eine Fertigung mittels Montagelinien wird mit einer alternativen Produktionsform, der Matrix Montage verglichen","breadcrumb":{"@id":"https:\/\/www3.tuhh.de\/itl\/machbarkeitsuntersuchungen-eines-matrix-montage-systems\/#breadcrumb"},"inLanguage":"de","potentialAction":[{"@type":"ReadAction","target":["https:\/\/www3.tuhh.de\/itl\/machbarkeitsuntersuchungen-eines-matrix-montage-systems\/"]}]},{"@type":"BreadcrumbList","@id":"https:\/\/www3.tuhh.de\/itl\/machbarkeitsuntersuchungen-eines-matrix-montage-systems\/#breadcrumb","itemListElement":[{"@type":"ListItem","position":1,"name":"Startseite","item":"https:\/\/www3.tuhh.de\/itl\/"},{"@type":"ListItem","position":2,"name":"Machbarkeitsuntersuchungen eines Matrix-Montage-Systems"}]},{"@type":"WebSite","@id":"https:\/\/www3.tuhh.de\/itl\/#website","url":"https:\/\/www3.tuhh.de\/itl\/","name":"Institut f\u00fcr Technische Logistik","description":"Willkommen beim Institut f\u00fcr Technische Logistik der TU Hamburg!","publisher":{"@id":"https:\/\/www3.tuhh.de\/itl\/#organization"},"potentialAction":[{"@type":"SearchAction","target":{"@type":"EntryPoint","urlTemplate":"https:\/\/www3.tuhh.de\/itl\/?s={search_term_string}"},"query-input":{"@type":"PropertyValueSpecification","valueRequired":true,"valueName":"search_term_string"}}],"inLanguage":"de"},{"@type":"Organization","@id":"https:\/\/www3.tuhh.de\/itl\/#organization","name":"Institut f\u00fcr Technische Logistik","url":"https:\/\/www3.tuhh.de\/itl\/","logo":{"@type":"ImageObject","inLanguage":"de","@id":"https:\/\/www3.tuhh.de\/itl\/#\/schema\/logo\/image\/","url":"https:\/\/www3.tuhh.de\/itl\/wp-content\/uploads\/2022\/10\/Logo_ITL_blau_2018-06-12_kl-1.gif","contentUrl":"https:\/\/www3.tuhh.de\/itl\/wp-content\/uploads\/2022\/10\/Logo_ITL_blau_2018-06-12_kl-1.gif","width":47,"height":44,"caption":"Institut f\u00fcr Technische Logistik"},"image":{"@id":"https:\/\/www3.tuhh.de\/itl\/#\/schema\/logo\/image\/"},"sameAs":["https:\/\/www.facebook.com\/ITLTUHH\/","https:\/\/x.com\/ITL_TUHH","https:\/\/www.instagram.com\/itlhamburg\/","https:\/\/www.youtube.com\/channel\/UCjfr0QytTA29dJInXSUQz8w"]}]}},"jetpack_sharing_enabled":true,"_links":{"self":[{"href":"https:\/\/www3.tuhh.de\/itl\/wp-json\/wp\/v2\/pages\/2631","targetHints":{"allow":["GET"]}}],"collection":[{"href":"https:\/\/www3.tuhh.de\/itl\/wp-json\/wp\/v2\/pages"}],"about":[{"href":"https:\/\/www3.tuhh.de\/itl\/wp-json\/wp\/v2\/types\/page"}],"author":[{"embeddable":true,"href":"https:\/\/www3.tuhh.de\/itl\/wp-json\/wp\/v2\/users\/11"}],"replies":[{"embeddable":true,"href":"https:\/\/www3.tuhh.de\/itl\/wp-json\/wp\/v2\/comments?post=2631"}],"version-history":[{"count":13,"href":"https:\/\/www3.tuhh.de\/itl\/wp-json\/wp\/v2\/pages\/2631\/revisions"}],"predecessor-version":[{"id":15222,"href":"https:\/\/www3.tuhh.de\/itl\/wp-json\/wp\/v2\/pages\/2631\/revisions\/15222"}],"wp:attachment":[{"href":"https:\/\/www3.tuhh.de\/itl\/wp-json\/wp\/v2\/media?parent=2631"}],"curies":[{"name":"wp","href":"https:\/\/api.w.org\/{rel}","templated":true}]}}