{"id":3119,"date":"2022-07-26T12:14:46","date_gmt":"2022-07-26T10:14:46","guid":{"rendered":"https:\/\/www3.tuhh.de\/itl\/?page_id=3119"},"modified":"2022-07-28T07:58:28","modified_gmt":"2022-07-28T05:58:28","slug":"lernbrett-mit-foerdertechnik-und-greifarm-fuer-das-seminar-technische-logistik","status":"publish","type":"page","link":"https:\/\/www3.tuhh.de\/itl\/lernbrett-mit-foerdertechnik-und-greifarm-fuer-das-seminar-technische-logistik\/","title":{"rendered":"Lernbrett mit F\u00f6rdertechnik und Greifarm f\u00fcr das Seminar Technische Logistik"},"content":{"rendered":"<p><div class=\"fusion-fullwidth fullwidth-box fusion-builder-row-1 fusion-flex-container has-pattern-background has-mask-background nonhundred-percent-fullwidth non-hundred-percent-height-scrolling\" style=\"--awb-border-radius-top-left:0px;--awb-border-radius-top-right:0px;--awb-border-radius-bottom-right:0px;--awb-border-radius-bottom-left:0px;--awb-flex-wrap:wrap;\" ><div class=\"fusion-builder-row fusion-row fusion-flex-align-items-flex-start fusion-flex-content-wrap\" style=\"max-width:1216.8px;margin-left: calc(-4% \/ 2 );margin-right: calc(-4% \/ 2 );\"><div class=\"fusion-layout-column fusion_builder_column fusion-builder-column-0 fusion_builder_column_1_5 1_5 fusion-flex-column\" style=\"--awb-bg-size:cover;--awb-width-large:20%;--awb-margin-top-large:0px;--awb-spacing-right-large:9.6%;--awb-margin-bottom-large:0px;--awb-spacing-left-large:9.6%;--awb-width-medium:100%;--awb-order-medium:0;--awb-spacing-right-medium:1.92%;--awb-spacing-left-medium:1.92%;--awb-width-small:100%;--awb-order-small:0;--awb-spacing-right-small:1.92%;--awb-spacing-left-small:1.92%;\"><div class=\"fusion-column-wrapper fusion-column-has-shadow fusion-flex-justify-content-flex-start fusion-content-layout-column\"><\/div><\/div><div class=\"fusion-layout-column fusion_builder_column fusion-builder-column-1 fusion_builder_column_3_5 3_5 fusion-flex-column\" style=\"--awb-bg-size:cover;--awb-width-large:60%;--awb-margin-top-large:0px;--awb-spacing-right-large:3.2%;--awb-margin-bottom-large:0px;--awb-spacing-left-large:3.2%;--awb-width-medium:100%;--awb-order-medium:0;--awb-spacing-right-medium:1.92%;--awb-spacing-left-medium:1.92%;--awb-width-small:100%;--awb-order-small:0;--awb-spacing-right-small:1.92%;--awb-spacing-left-small:1.92%;\"><div class=\"fusion-column-wrapper fusion-column-has-shadow fusion-flex-justify-content-flex-start fusion-content-layout-column\"><div class=\"awb-gallery-wrapper awb-gallery-wrapper-1 button-span-no\" style=\"--more-btn-alignment:center;--more-btn-color:#ffffff;--more-btn-bg:var(--awb-color5);--more-btn-hover-color:#f9f9fb;--more-btn-hover-bg:#141617;\" data-limit=\"4\" data-page=\"1\"><div style=\"margin:-37px;--awb-aspect-ratio:1 \/ 1;--awb-bordersize:0px;--awb-border-radius:8px;--awb-caption-title-color:#ffffff;--awb-caption-title-size:15px;--awb-caption-title-transform:var(--awb-typography5-text-transform);--awb-caption-title-line-height:1.2;--awb-caption-title-letter-spacing:0px;--awb-caption-overlay-color:rgba(19,21,22,0.7);--awb-caption-title-font-family:&quot;DM Sans&quot;;--awb-caption-title-font-style:normal;--awb-caption-title-font-weight:700;\" class=\"fusion-gallery fusion-gallery-container fusion-grid-2 fusion-columns-total-2 fusion-gallery-layout-grid fusion-gallery-1 has-aspect-ratio\"><div style=\"padding:37.5px;\" class=\"fusion-grid-column fusion-gallery-column fusion-gallery-column-2 hover-type-zoomin\"><div class=\"fusion-gallery-image\"><a href=\"https:\/\/www3.tuhh.de\/itl\/wp-content\/uploads\/2021\/09\/Lernbrett1-2017neu4_bearb.jpg\" rel=\"noreferrer\" data-rel=\"iLightbox[gallery_image_1]\" class=\"fusion-lightbox\" target=\"_self\"><img decoding=\"async\" src=\"data:image\/svg+xml,%3Csvg%20xmlns%3D%27http%3A%2F%2Fwww.w3.org%2F2000%2Fsvg%27%20width%3D%271312%27%20height%3D%27948%27%20viewBox%3D%270%200%201312%20948%27%3E%3Crect%20width%3D%271312%27%20height%3D%27948%27%20fill-opacity%3D%220%22%2F%3E%3C%2Fsvg%3E\" data-orig-src=\"https:\/\/www3.tuhh.de\/itl\/wp-content\/uploads\/2021\/09\/Lernbrett1-2017neu4_bearb.jpg\" width=\"1312\" height=\"948\" alt=\"\" title=\"Lernbrett1-2017neu4_bearb\" aria-label=\"Lernbrett1-2017neu4_bearb\" class=\"lazyload img-responsive wp-image-1857\" style=\"object-position:25% 33%;\" \/><\/a><\/div><\/div><div style=\"padding:37.5px;\" class=\"fusion-grid-column fusion-gallery-column fusion-gallery-column-2 hover-type-zoomin\"><div class=\"fusion-gallery-image\"><a href=\"https:\/\/www3.tuhh.de\/itl\/wp-content\/uploads\/2021\/09\/4734593110821943700_bearb-scaled.jpg\" rel=\"noreferrer\" data-rel=\"iLightbox[gallery_image_1]\" class=\"fusion-lightbox\" target=\"_self\"><img decoding=\"async\" src=\"data:image\/svg+xml,%3Csvg%20xmlns%3D%27http%3A%2F%2Fwww.w3.org%2F2000%2Fsvg%27%20width%3D%272560%27%20height%3D%271849%27%20viewBox%3D%270%200%202560%201849%27%3E%3Crect%20width%3D%272560%27%20height%3D%271849%27%20fill-opacity%3D%220%22%2F%3E%3C%2Fsvg%3E\" data-orig-src=\"https:\/\/www3.tuhh.de\/itl\/wp-content\/uploads\/2021\/09\/4734593110821943700_bearb-scaled.jpg\" width=\"2560\" height=\"1849\" alt=\"\" title=\"4734593110821943700_bearb\" aria-label=\"4734593110821943700_bearb\" class=\"lazyload img-responsive wp-image-1485\" style=\"object-position:24% 39%;\" \/><\/a><\/div><\/div><div class=\"clearfix\"><\/div><\/div><\/div><\/div><\/div><\/div><\/div><div class=\"fusion-fullwidth fullwidth-box fusion-builder-row-2 fusion-flex-container has-pattern-background has-mask-background nonhundred-percent-fullwidth non-hundred-percent-height-scrolling\" style=\"--awb-border-radius-top-left:0px;--awb-border-radius-top-right:0px;--awb-border-radius-bottom-right:0px;--awb-border-radius-bottom-left:0px;--awb-margin-bottom:200px;--awb-flex-wrap:wrap;\" ><div class=\"fusion-builder-row fusion-row fusion-flex-align-items-flex-start fusion-flex-content-wrap\" style=\"max-width:1216.8px;margin-left: calc(-4% \/ 2 );margin-right: calc(-4% \/ 2 );\"><div class=\"fusion-layout-column fusion_builder_column fusion-builder-column-2 fusion_builder_column_1_1 1_1 fusion-flex-column\" style=\"--awb-bg-size:cover;--awb-width-large:100%;--awb-margin-top-large:0px;--awb-spacing-right-large:1.92%;--awb-margin-bottom-large:0px;--awb-spacing-left-large:1.92%;--awb-width-medium:100%;--awb-order-medium:0;--awb-spacing-right-medium:1.92%;--awb-spacing-left-medium:1.92%;--awb-width-small:100%;--awb-order-small:0;--awb-spacing-right-small:1.92%;--awb-spacing-left-small:1.92%;\"><div class=\"fusion-column-wrapper fusion-column-has-shadow fusion-flex-justify-content-flex-start fusion-content-layout-column\"><div class=\"fusion-text fusion-text-1 fusion-text-no-margin\" style=\"--awb-font-size:18px;--awb-line-height:1.72em;--awb-letter-spacing:var(--awb-typography4-letter-spacing);--awb-text-transform:var(--awb-typography4-text-transform);--awb-text-color:#19052e;--awb-margin-top:20px;--awb-margin-right:20px;--awb-margin-bottom:20px;--awb-margin-left:20px;--awb-text-font-family:&quot;Poppins&quot;;--awb-text-font-style:normal;--awb-text-font-weight:400;\"><p><span class=\"fusion-dropcap dropcap\" style=\"--awb-color:#00C1D4;\">F<\/span>\u00fcr das Seminar \u201eLabor Technische Logistik\u201c entwickelt unsere Werkstatt ein Lernbrett f\u00fcr die Studenten*innen.<\/p>\n<p>Darauf befindet sich ein F\u00f6rderband mit Sensorik:<\/p>\n<p class=\"fusion-responsive-typography-calculated\" data-fontsize=\"16\" data-lineheight=\"24px\">Die Studenten lernen dabei das Zusammenspiel zwischen Sensoren, Motoren und industrieller Steuerung kennen.<\/p>\n<p class=\"fusion-responsive-typography-calculated\" data-fontsize=\"16\" data-lineheight=\"24px\">Unterschiedlich gro\u00dfe Objekte werden durch Sensoren und eine Kamera ausgemessen. Gleichzeitig werden die Positionen der Objekte selbst bestimmt. Basierend auf diesen Informationen wird der Roboter angesteuert und die Objekte werden sortiert.<\/p>\n<p class=\"fusion-responsive-typography-calculated\" data-fontsize=\"16\" data-lineheight=\"24px\">Das F\u00f6rderband wurde in unserer Werkstatt konstruiert: Der erste Teil des Bandes bewegt sich \u00fcber Rollen und einem Gleitbett aus PLA, welches im <a href=\"https:\/\/www3.tuhh.de\/itl\/3d-druck\/\" target=\"_blank\" rel=\"noopener noreferrer\">3D-Drucker<\/a> erstellt wurde. Bei den Rollelementen wurde ein Kugellager installiert. Der zweite Teil des Bandes l\u00e4uft mit Getrieberad und Unterst\u00fctzungsrollen, so dass es ger\u00e4uscharmer l\u00e4uft im Vergleich zum ersten Teil des Bandes.<\/p>\n<p class=\"fusion-responsive-typography-calculated\" data-fontsize=\"16\" data-lineheight=\"24px\">Ebenfalls konstruierte unsere Werkstatt einen Greifarm, der auf dem Lernbrett zu finden ist:<\/p>\n<p class=\"fusion-responsive-typography-calculated\" data-fontsize=\"16\" data-lineheight=\"24px\">Der Greifarm l\u00e4uft mit Servomotoren und dient dazu, Objekte an einer bestimmten Position zu erfassen und an einer anderen Stelle in der richtigen Position abzulegen.<\/p>\n<p class=\"fusion-responsive-typography-calculated\" data-fontsize=\"16\" data-lineheight=\"24px\">Hier unterst\u00fctzt der Vakuumgreifer: Die Vakuumpumpe saugt die Bauteile an, um sie zu transportieren und an anderer Stelle wieder abzulegen. Der Greifarm wird durch einen <a href=\"https:\/\/store.arduino.cc\/arduino-mega-2560-rev3\" target=\"_blank\" rel=\"noopener noreferrer\">Arduino Mega 2560<\/a> und einen Motortreiber gesteuert.<\/p>\n<\/div><\/div><\/div><\/div><\/div><div class=\"fusion-fullwidth fullwidth-box fusion-builder-row-3 fusion-flex-container has-pattern-background has-mask-background nonhundred-percent-fullwidth non-hundred-percent-height-scrolling\" style=\"--awb-border-radius-top-left:0px;--awb-border-radius-top-right:0px;--awb-border-radius-bottom-right:0px;--awb-border-radius-bottom-left:0px;--awb-margin-top:50px;--awb-flex-wrap:wrap;\" ><div class=\"fusion-builder-row fusion-row fusion-flex-align-items-flex-start fusion-flex-content-wrap\" style=\"max-width:1216.8px;margin-left: calc(-4% \/ 2 );margin-right: calc(-4% \/ 2 );\"><div class=\"fusion-layout-column fusion_builder_column fusion-builder-column-3 fusion_builder_column_1_4 1_4 fusion-flex-column\" style=\"--awb-bg-size:cover;--awb-width-large:25%;--awb-margin-top-large:0px;--awb-spacing-right-large:7.68%;--awb-margin-bottom-large:0px;--awb-spacing-left-large:7.68%;--awb-width-medium:100%;--awb-order-medium:0;--awb-spacing-right-medium:1.92%;--awb-spacing-left-medium:1.92%;--awb-width-small:100%;--awb-order-small:0;--awb-spacing-right-small:1.92%;--awb-spacing-left-small:1.92%;\"><div class=\"fusion-column-wrapper fusion-column-has-shadow fusion-flex-justify-content-flex-start fusion-content-layout-column\"><\/div><\/div><div class=\"fusion-layout-column fusion_builder_column fusion-builder-column-4 fusion_builder_column_1_2 1_2 fusion-flex-column\" style=\"--awb-bg-size:cover;--awb-width-large:50%;--awb-margin-top-large:50px;--awb-spacing-right-large:3.84%;--awb-margin-bottom-large:0px;--awb-spacing-left-large:3.84%;--awb-width-medium:100%;--awb-order-medium:0;--awb-spacing-right-medium:1.92%;--awb-spacing-left-medium:1.92%;--awb-width-small:100%;--awb-order-small:0;--awb-spacing-right-small:1.92%;--awb-spacing-left-small:1.92%;\"><div class=\"fusion-column-wrapper fusion-column-has-shadow fusion-flex-justify-content-flex-start fusion-content-layout-column\"><div class=\"fusion-video fusion-youtube\" style=\"--awb-max-width:800px;--awb-max-height:600px;\"><div class=\"video-shortcode\"><lite-youtube videoid=\"7y4ogaJO97w\" class=\"landscape\" params=\"wmode=transparent&autoplay=1&enablejsapi=1\" title=\"YouTube video player 1\" width=\"800\" height=\"600\" data-thumbnail-size=\"auto\" data-no-cookie=\"on\"><\/lite-youtube><\/div><\/div><\/div><\/div><\/div><\/div><div class=\"fusion-fullwidth fullwidth-box fusion-builder-row-4 fusion-flex-container has-pattern-background has-mask-background nonhundred-percent-fullwidth non-hundred-percent-height-scrolling\" style=\"--awb-border-radius-top-left:0px;--awb-border-radius-top-right:0px;--awb-border-radius-bottom-right:0px;--awb-border-radius-bottom-left:0px;--awb-padding-top:100px;--awb-margin-top:100px;--awb-flex-wrap:wrap;\" ><div class=\"fusion-builder-row fusion-row fusion-flex-align-items-flex-start fusion-flex-content-wrap\" style=\"max-width:1216.8px;margin-left: calc(-4% \/ 2 );margin-right: calc(-4% \/ 2 );\"><div class=\"fusion-layout-column fusion_builder_column fusion-builder-column-5 fusion_builder_column_1_3 1_3 fusion-flex-column\" style=\"--awb-bg-size:cover;--awb-width-large:33.333333333333%;--awb-margin-top-large:0px;--awb-spacing-right-large:5.76%;--awb-margin-bottom-large:0px;--awb-spacing-left-large:5.76%;--awb-width-medium:100%;--awb-order-medium:0;--awb-spacing-right-medium:1.92%;--awb-spacing-left-medium:1.92%;--awb-width-small:100%;--awb-order-small:0;--awb-spacing-right-small:1.92%;--awb-spacing-left-small:1.92%;\"><div class=\"fusion-column-wrapper fusion-column-has-shadow fusion-flex-justify-content-flex-start fusion-content-layout-column\"><div class=\"fusion-content-boxes content-boxes columns row fusion-columns-1 fusion-columns-total-1 fusion-content-boxes-1 content-boxes-icon-on-side content-left\" style=\"--awb-body-color:var(--awb-color4);--awb-title-color:var(--awb-color4);--awb-hover-accent-color:var(--awb-color5);--awb-circle-hover-accent-color:var(--awb-color5);--awb-item-margin-bottom:40px;\" data-animationOffset=\"top-mid-of-view\"><div style=\"--awb-backgroundcolor:rgba(255,255,255,0);--awb-content-padding-left:112px;\" class=\"fusion-column content-box-column content-box-column content-box-column-1 col-lg-12 col-md-12 col-sm-12 fusion-content-box-hover content-box-column-last content-box-column-last-in-row\"><div class=\"col content-box-wrapper content-wrapper link-area-box icon-hover-animation-pulsate\" data-animationOffset=\"top-mid-of-view\"><div class=\"heading heading-with-icon icon-left\"><div class=\"icon\"><i style=\"border-color:var(--awb-color4);border-width:1px;background-color:var(--awb-color4);box-sizing:content-box;height:90px;width:90px;line-height:90px;border-radius:50%;font-size:45px;\" aria-hidden=\"true\" class=\"fontawesome-icon fa-user fas circle-yes\"><\/i><\/div><h5 class=\"content-box-heading fusion-responsive-typography-calculated\" style=\"--h5_typography-font-size:30px;--fontSize:30;line-height:1.5;padding-left:112px;\">Ansprechpartner<\/h5><\/div><div class=\"fusion-clearfix\"><\/div><div class=\"content-container\">\n<p><a href=\"https:\/\/www3.tuhh.de\/itl\/yevgenblank\/\">Yevgen Blank<\/a><br \/>\nStaatlich gepr\u00fcfter Techniker<\/p>\n<p>E-Mail: <a href=\"mailto:yevgen.blank@tuhh.de\">yevgen.blank@tuhh.de<\/a><\/p>\n<\/div><\/div><\/div><div class=\"fusion-clearfix\"><\/div><\/div><\/div><\/div><\/div><\/div><\/p>\n","protected":false},"excerpt":{"rendered":"","protected":false},"author":1,"featured_media":0,"parent":0,"menu_order":0,"comment_status":"closed","ping_status":"closed","template":"100-width.php","meta":{"_acf_changed":false,"footnotes":""},"class_list":["post-3119","page","type-page","status-publish","hentry"],"acf":[],"yoast_head":"<!-- This site is optimized with the Yoast SEO plugin v25.5 - https:\/\/yoast.com\/wordpress\/plugins\/seo\/ -->\n<title>Lernbrett mit F\u00f6rdertechnik und Greifarm f\u00fcr das Seminar Technische Logistik - Institut f\u00fcr Technische Logistik<\/title>\n<meta name=\"description\" content=\"F\u00fcr das Seminar Labor Technische Logistik wurde ein Lernbrett entwickelt. F\u00f6rderband mit Sensorik: Sensoren, Motoren, industrielle Steuerung\" \/>\n<meta name=\"robots\" content=\"index, follow, max-snippet:-1, max-image-preview:large, max-video-preview:-1\" \/>\n<link rel=\"canonical\" href=\"https:\/\/www3.tuhh.de\/itl\/lernbrett-mit-foerdertechnik-und-greifarm-fuer-das-seminar-technische-logistik\/\" \/>\n<meta property=\"og:locale\" content=\"de_DE\" \/>\n<meta property=\"og:type\" content=\"article\" \/>\n<meta property=\"og:title\" content=\"Lernbrett mit F\u00f6rdertechnik und Greifarm f\u00fcr das Seminar Technische Logistik - Institut f\u00fcr Technische Logistik\" \/>\n<meta property=\"og:description\" content=\"F\u00fcr das Seminar Labor Technische Logistik wurde ein Lernbrett entwickelt. F\u00f6rderband mit Sensorik: Sensoren, Motoren, industrielle Steuerung\" \/>\n<meta property=\"og:url\" content=\"https:\/\/www3.tuhh.de\/itl\/lernbrett-mit-foerdertechnik-und-greifarm-fuer-das-seminar-technische-logistik\/\" \/>\n<meta property=\"og:site_name\" content=\"Institut f\u00fcr Technische Logistik\" \/>\n<meta property=\"article:publisher\" content=\"https:\/\/www.facebook.com\/ITLTUHH\/\" \/>\n<meta property=\"article:modified_time\" content=\"2022-07-28T05:58:28+00:00\" \/>\n<meta name=\"twitter:card\" content=\"summary_large_image\" \/>\n<meta name=\"twitter:site\" content=\"@ITL_TUHH\" \/>\n<meta name=\"twitter:label1\" content=\"Gesch\u00e4tzte Lesezeit\" \/>\n\t<meta name=\"twitter:data1\" content=\"20\u00a0Minuten\" \/>\n<script type=\"application\/ld+json\" class=\"yoast-schema-graph\">{\"@context\":\"https:\/\/schema.org\",\"@graph\":[{\"@type\":\"WebPage\",\"@id\":\"https:\/\/www3.tuhh.de\/itl\/lernbrett-mit-foerdertechnik-und-greifarm-fuer-das-seminar-technische-logistik\/\",\"url\":\"https:\/\/www3.tuhh.de\/itl\/lernbrett-mit-foerdertechnik-und-greifarm-fuer-das-seminar-technische-logistik\/\",\"name\":\"Lernbrett mit F\u00f6rdertechnik und Greifarm f\u00fcr das Seminar Technische Logistik - Institut f\u00fcr Technische Logistik\",\"isPartOf\":{\"@id\":\"https:\/\/www3.tuhh.de\/itl\/#website\"},\"datePublished\":\"2022-07-26T10:14:46+00:00\",\"dateModified\":\"2022-07-28T05:58:28+00:00\",\"description\":\"F\u00fcr das Seminar Labor Technische Logistik wurde ein Lernbrett entwickelt. F\u00f6rderband mit Sensorik: Sensoren, Motoren, industrielle Steuerung\",\"breadcrumb\":{\"@id\":\"https:\/\/www3.tuhh.de\/itl\/lernbrett-mit-foerdertechnik-und-greifarm-fuer-das-seminar-technische-logistik\/#breadcrumb\"},\"inLanguage\":\"de\",\"potentialAction\":[{\"@type\":\"ReadAction\",\"target\":[\"https:\/\/www3.tuhh.de\/itl\/lernbrett-mit-foerdertechnik-und-greifarm-fuer-das-seminar-technische-logistik\/\"]}]},{\"@type\":\"BreadcrumbList\",\"@id\":\"https:\/\/www3.tuhh.de\/itl\/lernbrett-mit-foerdertechnik-und-greifarm-fuer-das-seminar-technische-logistik\/#breadcrumb\",\"itemListElement\":[{\"@type\":\"ListItem\",\"position\":1,\"name\":\"Startseite\",\"item\":\"https:\/\/www3.tuhh.de\/itl\/\"},{\"@type\":\"ListItem\",\"position\":2,\"name\":\"Lernbrett mit F\u00f6rdertechnik und Greifarm f\u00fcr das Seminar Technische Logistik\"}]},{\"@type\":\"WebSite\",\"@id\":\"https:\/\/www3.tuhh.de\/itl\/#website\",\"url\":\"https:\/\/www3.tuhh.de\/itl\/\",\"name\":\"Institut f\u00fcr Technische Logistik\",\"description\":\"Willkommen beim Institut f\u00fcr Technische Logistik der TU Hamburg!\",\"publisher\":{\"@id\":\"https:\/\/www3.tuhh.de\/itl\/#organization\"},\"potentialAction\":[{\"@type\":\"SearchAction\",\"target\":{\"@type\":\"EntryPoint\",\"urlTemplate\":\"https:\/\/www3.tuhh.de\/itl\/?s={search_term_string}\"},\"query-input\":{\"@type\":\"PropertyValueSpecification\",\"valueRequired\":true,\"valueName\":\"search_term_string\"}}],\"inLanguage\":\"de\"},{\"@type\":\"Organization\",\"@id\":\"https:\/\/www3.tuhh.de\/itl\/#organization\",\"name\":\"Institut f\u00fcr Technische Logistik\",\"url\":\"https:\/\/www3.tuhh.de\/itl\/\",\"logo\":{\"@type\":\"ImageObject\",\"inLanguage\":\"de\",\"@id\":\"https:\/\/www3.tuhh.de\/itl\/#\/schema\/logo\/image\/\",\"url\":\"https:\/\/www3.tuhh.de\/itl\/wp-content\/uploads\/2022\/10\/Logo_ITL_blau_2018-06-12_kl-1.gif\",\"contentUrl\":\"https:\/\/www3.tuhh.de\/itl\/wp-content\/uploads\/2022\/10\/Logo_ITL_blau_2018-06-12_kl-1.gif\",\"width\":47,\"height\":44,\"caption\":\"Institut f\u00fcr Technische Logistik\"},\"image\":{\"@id\":\"https:\/\/www3.tuhh.de\/itl\/#\/schema\/logo\/image\/\"},\"sameAs\":[\"https:\/\/www.facebook.com\/ITLTUHH\/\",\"https:\/\/x.com\/ITL_TUHH\",\"https:\/\/www.instagram.com\/itlhamburg\/\",\"https:\/\/www.youtube.com\/channel\/UCjfr0QytTA29dJInXSUQz8w\"]}]}<\/script>\n<!-- \/ Yoast SEO plugin. -->","yoast_head_json":{"title":"Lernbrett mit F\u00f6rdertechnik und Greifarm f\u00fcr das Seminar Technische Logistik - Institut f\u00fcr Technische Logistik","description":"F\u00fcr das Seminar Labor Technische Logistik wurde ein Lernbrett entwickelt. F\u00f6rderband mit Sensorik: Sensoren, Motoren, industrielle Steuerung","robots":{"index":"index","follow":"follow","max-snippet":"max-snippet:-1","max-image-preview":"max-image-preview:large","max-video-preview":"max-video-preview:-1"},"canonical":"https:\/\/www3.tuhh.de\/itl\/lernbrett-mit-foerdertechnik-und-greifarm-fuer-das-seminar-technische-logistik\/","og_locale":"de_DE","og_type":"article","og_title":"Lernbrett mit F\u00f6rdertechnik und Greifarm f\u00fcr das Seminar Technische Logistik - Institut f\u00fcr Technische Logistik","og_description":"F\u00fcr das Seminar Labor Technische Logistik wurde ein Lernbrett entwickelt. F\u00f6rderband mit Sensorik: Sensoren, Motoren, industrielle Steuerung","og_url":"https:\/\/www3.tuhh.de\/itl\/lernbrett-mit-foerdertechnik-und-greifarm-fuer-das-seminar-technische-logistik\/","og_site_name":"Institut f\u00fcr Technische Logistik","article_publisher":"https:\/\/www.facebook.com\/ITLTUHH\/","article_modified_time":"2022-07-28T05:58:28+00:00","twitter_card":"summary_large_image","twitter_site":"@ITL_TUHH","twitter_misc":{"Gesch\u00e4tzte Lesezeit":"20\u00a0Minuten"},"schema":{"@context":"https:\/\/schema.org","@graph":[{"@type":"WebPage","@id":"https:\/\/www3.tuhh.de\/itl\/lernbrett-mit-foerdertechnik-und-greifarm-fuer-das-seminar-technische-logistik\/","url":"https:\/\/www3.tuhh.de\/itl\/lernbrett-mit-foerdertechnik-und-greifarm-fuer-das-seminar-technische-logistik\/","name":"Lernbrett mit F\u00f6rdertechnik und Greifarm f\u00fcr das Seminar Technische Logistik - Institut f\u00fcr Technische Logistik","isPartOf":{"@id":"https:\/\/www3.tuhh.de\/itl\/#website"},"datePublished":"2022-07-26T10:14:46+00:00","dateModified":"2022-07-28T05:58:28+00:00","description":"F\u00fcr das Seminar Labor Technische Logistik wurde ein Lernbrett entwickelt. F\u00f6rderband mit Sensorik: Sensoren, Motoren, industrielle Steuerung","breadcrumb":{"@id":"https:\/\/www3.tuhh.de\/itl\/lernbrett-mit-foerdertechnik-und-greifarm-fuer-das-seminar-technische-logistik\/#breadcrumb"},"inLanguage":"de","potentialAction":[{"@type":"ReadAction","target":["https:\/\/www3.tuhh.de\/itl\/lernbrett-mit-foerdertechnik-und-greifarm-fuer-das-seminar-technische-logistik\/"]}]},{"@type":"BreadcrumbList","@id":"https:\/\/www3.tuhh.de\/itl\/lernbrett-mit-foerdertechnik-und-greifarm-fuer-das-seminar-technische-logistik\/#breadcrumb","itemListElement":[{"@type":"ListItem","position":1,"name":"Startseite","item":"https:\/\/www3.tuhh.de\/itl\/"},{"@type":"ListItem","position":2,"name":"Lernbrett mit F\u00f6rdertechnik und Greifarm f\u00fcr das Seminar Technische Logistik"}]},{"@type":"WebSite","@id":"https:\/\/www3.tuhh.de\/itl\/#website","url":"https:\/\/www3.tuhh.de\/itl\/","name":"Institut f\u00fcr Technische Logistik","description":"Willkommen beim Institut f\u00fcr Technische Logistik der TU Hamburg!","publisher":{"@id":"https:\/\/www3.tuhh.de\/itl\/#organization"},"potentialAction":[{"@type":"SearchAction","target":{"@type":"EntryPoint","urlTemplate":"https:\/\/www3.tuhh.de\/itl\/?s={search_term_string}"},"query-input":{"@type":"PropertyValueSpecification","valueRequired":true,"valueName":"search_term_string"}}],"inLanguage":"de"},{"@type":"Organization","@id":"https:\/\/www3.tuhh.de\/itl\/#organization","name":"Institut f\u00fcr Technische Logistik","url":"https:\/\/www3.tuhh.de\/itl\/","logo":{"@type":"ImageObject","inLanguage":"de","@id":"https:\/\/www3.tuhh.de\/itl\/#\/schema\/logo\/image\/","url":"https:\/\/www3.tuhh.de\/itl\/wp-content\/uploads\/2022\/10\/Logo_ITL_blau_2018-06-12_kl-1.gif","contentUrl":"https:\/\/www3.tuhh.de\/itl\/wp-content\/uploads\/2022\/10\/Logo_ITL_blau_2018-06-12_kl-1.gif","width":47,"height":44,"caption":"Institut f\u00fcr Technische Logistik"},"image":{"@id":"https:\/\/www3.tuhh.de\/itl\/#\/schema\/logo\/image\/"},"sameAs":["https:\/\/www.facebook.com\/ITLTUHH\/","https:\/\/x.com\/ITL_TUHH","https:\/\/www.instagram.com\/itlhamburg\/","https:\/\/www.youtube.com\/channel\/UCjfr0QytTA29dJInXSUQz8w"]}]}},"jetpack_sharing_enabled":true,"_links":{"self":[{"href":"https:\/\/www3.tuhh.de\/itl\/wp-json\/wp\/v2\/pages\/3119","targetHints":{"allow":["GET"]}}],"collection":[{"href":"https:\/\/www3.tuhh.de\/itl\/wp-json\/wp\/v2\/pages"}],"about":[{"href":"https:\/\/www3.tuhh.de\/itl\/wp-json\/wp\/v2\/types\/page"}],"author":[{"embeddable":true,"href":"https:\/\/www3.tuhh.de\/itl\/wp-json\/wp\/v2\/users\/1"}],"replies":[{"embeddable":true,"href":"https:\/\/www3.tuhh.de\/itl\/wp-json\/wp\/v2\/comments?post=3119"}],"version-history":[{"count":10,"href":"https:\/\/www3.tuhh.de\/itl\/wp-json\/wp\/v2\/pages\/3119\/revisions"}],"predecessor-version":[{"id":3244,"href":"https:\/\/www3.tuhh.de\/itl\/wp-json\/wp\/v2\/pages\/3119\/revisions\/3244"}],"wp:attachment":[{"href":"https:\/\/www3.tuhh.de\/itl\/wp-json\/wp\/v2\/media?parent=3119"}],"curies":[{"name":"wp","href":"https:\/\/api.w.org\/{rel}","templated":true}]}}