{"id":3324,"date":"2022-07-31T15:05:51","date_gmt":"2022-07-31T13:05:51","guid":{"rendered":"https:\/\/www3.tuhh.de\/itl\/?page_id=3324"},"modified":"2026-02-25T20:37:29","modified_gmt":"2026-02-25T18:37:29","slug":"jobangebote","status":"publish","type":"page","link":"https:\/\/www3.tuhh.de\/itl\/institut\/jobangebote\/","title":{"rendered":"Job-Angebote"},"content":{"rendered":"<p><div class=\"fusion-fullwidth fullwidth-box fusion-builder-row-1 fusion-flex-container has-pattern-background has-mask-background nonhundred-percent-fullwidth non-hundred-percent-height-scrolling\" style=\"--awb-border-radius-top-left:0px;--awb-border-radius-top-right:0px;--awb-border-radius-bottom-right:0px;--awb-border-radius-bottom-left:0px;--awb-flex-wrap:wrap;\" ><div class=\"fusion-builder-row fusion-row fusion-flex-align-items-flex-start fusion-flex-content-wrap\" style=\"max-width:1216.8px;margin-left: calc(-4% \/ 2 );margin-right: calc(-4% \/ 2 );\"><div class=\"fusion-layout-column fusion_builder_column fusion-builder-column-0 fusion_builder_column_2_3 2_3 fusion-flex-column\" style=\"--awb-bg-size:cover;--awb-width-large:66.666666666667%;--awb-margin-top-large:0px;--awb-spacing-right-large:2.88%;--awb-margin-bottom-large:0px;--awb-spacing-left-large:2.88%;--awb-width-medium:66.666666666667%;--awb-order-medium:0;--awb-spacing-right-medium:2.88%;--awb-spacing-left-medium:2.88%;--awb-width-small:66.666666666667%;--awb-order-small:0;--awb-spacing-right-small:2.88%;--awb-spacing-left-small:2.88%;\"><div class=\"fusion-column-wrapper fusion-column-has-shadow fusion-flex-justify-content-flex-start fusion-content-layout-column\"><div class=\"fusion-title title fusion-title-1 fusion-sep-none fusion-title-rotating fusion-animate-loop fusion-title-fadeIn fusion-title-size-one\" style=\"--awb-text-color:var(--awb-color4);--awb-font-size:var(--awb-typography1-font-size);\"><h1 class=\"fusion-title-heading title-heading-right fusion-responsive-typography-calculated\" style=\"font-family:var(--awb-typography1-font-family);font-weight:var(--awb-typography1-font-weight);font-style:var(--awb-typography1-font-style);margin:0;font-size:1em;letter-spacing:var(--awb-typography1-letter-spacing);text-transform:var(--awb-typography1-text-transform);--fontSize:90;line-height:var(--awb-typography1-line-height);text-shadow:0px;\"><span class=\"fusion-animated-text-prefix\">Jobs<\/span> <span class=\"fusion-animated-texts-wrapper\" style=\"color:var(--awb-color7);\" data-length=\"char\" data-minDisplayTime=\"1200\"><span class=\"fusion-animated-texts\"><span data-in-effect=\"fadeIn\" class=\"fusion-animated-text\" data-in-sequence=\"true\" data-out-reverse=\"true\" data-out-effect=\"fadeOut\">am ITL.<\/span><\/span><\/span> <span class=\"fusion-animated-text-postfix\"><\/span><\/h1><\/div><div class=\"fusion-text fusion-text-1\" style=\"--awb-content-alignment:right;--awb-font-size:var(--awb-typography4-font-size);--awb-line-height:var(--awb-typography4-line-height);--awb-letter-spacing:var(--awb-typography4-letter-spacing);--awb-text-transform:none;--awb-text-font-family:var(--awb-typography4-font-family);--awb-text-font-weight:var(--awb-typography4-font-weight);--awb-text-font-style:var(--awb-typography4-font-style);\"><p class=\"fusion-responsive-typography-calculated\" style=\"text-align: left;\" data-fontsize=\"29\" data-lineheight=\"40.6px\"><span class=\"fusion-dropcap dropcap\" style=\"--awb-color:#00C1D4;\">A<\/span>uf dieser Seite ver\u00f6ffentlichen wir Job-Angebote von unserem Institut, der <a href=\"https:\/\/www.tuhh.de\/tuhh\/tu-hamburg\/arbeiten-an-der-tu-hamburg\/stellenausschreibungen.html\" target=\"_blank\" rel=\"noopener\">TUHH<\/a> und unseren Kooperationspartnern, z.B. Praktika, Werkstudenten-Jobs, HiWi-Jobs, Tutoren, etc.<\/p>\n<p class=\"fusion-responsive-typography-calculated\" style=\"text-align: left;\" data-fontsize=\"29\" data-lineheight=\"40.6px\">Gleichfalls freuen uns wir uns \u00fcber Initiativbewerbung!<br \/>\nIn diesem Fall bitten wir Sie, Ihre Unterlagen an folgende E-Mail zu senden: <a href=\"mailto:itl@tuhh.de\" target=\"_blank\" rel=\"noopener noreferrer\">itl@tuhh.de<\/a><\/p>\n<\/div><\/div><\/div><div class=\"fusion-layout-column fusion_builder_column fusion-builder-column-1 fusion_builder_column_1_3 1_3 fusion-flex-column fusion-flex-align-self-center\" style=\"--awb-bg-size:cover;--awb-width-large:33.333333333333%;--awb-margin-top-large:0px;--awb-spacing-right-large:5.76%;--awb-margin-bottom-large:0px;--awb-spacing-left-large:5.76%;--awb-width-medium:33.333333333333%;--awb-order-medium:0;--awb-spacing-right-medium:5.472%;--awb-spacing-left-medium:0.576%;--awb-width-small:33.333333333333%;--awb-order-small:0;--awb-spacing-right-small:0%;--awb-spacing-left-small:0.576%;\"><div class=\"fusion-column-wrapper fusion-column-has-shadow fusion-flex-justify-content-flex-start fusion-content-layout-column\"><div class=\"fusion-lottie fusion-lottie-1\" data-id=\"1\"><div class=\"fusion-lottie-animation\" data-path=\"https:\/\/www3.tuhh.de\/itl\/wp-content\/uploads\/2022\/12\/lf30_editor_hlessbeb.json\" data-loop=\"1\" data-reverse=\"0\" data-speed=\"1\" data-trigger=\"none\"><lottie-player loop=\"1\" speed=\"1\"><\/lottie-player><\/div><\/div><div class=\"fusion-social-links fusion-social-links-1\" style=\"--awb-margin-top:30px;--awb-margin-right:30px;--awb-margin-bottom:30px;--awb-margin-left:30px;--awb-alignment:center;--awb-box-border-top:0px;--awb-box-border-right:0px;--awb-box-border-bottom:0px;--awb-box-border-left:0px;--awb-icon-colors-hover:var(--awb-color4);--awb-box-colors-hover:var(--awb-color1);--awb-box-border-color:var(--awb-color3);--awb-box-border-color-hover:var(--awb-color4);\"><div class=\"fusion-social-networks boxed-icons color-type-custom\"><div class=\"fusion-social-networks-wrapper\"><a class=\"fusion-social-network-icon fusion-tooltip fusion-linkedin awb-icon-linkedin\" style=\"color:var(--awb-color6);font-size:16px;width:16px;background-color:var(--awb-color2);border-color:var(--awb-color2);border-radius:4px;\" data-placement=\"top\" data-title=\"LinkedIn\" data-toggle=\"tooltip\" title=\"LinkedIn\" aria-label=\"linkedin\" target=\"_blank\" rel=\"noopener noreferrer\" href=\"https:\/\/de.linkedin.com\/school\/institut-fuer-technische-logistik-tuhh\/\"><\/a><a class=\"fusion-social-network-icon fusion-tooltip fusion-instagram awb-icon-instagram\" style=\"color:var(--awb-color6);font-size:16px;width:16px;background-color:var(--awb-color2);border-color:var(--awb-color2);border-radius:4px;\" data-placement=\"top\" data-title=\"Instagram\" data-toggle=\"tooltip\" title=\"Instagram\" aria-label=\"instagram\" target=\"_blank\" rel=\"noopener noreferrer\" href=\"https:\/\/www.instagram.com\/itlhamburg\/\"><\/a><a class=\"fusion-social-network-icon fusion-tooltip fusion-youtube awb-icon-youtube\" style=\"color:var(--awb-color6);font-size:16px;width:16px;background-color:var(--awb-color2);border-color:var(--awb-color2);border-radius:4px;\" data-placement=\"top\" data-title=\"YouTube\" data-toggle=\"tooltip\" title=\"YouTube\" aria-label=\"youtube\" target=\"_blank\" rel=\"noopener noreferrer\" href=\"https:\/\/www.youtube.com\/channel\/UCjfr0QytTA29dJInXSUQz8w\"><\/a><a class=\"fusion-social-network-icon fusion-tooltip fusion-facebook awb-icon-facebook\" style=\"color:var(--awb-color6);font-size:16px;width:16px;background-color:var(--awb-color2);border-color:var(--awb-color2);border-radius:4px;\" data-placement=\"top\" data-title=\"Facebook\" data-toggle=\"tooltip\" title=\"Facebook\" aria-label=\"facebook\" target=\"_blank\" rel=\"noopener noreferrer\" href=\"https:\/\/www.facebook.com\/ITLTUHH\/about\"><\/a><\/div><\/div><\/div><\/div><\/div><\/div><\/div><div class=\"fusion-fullwidth fullwidth-box fusion-builder-row-2 fusion-flex-container has-pattern-background has-mask-background nonhundred-percent-fullwidth non-hundred-percent-height-scrolling\" style=\"--awb-border-radius-top-left:0px;--awb-border-radius-top-right:0px;--awb-border-radius-bottom-right:0px;--awb-border-radius-bottom-left:0px;--awb-flex-wrap:wrap;\" ><div class=\"fusion-builder-row fusion-row fusion-flex-align-items-flex-start fusion-flex-content-wrap\" style=\"max-width:1216.8px;margin-left: calc(-4% \/ 2 );margin-right: calc(-4% \/ 2 );\"><div class=\"fusion-layout-column fusion_builder_column fusion-builder-column-2 fusion_builder_column_1_1 1_1 fusion-flex-column\" style=\"--awb-bg-size:cover;--awb-width-large:100%;--awb-margin-top-large:0px;--awb-spacing-right-large:1.92%;--awb-margin-bottom-large:0px;--awb-spacing-left-large:1.92%;--awb-width-medium:100%;--awb-order-medium:0;--awb-spacing-right-medium:1.92%;--awb-spacing-left-medium:1.92%;--awb-width-small:100%;--awb-order-small:0;--awb-spacing-right-small:1.92%;--awb-spacing-left-small:1.92%;\"><div class=\"fusion-column-wrapper fusion-column-has-shadow fusion-flex-justify-content-flex-start fusion-content-layout-column\"><div class=\"fusion-separator fusion-has-icon fusion-full-width-sep\" style=\"align-self: center;margin-left: auto;margin-right: auto;margin-top:50px;margin-bottom:50px;width:100%;\"><div class=\"fusion-separator-border sep-single sep-solid\" style=\"--awb-height:20px;--awb-amount:20px;--awb-sep-color:var(--awb-color4);border-color:var(--awb-color4);border-top-width:2px;\"><\/div><span class=\"icon-wrapper\" style=\"border-color:var(--awb-color4);background-color:rgba(255,255,255,0);font-size:30px;width: 1.75em; height: 1.75em;border-width:2px;padding:2px;margin-top:-1px\"><i class=\"fa-handshake far\" style=\"font-size: inherit;color:var(--awb-color4);\" aria-hidden=\"true\"><\/i><\/span><div class=\"fusion-separator-border sep-single sep-solid\" style=\"--awb-height:20px;--awb-amount:20px;--awb-sep-color:var(--awb-color4);border-color:var(--awb-color4);border-top-width:2px;\"><\/div><\/div><div class=\"fusion-content-boxes content-boxes columns row fusion-columns-1 fusion-columns-total-1 fusion-content-boxes-1 content-boxes-icon-on-top content-left\" style=\"--awb-backgroundcolor:var(--awb-color4);--awb-body-color:#ffffff;--awb-title-color:#ffffff;--awb-hover-accent-color:var(--awb-custom_color_7);--awb-circle-hover-accent-color:var(--awb-custom_color_7);--awb-item-margin-bottom:40px;\" data-animationOffset=\"top-mid-of-view\"><div style=\"--awb-backgroundcolor:var(--awb-color4);--awb-iconcolor:#e8e8e8;\" class=\"fusion-column content-box-column content-box-column content-box-column-1 col-lg-12 col-md-12 col-sm-12 fusion-content-box-hover content-box-column-last content-box-column-last-in-row\"><div class=\"col content-box-wrapper content-wrapper-background link-area-box icon-hover-animation-pulsate\" data-animationOffset=\"top-mid-of-view\"><div class=\"heading icon-left\"><h4 class=\"content-box-heading fusion-responsive-typography-calculated\" style=\"--h4_typography-font-size:30px;--fontSize:30;line-height:1.4;\">Student Research Assistant (m\/f\/d)<\/h4><\/div><div class=\"fusion-clearfix\"><\/div><div class=\"content-container\">\n<p><a href=\"https:\/\/www3.tuhh.de\/itl\/wp-content\/uploads\/2026\/02\/MLAusschreibungJW.pdf\" target=\"_blank\" rel=\"noopener\"><span style=\"color: #ffffff;\">Student Research<\/span> <\/a><a href=\"https:\/\/www3.tuhh.de\/itl\/wp-content\/uploads\/2026\/02\/MLAusschreibungJW.pdf\" target=\"_blank\" rel=\"noopener\"><span style=\"color: #ffffff;\">Assistant<\/span>\u00a0<\/a><a href=\"https:\/\/www3.tuhh.de\/itl\/wp-content\/uploads\/2026\/02\/MLAusschreibungJW.pdf\" target=\"_blank\" rel=\"noopener\"><span style=\"color: #ffffff;\">(m\/f\/d)<\/span> <span style=\"color: #ffffff;\">&#8211; C<\/span><\/a><a href=\"https:\/\/www3.tuhh.de\/itl\/wp-content\/uploads\/2026\/02\/MLAusschreibungJW.pdf\" target=\"_blank\" rel=\"noopener\"><span style=\"color: #ffffff;\">omputer Vision and Predictive Modeling for the SAMSON Project<\/span><\/a><\/p>\n<\/div><\/div><\/div><div class=\"fusion-clearfix\"><\/div><\/div><\/div><\/div><\/div><\/div><\/p>\n","protected":false},"excerpt":{"rendered":"","protected":false},"author":11,"featured_media":0,"parent":1241,"menu_order":0,"comment_status":"closed","ping_status":"closed","template":"","meta":{"_acf_changed":false,"footnotes":""},"class_list":["post-3324","page","type-page","status-publish","hentry"],"acf":[],"yoast_head":"<!-- This site is optimized with the Yoast SEO plugin v25.5 - https:\/\/yoast.com\/wordpress\/plugins\/seo\/ -->\n<title>Job-Angebote - Institut f\u00fcr Technische Logistik<\/title>\n<meta name=\"description\" content=\"Aktuelle Job-Angebote des Instituts f\u00fcr Technische Logistik an der Technischen Universit\u00e4t Hamburg (TUHH).\" \/>\n<meta name=\"robots\" content=\"index, follow, max-snippet:-1, max-image-preview:large, max-video-preview:-1\" \/>\n<link rel=\"canonical\" href=\"https:\/\/www3.tuhh.de\/itl\/institut\/jobangebote\/\" \/>\n<meta property=\"og:locale\" content=\"de_DE\" \/>\n<meta property=\"og:type\" content=\"article\" \/>\n<meta property=\"og:title\" content=\"Job-Angebote - Institut f\u00fcr Technische Logistik\" \/>\n<meta property=\"og:description\" content=\"Aktuelle Job-Angebote des Instituts f\u00fcr Technische Logistik an der Technischen Universit\u00e4t Hamburg (TUHH).\" \/>\n<meta property=\"og:url\" content=\"https:\/\/www3.tuhh.de\/itl\/institut\/jobangebote\/\" \/>\n<meta property=\"og:site_name\" content=\"Institut f\u00fcr Technische Logistik\" \/>\n<meta property=\"article:publisher\" content=\"https:\/\/www.facebook.com\/ITLTUHH\/\" \/>\n<meta property=\"article:modified_time\" content=\"2026-02-25T18:37:29+00:00\" \/>\n<meta name=\"twitter:card\" content=\"summary_large_image\" \/>\n<meta name=\"twitter:site\" content=\"@ITL_TUHH\" \/>\n<meta name=\"twitter:label1\" content=\"Gesch\u00e4tzte Lesezeit\" \/>\n\t<meta name=\"twitter:data1\" content=\"9\u00a0Minuten\" \/>\n<script type=\"application\/ld+json\" class=\"yoast-schema-graph\">{\"@context\":\"https:\/\/schema.org\",\"@graph\":[{\"@type\":\"WebPage\",\"@id\":\"https:\/\/www3.tuhh.de\/itl\/institut\/jobangebote\/\",\"url\":\"https:\/\/www3.tuhh.de\/itl\/institut\/jobangebote\/\",\"name\":\"Job-Angebote - Institut f\u00fcr Technische Logistik\",\"isPartOf\":{\"@id\":\"https:\/\/www3.tuhh.de\/itl\/#website\"},\"datePublished\":\"2022-07-31T13:05:51+00:00\",\"dateModified\":\"2026-02-25T18:37:29+00:00\",\"description\":\"Aktuelle Job-Angebote des Instituts f\u00fcr Technische Logistik an der Technischen Universit\u00e4t Hamburg (TUHH).\",\"breadcrumb\":{\"@id\":\"https:\/\/www3.tuhh.de\/itl\/institut\/jobangebote\/#breadcrumb\"},\"inLanguage\":\"de\",\"potentialAction\":[{\"@type\":\"ReadAction\",\"target\":[\"https:\/\/www3.tuhh.de\/itl\/institut\/jobangebote\/\"]}]},{\"@type\":\"BreadcrumbList\",\"@id\":\"https:\/\/www3.tuhh.de\/itl\/institut\/jobangebote\/#breadcrumb\",\"itemListElement\":[{\"@type\":\"ListItem\",\"position\":1,\"name\":\"Startseite\",\"item\":\"https:\/\/www3.tuhh.de\/itl\/\"},{\"@type\":\"ListItem\",\"position\":2,\"name\":\"Das Institut\",\"item\":\"https:\/\/www3.tuhh.de\/itl\/institut\/\"},{\"@type\":\"ListItem\",\"position\":3,\"name\":\"Job-Angebote\"}]},{\"@type\":\"WebSite\",\"@id\":\"https:\/\/www3.tuhh.de\/itl\/#website\",\"url\":\"https:\/\/www3.tuhh.de\/itl\/\",\"name\":\"Institut f\u00fcr Technische Logistik\",\"description\":\"Willkommen beim Institut f\u00fcr Technische Logistik der TU Hamburg!\",\"publisher\":{\"@id\":\"https:\/\/www3.tuhh.de\/itl\/#organization\"},\"potentialAction\":[{\"@type\":\"SearchAction\",\"target\":{\"@type\":\"EntryPoint\",\"urlTemplate\":\"https:\/\/www3.tuhh.de\/itl\/?s={search_term_string}\"},\"query-input\":{\"@type\":\"PropertyValueSpecification\",\"valueRequired\":true,\"valueName\":\"search_term_string\"}}],\"inLanguage\":\"de\"},{\"@type\":\"Organization\",\"@id\":\"https:\/\/www3.tuhh.de\/itl\/#organization\",\"name\":\"Institut f\u00fcr Technische Logistik\",\"url\":\"https:\/\/www3.tuhh.de\/itl\/\",\"logo\":{\"@type\":\"ImageObject\",\"inLanguage\":\"de\",\"@id\":\"https:\/\/www3.tuhh.de\/itl\/#\/schema\/logo\/image\/\",\"url\":\"https:\/\/www3.tuhh.de\/itl\/wp-content\/uploads\/2022\/10\/Logo_ITL_blau_2018-06-12_kl-1.gif\",\"contentUrl\":\"https:\/\/www3.tuhh.de\/itl\/wp-content\/uploads\/2022\/10\/Logo_ITL_blau_2018-06-12_kl-1.gif\",\"width\":47,\"height\":44,\"caption\":\"Institut f\u00fcr Technische Logistik\"},\"image\":{\"@id\":\"https:\/\/www3.tuhh.de\/itl\/#\/schema\/logo\/image\/\"},\"sameAs\":[\"https:\/\/www.facebook.com\/ITLTUHH\/\",\"https:\/\/x.com\/ITL_TUHH\",\"https:\/\/www.instagram.com\/itlhamburg\/\",\"https:\/\/www.youtube.com\/channel\/UCjfr0QytTA29dJInXSUQz8w\"]}]}<\/script>\n<!-- \/ Yoast SEO plugin. -->","yoast_head_json":{"title":"Job-Angebote - Institut f\u00fcr Technische Logistik","description":"Aktuelle Job-Angebote des Instituts f\u00fcr Technische Logistik an der Technischen Universit\u00e4t Hamburg (TUHH).","robots":{"index":"index","follow":"follow","max-snippet":"max-snippet:-1","max-image-preview":"max-image-preview:large","max-video-preview":"max-video-preview:-1"},"canonical":"https:\/\/www3.tuhh.de\/itl\/institut\/jobangebote\/","og_locale":"de_DE","og_type":"article","og_title":"Job-Angebote - Institut f\u00fcr Technische Logistik","og_description":"Aktuelle Job-Angebote des Instituts f\u00fcr Technische Logistik an der Technischen Universit\u00e4t Hamburg (TUHH).","og_url":"https:\/\/www3.tuhh.de\/itl\/institut\/jobangebote\/","og_site_name":"Institut f\u00fcr Technische Logistik","article_publisher":"https:\/\/www.facebook.com\/ITLTUHH\/","article_modified_time":"2026-02-25T18:37:29+00:00","twitter_card":"summary_large_image","twitter_site":"@ITL_TUHH","twitter_misc":{"Gesch\u00e4tzte Lesezeit":"9\u00a0Minuten"},"schema":{"@context":"https:\/\/schema.org","@graph":[{"@type":"WebPage","@id":"https:\/\/www3.tuhh.de\/itl\/institut\/jobangebote\/","url":"https:\/\/www3.tuhh.de\/itl\/institut\/jobangebote\/","name":"Job-Angebote - Institut f\u00fcr Technische Logistik","isPartOf":{"@id":"https:\/\/www3.tuhh.de\/itl\/#website"},"datePublished":"2022-07-31T13:05:51+00:00","dateModified":"2026-02-25T18:37:29+00:00","description":"Aktuelle Job-Angebote des Instituts f\u00fcr Technische Logistik an der Technischen Universit\u00e4t Hamburg (TUHH).","breadcrumb":{"@id":"https:\/\/www3.tuhh.de\/itl\/institut\/jobangebote\/#breadcrumb"},"inLanguage":"de","potentialAction":[{"@type":"ReadAction","target":["https:\/\/www3.tuhh.de\/itl\/institut\/jobangebote\/"]}]},{"@type":"BreadcrumbList","@id":"https:\/\/www3.tuhh.de\/itl\/institut\/jobangebote\/#breadcrumb","itemListElement":[{"@type":"ListItem","position":1,"name":"Startseite","item":"https:\/\/www3.tuhh.de\/itl\/"},{"@type":"ListItem","position":2,"name":"Das Institut","item":"https:\/\/www3.tuhh.de\/itl\/institut\/"},{"@type":"ListItem","position":3,"name":"Job-Angebote"}]},{"@type":"WebSite","@id":"https:\/\/www3.tuhh.de\/itl\/#website","url":"https:\/\/www3.tuhh.de\/itl\/","name":"Institut f\u00fcr Technische Logistik","description":"Willkommen beim Institut f\u00fcr Technische Logistik der TU Hamburg!","publisher":{"@id":"https:\/\/www3.tuhh.de\/itl\/#organization"},"potentialAction":[{"@type":"SearchAction","target":{"@type":"EntryPoint","urlTemplate":"https:\/\/www3.tuhh.de\/itl\/?s={search_term_string}"},"query-input":{"@type":"PropertyValueSpecification","valueRequired":true,"valueName":"search_term_string"}}],"inLanguage":"de"},{"@type":"Organization","@id":"https:\/\/www3.tuhh.de\/itl\/#organization","name":"Institut f\u00fcr Technische Logistik","url":"https:\/\/www3.tuhh.de\/itl\/","logo":{"@type":"ImageObject","inLanguage":"de","@id":"https:\/\/www3.tuhh.de\/itl\/#\/schema\/logo\/image\/","url":"https:\/\/www3.tuhh.de\/itl\/wp-content\/uploads\/2022\/10\/Logo_ITL_blau_2018-06-12_kl-1.gif","contentUrl":"https:\/\/www3.tuhh.de\/itl\/wp-content\/uploads\/2022\/10\/Logo_ITL_blau_2018-06-12_kl-1.gif","width":47,"height":44,"caption":"Institut f\u00fcr Technische Logistik"},"image":{"@id":"https:\/\/www3.tuhh.de\/itl\/#\/schema\/logo\/image\/"},"sameAs":["https:\/\/www.facebook.com\/ITLTUHH\/","https:\/\/x.com\/ITL_TUHH","https:\/\/www.instagram.com\/itlhamburg\/","https:\/\/www.youtube.com\/channel\/UCjfr0QytTA29dJInXSUQz8w"]}]}},"jetpack_sharing_enabled":true,"_links":{"self":[{"href":"https:\/\/www3.tuhh.de\/itl\/wp-json\/wp\/v2\/pages\/3324","targetHints":{"allow":["GET"]}}],"collection":[{"href":"https:\/\/www3.tuhh.de\/itl\/wp-json\/wp\/v2\/pages"}],"about":[{"href":"https:\/\/www3.tuhh.de\/itl\/wp-json\/wp\/v2\/types\/page"}],"author":[{"embeddable":true,"href":"https:\/\/www3.tuhh.de\/itl\/wp-json\/wp\/v2\/users\/11"}],"replies":[{"embeddable":true,"href":"https:\/\/www3.tuhh.de\/itl\/wp-json\/wp\/v2\/comments?post=3324"}],"version-history":[{"count":60,"href":"https:\/\/www3.tuhh.de\/itl\/wp-json\/wp\/v2\/pages\/3324\/revisions"}],"predecessor-version":[{"id":16017,"href":"https:\/\/www3.tuhh.de\/itl\/wp-json\/wp\/v2\/pages\/3324\/revisions\/16017"}],"up":[{"embeddable":true,"href":"https:\/\/www3.tuhh.de\/itl\/wp-json\/wp\/v2\/pages\/1241"}],"wp:attachment":[{"href":"https:\/\/www3.tuhh.de\/itl\/wp-json\/wp\/v2\/media?parent=3324"}],"curies":[{"name":"wp","href":"https:\/\/api.w.org\/{rel}","templated":true}]}}