{"id":4239,"date":"2022-11-14T13:23:32","date_gmt":"2022-11-14T11:23:32","guid":{"rendered":"https:\/\/www3.tuhh.de\/itl\/?page_id=4239"},"modified":"2024-01-10T10:36:47","modified_gmt":"2024-01-10T08:36:47","slug":"robotik-labor","status":"publish","type":"page","link":"https:\/\/www3.tuhh.de\/itl\/robotik-labor\/","title":{"rendered":"Robotik-Labor"},"content":{"rendered":"<p><div class=\"fusion-fullwidth fullwidth-box fusion-builder-row-1 fusion-flex-container nonhundred-percent-fullwidth non-hundred-percent-height-scrolling\" style=\"--awb-border-radius-top-left:0px;--awb-border-radius-top-right:0px;--awb-border-radius-bottom-right:0px;--awb-border-radius-bottom-left:0px;--awb-flex-wrap:wrap;\" ><div class=\"fusion-builder-row fusion-row fusion-flex-align-items-flex-start fusion-flex-content-wrap\" style=\"max-width:1216.8px;margin-left: calc(-4% \/ 2 );margin-right: calc(-4% \/ 2 );\"><div class=\"fusion-layout-column fusion_builder_column fusion-builder-column-0 fusion_builder_column_1_2 1_2 fusion-flex-column\" style=\"--awb-bg-size:cover;--awb-width-large:50%;--awb-margin-top-large:0px;--awb-spacing-right-large:3.84%;--awb-margin-bottom-large:0px;--awb-spacing-left-large:3.84%;--awb-width-medium:100%;--awb-order-medium:0;--awb-spacing-right-medium:1.92%;--awb-spacing-left-medium:1.92%;--awb-width-small:100%;--awb-order-small:0;--awb-spacing-right-small:1.92%;--awb-spacing-left-small:1.92%;\"><div class=\"fusion-column-wrapper fusion-column-has-shadow fusion-flex-justify-content-flex-start fusion-content-layout-column\"><div class=\"fusion-person person fusion-person-center fusion-person-1 fusion-person-icon-bottom\" style=\"--awb-pic-style-color:var(--awb-color6);--awb-pic-borderradius:0px;--awb-margin-top:2px;--awb-margin-right:2px;--awb-margin-bottom:2px;--awb-margin-left:2px;--awb-social-box-border-top:0px;--awb-social-box-border-right:0px;--awb-social-box-border-bottom:0px;--awb-social-box-border-left:0px;--awb-social-box-border-color:var(--awb-color3);--awb-social-box-border-color-hover:var(--awb-color4);--awb-social-box-colors-hover:var(--awb-color1);--awb-social-icon-boxed-colors:var(--awb-color2);--awb-social-icon-colors:var(--awb-color6);--awb-social-icon-colors-hover:var(--awb-color4);\"><div class=\"person-shortcode-image-wrapper\"><div class=\"person-image-container hover-type-none\" style=\"border:0px solid var(--awb-color6);-webkit-border-radius:0px;-moz-border-radius:0px;border-radius:0px;\"><a href=\"https:\/\/www3.tuhh.de\/itl\/martinsliwinski\/\" target=\"_blank\"><img decoding=\"async\" class=\"lazyload person-img img-responsive wp-image-2294\" width=\"300\" height=\"200\" src=\"data:image\/svg+xml,%3Csvg%20xmlns%3D%27http%3A%2F%2Fwww.w3.org%2F2000%2Fsvg%27%20width%3D%27338%27%20height%3D%27225%27%20viewBox%3D%270%200%20338%20225%27%3E%3Crect%20width%3D%27338%27%20height%3D%27225%27%20fill-opacity%3D%220%22%2F%3E%3C%2Fsvg%3E\" data-orig-src=\"https:\/\/www3.tuhh.de\/itl\/wp-content\/uploads\/2022\/05\/Martin-Sliwinski_-Quer-Kopie_bearb-300x200.jpg\" alt=\"Martin Sliwinski\" \/><\/a><\/div><\/div><div class=\"person-desc\" style=\"background-color:var(--awb-color1);padding:40px;margin-top:0;\"><div class=\"person-author\"><div class=\"person-author-wrapper\"><span class=\"person-name\">Martin Sliwinski<\/span><span class=\"person-title\">Wissenschaftlicher Mitarbeiter<\/span><\/div><\/div><div class=\"person-content fusion-clearfix\"><\/div><div class=\"fusion-social-networks\"><div class=\"fusion-social-networks-wrapper\"><a class=\"fusion-social-network-icon fusion-tooltip fusion-mail awb-icon-mail custom\" aria-label=\"fusion-mail\" href=\"mailto:m&#097;&#114;t&#105;&#110;.&#115;&#108;iwin&#115;&#107;i&#064;&#116;&#117;h&#104;.d&#101;\" target=\"_self\" style=\"color:var(--awb-color6);font-size:16px;\" data-placement=\"top\" data-title=\"Mail\" title=\"Mail\" data-toggle=\"tooltip\"><\/a><a class=\"fusion-social-network-icon fusion-tooltip fusion-phone awb-icon-phone custom\" aria-label=\"fusion-phone\" href=\"tel:+49 40 42878-4905\" target=\"_self\" style=\"color:var(--awb-color6);font-size:16px;\" data-placement=\"top\" data-title=\"Phone\" title=\"Phone\" data-toggle=\"tooltip\"><\/a><\/div><\/div><\/div><\/div><\/div><\/div><div class=\"fusion-layout-column fusion_builder_column fusion-builder-column-1 fusion_builder_column_1_2 1_2 fusion-flex-column\" style=\"--awb-bg-size:cover;--awb-width-large:50%;--awb-margin-top-large:0px;--awb-spacing-right-large:3.84%;--awb-margin-bottom-large:0px;--awb-spacing-left-large:3.84%;--awb-width-medium:100%;--awb-order-medium:0;--awb-spacing-right-medium:1.92%;--awb-spacing-left-medium:1.92%;--awb-width-small:100%;--awb-order-small:0;--awb-spacing-right-small:1.92%;--awb-spacing-left-small:1.92%;\"><div class=\"fusion-column-wrapper fusion-column-has-shadow fusion-flex-justify-content-flex-start fusion-content-layout-column\"><div class=\"fusion-title title fusion-title-1 fusion-sep-none fusion-title-text fusion-title-size-two fusion-animated\" style=\"--awb-text-color:var(--awb-color4);--awb-sep-color:var(--awb-custom_color_3);\" data-animationType=\"fadeInLeft\" data-animationDuration=\"0.3\" data-animationOffset=\"top-mid-of-view\"><h2 class=\"fusion-title-heading title-heading-right fusion-responsive-typography-calculated\" style=\"font-family:&quot;Poppins&quot;;font-style:normal;font-weight:400;margin:0;--fontSize:65;line-height:1.0;\"><p style=\"text-align: left;\">ROBOTIK-LABOR<\/p><\/h2><\/div><\/div><\/div><\/div><\/div><div class=\"fusion-fullwidth fullwidth-box fusion-builder-row-2 fusion-flex-container nonhundred-percent-fullwidth non-hundred-percent-height-scrolling\" style=\"--awb-border-radius-top-left:0px;--awb-border-radius-top-right:0px;--awb-border-radius-bottom-right:0px;--awb-border-radius-bottom-left:0px;--awb-flex-wrap:wrap;\" ><div class=\"fusion-builder-row fusion-row fusion-flex-align-items-flex-start fusion-flex-content-wrap\" style=\"max-width:1216.8px;margin-left: calc(-4% \/ 2 );margin-right: calc(-4% \/ 2 );\"><div class=\"fusion-layout-column fusion_builder_column fusion-builder-column-2 fusion_builder_column_1_1 1_1 fusion-flex-column\" style=\"--awb-bg-size:cover;--awb-width-large:100%;--awb-margin-top-large:0px;--awb-spacing-right-large:1.92%;--awb-margin-bottom-large:0px;--awb-spacing-left-large:1.92%;--awb-width-medium:100%;--awb-order-medium:0;--awb-spacing-right-medium:1.92%;--awb-spacing-left-medium:1.92%;--awb-width-small:100%;--awb-order-small:0;--awb-spacing-right-small:1.92%;--awb-spacing-left-small:1.92%;\"><div class=\"fusion-column-wrapper fusion-column-has-shadow fusion-flex-justify-content-flex-start fusion-content-layout-column\"><div class=\"fusion-separator fusion-full-width-sep\" style=\"align-self: center;margin-left: auto;margin-right: auto;margin-bottom:50px;width:100%;\"><div class=\"fusion-separator-border sep-single sep-solid\" style=\"--awb-height:20px;--awb-amount:20px;--awb-sep-color:var(--awb-color5);border-color:var(--awb-color5);border-top-width:1px;\"><\/div><\/div><div class=\"fusion-text fusion-text-1\" style=\"--awb-content-alignment:right;--awb-text-font-family:&quot;Poppins&quot;;--awb-text-font-style:normal;--awb-text-font-weight:400;\"><p align=\"left\"><strong>Forschungsprojekt<\/strong>: Robotik-Labor<\/p>\n<p align=\"left\"><strong>Forschungsbereich<\/strong>: Mobile Robotik<\/p>\n<p align=\"left\"><strong>In Zusammenarbeit mit: <\/strong><a href=\"https:\/\/www.cml.fraunhofer.de\/\">Fraunhofer CML<\/a><\/p>\n<p align=\"left\"><strong>Beginn des Projekts<\/strong>: 01.11.2021<\/p>\n<p align=\"left\"><strong>Ende des Projekts<\/strong>: 30.04.2023<\/p>\n<\/div><\/div><\/div><\/div><\/div><div class=\"fusion-fullwidth fullwidth-box fusion-builder-row-3 fusion-flex-container nonhundred-percent-fullwidth non-hundred-percent-height-scrolling\" style=\"--awb-border-radius-top-left:0px;--awb-border-radius-top-right:0px;--awb-border-radius-bottom-right:0px;--awb-border-radius-bottom-left:0px;--awb-flex-wrap:wrap;\" ><div class=\"fusion-builder-row fusion-row fusion-flex-align-items-flex-start fusion-flex-content-wrap\" style=\"max-width:1216.8px;margin-left: calc(-4% \/ 2 );margin-right: calc(-4% \/ 2 );\"><div class=\"fusion-layout-column fusion_builder_column fusion-builder-column-3 fusion_builder_column_1_1 1_1 fusion-flex-column\" style=\"--awb-bg-size:cover;--awb-width-large:100%;--awb-margin-top-large:0px;--awb-spacing-right-large:1.92%;--awb-margin-bottom-large:0px;--awb-spacing-left-large:1.92%;--awb-width-medium:100%;--awb-order-medium:0;--awb-spacing-right-medium:1.92%;--awb-spacing-left-medium:1.92%;--awb-width-small:100%;--awb-order-small:0;--awb-spacing-right-small:1.92%;--awb-spacing-left-small:1.92%;\"><div class=\"fusion-column-wrapper fusion-column-has-shadow fusion-flex-justify-content-flex-start fusion-content-layout-column\"><div class=\"fusion-title title fusion-title-2 fusion-title-text fusion-title-size-two fusion-animated\" style=\"--awb-text-color:var(--awb-color4);--awb-sep-color:var(--awb-color5);\" data-animationType=\"fadeInLeft\" data-animationDuration=\"0.3\" data-animationOffset=\"top-mid-of-view\"><div class=\"title-sep-container title-sep-container-left\"><div class=\"title-sep sep-single sep-solid\" style=\"border-color:var(--awb-color5);\"><\/div><\/div><span class=\"awb-title-spacer\"><\/span><h2 class=\"fusion-title-heading title-heading-right fusion-responsive-typography-calculated\" style=\"font-family:&quot;Poppins&quot;;font-style:normal;font-weight:500;margin:0;--fontSize:65;line-height:1.0;\"><span style=\"font-family: Poppins; font-weight: 400;\" data-fusion-font=\"true\" data-fusion-google-font=\"Poppins\" data-fusion-google-variant=\"400\">\u00dcBER DAS PROJEKT<br \/>\n<\/span><\/h2><span class=\"awb-title-spacer fusion-no-large-visibility fusion-no-medium-visibility fusion-no-small-visibility\"><\/span><div class=\"title-sep-container title-sep-container-right fusion-no-large-visibility fusion-no-medium-visibility fusion-no-small-visibility\"><div class=\"title-sep sep-single sep-solid\" style=\"border-color:var(--awb-color5);\"><\/div><\/div><\/div><div class=\"fusion-text fusion-text-2\" style=\"--awb-text-font-family:&quot;Poppins&quot;;--awb-text-font-style:normal;--awb-text-font-weight:400;\"><p>Ziel des Projektes RoboLab ist der Aufbau eines Robotiklabors f\u00fcr die Untersuchung verschiedenster Forschungsfragen rund um die (Hafen)-Robotik, Lokalisierung und Steuerungsarchitektur. Das Labor stellt daf\u00fcr eine \u00e4u\u00dferst flexible Infrastruktur bereit, die es erm\u00f6glicht, mit geringem Implementierungsaufwand neue Systeme zu integrieren und zu erforschen.<\/p>\n<p>Kern des Robotiklabors ist der Leitstand, welcher f\u00fcr die Steuerung und Kommunikation der Roboter verantwortlich ist und die Schnittstelle aller Systeme bildet. Durch die Verwendung der standardisierten Kommunikationsschnittstelle VDA5050 wird die Inbetriebnahme und Interoperabilit\u00e4t von Robotersystemen verschiedener Hersteller sichergestellt. Eine umfangreiche Benutzeroberfl\u00e4che erm\u00f6glicht dem Nutzer die detaillierte Definition und \u00dcberwachung von Experimenten und Auftr\u00e4gen.<\/p>\n<p>Derzeit werden die beiden Roboterplattformen Jackal und Husky des Herstellers <a href=\"https:\/\/clearpathrobotics.com\/\">Clearpath<\/a> f\u00fcr die Handhabung und den Transport von Beh\u00e4ltern verwendet, wof\u00fcr diese mit diversen Sensoren und einem 6-Achs-Roboterarm ausgestattet wurden.<\/p>\n<p>F\u00fcr Forschungsfragen zur autonomen Inspektion wird der Laufroboter Spot der Firma Boston-Dynamics verwendet. Dieser wird mit einem terrestrischen Laserscanner und einer Themalkamera ausgestattet und ist damit in der Lage, hochgenaue Umgebungsscans sowie Temperaturmessungen durchzuf\u00fchren.<\/p>\n<\/div><\/div><\/div><\/div><\/div><\/p>\n","protected":false},"excerpt":{"rendered":"","protected":false},"author":1,"featured_media":0,"parent":0,"menu_order":0,"comment_status":"closed","ping_status":"closed","template":"","meta":{"_acf_changed":false,"footnotes":""},"class_list":["post-4239","page","type-page","status-publish","hentry"],"acf":[],"yoast_head":"<!-- This site is optimized with the Yoast SEO plugin v25.5 - https:\/\/yoast.com\/wordpress\/plugins\/seo\/ -->\n<title>Robotik-Labor - Institut f\u00fcr Technische Logistik<\/title>\n<meta name=\"description\" content=\"Projekte: Aufbau eines Robotiklabors f\u00fcr die Untersuchung verschiedenster Forschungsfragen\/Robotik, Lokalisierung und Steuerungsarchitektur\" \/>\n<meta name=\"robots\" content=\"index, follow, max-snippet:-1, max-image-preview:large, max-video-preview:-1\" \/>\n<link rel=\"canonical\" href=\"https:\/\/www3.tuhh.de\/itl\/robotik-labor\/\" \/>\n<meta property=\"og:locale\" content=\"de_DE\" \/>\n<meta property=\"og:type\" content=\"article\" \/>\n<meta property=\"og:title\" content=\"Robotik-Labor - Institut f\u00fcr Technische Logistik\" \/>\n<meta property=\"og:description\" content=\"Projekte: Aufbau eines Robotiklabors f\u00fcr die Untersuchung verschiedenster Forschungsfragen\/Robotik, Lokalisierung und Steuerungsarchitektur\" \/>\n<meta property=\"og:url\" content=\"https:\/\/www3.tuhh.de\/itl\/robotik-labor\/\" \/>\n<meta property=\"og:site_name\" content=\"Institut f\u00fcr Technische Logistik\" \/>\n<meta property=\"article:publisher\" content=\"https:\/\/www.facebook.com\/ITLTUHH\/\" \/>\n<meta property=\"article:modified_time\" content=\"2024-01-10T08:36:47+00:00\" \/>\n<meta name=\"twitter:card\" content=\"summary_large_image\" \/>\n<meta name=\"twitter:site\" content=\"@ITL_TUHH\" \/>\n<meta name=\"twitter:label1\" content=\"Gesch\u00e4tzte Lesezeit\" \/>\n\t<meta name=\"twitter:data1\" content=\"8\u00a0Minuten\" \/>\n<script type=\"application\/ld+json\" class=\"yoast-schema-graph\">{\"@context\":\"https:\/\/schema.org\",\"@graph\":[{\"@type\":\"WebPage\",\"@id\":\"https:\/\/www3.tuhh.de\/itl\/robotik-labor\/\",\"url\":\"https:\/\/www3.tuhh.de\/itl\/robotik-labor\/\",\"name\":\"Robotik-Labor - Institut f\u00fcr Technische Logistik\",\"isPartOf\":{\"@id\":\"https:\/\/www3.tuhh.de\/itl\/#website\"},\"datePublished\":\"2022-11-14T11:23:32+00:00\",\"dateModified\":\"2024-01-10T08:36:47+00:00\",\"description\":\"Projekte: Aufbau eines Robotiklabors f\u00fcr die Untersuchung verschiedenster Forschungsfragen\/Robotik, Lokalisierung und Steuerungsarchitektur\",\"breadcrumb\":{\"@id\":\"https:\/\/www3.tuhh.de\/itl\/robotik-labor\/#breadcrumb\"},\"inLanguage\":\"de\",\"potentialAction\":[{\"@type\":\"ReadAction\",\"target\":[\"https:\/\/www3.tuhh.de\/itl\/robotik-labor\/\"]}]},{\"@type\":\"BreadcrumbList\",\"@id\":\"https:\/\/www3.tuhh.de\/itl\/robotik-labor\/#breadcrumb\",\"itemListElement\":[{\"@type\":\"ListItem\",\"position\":1,\"name\":\"Startseite\",\"item\":\"https:\/\/www3.tuhh.de\/itl\/\"},{\"@type\":\"ListItem\",\"position\":2,\"name\":\"Robotik-Labor\"}]},{\"@type\":\"WebSite\",\"@id\":\"https:\/\/www3.tuhh.de\/itl\/#website\",\"url\":\"https:\/\/www3.tuhh.de\/itl\/\",\"name\":\"Institut f\u00fcr Technische Logistik\",\"description\":\"Willkommen beim Institut f\u00fcr Technische Logistik der TU Hamburg!\",\"publisher\":{\"@id\":\"https:\/\/www3.tuhh.de\/itl\/#organization\"},\"potentialAction\":[{\"@type\":\"SearchAction\",\"target\":{\"@type\":\"EntryPoint\",\"urlTemplate\":\"https:\/\/www3.tuhh.de\/itl\/?s={search_term_string}\"},\"query-input\":{\"@type\":\"PropertyValueSpecification\",\"valueRequired\":true,\"valueName\":\"search_term_string\"}}],\"inLanguage\":\"de\"},{\"@type\":\"Organization\",\"@id\":\"https:\/\/www3.tuhh.de\/itl\/#organization\",\"name\":\"Institut f\u00fcr Technische Logistik\",\"url\":\"https:\/\/www3.tuhh.de\/itl\/\",\"logo\":{\"@type\":\"ImageObject\",\"inLanguage\":\"de\",\"@id\":\"https:\/\/www3.tuhh.de\/itl\/#\/schema\/logo\/image\/\",\"url\":\"https:\/\/www3.tuhh.de\/itl\/wp-content\/uploads\/2022\/10\/Logo_ITL_blau_2018-06-12_kl-1.gif\",\"contentUrl\":\"https:\/\/www3.tuhh.de\/itl\/wp-content\/uploads\/2022\/10\/Logo_ITL_blau_2018-06-12_kl-1.gif\",\"width\":47,\"height\":44,\"caption\":\"Institut f\u00fcr Technische Logistik\"},\"image\":{\"@id\":\"https:\/\/www3.tuhh.de\/itl\/#\/schema\/logo\/image\/\"},\"sameAs\":[\"https:\/\/www.facebook.com\/ITLTUHH\/\",\"https:\/\/x.com\/ITL_TUHH\",\"https:\/\/www.instagram.com\/itlhamburg\/\",\"https:\/\/www.youtube.com\/channel\/UCjfr0QytTA29dJInXSUQz8w\"]}]}<\/script>\n<!-- \/ Yoast SEO plugin. -->","yoast_head_json":{"title":"Robotik-Labor - Institut f\u00fcr Technische Logistik","description":"Projekte: Aufbau eines Robotiklabors f\u00fcr die Untersuchung verschiedenster Forschungsfragen\/Robotik, Lokalisierung und Steuerungsarchitektur","robots":{"index":"index","follow":"follow","max-snippet":"max-snippet:-1","max-image-preview":"max-image-preview:large","max-video-preview":"max-video-preview:-1"},"canonical":"https:\/\/www3.tuhh.de\/itl\/robotik-labor\/","og_locale":"de_DE","og_type":"article","og_title":"Robotik-Labor - Institut f\u00fcr Technische Logistik","og_description":"Projekte: Aufbau eines Robotiklabors f\u00fcr die Untersuchung verschiedenster Forschungsfragen\/Robotik, Lokalisierung und Steuerungsarchitektur","og_url":"https:\/\/www3.tuhh.de\/itl\/robotik-labor\/","og_site_name":"Institut f\u00fcr Technische Logistik","article_publisher":"https:\/\/www.facebook.com\/ITLTUHH\/","article_modified_time":"2024-01-10T08:36:47+00:00","twitter_card":"summary_large_image","twitter_site":"@ITL_TUHH","twitter_misc":{"Gesch\u00e4tzte Lesezeit":"8\u00a0Minuten"},"schema":{"@context":"https:\/\/schema.org","@graph":[{"@type":"WebPage","@id":"https:\/\/www3.tuhh.de\/itl\/robotik-labor\/","url":"https:\/\/www3.tuhh.de\/itl\/robotik-labor\/","name":"Robotik-Labor - Institut f\u00fcr Technische Logistik","isPartOf":{"@id":"https:\/\/www3.tuhh.de\/itl\/#website"},"datePublished":"2022-11-14T11:23:32+00:00","dateModified":"2024-01-10T08:36:47+00:00","description":"Projekte: Aufbau eines Robotiklabors f\u00fcr die Untersuchung verschiedenster Forschungsfragen\/Robotik, Lokalisierung und Steuerungsarchitektur","breadcrumb":{"@id":"https:\/\/www3.tuhh.de\/itl\/robotik-labor\/#breadcrumb"},"inLanguage":"de","potentialAction":[{"@type":"ReadAction","target":["https:\/\/www3.tuhh.de\/itl\/robotik-labor\/"]}]},{"@type":"BreadcrumbList","@id":"https:\/\/www3.tuhh.de\/itl\/robotik-labor\/#breadcrumb","itemListElement":[{"@type":"ListItem","position":1,"name":"Startseite","item":"https:\/\/www3.tuhh.de\/itl\/"},{"@type":"ListItem","position":2,"name":"Robotik-Labor"}]},{"@type":"WebSite","@id":"https:\/\/www3.tuhh.de\/itl\/#website","url":"https:\/\/www3.tuhh.de\/itl\/","name":"Institut f\u00fcr Technische Logistik","description":"Willkommen beim Institut f\u00fcr Technische Logistik der TU Hamburg!","publisher":{"@id":"https:\/\/www3.tuhh.de\/itl\/#organization"},"potentialAction":[{"@type":"SearchAction","target":{"@type":"EntryPoint","urlTemplate":"https:\/\/www3.tuhh.de\/itl\/?s={search_term_string}"},"query-input":{"@type":"PropertyValueSpecification","valueRequired":true,"valueName":"search_term_string"}}],"inLanguage":"de"},{"@type":"Organization","@id":"https:\/\/www3.tuhh.de\/itl\/#organization","name":"Institut f\u00fcr Technische Logistik","url":"https:\/\/www3.tuhh.de\/itl\/","logo":{"@type":"ImageObject","inLanguage":"de","@id":"https:\/\/www3.tuhh.de\/itl\/#\/schema\/logo\/image\/","url":"https:\/\/www3.tuhh.de\/itl\/wp-content\/uploads\/2022\/10\/Logo_ITL_blau_2018-06-12_kl-1.gif","contentUrl":"https:\/\/www3.tuhh.de\/itl\/wp-content\/uploads\/2022\/10\/Logo_ITL_blau_2018-06-12_kl-1.gif","width":47,"height":44,"caption":"Institut f\u00fcr Technische Logistik"},"image":{"@id":"https:\/\/www3.tuhh.de\/itl\/#\/schema\/logo\/image\/"},"sameAs":["https:\/\/www.facebook.com\/ITLTUHH\/","https:\/\/x.com\/ITL_TUHH","https:\/\/www.instagram.com\/itlhamburg\/","https:\/\/www.youtube.com\/channel\/UCjfr0QytTA29dJInXSUQz8w"]}]}},"jetpack_sharing_enabled":true,"_links":{"self":[{"href":"https:\/\/www3.tuhh.de\/itl\/wp-json\/wp\/v2\/pages\/4239","targetHints":{"allow":["GET"]}}],"collection":[{"href":"https:\/\/www3.tuhh.de\/itl\/wp-json\/wp\/v2\/pages"}],"about":[{"href":"https:\/\/www3.tuhh.de\/itl\/wp-json\/wp\/v2\/types\/page"}],"author":[{"embeddable":true,"href":"https:\/\/www3.tuhh.de\/itl\/wp-json\/wp\/v2\/users\/1"}],"replies":[{"embeddable":true,"href":"https:\/\/www3.tuhh.de\/itl\/wp-json\/wp\/v2\/comments?post=4239"}],"version-history":[{"count":4,"href":"https:\/\/www3.tuhh.de\/itl\/wp-json\/wp\/v2\/pages\/4239\/revisions"}],"predecessor-version":[{"id":14151,"href":"https:\/\/www3.tuhh.de\/itl\/wp-json\/wp\/v2\/pages\/4239\/revisions\/14151"}],"wp:attachment":[{"href":"https:\/\/www3.tuhh.de\/itl\/wp-json\/wp\/v2\/media?parent=4239"}],"curies":[{"name":"wp","href":"https:\/\/api.w.org\/{rel}","templated":true}]}}