{"id":2,"date":"2023-11-19T14:19:15","date_gmt":"2023-11-19T13:19:15","guid":{"rendered":"https:\/\/www3.tuhh.de\/vpl\/gv\/?page_id=2"},"modified":"2023-11-20T13:28:04","modified_gmt":"2023-11-20T12:28:04","slug":"index","status":"publish","type":"page","link":"https:\/\/www3.tuhh.de\/vpl\/gv\/","title":{"rendered":"Wirtschaftsverkehr in Ballungsr\u00e4umen"},"content":{"rendered":"\n<h2 class=\"wp-block-heading\">Ziel und Forschungsfragen<\/h2>\n\n\n\n<p>Das Forschungsvorhaben verfolgt das Ziel, geeignete integrierte Ans\u00e4tze zu identifizieren, die dazu beitragen, den Wirtschaftsverkehr nachhaltig und stadtvertr\u00e4glich zu gestalten. Zudem sollen die Umsetzungsbedingungen analysiert werden, um zielgerichtete Handlungsempfehlungen formulieren und damit politische Grundsatzentscheidungen vorbereiten zu k\u00f6nnen. Daraus leiten sich folgende Untersuchungsfragen ab:<\/p>\n\n\n\n<ol class=\"wp-block-list\">\n<li>Welche Strategien, Ans\u00e4tze, Konzepte und Ma\u00dfnahmen sind in Praxis und Theorie vorzufinden (Bestandsaufnahme)?<\/li>\n\n\n\n<li>Wie lassen sich die innovativen, erfolgreichen L\u00f6sungsans\u00e4tze in den Ballungsr\u00e4umen charakterisieren und strukturieren? Lassen sich Good-Practice-Erfahrungen in ?win-win?-Situationen benennen?<\/li>\n\n\n\n<li>Welche L\u00f6sungsans\u00e4tze wurden geplant und sind tats\u00e4chlich realisiert worden (Hand\u00adlungswirkungsanalyse)?<\/li>\n\n\n\n<li>Wie sind diese L\u00f6sungsans\u00e4tze vor allem hinsichtlich ihrer \u00f6konomischen und \u00f6kologischen Wirkung zu bewerten (Ma\u00dfnahmenwirkungsanalyse)?<\/li>\n\n\n\n<li>Wie lassen sich innovative, integrierte L\u00f6sungsans\u00e4tze im Bereich des Wirtschaftsverkehrs in Ballungsr\u00e4umen umsetzen (Prozessanalyse)?<\/li>\n\n\n\n<li>Welche Handlungsempfehlungen ergeben sich daraus f\u00fcr Kommunen, Unternehmen, Staat usw. (Handlungsempfehlungen)?<\/li>\n<\/ol>\n","protected":false},"excerpt":{"rendered":"<p>Ziel und Forschungsfragen Das Forschungsvorhaben verfolgt das Ziel, geeignete integrierte Ans\u00e4tze zu identifizieren, die dazu beitragen, den Wirtschaftsverkehr nachhaltig und stadtvertr\u00e4glich zu gestalten. Zudem sollen die Umsetzungsbedingungen analysiert werden, um zielgerichtete Handlungsempfehlungen formulieren und damit politische Grundsatzentscheidungen vorbereiten zu k\u00f6nnen. Daraus leiten sich folgende Untersuchungsfragen ab:<\/p>\n","protected":false},"author":1,"featured_media":0,"parent":0,"menu_order":0,"comment_status":"closed","ping_status":"closed","template":"","meta":{"footnotes":""},"class_list":["post-2","page","type-page","status-publish","hentry"],"yoast_head":"<!-- This site is optimized with the Yoast SEO plugin v26.9 - https:\/\/yoast.com\/product\/yoast-seo-wordpress\/ -->\n<title>Wirtschaftsverkehr in Ballungsr\u00e4umen - Wirtschaftsverkehr in Ballungsr\u00e4umen<\/title>\n<meta name=\"robots\" content=\"index, follow, max-snippet:-1, max-image-preview:large, max-video-preview:-1\" \/>\n<link rel=\"canonical\" href=\"https:\/\/www3.tuhh.de\/vpl\/gv\/\" \/>\n<meta property=\"og:locale\" content=\"de_DE\" \/>\n<meta property=\"og:type\" content=\"article\" \/>\n<meta property=\"og:title\" content=\"Wirtschaftsverkehr in Ballungsr\u00e4umen - Wirtschaftsverkehr in Ballungsr\u00e4umen\" \/>\n<meta property=\"og:description\" content=\"Ziel und Forschungsfragen Das Forschungsvorhaben verfolgt das Ziel, geeignete integrierte Ans\u00e4tze zu identifizieren, die dazu beitragen, den Wirtschaftsverkehr nachhaltig und stadtvertr\u00e4glich zu gestalten. Zudem sollen die Umsetzungsbedingungen analysiert werden, um zielgerichtete Handlungsempfehlungen formulieren und damit politische Grundsatzentscheidungen vorbereiten zu k\u00f6nnen. Daraus leiten sich folgende Untersuchungsfragen ab:\" \/>\n<meta property=\"og:url\" content=\"https:\/\/www3.tuhh.de\/vpl\/gv\/\" \/>\n<meta property=\"og:site_name\" content=\"Wirtschaftsverkehr in Ballungsr\u00e4umen\" \/>\n<meta property=\"article:modified_time\" content=\"2023-11-20T12:28:04+00:00\" \/>\n<meta name=\"twitter:card\" content=\"summary_large_image\" \/>\n<meta name=\"twitter:label1\" content=\"Gesch\u00e4tzte Lesezeit\" \/>\n\t<meta name=\"twitter:data1\" content=\"1\u00a0Minute\" \/>\n<script type=\"application\/ld+json\" class=\"yoast-schema-graph\">{\"@context\":\"https:\/\/schema.org\",\"@graph\":[{\"@type\":\"WebPage\",\"@id\":\"https:\/\/www3.tuhh.de\/vpl\/gv\/\",\"url\":\"https:\/\/www3.tuhh.de\/vpl\/gv\/\",\"name\":\"Wirtschaftsverkehr in Ballungsr\u00e4umen - Wirtschaftsverkehr in Ballungsr\u00e4umen\",\"isPartOf\":{\"@id\":\"https:\/\/www3.tuhh.de\/vpl\/gv\/#website\"},\"datePublished\":\"2023-11-19T13:19:15+00:00\",\"dateModified\":\"2023-11-20T12:28:04+00:00\",\"breadcrumb\":{\"@id\":\"https:\/\/www3.tuhh.de\/vpl\/gv\/#breadcrumb\"},\"inLanguage\":\"de\",\"potentialAction\":[{\"@type\":\"ReadAction\",\"target\":[\"https:\/\/www3.tuhh.de\/vpl\/gv\/\"]}]},{\"@type\":\"BreadcrumbList\",\"@id\":\"https:\/\/www3.tuhh.de\/vpl\/gv\/#breadcrumb\",\"itemListElement\":[{\"@type\":\"ListItem\",\"position\":1,\"name\":\"Startseite\",\"item\":\"https:\/\/www3.tuhh.de\/vpl\/gv\/\"},{\"@type\":\"ListItem\",\"position\":2,\"name\":\"Wirtschaftsverkehr in Ballungsr\u00e4umen\"}]},{\"@type\":\"WebSite\",\"@id\":\"https:\/\/www3.tuhh.de\/vpl\/gv\/#website\",\"url\":\"https:\/\/www3.tuhh.de\/vpl\/gv\/\",\"name\":\"Wirtschaftsverkehr in Ballungsr\u00e4umen\",\"description\":\"\",\"potentialAction\":[{\"@type\":\"SearchAction\",\"target\":{\"@type\":\"EntryPoint\",\"urlTemplate\":\"https:\/\/www3.tuhh.de\/vpl\/gv\/?s={search_term_string}\"},\"query-input\":{\"@type\":\"PropertyValueSpecification\",\"valueRequired\":true,\"valueName\":\"search_term_string\"}}],\"inLanguage\":\"de\"}]}<\/script>\n<!-- \/ Yoast SEO plugin. -->","yoast_head_json":{"title":"Wirtschaftsverkehr in Ballungsr\u00e4umen - Wirtschaftsverkehr in Ballungsr\u00e4umen","robots":{"index":"index","follow":"follow","max-snippet":"max-snippet:-1","max-image-preview":"max-image-preview:large","max-video-preview":"max-video-preview:-1"},"canonical":"https:\/\/www3.tuhh.de\/vpl\/gv\/","og_locale":"de_DE","og_type":"article","og_title":"Wirtschaftsverkehr in Ballungsr\u00e4umen - Wirtschaftsverkehr in Ballungsr\u00e4umen","og_description":"Ziel und Forschungsfragen Das Forschungsvorhaben verfolgt das Ziel, geeignete integrierte Ans\u00e4tze zu identifizieren, die dazu beitragen, den Wirtschaftsverkehr nachhaltig und stadtvertr\u00e4glich zu gestalten. Zudem sollen die Umsetzungsbedingungen analysiert werden, um zielgerichtete Handlungsempfehlungen formulieren und damit politische Grundsatzentscheidungen vorbereiten zu k\u00f6nnen. Daraus leiten sich folgende Untersuchungsfragen ab:","og_url":"https:\/\/www3.tuhh.de\/vpl\/gv\/","og_site_name":"Wirtschaftsverkehr in Ballungsr\u00e4umen","article_modified_time":"2023-11-20T12:28:04+00:00","twitter_card":"summary_large_image","twitter_misc":{"Gesch\u00e4tzte Lesezeit":"1\u00a0Minute"},"schema":{"@context":"https:\/\/schema.org","@graph":[{"@type":"WebPage","@id":"https:\/\/www3.tuhh.de\/vpl\/gv\/","url":"https:\/\/www3.tuhh.de\/vpl\/gv\/","name":"Wirtschaftsverkehr in Ballungsr\u00e4umen - Wirtschaftsverkehr in Ballungsr\u00e4umen","isPartOf":{"@id":"https:\/\/www3.tuhh.de\/vpl\/gv\/#website"},"datePublished":"2023-11-19T13:19:15+00:00","dateModified":"2023-11-20T12:28:04+00:00","breadcrumb":{"@id":"https:\/\/www3.tuhh.de\/vpl\/gv\/#breadcrumb"},"inLanguage":"de","potentialAction":[{"@type":"ReadAction","target":["https:\/\/www3.tuhh.de\/vpl\/gv\/"]}]},{"@type":"BreadcrumbList","@id":"https:\/\/www3.tuhh.de\/vpl\/gv\/#breadcrumb","itemListElement":[{"@type":"ListItem","position":1,"name":"Startseite","item":"https:\/\/www3.tuhh.de\/vpl\/gv\/"},{"@type":"ListItem","position":2,"name":"Wirtschaftsverkehr in Ballungsr\u00e4umen"}]},{"@type":"WebSite","@id":"https:\/\/www3.tuhh.de\/vpl\/gv\/#website","url":"https:\/\/www3.tuhh.de\/vpl\/gv\/","name":"Wirtschaftsverkehr in Ballungsr\u00e4umen","description":"","potentialAction":[{"@type":"SearchAction","target":{"@type":"EntryPoint","urlTemplate":"https:\/\/www3.tuhh.de\/vpl\/gv\/?s={search_term_string}"},"query-input":{"@type":"PropertyValueSpecification","valueRequired":true,"valueName":"search_term_string"}}],"inLanguage":"de"}]}},"_links":{"self":[{"href":"https:\/\/www3.tuhh.de\/vpl\/gv\/wp-json\/wp\/v2\/pages\/2","targetHints":{"allow":["GET"]}}],"collection":[{"href":"https:\/\/www3.tuhh.de\/vpl\/gv\/wp-json\/wp\/v2\/pages"}],"about":[{"href":"https:\/\/www3.tuhh.de\/vpl\/gv\/wp-json\/wp\/v2\/types\/page"}],"author":[{"embeddable":true,"href":"https:\/\/www3.tuhh.de\/vpl\/gv\/wp-json\/wp\/v2\/users\/1"}],"replies":[{"embeddable":true,"href":"https:\/\/www3.tuhh.de\/vpl\/gv\/wp-json\/wp\/v2\/comments?post=2"}],"version-history":[{"count":8,"href":"https:\/\/www3.tuhh.de\/vpl\/gv\/wp-json\/wp\/v2\/pages\/2\/revisions"}],"predecessor-version":[{"id":249,"href":"https:\/\/www3.tuhh.de\/vpl\/gv\/wp-json\/wp\/v2\/pages\/2\/revisions\/249"}],"wp:attachment":[{"href":"https:\/\/www3.tuhh.de\/vpl\/gv\/wp-json\/wp\/v2\/media?parent=2"}],"curies":[{"name":"wp","href":"https:\/\/api.w.org\/{rel}","templated":true}]}}