{"id":9,"date":"2023-11-19T14:40:33","date_gmt":"2023-11-19T13:40:33","guid":{"rendered":"https:\/\/www3.tuhh.de\/vpl\/gv\/?page_id=9"},"modified":"2023-11-20T13:18:04","modified_gmt":"2023-11-20T12:18:04","slug":"fallsammlung","status":"publish","type":"page","link":"https:\/\/www3.tuhh.de\/vpl\/gv\/fallsammlung\/","title":{"rendered":"Fallsammlung"},"content":{"rendered":"\n<figure class=\"wp-block-image size-full\"><img loading=\"lazy\" decoding=\"async\" width=\"490\" height=\"216\" src=\"http:\/\/www3.tuhh.de\/vpl\/gv\/wp-content\/uploads\/sites\/3\/2023\/11\/fallsammlung.gif\" alt=\"\" class=\"wp-image-238\"\/><\/figure>\n\n\n\n<p><a href=\"https:\/\/www3.tuhh.de\/vpl\/gv\/institutionalisierung\/\" data-type=\"page\" data-id=\"37\">Institutionalisierung des Wirtschaftsverkehrs zur Umsetzung integrierter L\u00f6sunge<\/a><a href=\"file:\/\/\/C:\/Nadia\/00%20Arbeit%20angefangen\/alte%20HPS\/gv2\/seiten\/start_barrierefrei.htm?menu=1\">n<\/a><\/p>\n\n\n\n<p><a href=\"https:\/\/www3.tuhh.de\/vpl\/gv\/integrierte-logistik-in-unternehmen\/\" data-type=\"page\" data-id=\"50\">Integrierte Logistik in Unternehmen<\/a><\/p>\n\n\n\n<p><a href=\"https:\/\/www3.tuhh.de\/vpl\/gv\/integration-alternativer-verkehrstraeger-bzw-mittel\/\" data-type=\"page\" data-id=\"52\">Integration alternativer Verkehrstr\u00e4ger bzw. mittel<\/a><\/p>\n\n\n\n<p><a href=\"https:\/\/www3.tuhh.de\/vpl\/gv\/staedtebauliche-integration-des-wirtschaftsverkehrs\/\" data-type=\"page\" data-id=\"54\">St\u00e4dtebauliche Integration des Wirtschaftsverkehrs<\/a><\/p>\n\n\n\n<p><a href=\"https:\/\/www3.tuhh.de\/vpl\/gv\/integration-verschiedener-akteure-in-die-stadtlogistik\/\" data-type=\"page\" data-id=\"56\">Integration verschiedener Akteure in die Stadtlogistik<\/a><\/p>\n","protected":false},"excerpt":{"rendered":"<p>Institutionalisierung des Wirtschaftsverkehrs zur Umsetzung integrierter L\u00f6sungen Integrierte Logistik in Unternehmen Integration alternativer Verkehrstr\u00e4ger bzw. mittel St\u00e4dtebauliche Integration des Wirtschaftsverkehrs Integration verschiedener Akteure in die Stadtlogistik<\/p>\n","protected":false},"author":1,"featured_media":0,"parent":0,"menu_order":0,"comment_status":"closed","ping_status":"closed","template":"","meta":{"footnotes":""},"class_list":["post-9","page","type-page","status-publish","hentry"],"yoast_head":"<!-- This site is optimized with the Yoast SEO plugin v26.9 - https:\/\/yoast.com\/product\/yoast-seo-wordpress\/ -->\n<title>Fallsammlung - Wirtschaftsverkehr in Ballungsr\u00e4umen<\/title>\n<meta name=\"robots\" content=\"index, follow, max-snippet:-1, max-image-preview:large, max-video-preview:-1\" \/>\n<link rel=\"canonical\" href=\"https:\/\/www3.tuhh.de\/vpl\/gv\/fallsammlung\/\" \/>\n<meta property=\"og:locale\" content=\"de_DE\" \/>\n<meta property=\"og:type\" content=\"article\" \/>\n<meta property=\"og:title\" content=\"Fallsammlung - Wirtschaftsverkehr in Ballungsr\u00e4umen\" \/>\n<meta property=\"og:description\" content=\"Institutionalisierung des Wirtschaftsverkehrs zur Umsetzung integrierter L\u00f6sungen Integrierte Logistik in Unternehmen Integration alternativer Verkehrstr\u00e4ger bzw. mittel St\u00e4dtebauliche Integration des Wirtschaftsverkehrs Integration verschiedener Akteure in die Stadtlogistik\" \/>\n<meta property=\"og:url\" content=\"https:\/\/www3.tuhh.de\/vpl\/gv\/fallsammlung\/\" \/>\n<meta property=\"og:site_name\" content=\"Wirtschaftsverkehr in Ballungsr\u00e4umen\" \/>\n<meta property=\"article:modified_time\" content=\"2023-11-20T12:18:04+00:00\" \/>\n<meta property=\"og:image\" content=\"http:\/\/www3.tuhh.de\/vpl\/gv\/wp-content\/uploads\/sites\/3\/2023\/11\/fallsammlung.gif\" \/>\n<meta name=\"twitter:card\" content=\"summary_large_image\" \/>\n<script type=\"application\/ld+json\" class=\"yoast-schema-graph\">{\"@context\":\"https:\/\/schema.org\",\"@graph\":[{\"@type\":\"WebPage\",\"@id\":\"https:\/\/www3.tuhh.de\/vpl\/gv\/fallsammlung\/\",\"url\":\"https:\/\/www3.tuhh.de\/vpl\/gv\/fallsammlung\/\",\"name\":\"Fallsammlung - Wirtschaftsverkehr in Ballungsr\u00e4umen\",\"isPartOf\":{\"@id\":\"https:\/\/www3.tuhh.de\/vpl\/gv\/#website\"},\"primaryImageOfPage\":{\"@id\":\"https:\/\/www3.tuhh.de\/vpl\/gv\/fallsammlung\/#primaryimage\"},\"image\":{\"@id\":\"https:\/\/www3.tuhh.de\/vpl\/gv\/fallsammlung\/#primaryimage\"},\"thumbnailUrl\":\"http:\/\/www3.tuhh.de\/vpl\/gv\/wp-content\/uploads\/sites\/3\/2023\/11\/fallsammlung.gif\",\"datePublished\":\"2023-11-19T13:40:33+00:00\",\"dateModified\":\"2023-11-20T12:18:04+00:00\",\"breadcrumb\":{\"@id\":\"https:\/\/www3.tuhh.de\/vpl\/gv\/fallsammlung\/#breadcrumb\"},\"inLanguage\":\"de\",\"potentialAction\":[{\"@type\":\"ReadAction\",\"target\":[\"https:\/\/www3.tuhh.de\/vpl\/gv\/fallsammlung\/\"]}]},{\"@type\":\"ImageObject\",\"inLanguage\":\"de\",\"@id\":\"https:\/\/www3.tuhh.de\/vpl\/gv\/fallsammlung\/#primaryimage\",\"url\":\"https:\/\/www3.tuhh.de\/vpl\/gv\/wp-content\/uploads\/sites\/3\/2023\/11\/fallsammlung.gif\",\"contentUrl\":\"https:\/\/www3.tuhh.de\/vpl\/gv\/wp-content\/uploads\/sites\/3\/2023\/11\/fallsammlung.gif\",\"width\":490,\"height\":216},{\"@type\":\"BreadcrumbList\",\"@id\":\"https:\/\/www3.tuhh.de\/vpl\/gv\/fallsammlung\/#breadcrumb\",\"itemListElement\":[{\"@type\":\"ListItem\",\"position\":1,\"name\":\"Startseite\",\"item\":\"https:\/\/www3.tuhh.de\/vpl\/gv\/\"},{\"@type\":\"ListItem\",\"position\":2,\"name\":\"Fallsammlung\"}]},{\"@type\":\"WebSite\",\"@id\":\"https:\/\/www3.tuhh.de\/vpl\/gv\/#website\",\"url\":\"https:\/\/www3.tuhh.de\/vpl\/gv\/\",\"name\":\"Wirtschaftsverkehr in Ballungsr\u00e4umen\",\"description\":\"\",\"potentialAction\":[{\"@type\":\"SearchAction\",\"target\":{\"@type\":\"EntryPoint\",\"urlTemplate\":\"https:\/\/www3.tuhh.de\/vpl\/gv\/?s={search_term_string}\"},\"query-input\":{\"@type\":\"PropertyValueSpecification\",\"valueRequired\":true,\"valueName\":\"search_term_string\"}}],\"inLanguage\":\"de\"}]}<\/script>\n<!-- \/ Yoast SEO plugin. -->","yoast_head_json":{"title":"Fallsammlung - Wirtschaftsverkehr in Ballungsr\u00e4umen","robots":{"index":"index","follow":"follow","max-snippet":"max-snippet:-1","max-image-preview":"max-image-preview:large","max-video-preview":"max-video-preview:-1"},"canonical":"https:\/\/www3.tuhh.de\/vpl\/gv\/fallsammlung\/","og_locale":"de_DE","og_type":"article","og_title":"Fallsammlung - Wirtschaftsverkehr in Ballungsr\u00e4umen","og_description":"Institutionalisierung des Wirtschaftsverkehrs zur Umsetzung integrierter L\u00f6sungen Integrierte Logistik in Unternehmen Integration alternativer Verkehrstr\u00e4ger bzw. mittel St\u00e4dtebauliche Integration des Wirtschaftsverkehrs Integration verschiedener Akteure in die Stadtlogistik","og_url":"https:\/\/www3.tuhh.de\/vpl\/gv\/fallsammlung\/","og_site_name":"Wirtschaftsverkehr in Ballungsr\u00e4umen","article_modified_time":"2023-11-20T12:18:04+00:00","og_image":[{"url":"http:\/\/www3.tuhh.de\/vpl\/gv\/wp-content\/uploads\/sites\/3\/2023\/11\/fallsammlung.gif","type":"","width":"","height":""}],"twitter_card":"summary_large_image","schema":{"@context":"https:\/\/schema.org","@graph":[{"@type":"WebPage","@id":"https:\/\/www3.tuhh.de\/vpl\/gv\/fallsammlung\/","url":"https:\/\/www3.tuhh.de\/vpl\/gv\/fallsammlung\/","name":"Fallsammlung - Wirtschaftsverkehr in Ballungsr\u00e4umen","isPartOf":{"@id":"https:\/\/www3.tuhh.de\/vpl\/gv\/#website"},"primaryImageOfPage":{"@id":"https:\/\/www3.tuhh.de\/vpl\/gv\/fallsammlung\/#primaryimage"},"image":{"@id":"https:\/\/www3.tuhh.de\/vpl\/gv\/fallsammlung\/#primaryimage"},"thumbnailUrl":"http:\/\/www3.tuhh.de\/vpl\/gv\/wp-content\/uploads\/sites\/3\/2023\/11\/fallsammlung.gif","datePublished":"2023-11-19T13:40:33+00:00","dateModified":"2023-11-20T12:18:04+00:00","breadcrumb":{"@id":"https:\/\/www3.tuhh.de\/vpl\/gv\/fallsammlung\/#breadcrumb"},"inLanguage":"de","potentialAction":[{"@type":"ReadAction","target":["https:\/\/www3.tuhh.de\/vpl\/gv\/fallsammlung\/"]}]},{"@type":"ImageObject","inLanguage":"de","@id":"https:\/\/www3.tuhh.de\/vpl\/gv\/fallsammlung\/#primaryimage","url":"https:\/\/www3.tuhh.de\/vpl\/gv\/wp-content\/uploads\/sites\/3\/2023\/11\/fallsammlung.gif","contentUrl":"https:\/\/www3.tuhh.de\/vpl\/gv\/wp-content\/uploads\/sites\/3\/2023\/11\/fallsammlung.gif","width":490,"height":216},{"@type":"BreadcrumbList","@id":"https:\/\/www3.tuhh.de\/vpl\/gv\/fallsammlung\/#breadcrumb","itemListElement":[{"@type":"ListItem","position":1,"name":"Startseite","item":"https:\/\/www3.tuhh.de\/vpl\/gv\/"},{"@type":"ListItem","position":2,"name":"Fallsammlung"}]},{"@type":"WebSite","@id":"https:\/\/www3.tuhh.de\/vpl\/gv\/#website","url":"https:\/\/www3.tuhh.de\/vpl\/gv\/","name":"Wirtschaftsverkehr in Ballungsr\u00e4umen","description":"","potentialAction":[{"@type":"SearchAction","target":{"@type":"EntryPoint","urlTemplate":"https:\/\/www3.tuhh.de\/vpl\/gv\/?s={search_term_string}"},"query-input":{"@type":"PropertyValueSpecification","valueRequired":true,"valueName":"search_term_string"}}],"inLanguage":"de"}]}},"_links":{"self":[{"href":"https:\/\/www3.tuhh.de\/vpl\/gv\/wp-json\/wp\/v2\/pages\/9","targetHints":{"allow":["GET"]}}],"collection":[{"href":"https:\/\/www3.tuhh.de\/vpl\/gv\/wp-json\/wp\/v2\/pages"}],"about":[{"href":"https:\/\/www3.tuhh.de\/vpl\/gv\/wp-json\/wp\/v2\/types\/page"}],"author":[{"embeddable":true,"href":"https:\/\/www3.tuhh.de\/vpl\/gv\/wp-json\/wp\/v2\/users\/1"}],"replies":[{"embeddable":true,"href":"https:\/\/www3.tuhh.de\/vpl\/gv\/wp-json\/wp\/v2\/comments?post=9"}],"version-history":[{"count":29,"href":"https:\/\/www3.tuhh.de\/vpl\/gv\/wp-json\/wp\/v2\/pages\/9\/revisions"}],"predecessor-version":[{"id":243,"href":"https:\/\/www3.tuhh.de\/vpl\/gv\/wp-json\/wp\/v2\/pages\/9\/revisions\/243"}],"wp:attachment":[{"href":"https:\/\/www3.tuhh.de\/vpl\/gv\/wp-json\/wp\/v2\/media?parent=9"}],"curies":[{"name":"wp","href":"https:\/\/api.w.org\/{rel}","templated":true}]}}