{"id":120,"date":"2022-02-23T10:59:49","date_gmt":"2022-02-23T09:59:49","guid":{"rendered":"https:\/\/www2.tuhh.de\/kogomo\/?page_id=120"},"modified":"2022-02-23T10:59:49","modified_gmt":"2022-02-23T09:59:49","slug":"impressum","status":"publish","type":"page","link":"https:\/\/www3.tuhh.de\/vpl\/kogomo\/impressum\/","title":{"rendered":"Impressum"},"content":{"rendered":"\n<p><strong>Anschrift<\/strong><br>Technische Universit\u00e4t Hamburg<br>Institut f\u00fcr Verkehrsplanung und Logistik \u2013 W8<br>D-21071 Hamburg<\/p>\n\n\n\n<p>Telefon +49 40 428 78-35 19<br>Fax +49 40 427 31 41 98<\/p>\n\n\n\n<p><strong>Besucheranschrift<\/strong><br>Am Schwarzenberg-Campus 3 (Geb\u00e4ude E)<br>D-21073 Hamburg<\/p>\n\n\n\n<p><strong>Rechtsform<\/strong><br>Die Technische Universit\u00e4t Hamburg ist eine K\u00f6rperschaft des \u00f6ffentlichen Rechts. Sie wird durch den Pr\u00e4sidenten Prof. Dr.-Ing. Andreas Timm-Giel gesetzlich vertreten. Umsatzsteuer-Identifikationsnummer gem\u00e4\u00df \u00a7 27 a Umsatzsteuergesetz<\/p>\n\n\n\n<p><strong>Herausgeber und inhaltliche Verantwortung<\/strong><br>Institut f\u00fcr Verkehrsplanung und Logistik<br>Prof. Dr.-Ing. Carsten Gertz<\/p>\n\n\n\n<p><strong>Zust\u00e4ndige Aufsichtsbeh\u00f6rde<\/strong><br>Beh\u00f6rde f\u00fcr Wissenschaft, Forschung und Gleichstellung<br>der Freien und Hansestadt Hamburg<br>Hamburger Stra\u00dfe 37<br>22083 Hamburg<\/p>\n\n\n\n<p><strong>Haftungshinweis<\/strong><br>Wir bem\u00fchen uns, dieses Informationsangebot aktuell und inhaltlich richtig sowie vollst\u00e4ndig anzubieten. Dennoch ist das Auftreten von Fehlern nicht v\u00f6llig auszuschlie\u00dfen. Eine Garantie f\u00fcr die Vollst\u00e4ndigkeit, Richtigkeit und letzte Aktualit\u00e4t kann daher nicht \u00fcbernommen werden. Wir \u00fcbernehmen keine Haftung f\u00fcr die Inhalte externer Links. F\u00fcr den Inhalt der verlinkten Seiten sind ausschlie\u00dflich deren Betreiber verantwortlich.<br>Der Herausgeber kann diese Website nach eigenem Ermessen jederzeit ohne Ank\u00fcndigung ver\u00e4ndern und \/ oder deren Betrieb einstellen. Er ist nicht verpflichtet, Inhalte dieser Website zu aktualisieren.<br>Der Zugang und die Benutzung dieser Website geschieht auf eigene Gefahr des Benutzers. Das Rechenzentrum \/ TUHH ist nicht verantwortlich und \u00fcbernimmt keinerlei Haftung f\u00fcr Sch\u00e4den, unter anderem f\u00fcr direkte, indirekte, zuf\u00e4llige, vorab konkret zu bestimmende oder Folgesch\u00e4den, die angeblich durch den oder in Verbindung mit dem Zugang und \/ oder der Benutzung dieser Website aufgetreten sind. <\/p>\n\n\n\n<p><strong>Datenschutz <\/strong><br>Die Nutzung unseres Webangebots ist grunds\u00e4tzlich ohne Bekanntgabe personenbezogener Informationen m\u00f6glich. Wenn Sie uns eine E-Mail senden, so wird diese und Ihre E-Mail-Adresse ausschlie\u00dflich f\u00fcr die Korrespondenz mit Ihnen verwandt.<\/p>\n\n\n\n<p><strong>Redaktion und technische Realisierung<\/strong><br>Institut f\u00fcr Verkehrsplanung und Logistik<br><br>Webmaster<br><a href=\"mailto:nabaoui@tuhh.de\">Nadia Nabaoui-Engelhard<\/a><br>Tel.: +49 40 428 78-39 10<\/p>\n","protected":false},"excerpt":{"rendered":"<p>AnschriftTechnische Universit\u00e4t HamburgInstitut f\u00fcr Verkehrsplanung und Logistik \u2013 W8D-21071 Hamburg Telefon +49 40 428 78-35 19Fax +49 40 427 31 41 98 BesucheranschriftAm Schwarzenberg-Campus 3 (Geb\u00e4ude E)D-21073 Hamburg RechtsformDie Technische Universit\u00e4t Hamburg ist eine K\u00f6rperschaft des \u00f6ffentlichen Rechts. Sie wird durch den Pr\u00e4sidenten Prof. Dr.-Ing. Andreas Timm-Giel gesetzlich vertreten. Umsatzsteuer-Identifikationsnummer gem\u00e4\u00df \u00a7 27 a Umsatzsteuergesetz &hellip; <a href=\"https:\/\/www3.tuhh.de\/vpl\/kogomo\/impressum\/\" class=\"more-link\"><span class=\"screen-reader-text\">Impressum<\/span> weiterlesen <span class=\"meta-nav\">&rarr;<\/span><\/a><\/p>\n","protected":false},"author":1,"featured_media":0,"parent":0,"menu_order":0,"comment_status":"closed","ping_status":"closed","template":"","meta":{"footnotes":""},"class_list":["post-120","page","type-page","status-publish","hentry"],"yoast_head":"<!-- This site is optimized with the Yoast SEO plugin v26.9 - https:\/\/yoast.com\/product\/yoast-seo-wordpress\/ -->\n<title>Impressum - KoGoMo<\/title>\n<meta name=\"robots\" content=\"index, follow, max-snippet:-1, max-image-preview:large, max-video-preview:-1\" \/>\n<link rel=\"canonical\" href=\"https:\/\/www3.tuhh.de\/vpl\/kogomo\/impressum\/\" \/>\n<meta property=\"og:locale\" content=\"de_DE\" \/>\n<meta property=\"og:type\" content=\"article\" \/>\n<meta property=\"og:title\" content=\"Impressum - KoGoMo\" \/>\n<meta property=\"og:description\" content=\"AnschriftTechnische Universit\u00e4t HamburgInstitut f\u00fcr Verkehrsplanung und Logistik \u2013 W8D-21071 Hamburg Telefon +49 40 428 78-35 19Fax +49 40 427 31 41 98 BesucheranschriftAm Schwarzenberg-Campus 3 (Geb\u00e4ude E)D-21073 Hamburg RechtsformDie Technische Universit\u00e4t Hamburg ist eine K\u00f6rperschaft des \u00f6ffentlichen Rechts. Sie wird durch den Pr\u00e4sidenten Prof. Dr.-Ing. Andreas Timm-Giel gesetzlich vertreten. Umsatzsteuer-Identifikationsnummer gem\u00e4\u00df \u00a7 27 a Umsatzsteuergesetz &hellip; Impressum weiterlesen &rarr;\" \/>\n<meta property=\"og:url\" content=\"https:\/\/www3.tuhh.de\/vpl\/kogomo\/impressum\/\" \/>\n<meta property=\"og:site_name\" content=\"KoGoMo\" \/>\n<meta name=\"twitter:card\" content=\"summary_large_image\" \/>\n<meta name=\"twitter:label1\" content=\"Gesch\u00e4tzte Lesezeit\" \/>\n\t<meta name=\"twitter:data1\" content=\"1\u00a0Minute\" \/>\n<script type=\"application\/ld+json\" class=\"yoast-schema-graph\">{\"@context\":\"https:\/\/schema.org\",\"@graph\":[{\"@type\":\"WebPage\",\"@id\":\"https:\/\/www3.tuhh.de\/vpl\/kogomo\/impressum\/\",\"url\":\"https:\/\/www3.tuhh.de\/vpl\/kogomo\/impressum\/\",\"name\":\"Impressum - KoGoMo\",\"isPartOf\":{\"@id\":\"https:\/\/www3.tuhh.de\/vpl\/kogomo\/#website\"},\"datePublished\":\"2022-02-23T09:59:49+00:00\",\"breadcrumb\":{\"@id\":\"https:\/\/www3.tuhh.de\/vpl\/kogomo\/impressum\/#breadcrumb\"},\"inLanguage\":\"de\",\"potentialAction\":[{\"@type\":\"ReadAction\",\"target\":[\"https:\/\/www3.tuhh.de\/vpl\/kogomo\/impressum\/\"]}]},{\"@type\":\"BreadcrumbList\",\"@id\":\"https:\/\/www3.tuhh.de\/vpl\/kogomo\/impressum\/#breadcrumb\",\"itemListElement\":[{\"@type\":\"ListItem\",\"position\":1,\"name\":\"Startseite\",\"item\":\"https:\/\/www3.tuhh.de\/vpl\/kogomo\/\"},{\"@type\":\"ListItem\",\"position\":2,\"name\":\"Impressum\"}]},{\"@type\":\"WebSite\",\"@id\":\"https:\/\/www3.tuhh.de\/vpl\/kogomo\/#website\",\"url\":\"https:\/\/www3.tuhh.de\/vpl\/kogomo\/\",\"name\":\"KoGoMo\",\"description\":\"St\u00e4rkung der kommunalen Governance f\u00fcr die Umsetzung von neuen Mobilit\u00e4tsangeboten in Kooperation mit privaten Anbietern\",\"potentialAction\":[{\"@type\":\"SearchAction\",\"target\":{\"@type\":\"EntryPoint\",\"urlTemplate\":\"https:\/\/www3.tuhh.de\/vpl\/kogomo\/?s={search_term_string}\"},\"query-input\":{\"@type\":\"PropertyValueSpecification\",\"valueRequired\":true,\"valueName\":\"search_term_string\"}}],\"inLanguage\":\"de\"}]}<\/script>\n<!-- \/ Yoast SEO plugin. -->","yoast_head_json":{"title":"Impressum - KoGoMo","robots":{"index":"index","follow":"follow","max-snippet":"max-snippet:-1","max-image-preview":"max-image-preview:large","max-video-preview":"max-video-preview:-1"},"canonical":"https:\/\/www3.tuhh.de\/vpl\/kogomo\/impressum\/","og_locale":"de_DE","og_type":"article","og_title":"Impressum - KoGoMo","og_description":"AnschriftTechnische Universit\u00e4t HamburgInstitut f\u00fcr Verkehrsplanung und Logistik \u2013 W8D-21071 Hamburg Telefon +49 40 428 78-35 19Fax +49 40 427 31 41 98 BesucheranschriftAm Schwarzenberg-Campus 3 (Geb\u00e4ude E)D-21073 Hamburg RechtsformDie Technische Universit\u00e4t Hamburg ist eine K\u00f6rperschaft des \u00f6ffentlichen Rechts. Sie wird durch den Pr\u00e4sidenten Prof. Dr.-Ing. Andreas Timm-Giel gesetzlich vertreten. Umsatzsteuer-Identifikationsnummer gem\u00e4\u00df \u00a7 27 a Umsatzsteuergesetz &hellip; Impressum weiterlesen &rarr;","og_url":"https:\/\/www3.tuhh.de\/vpl\/kogomo\/impressum\/","og_site_name":"KoGoMo","twitter_card":"summary_large_image","twitter_misc":{"Gesch\u00e4tzte Lesezeit":"1\u00a0Minute"},"schema":{"@context":"https:\/\/schema.org","@graph":[{"@type":"WebPage","@id":"https:\/\/www3.tuhh.de\/vpl\/kogomo\/impressum\/","url":"https:\/\/www3.tuhh.de\/vpl\/kogomo\/impressum\/","name":"Impressum - KoGoMo","isPartOf":{"@id":"https:\/\/www3.tuhh.de\/vpl\/kogomo\/#website"},"datePublished":"2022-02-23T09:59:49+00:00","breadcrumb":{"@id":"https:\/\/www3.tuhh.de\/vpl\/kogomo\/impressum\/#breadcrumb"},"inLanguage":"de","potentialAction":[{"@type":"ReadAction","target":["https:\/\/www3.tuhh.de\/vpl\/kogomo\/impressum\/"]}]},{"@type":"BreadcrumbList","@id":"https:\/\/www3.tuhh.de\/vpl\/kogomo\/impressum\/#breadcrumb","itemListElement":[{"@type":"ListItem","position":1,"name":"Startseite","item":"https:\/\/www3.tuhh.de\/vpl\/kogomo\/"},{"@type":"ListItem","position":2,"name":"Impressum"}]},{"@type":"WebSite","@id":"https:\/\/www3.tuhh.de\/vpl\/kogomo\/#website","url":"https:\/\/www3.tuhh.de\/vpl\/kogomo\/","name":"KoGoMo","description":"St\u00e4rkung der kommunalen Governance f\u00fcr die Umsetzung von neuen Mobilit\u00e4tsangeboten in Kooperation mit privaten Anbietern","potentialAction":[{"@type":"SearchAction","target":{"@type":"EntryPoint","urlTemplate":"https:\/\/www3.tuhh.de\/vpl\/kogomo\/?s={search_term_string}"},"query-input":{"@type":"PropertyValueSpecification","valueRequired":true,"valueName":"search_term_string"}}],"inLanguage":"de"}]}},"_links":{"self":[{"href":"https:\/\/www3.tuhh.de\/vpl\/kogomo\/wp-json\/wp\/v2\/pages\/120","targetHints":{"allow":["GET"]}}],"collection":[{"href":"https:\/\/www3.tuhh.de\/vpl\/kogomo\/wp-json\/wp\/v2\/pages"}],"about":[{"href":"https:\/\/www3.tuhh.de\/vpl\/kogomo\/wp-json\/wp\/v2\/types\/page"}],"author":[{"embeddable":true,"href":"https:\/\/www3.tuhh.de\/vpl\/kogomo\/wp-json\/wp\/v2\/users\/1"}],"replies":[{"embeddable":true,"href":"https:\/\/www3.tuhh.de\/vpl\/kogomo\/wp-json\/wp\/v2\/comments?post=120"}],"version-history":[{"count":0,"href":"https:\/\/www3.tuhh.de\/vpl\/kogomo\/wp-json\/wp\/v2\/pages\/120\/revisions"}],"wp:attachment":[{"href":"https:\/\/www3.tuhh.de\/vpl\/kogomo\/wp-json\/wp\/v2\/media?parent=120"}],"curies":[{"name":"wp","href":"https:\/\/api.w.org\/{rel}","templated":true}]}}