{"id":192,"date":"2022-04-21T16:23:29","date_gmt":"2022-04-21T14:23:29","guid":{"rendered":"https:\/\/www2.tuhh.de\/kogomo\/?page_id=192"},"modified":"2024-05-06T13:07:26","modified_gmt":"2024-05-06T11:07:26","slug":"presse","status":"publish","type":"page","link":"https:\/\/www3.tuhh.de\/vpl\/kogomo\/presse\/","title":{"rendered":"Presse"},"content":{"rendered":"\n<h3 class=\"wp-block-heading\">Mehr Mobilit\u00e4t am Stadtrand<\/h3>\n\n\n\n<p><em>18.04.2024 :  Artikel im spektrum &#8211; Das Magazin der Technischen Universit\u00e4t Hamburg (01\/24)<\/em><br>Das Projekt KoGoMo erprobt ein nachhaltiges Verkehrskonzept<br><em>Wie lassen sich Bus und Bahn mit privaten Anbietern vor Ort zusammenbringen, um den B\u00fcrger*innen n\u00fctzliche Angebote zu machen? Das untersucht ein TU-Projekt in der direkten Nachbarschaft der Universit\u00e4t in Harburg.<\/em><br>49 Millionen Pkw gibt es in Deutschland, Tendenz steigend. Das bereitet Probleme: Die meisten Autos sto\u00dfen CO2 aus und belasten damit das Klima. Sie sch\u00e4digen die Gesundheit, indem sie Feinstaub und Stickoxide emittieren. Sie stauen sich auf den Stra\u00dfen und beanspruchen Platz zum Parken. Deshalb setzt die Politik auf neue Formen der Mobilit\u00e4t: Carsharing, E-Tretroller, Leihr\u00e4der und Ridepooling-Fahrzeuge, eine Art Sammeltaxis, sollen das Angebot von Bus und Bahn erg\u00e4nzen und immer mehr Menschen davon \u00fcberzeugen, auf das eigene Auto zu verzichten. Doch die Herausforderungen sind gro\u00df. W\u00e4hrend der klassische Nahverkehr \u00fcberwiegend in \u00f6ffentlicher Hand ist, stecken hinter den neuen Mobilit\u00e4tsangeboten oft private Unternehmen. Das erschwert, Angebote integriert zu planen und gemeinsame Tarifsysteme zu organisieren. Hinzu kommt: \u201eAm Stadtrand gibt es meist weder Carsharing noch Ridepooling-Dienste\u201c, sagt Prof. Carsten Gertz, Leiter des TU-Instituts f\u00fcr Verkehrsplanung und Logistik. \u201eDas lohnt sich f\u00fcr private Anbieter oft nicht, sie konzentrieren sich lieber auf die Innenst\u00e4dte.\u201c<br><a href=\"https:\/\/www.tuhh.de\/spektrum\/2404\/#14\">zum Artikel<\/a><\/p>\n\n\n\n<h3 class=\"wp-block-heading\">Haushaltsbefragung im S\u00fcden Hamburgs gestartet. <br>Forschungsprojekt KoGoMo untersucht neue Mobilit\u00e4tsformen in Harburg<\/h3>\n\n\n\n<p><em>22.12.2023 : Artikel auf der Hompage der Beh\u00f6rde f\u00fcr Verkehr und Mobilit\u00e4tswende<\/em><br>Harburger Haushalte werden derzeit zu den neu entstandenen Mobilit\u00e4tsangeboten befragt. Im Rahmen des vom Bundesministerium f\u00fcr Bildung und Forschung gef\u00f6rderten Projekts KoGoMo (St\u00e4rkung der kommunalen Governance f\u00fcr die Umsetzung von neuen Mobilit\u00e4tsangeboten in Kooperation mit privaten Anbietern) werden die neue Mobilit\u00e4tsformen in Hamburgs S\u00fcden untersucht. Neben den bereits aus anderen Stadtbereichen bekannten hvv switch Infrastrukturen steht in Harburg inzwischen ein umfassenderes Carsharing Angebot sowie ein CargoBike zur Leihe bereit. <a href=\"https:\/\/www.hamburg.de\/bvm\/medien\/17985710\/2022-10-05-bvm-partnerschaft\/\">weiterlesen<\/a><\/p>\n\n\n\n<h3 class=\"wp-block-heading\">Neue cambio CarSharing-Station in Harburg<\/h3>\n\n\n\n<p><em>12.10.2023 : Artikel der cambio Homepage<\/em><br>In Hamburg-Harburg er\u00f6ffnet cambio CarSharing in Zusammenarbeit\u00a0mit der Eisenbahnbauverein Harburg eG (EBV) eine CarSharing-Station. Diese befindet sich\u00a0an der Kreuzung Reeseberg und Anzengruberstra\u00dfe und bietet ein ger\u00e4umiges Familienauto\u00a0und ein stadtfreundliches Elektroauto, welches an der Station geladen wird. Vor Ort gibt es\u00a0bereits seit einigen Jahren eine StadtRAD-Station. <a data-type=\"URL\" data-id=\"https:\/\/www.cambio-carsharing.de\/presse\/neue-cambio-carsharing-station-in-harburg\" href=\"https:\/\/www.cambio-carsharing.de\/presse\/neue-cambio-carsharing-station-in-harburg\" target=\"_blank\" rel=\"noreferrer noopener\">weiterlesen<\/a><\/p>\n\n\n\n<h3 class=\"wp-block-heading\">hvv switch erobert Harburg<\/h3>\n\n\n\n<p><em>05.10.2023 : Video auf youtube<\/em><br>Parkplatz finden. Statt Nerven verlieren. Nutzt unsere zehn neuen hvv switch Punkte in Harburg, um dort SIXT share, MILES, SHARE NOW und Cambio Autos zu buchen oder zu parken. <a href=\"https:\/\/www.youtube.com\/watch?v=zD9M4wECBl4\" target=\"_blank\" rel=\"noreferrer noopener\">zum Video<\/a><\/p>\n\n\n\n<h3 class=\"wp-block-heading\">Shared Mobility im S\u00fcden nimmt Fahrt auf &#8211; hvv switch am Rathaus Harburg und Heimfeld<\/h3>\n\n\n\n<p><em>19.04.2023 : Artikel der hochbahn.de<\/em><br>Mehr Carsharing f\u00fcr den Hamburger S\u00fcden. An den S-Bahn-Stationen Rathaus Harburg und Heimfeld finden Reisende ab sofort neue hvv switch-Punkte. Sechs Stellpl\u00e4tze befinden sich in der Stra\u00dfe Am Centrumshaus neben der S-Bahn Rathaus Harburg, vier sind es an der Station Heimfeld am Alten Postweg. Sie stehen exklusiv f\u00fcr die Services von cambio, SIXT share, SHARE NOW und MILES zur Verf\u00fcgung. <a data-type=\"URL\" data-id=\"https:\/\/www.hochbahn.de\/de\/presse\/pressemitteilungen\/shared-mobility-im-sueden-nimmt-fahrt-auf-hvv-switch-am-rathaus-harburg-und-heimfeld-49476\" href=\"https:\/\/www.hochbahn.de\/de\/presse\/pressemitteilungen\/shared-mobility-im-sueden-nimmt-fahrt-auf-hvv-switch-am-rathaus-harburg-und-heimfeld-49476\">weiterlesen<\/a><\/p>\n\n\n\n<h3 class=\"wp-block-heading\">Hamburg Journal | 08.03.2023 | ARD Mediathek<\/h3>\n\n\n\n<p><em>08.03.2023 : Video in der ARD Mediathek<\/em><br>Das Hamburg Journal informiert \u00fcber das \u00f6ffentliche Geschehen, politische Ereignisse und das kulturelle Leben der Stadt. <a data-type=\"URL\" data-id=\"https:\/\/www.ardmediathek.de\/video\/hamburg-journal\/hamburg-journal-oder-08-03-2023\/ndr\/Y3JpZDovL25kci5kZS9wcm9wbGFuXzE5NjMzODA3NV9nYW56ZVNlbmR1bmc\" href=\"https:\/\/www.ardmediathek.de\/video\/hamburg-journal\/hamburg-journal-oder-08-03-2023\/ndr\/Y3JpZDovL25kci5kZS9wcm9wbGFuXzE5NjMzODA3NV9nYW56ZVNlbmR1bmc\" target=\"_blank\" rel=\"noreferrer noopener\">zum Video<\/a><\/p>\n\n\n\n<h3 class=\"wp-block-heading\">CargoBike f\u00fcr den Bezirk Harburg &#8211; hamburg.de <\/h3>\n\n\n\n<p><em>02.03.2023 : Artikel des Bezirks Harburg<\/em><br>Interessierte Harburger:innen k\u00f6nnen sich ab Montag, 6. M\u00e4rz das CargoBike des Bezirksamtes Harburg f\u00fcr den privaten und gewerblichen Gebrauch gegen einen Preis von 1 Euro pro Stunde ausleihen. Gewartet und ausgeliehen wird das CargoBike vom Mobilit\u00e4tspartner dem Fahrradgesch\u00e4ft &#8222;Bakkie&#8220; in der Knoopstra\u00dfe 5. <a data-type=\"URL\" data-id=\"https:\/\/www.hamburg.de\/harburg\/pressemeldungen\/16955672\/cargo-bike-geht-an-den-start\/\" href=\"https:\/\/www.hamburg.de\/harburg\/pressemeldungen\/16955672\/cargo-bike-geht-an-den-start\/\" target=\"_blank\" rel=\"noreferrer noopener\">weiterlesen<\/a><\/p>\n\n\n\n<h3 class=\"wp-block-heading\">Mehr Shared Mobility f\u00fcr Harburg<\/h3>\n\n\n\n<p><em>22.12.2022 : Artikel der hochbahn.de<\/em><br>P\u00fcnktlich zum Weihnachtsfest k\u00f6nnen sich Harburgerinnen und Harburger \u00fcber zwei neue hvv switch-Punkte in der Max-Halbe-Stra\u00dfe und am Lohmannsweg freuen. F\u00fcr die Services von SIXT share und Miles stehen Nutzer*innen hier ab dem 24. Dezember jeweils vier Stellpl\u00e4tze zur Verf\u00fcgung. Mit den neuen Mobilit\u00e4tspunkten weiten die Anbieter ihre Bediengebiete erneut aus. <a data-type=\"URL\" data-id=\"https:\/\/www.hochbahn.de\/de\/presse\/pressemitteilungen\/mehr-shared-mobility-fuer-harburg-42444\" href=\"https:\/\/www.hochbahn.de\/de\/presse\/pressemitteilungen\/mehr-shared-mobility-fuer-harburg-42444\">weiterlesen<\/a><\/p>\n\n\n\n<h3 class=\"wp-block-heading\">Harburg: Mehr Carsharing-Stationen und neuer Shuttledienst | NDR.de &#8211; Nachrichten &#8211; Hamburg<\/h3>\n\n\n\n<p><em>08.12.2022 : Artikel auf ndr.de<\/em><br>Wie sollen neue Mobilit\u00e4tsangebote im Bezirk Harburg aussehen? Mit dieser Frage besch\u00e4ftigt sich derzeit ein Forschungsprojekt. Am Mittwochabend konnten sich B\u00fcrgerinnen und B\u00fcrger in der Technischen Universit\u00e4t Hamburg dar\u00fcber informieren. <a data-type=\"URL\" data-id=\"https:\/\/www.ndr.de\/nachrichten\/hamburg\/Harburg-Mehr-Carsharing-Stationen-und-neuer-Shuttledienst,harburg896.html\" href=\"https:\/\/www.ndr.de\/nachrichten\/hamburg\/Harburg-Mehr-Carsharing-Stationen-und-neuer-Shuttledienst,harburg896.html\" target=\"_blank\" rel=\"noreferrer noopener\">weiterlesen<\/a><\/p>\n\n\n\n<h3 class=\"wp-block-heading\">Neue Mobilit\u00e4t in Harburg: Projekt KoGoMo &#8211; hamburg.de<\/h3>\n\n\n\n<p><em>22.11.2022 : Artikel des Bezirks Harburg<\/em><br>Am Mittwoch, 7. Dezember 2022 informieren das Bezirksamt Harburg, die Beh\u00f6rde f\u00fcr Verkehr und Mobilit\u00e4tswende und die TU Hamburg interessierte B\u00fcrger:innen \u00fcber das Forschungsprojekt KoGoMo. <a data-type=\"URL\" data-id=\"https:\/\/www.hamburg.de\/harburg\/pressemeldungen\/16705308\/informationsveranstaltung-projekt-kogomo\/\" href=\"https:\/\/www.hamburg.de\/harburg\/pressemeldungen\/16705308\/informationsveranstaltung-projekt-kogomo\/\" target=\"_blank\" rel=\"noreferrer noopener\">weiterlesen<\/a><\/p>\n\n\n\n<h3 class=\"wp-block-heading\">Reallabor soll kommunale Mobilit\u00e4t st\u00e4rken &#8211;<br>Forschungsprojekt \u201eKoGoMo\u201c erprobt neue Mobilit\u00e4tsangebote f\u00fcr Harburg<\/h3>\n\n\n\n<p><em>10.10.2022 : Artikel der TU Hamburg<\/em><br>\u201eKoGoMo\u201c \u2013 das steht f\u00fcr die \u201eSt\u00e4rkung der kommunalen Governance f\u00fcr die Umsetzung von neuen Mobilit\u00e4tsangeboten\u201c. Das gleichnamige Forschungsprojekt KoGoMo implementiert und untersucht unter der Koordination der Beh\u00f6rde f\u00fcr Verkehr und Mobilit\u00e4tswende (BVM) neue Mobilit\u00e4tsformen im Rahmen eines Reallabors im Bezirk Harburg, mit Fokus auf Bereiche au\u00dferhalb des Kerngebiets. Zusammen mit den Verbundpartnern der Technischen Universit\u00e4t Hamburg, dem Bezirksamt Harburg, der Hamburger Hochbahn, cambio CarSharing, MOIA, sowie weiteren assoziierten Partnern wurde daf\u00fcr eine neue Projektarbeitsgruppe gegr\u00fcndet. Ziel ist es, neue und bedarfsgerechte Mobilit\u00e4tsangebote zu implementieren, zu analysieren und zu verstetigen, um die Mobilit\u00e4t im l\u00e4ndlichen Gebiet des Bezirks zu verbessern, neue Mobilit\u00e4tsoptionen zu bieten und an die vorhandenen Mobilit\u00e4tsbed\u00fcrfnisse anzupassen. Die Projektarbeitsgruppe b\u00fcndelt unterschiedliche lokale und fachliche Expertisen und soll \u00fcber die Projektlaufzeit hinaus bestehen. Gef\u00f6rdert wird das Projekt vom Bundesministerium f\u00fcr Bildung und Forschung (BMBF). <a href=\"https:\/\/intranet.tuhh.de\/presse\/pressemitteilung_einzeln.php?id=14130&amp;Lang=de\" target=\"_blank\" rel=\"noreferrer noopener\">weiterlesen<\/a><\/p>\n","protected":false},"excerpt":{"rendered":"<p>Mehr Mobilit\u00e4t am Stadtrand 18.04.2024 : Artikel im spektrum &#8211; Das Magazin der Technischen Universit\u00e4t Hamburg (01\/24)Das Projekt KoGoMo erprobt ein nachhaltiges VerkehrskonzeptWie lassen sich Bus und Bahn mit privaten Anbietern vor Ort zusammenbringen, um den B\u00fcrger*innen n\u00fctzliche Angebote zu machen? Das untersucht ein TU-Projekt in der direkten Nachbarschaft der Universit\u00e4t in Harburg.49 Millionen Pkw &hellip; <a href=\"https:\/\/www3.tuhh.de\/vpl\/kogomo\/presse\/\" class=\"more-link\"><span class=\"screen-reader-text\">Presse<\/span> weiterlesen <span class=\"meta-nav\">&rarr;<\/span><\/a><\/p>\n","protected":false},"author":1,"featured_media":0,"parent":0,"menu_order":0,"comment_status":"closed","ping_status":"closed","template":"","meta":{"footnotes":""},"class_list":["post-192","page","type-page","status-publish","hentry"],"yoast_head":"<!-- This site is optimized with the Yoast SEO plugin v26.9 - https:\/\/yoast.com\/product\/yoast-seo-wordpress\/ -->\n<title>Presse - KoGoMo<\/title>\n<meta name=\"robots\" content=\"index, follow, max-snippet:-1, max-image-preview:large, max-video-preview:-1\" \/>\n<link rel=\"canonical\" href=\"https:\/\/www3.tuhh.de\/vpl\/kogomo\/presse\/\" \/>\n<meta property=\"og:locale\" content=\"de_DE\" \/>\n<meta property=\"og:type\" content=\"article\" \/>\n<meta property=\"og:title\" content=\"Presse - KoGoMo\" \/>\n<meta property=\"og:description\" content=\"Mehr Mobilit\u00e4t am Stadtrand 18.04.2024 : Artikel im spektrum &#8211; Das Magazin der Technischen Universit\u00e4t Hamburg (01\/24)Das Projekt KoGoMo erprobt ein nachhaltiges VerkehrskonzeptWie lassen sich Bus und Bahn mit privaten Anbietern vor Ort zusammenbringen, um den B\u00fcrger*innen n\u00fctzliche Angebote zu machen? Das untersucht ein TU-Projekt in der direkten Nachbarschaft der Universit\u00e4t in Harburg.49 Millionen Pkw &hellip; Presse weiterlesen &rarr;\" \/>\n<meta property=\"og:url\" content=\"https:\/\/www3.tuhh.de\/vpl\/kogomo\/presse\/\" \/>\n<meta property=\"og:site_name\" content=\"KoGoMo\" \/>\n<meta property=\"article:modified_time\" content=\"2024-05-06T11:07:26+00:00\" \/>\n<meta name=\"twitter:card\" content=\"summary_large_image\" \/>\n<meta name=\"twitter:label1\" content=\"Gesch\u00e4tzte Lesezeit\" \/>\n\t<meta name=\"twitter:data1\" content=\"5\u00a0Minuten\" \/>\n<script type=\"application\/ld+json\" class=\"yoast-schema-graph\">{\"@context\":\"https:\/\/schema.org\",\"@graph\":[{\"@type\":\"WebPage\",\"@id\":\"https:\/\/www3.tuhh.de\/vpl\/kogomo\/presse\/\",\"url\":\"https:\/\/www3.tuhh.de\/vpl\/kogomo\/presse\/\",\"name\":\"Presse - KoGoMo\",\"isPartOf\":{\"@id\":\"https:\/\/www3.tuhh.de\/vpl\/kogomo\/#website\"},\"datePublished\":\"2022-04-21T14:23:29+00:00\",\"dateModified\":\"2024-05-06T11:07:26+00:00\",\"breadcrumb\":{\"@id\":\"https:\/\/www3.tuhh.de\/vpl\/kogomo\/presse\/#breadcrumb\"},\"inLanguage\":\"de\",\"potentialAction\":[{\"@type\":\"ReadAction\",\"target\":[\"https:\/\/www3.tuhh.de\/vpl\/kogomo\/presse\/\"]}]},{\"@type\":\"BreadcrumbList\",\"@id\":\"https:\/\/www3.tuhh.de\/vpl\/kogomo\/presse\/#breadcrumb\",\"itemListElement\":[{\"@type\":\"ListItem\",\"position\":1,\"name\":\"Startseite\",\"item\":\"https:\/\/www3.tuhh.de\/vpl\/kogomo\/\"},{\"@type\":\"ListItem\",\"position\":2,\"name\":\"Presse\"}]},{\"@type\":\"WebSite\",\"@id\":\"https:\/\/www3.tuhh.de\/vpl\/kogomo\/#website\",\"url\":\"https:\/\/www3.tuhh.de\/vpl\/kogomo\/\",\"name\":\"KoGoMo\",\"description\":\"St\u00e4rkung der kommunalen Governance f\u00fcr die Umsetzung von neuen Mobilit\u00e4tsangeboten in Kooperation mit privaten Anbietern\",\"potentialAction\":[{\"@type\":\"SearchAction\",\"target\":{\"@type\":\"EntryPoint\",\"urlTemplate\":\"https:\/\/www3.tuhh.de\/vpl\/kogomo\/?s={search_term_string}\"},\"query-input\":{\"@type\":\"PropertyValueSpecification\",\"valueRequired\":true,\"valueName\":\"search_term_string\"}}],\"inLanguage\":\"de\"}]}<\/script>\n<!-- \/ Yoast SEO plugin. -->","yoast_head_json":{"title":"Presse - KoGoMo","robots":{"index":"index","follow":"follow","max-snippet":"max-snippet:-1","max-image-preview":"max-image-preview:large","max-video-preview":"max-video-preview:-1"},"canonical":"https:\/\/www3.tuhh.de\/vpl\/kogomo\/presse\/","og_locale":"de_DE","og_type":"article","og_title":"Presse - KoGoMo","og_description":"Mehr Mobilit\u00e4t am Stadtrand 18.04.2024 : Artikel im spektrum &#8211; Das Magazin der Technischen Universit\u00e4t Hamburg (01\/24)Das Projekt KoGoMo erprobt ein nachhaltiges VerkehrskonzeptWie lassen sich Bus und Bahn mit privaten Anbietern vor Ort zusammenbringen, um den B\u00fcrger*innen n\u00fctzliche Angebote zu machen? Das untersucht ein TU-Projekt in der direkten Nachbarschaft der Universit\u00e4t in Harburg.49 Millionen Pkw &hellip; Presse weiterlesen &rarr;","og_url":"https:\/\/www3.tuhh.de\/vpl\/kogomo\/presse\/","og_site_name":"KoGoMo","article_modified_time":"2024-05-06T11:07:26+00:00","twitter_card":"summary_large_image","twitter_misc":{"Gesch\u00e4tzte Lesezeit":"5\u00a0Minuten"},"schema":{"@context":"https:\/\/schema.org","@graph":[{"@type":"WebPage","@id":"https:\/\/www3.tuhh.de\/vpl\/kogomo\/presse\/","url":"https:\/\/www3.tuhh.de\/vpl\/kogomo\/presse\/","name":"Presse - KoGoMo","isPartOf":{"@id":"https:\/\/www3.tuhh.de\/vpl\/kogomo\/#website"},"datePublished":"2022-04-21T14:23:29+00:00","dateModified":"2024-05-06T11:07:26+00:00","breadcrumb":{"@id":"https:\/\/www3.tuhh.de\/vpl\/kogomo\/presse\/#breadcrumb"},"inLanguage":"de","potentialAction":[{"@type":"ReadAction","target":["https:\/\/www3.tuhh.de\/vpl\/kogomo\/presse\/"]}]},{"@type":"BreadcrumbList","@id":"https:\/\/www3.tuhh.de\/vpl\/kogomo\/presse\/#breadcrumb","itemListElement":[{"@type":"ListItem","position":1,"name":"Startseite","item":"https:\/\/www3.tuhh.de\/vpl\/kogomo\/"},{"@type":"ListItem","position":2,"name":"Presse"}]},{"@type":"WebSite","@id":"https:\/\/www3.tuhh.de\/vpl\/kogomo\/#website","url":"https:\/\/www3.tuhh.de\/vpl\/kogomo\/","name":"KoGoMo","description":"St\u00e4rkung der kommunalen Governance f\u00fcr die Umsetzung von neuen Mobilit\u00e4tsangeboten in Kooperation mit privaten Anbietern","potentialAction":[{"@type":"SearchAction","target":{"@type":"EntryPoint","urlTemplate":"https:\/\/www3.tuhh.de\/vpl\/kogomo\/?s={search_term_string}"},"query-input":{"@type":"PropertyValueSpecification","valueRequired":true,"valueName":"search_term_string"}}],"inLanguage":"de"}]}},"_links":{"self":[{"href":"https:\/\/www3.tuhh.de\/vpl\/kogomo\/wp-json\/wp\/v2\/pages\/192","targetHints":{"allow":["GET"]}}],"collection":[{"href":"https:\/\/www3.tuhh.de\/vpl\/kogomo\/wp-json\/wp\/v2\/pages"}],"about":[{"href":"https:\/\/www3.tuhh.de\/vpl\/kogomo\/wp-json\/wp\/v2\/types\/page"}],"author":[{"embeddable":true,"href":"https:\/\/www3.tuhh.de\/vpl\/kogomo\/wp-json\/wp\/v2\/users\/1"}],"replies":[{"embeddable":true,"href":"https:\/\/www3.tuhh.de\/vpl\/kogomo\/wp-json\/wp\/v2\/comments?post=192"}],"version-history":[{"count":14,"href":"https:\/\/www3.tuhh.de\/vpl\/kogomo\/wp-json\/wp\/v2\/pages\/192\/revisions"}],"predecessor-version":[{"id":348,"href":"https:\/\/www3.tuhh.de\/vpl\/kogomo\/wp-json\/wp\/v2\/pages\/192\/revisions\/348"}],"wp:attachment":[{"href":"https:\/\/www3.tuhh.de\/vpl\/kogomo\/wp-json\/wp\/v2\/media?parent=192"}],"curies":[{"name":"wp","href":"https:\/\/api.w.org\/{rel}","templated":true}]}}