{"id":28,"date":"2021-09-20T13:07:41","date_gmt":"2021-09-20T11:07:41","guid":{"rendered":"https:\/\/www2.tuhh.de\/kogomo\/?page_id=28"},"modified":"2026-02-10T13:36:23","modified_gmt":"2026-02-10T12:36:23","slug":"publikationen","status":"publish","type":"page","link":"https:\/\/www3.tuhh.de\/vpl\/kogomo\/publikationen\/","title":{"rendered":"Ergebnisse"},"content":{"rendered":"\n<div class=\"wp-block-media-text alignwide is-stacked-on-mobile has-beige-background-color has-background\" style=\"grid-template-columns:15% auto\"><figure class=\"wp-block-media-text__media\"><img loading=\"lazy\" decoding=\"async\" width=\"1811\" height=\"2560\" src=\"https:\/\/www3.tuhh.de\/vpl\/kogomo\/wp-content\/uploads\/sites\/4\/2025\/12\/Schlussbericht_KoGoMo_II_Seite_03-scaled.png\" alt=\"Cover der Publikation: Schlussbericht KoGoMo Phase II\" class=\"wp-image-409 size-full\" srcset=\"https:\/\/www3.tuhh.de\/vpl\/kogomo\/wp-content\/uploads\/sites\/4\/2025\/12\/Schlussbericht_KoGoMo_II_Seite_03-scaled.png 1811w, https:\/\/www3.tuhh.de\/vpl\/kogomo\/wp-content\/uploads\/sites\/4\/2025\/12\/Schlussbericht_KoGoMo_II_Seite_03-212x300.png 212w, https:\/\/www3.tuhh.de\/vpl\/kogomo\/wp-content\/uploads\/sites\/4\/2025\/12\/Schlussbericht_KoGoMo_II_Seite_03-724x1024.png 724w, https:\/\/www3.tuhh.de\/vpl\/kogomo\/wp-content\/uploads\/sites\/4\/2025\/12\/Schlussbericht_KoGoMo_II_Seite_03-768x1086.png 768w, https:\/\/www3.tuhh.de\/vpl\/kogomo\/wp-content\/uploads\/sites\/4\/2025\/12\/Schlussbericht_KoGoMo_II_Seite_03-1086x1536.png 1086w, https:\/\/www3.tuhh.de\/vpl\/kogomo\/wp-content\/uploads\/sites\/4\/2025\/12\/Schlussbericht_KoGoMo_II_Seite_03-1449x2048.png 1449w\" sizes=\"auto, (max-width: 1811px) 100vw, 1811px\" \/><\/figure><div class=\"wp-block-media-text__content\">\n<h2 class=\"wp-block-heading has-medium-font-size\">KoGoMo Phase II Schlussbericht. <br>St\u00e4rkung der kommunalen Governance f\u00fcr die Umsetzung von neuen Mobilit\u00e4tsangeboten in Kooperation mit privaten Anbietern<\/h2>\n\n\n\n<p><strong>Ein Projekt der F\u00f6rderma\u00dfnahme \u201eMobilit\u00e4tsWerkStadt 2025\u201c <\/strong><br><strong>F\u00f6rderkennzeichen 01UV2122A-E; <\/strong><br><strong>Laufzeit: 01.08.2021-31.07.2024<\/strong><br>Research Report 2025<\/p>\n\n\n\n<p>Das Projekt KoGoMo zielt darauf ab, die kommunale Steuerungsf\u00e4higkeit gegen\u00fcber privatwirtschaftlichen Sharing- und Mobilit\u00e4tsanbietern zu st\u00e4rken und Kooperationen zu f\u00f6rdern, um nachhaltige Mobilit\u00e4tsangebote in st\u00e4dtischen R\u00e4umen zu etablieren. Im Rahmen eines Reallabors im Hamburger Bezirk Harburg wurden verschiedene neue Mobilit\u00e4tsprodukte erfolgreich implementiert. Dazu z\u00e4hlt der Ausbau des Carsharing-Angebots in Zusammenarbeit mit der Hochbahn, wobei 13 hvv switch-Mobilit\u00e4tspunkte eingerichtet wurden, die auch stationsunabh\u00e4ngige Carsharing-Anbieter bedienen. Erg\u00e4nzend wurden Pilotprojekte mit den Anbietern Cambio und Dorfstromer f\u00fcr stationsbasiertes Carsharing mit einer Mindestumsatzgarantie initiiert, um die Wirtschaftlichkeit in der Anfangsphase zu sichern. Zudem wurde ein Cargobike-Verleih mit stundenweiser Ausleihe in der Harburger Innenstadt etabliert, dessen Nutzerstruktur durch die TUHH evaluiert wurde. Ein On-Demand-Dienst von hvv hop wurde ebenfalls eingef\u00fchrt, w\u00e4hrend Simulationen f\u00fcr einen MOIA Ridepooling-Service zeigten, dass dieser im Gebiet nicht realisierbar ist. Die enge Zusammenarbeit zwischen Bezirksamt Harburg, TUHH und der Beh\u00f6rde f\u00fcr Verkehr und Mobilit\u00e4tswende erm\u00f6glichte eine strukturierte und beschleunigte Standortplanung und den sukzessiven Ausbau der Mobilit\u00e4tsangebote. Die im Projekt entwickelten Angebote werden \u00fcber die Projektlaufzeit hinaus fortgef\u00fchrt und haben positive Resonanz in der Bev\u00f6lkerung erfahren, auch wenn sich das Mobilit\u00e4tsverhalten bislang noch nicht signifikant ver\u00e4ndert hat. Die gewonnenen Erkenntnisse flie\u00dfen in eine Governance-Strategie ein, die als Leitfaden f\u00fcr andere Bezirke und Kommunen dienen soll, um die Einf\u00fchrung nachhaltiger Mobilit\u00e4tsangebote zu erleichtern und die Projekterfolge zu \u00fcbertragen.<\/p>\n\n\n\n<p>zum Bericht auf TUHH Open Research (TORE), <br>ein Service der Universit\u00e4tsbibliothek der Technischen Universit\u00e4t Hamburg:<br><a href=\"https:\/\/hdl.handle.net\/11420\/60344\" target=\"_blank\" rel=\"noreferrer noopener\">https:\/\/hdl.handle.net\/11420\/60344<\/a><br><\/p>\n<\/div><\/div>\n\n\n\n<div class=\"wp-block-media-text alignwide is-stacked-on-mobile\" style=\"grid-template-columns:15% auto\"><figure class=\"wp-block-media-text__media\"><img loading=\"lazy\" decoding=\"async\" width=\"141\" height=\"200\" src=\"http:\/\/www3.tuhh.de\/vpl\/kogomo\/wp-content\/uploads\/sites\/4\/2022\/04\/werkstattbericht_wp56_kogomo_tuhh_final.pdf.jpg\" alt=\"Cover des ECTL Working Paper Band 56\" class=\"wp-image-175 size-full\"\/><\/figure><div class=\"wp-block-media-text__content\">\n<h2 class=\"wp-block-heading has-medium-font-size\">Neue Mobilit\u00e4tsangebote als Teil der kommunalen Mobilit\u00e4tslandschaft: Grundlagen f\u00fcr die kooperative Zusammenarbeit der Akteure<\/h2>\n\n\n\n<p><strong>1. Werkstattbericht aus dem Projekt KoGoMo mit Ergebnissen der Projektphase I.<\/strong><br>ECTL Working Paper, Band 56<\/p>\n\n\n\n<p>Das Spannungsfeld zwischen privaten Anbietern, kommunalen Zielen und einem aus der Perspektive von Nutzerinnen und Nutzern optimierten Mobilit\u00e4tsangebot ist das Thema des BMBF-gef\u00f6rderten Forschungsprojektes \u201eSt\u00e4rkung der kommunalen Governance f\u00fcr die Umsetzung von neuen Mobilit\u00e4tsangeboten in Kooperation mit privaten Anbietern\u201c (Projektakronym: KoGoMo). Das Projekt geht davon aus, dass Kommunen eine zentrale und aktive Rolle bei der sozial-\u00f6kologischen Gestaltung und Diffusion der privatwirtschaftlichen Angebote der Neuen Mobilit\u00e4t einnehmen k\u00f6nnen und sollen. Das zentrale Ziel des Projektes ist es daher, die kommunale Steuerungsf\u00e4higkeit gegen\u00fcber privatwirtschaftlichen Mobilit\u00e4tsanbietern zu st\u00e4rken sowie Kooperationen mit ihnen zu f\u00f6rdern, um leichter auf eine Mobilit\u00e4tslandschaft hinwirken zu k\u00f6nnen, die den Nachhaltigkeitszielen entspricht.<\/p>\n\n\n\n<p>zum Bericht auf TUHH Open Research (TORE), <br>ein Service der Universit\u00e4tsbibliothek der Technischen Universit\u00e4t Hamburg:<br>Zitierlink: <a href=\"https:\/\/doi.org\/10.15480\/882.4245\">https:\/\/doi.org\/10.15480\/882.4245<\/a><\/p>\n<\/div><\/div>\n\n\n\n<p><\/p>\n","protected":false},"excerpt":{"rendered":"<p>KoGoMo Phase II Schlussbericht. St\u00e4rkung der kommunalen Governance f\u00fcr die Umsetzung von neuen Mobilit\u00e4tsangeboten in Kooperation mit privaten Anbietern Ein Projekt der F\u00f6rderma\u00dfnahme \u201eMobilit\u00e4tsWerkStadt 2025\u201c F\u00f6rderkennzeichen 01UV2122A-E; Laufzeit: 01.08.2021-31.07.2024Research Report 2025 Das Projekt KoGoMo zielt darauf ab, die kommunale Steuerungsf\u00e4higkeit gegen\u00fcber privatwirtschaftlichen Sharing- und Mobilit\u00e4tsanbietern zu st\u00e4rken und Kooperationen zu f\u00f6rdern, um nachhaltige Mobilit\u00e4tsangebote in &hellip; <a href=\"https:\/\/www3.tuhh.de\/vpl\/kogomo\/publikationen\/\" class=\"more-link\"><span class=\"screen-reader-text\">Ergebnisse<\/span> weiterlesen <span class=\"meta-nav\">&rarr;<\/span><\/a><\/p>\n","protected":false},"author":1,"featured_media":0,"parent":0,"menu_order":0,"comment_status":"closed","ping_status":"closed","template":"","meta":{"footnotes":""},"class_list":["post-28","page","type-page","status-publish","hentry"],"yoast_head":"<!-- This site is optimized with the Yoast SEO plugin v26.9 - https:\/\/yoast.com\/product\/yoast-seo-wordpress\/ -->\n<title>Ergebnisse - KoGoMo<\/title>\n<meta name=\"robots\" content=\"index, follow, max-snippet:-1, max-image-preview:large, max-video-preview:-1\" \/>\n<link rel=\"canonical\" href=\"https:\/\/www3.tuhh.de\/vpl\/kogomo\/publikationen\/\" \/>\n<meta property=\"og:locale\" content=\"de_DE\" \/>\n<meta property=\"og:type\" content=\"article\" \/>\n<meta property=\"og:title\" content=\"Ergebnisse - KoGoMo\" \/>\n<meta property=\"og:description\" content=\"KoGoMo Phase II Schlussbericht. St\u00e4rkung der kommunalen Governance f\u00fcr die Umsetzung von neuen Mobilit\u00e4tsangeboten in Kooperation mit privaten Anbietern Ein Projekt der F\u00f6rderma\u00dfnahme \u201eMobilit\u00e4tsWerkStadt 2025\u201c F\u00f6rderkennzeichen 01UV2122A-E; Laufzeit: 01.08.2021-31.07.2024Research Report 2025 Das Projekt KoGoMo zielt darauf ab, die kommunale Steuerungsf\u00e4higkeit gegen\u00fcber privatwirtschaftlichen Sharing- und Mobilit\u00e4tsanbietern zu st\u00e4rken und Kooperationen zu f\u00f6rdern, um nachhaltige Mobilit\u00e4tsangebote in &hellip; Ergebnisse weiterlesen &rarr;\" \/>\n<meta property=\"og:url\" content=\"https:\/\/www3.tuhh.de\/vpl\/kogomo\/publikationen\/\" \/>\n<meta property=\"og:site_name\" content=\"KoGoMo\" \/>\n<meta property=\"article:modified_time\" content=\"2026-02-10T12:36:23+00:00\" \/>\n<meta property=\"og:image\" content=\"https:\/\/www3.tuhh.de\/vpl\/kogomo\/wp-content\/uploads\/sites\/4\/2025\/12\/Schlussbericht_KoGoMo_II_Seite_03-scaled.png\" \/>\n\t<meta property=\"og:image:width\" content=\"1811\" \/>\n\t<meta property=\"og:image:height\" content=\"2560\" \/>\n\t<meta property=\"og:image:type\" content=\"image\/png\" \/>\n<meta name=\"twitter:card\" content=\"summary_large_image\" \/>\n<meta name=\"twitter:label1\" content=\"Gesch\u00e4tzte Lesezeit\" \/>\n\t<meta name=\"twitter:data1\" content=\"3\u00a0Minuten\" \/>\n<script type=\"application\/ld+json\" class=\"yoast-schema-graph\">{\"@context\":\"https:\/\/schema.org\",\"@graph\":[{\"@type\":\"WebPage\",\"@id\":\"https:\/\/www3.tuhh.de\/vpl\/kogomo\/publikationen\/\",\"url\":\"https:\/\/www3.tuhh.de\/vpl\/kogomo\/publikationen\/\",\"name\":\"Ergebnisse - KoGoMo\",\"isPartOf\":{\"@id\":\"https:\/\/www3.tuhh.de\/vpl\/kogomo\/#website\"},\"primaryImageOfPage\":{\"@id\":\"https:\/\/www3.tuhh.de\/vpl\/kogomo\/publikationen\/#primaryimage\"},\"image\":{\"@id\":\"https:\/\/www3.tuhh.de\/vpl\/kogomo\/publikationen\/#primaryimage\"},\"thumbnailUrl\":\"https:\/\/www3.tuhh.de\/vpl\/kogomo\/wp-content\/uploads\/sites\/4\/2025\/12\/Schlussbericht_KoGoMo_II_Seite_03-scaled.png\",\"datePublished\":\"2021-09-20T11:07:41+00:00\",\"dateModified\":\"2026-02-10T12:36:23+00:00\",\"breadcrumb\":{\"@id\":\"https:\/\/www3.tuhh.de\/vpl\/kogomo\/publikationen\/#breadcrumb\"},\"inLanguage\":\"de\",\"potentialAction\":[{\"@type\":\"ReadAction\",\"target\":[\"https:\/\/www3.tuhh.de\/vpl\/kogomo\/publikationen\/\"]}]},{\"@type\":\"ImageObject\",\"inLanguage\":\"de\",\"@id\":\"https:\/\/www3.tuhh.de\/vpl\/kogomo\/publikationen\/#primaryimage\",\"url\":\"https:\/\/www3.tuhh.de\/vpl\/kogomo\/wp-content\/uploads\/sites\/4\/2025\/12\/Schlussbericht_KoGoMo_II_Seite_03-scaled.png\",\"contentUrl\":\"https:\/\/www3.tuhh.de\/vpl\/kogomo\/wp-content\/uploads\/sites\/4\/2025\/12\/Schlussbericht_KoGoMo_II_Seite_03-scaled.png\",\"width\":1811,\"height\":2560,\"caption\":\"Cover der Publikation: Schlussbericht KoGoMo Phase II\"},{\"@type\":\"BreadcrumbList\",\"@id\":\"https:\/\/www3.tuhh.de\/vpl\/kogomo\/publikationen\/#breadcrumb\",\"itemListElement\":[{\"@type\":\"ListItem\",\"position\":1,\"name\":\"Startseite\",\"item\":\"https:\/\/www3.tuhh.de\/vpl\/kogomo\/\"},{\"@type\":\"ListItem\",\"position\":2,\"name\":\"Ergebnisse\"}]},{\"@type\":\"WebSite\",\"@id\":\"https:\/\/www3.tuhh.de\/vpl\/kogomo\/#website\",\"url\":\"https:\/\/www3.tuhh.de\/vpl\/kogomo\/\",\"name\":\"KoGoMo\",\"description\":\"St\u00e4rkung der kommunalen Governance f\u00fcr die Umsetzung von neuen Mobilit\u00e4tsangeboten in Kooperation mit privaten Anbietern\",\"potentialAction\":[{\"@type\":\"SearchAction\",\"target\":{\"@type\":\"EntryPoint\",\"urlTemplate\":\"https:\/\/www3.tuhh.de\/vpl\/kogomo\/?s={search_term_string}\"},\"query-input\":{\"@type\":\"PropertyValueSpecification\",\"valueRequired\":true,\"valueName\":\"search_term_string\"}}],\"inLanguage\":\"de\"}]}<\/script>\n<!-- \/ Yoast SEO plugin. -->","yoast_head_json":{"title":"Ergebnisse - KoGoMo","robots":{"index":"index","follow":"follow","max-snippet":"max-snippet:-1","max-image-preview":"max-image-preview:large","max-video-preview":"max-video-preview:-1"},"canonical":"https:\/\/www3.tuhh.de\/vpl\/kogomo\/publikationen\/","og_locale":"de_DE","og_type":"article","og_title":"Ergebnisse - KoGoMo","og_description":"KoGoMo Phase II Schlussbericht. St\u00e4rkung der kommunalen Governance f\u00fcr die Umsetzung von neuen Mobilit\u00e4tsangeboten in Kooperation mit privaten Anbietern Ein Projekt der F\u00f6rderma\u00dfnahme \u201eMobilit\u00e4tsWerkStadt 2025\u201c F\u00f6rderkennzeichen 01UV2122A-E; Laufzeit: 01.08.2021-31.07.2024Research Report 2025 Das Projekt KoGoMo zielt darauf ab, die kommunale Steuerungsf\u00e4higkeit gegen\u00fcber privatwirtschaftlichen Sharing- und Mobilit\u00e4tsanbietern zu st\u00e4rken und Kooperationen zu f\u00f6rdern, um nachhaltige Mobilit\u00e4tsangebote in &hellip; Ergebnisse weiterlesen &rarr;","og_url":"https:\/\/www3.tuhh.de\/vpl\/kogomo\/publikationen\/","og_site_name":"KoGoMo","article_modified_time":"2026-02-10T12:36:23+00:00","og_image":[{"width":1811,"height":2560,"url":"https:\/\/www3.tuhh.de\/vpl\/kogomo\/wp-content\/uploads\/sites\/4\/2025\/12\/Schlussbericht_KoGoMo_II_Seite_03-scaled.png","type":"image\/png"}],"twitter_card":"summary_large_image","twitter_misc":{"Gesch\u00e4tzte Lesezeit":"3\u00a0Minuten"},"schema":{"@context":"https:\/\/schema.org","@graph":[{"@type":"WebPage","@id":"https:\/\/www3.tuhh.de\/vpl\/kogomo\/publikationen\/","url":"https:\/\/www3.tuhh.de\/vpl\/kogomo\/publikationen\/","name":"Ergebnisse - KoGoMo","isPartOf":{"@id":"https:\/\/www3.tuhh.de\/vpl\/kogomo\/#website"},"primaryImageOfPage":{"@id":"https:\/\/www3.tuhh.de\/vpl\/kogomo\/publikationen\/#primaryimage"},"image":{"@id":"https:\/\/www3.tuhh.de\/vpl\/kogomo\/publikationen\/#primaryimage"},"thumbnailUrl":"https:\/\/www3.tuhh.de\/vpl\/kogomo\/wp-content\/uploads\/sites\/4\/2025\/12\/Schlussbericht_KoGoMo_II_Seite_03-scaled.png","datePublished":"2021-09-20T11:07:41+00:00","dateModified":"2026-02-10T12:36:23+00:00","breadcrumb":{"@id":"https:\/\/www3.tuhh.de\/vpl\/kogomo\/publikationen\/#breadcrumb"},"inLanguage":"de","potentialAction":[{"@type":"ReadAction","target":["https:\/\/www3.tuhh.de\/vpl\/kogomo\/publikationen\/"]}]},{"@type":"ImageObject","inLanguage":"de","@id":"https:\/\/www3.tuhh.de\/vpl\/kogomo\/publikationen\/#primaryimage","url":"https:\/\/www3.tuhh.de\/vpl\/kogomo\/wp-content\/uploads\/sites\/4\/2025\/12\/Schlussbericht_KoGoMo_II_Seite_03-scaled.png","contentUrl":"https:\/\/www3.tuhh.de\/vpl\/kogomo\/wp-content\/uploads\/sites\/4\/2025\/12\/Schlussbericht_KoGoMo_II_Seite_03-scaled.png","width":1811,"height":2560,"caption":"Cover der Publikation: Schlussbericht KoGoMo Phase II"},{"@type":"BreadcrumbList","@id":"https:\/\/www3.tuhh.de\/vpl\/kogomo\/publikationen\/#breadcrumb","itemListElement":[{"@type":"ListItem","position":1,"name":"Startseite","item":"https:\/\/www3.tuhh.de\/vpl\/kogomo\/"},{"@type":"ListItem","position":2,"name":"Ergebnisse"}]},{"@type":"WebSite","@id":"https:\/\/www3.tuhh.de\/vpl\/kogomo\/#website","url":"https:\/\/www3.tuhh.de\/vpl\/kogomo\/","name":"KoGoMo","description":"St\u00e4rkung der kommunalen Governance f\u00fcr die Umsetzung von neuen Mobilit\u00e4tsangeboten in Kooperation mit privaten Anbietern","potentialAction":[{"@type":"SearchAction","target":{"@type":"EntryPoint","urlTemplate":"https:\/\/www3.tuhh.de\/vpl\/kogomo\/?s={search_term_string}"},"query-input":{"@type":"PropertyValueSpecification","valueRequired":true,"valueName":"search_term_string"}}],"inLanguage":"de"}]}},"_links":{"self":[{"href":"https:\/\/www3.tuhh.de\/vpl\/kogomo\/wp-json\/wp\/v2\/pages\/28","targetHints":{"allow":["GET"]}}],"collection":[{"href":"https:\/\/www3.tuhh.de\/vpl\/kogomo\/wp-json\/wp\/v2\/pages"}],"about":[{"href":"https:\/\/www3.tuhh.de\/vpl\/kogomo\/wp-json\/wp\/v2\/types\/page"}],"author":[{"embeddable":true,"href":"https:\/\/www3.tuhh.de\/vpl\/kogomo\/wp-json\/wp\/v2\/users\/1"}],"replies":[{"embeddable":true,"href":"https:\/\/www3.tuhh.de\/vpl\/kogomo\/wp-json\/wp\/v2\/comments?post=28"}],"version-history":[{"count":5,"href":"https:\/\/www3.tuhh.de\/vpl\/kogomo\/wp-json\/wp\/v2\/pages\/28\/revisions"}],"predecessor-version":[{"id":416,"href":"https:\/\/www3.tuhh.de\/vpl\/kogomo\/wp-json\/wp\/v2\/pages\/28\/revisions\/416"}],"wp:attachment":[{"href":"https:\/\/www3.tuhh.de\/vpl\/kogomo\/wp-json\/wp\/v2\/media?parent=28"}],"curies":[{"name":"wp","href":"https:\/\/api.w.org\/{rel}","templated":true}]}}