{"id":417,"date":"2026-04-29T09:14:15","date_gmt":"2026-04-29T07:14:15","guid":{"rendered":"https:\/\/www3.tuhh.de\/vpl\/kogomo\/?page_id=417"},"modified":"2026-04-29T11:31:00","modified_gmt":"2026-04-29T09:31:00","slug":"infotag","status":"publish","type":"page","link":"https:\/\/www3.tuhh.de\/vpl\/kogomo\/infotag\/","title":{"rendered":"Infotage Cargobike"},"content":{"rendered":"\n<div class=\"wp-block-media-text alignwide is-stacked-on-mobile has-off-white-background-color has-background\"><figure class=\"wp-block-media-text__media\"><img loading=\"lazy\" decoding=\"async\" width=\"836\" height=\"638\" src=\"http:\/\/www3.tuhh.de\/vpl\/kogomo\/wp-content\/uploads\/sites\/4\/2026\/04\/20221021_140106c.jpg\" alt=\"Cargobike vor Harburger Rathaus\" class=\"wp-image-428 size-full\" srcset=\"https:\/\/www3.tuhh.de\/vpl\/kogomo\/wp-content\/uploads\/sites\/4\/2026\/04\/20221021_140106c.jpg 836w, https:\/\/www3.tuhh.de\/vpl\/kogomo\/wp-content\/uploads\/sites\/4\/2026\/04\/20221021_140106c-300x229.jpg 300w, https:\/\/www3.tuhh.de\/vpl\/kogomo\/wp-content\/uploads\/sites\/4\/2026\/04\/20221021_140106c-768x586.jpg 768w\" sizes=\"auto, (max-width: 836px) 100vw, 836px\" \/><\/figure><div class=\"wp-block-media-text__content\">\n<h2 class=\"wp-block-heading\">F\u00f6rderung des nachhaltigen Wirtschaftsverkehrs<\/h2>\n\n\n\n<p>Das Bezirksamt Harburg bietet im Juni zwei Infoveranstaltungen inklusive Testm\u00f6glichkeiten zum Thema \u201eWie lassen sich Cargobikes im Unternehmen nutzen?\u201c f\u00fcr Harburger Unternehmen&nbsp;an.<\/p>\n\n\n\n<div class=\"wp-block-buttons is-layout-flex wp-block-buttons-is-layout-flex\">\n<div class=\"wp-block-button\"><a class=\"wp-block-button__link wp-element-button\" href=\"https:\/\/www3.tuhh.de\/vpl\/kogomo\/infotag\/#infotage\">zu den Terminen<\/a><\/div>\n<\/div>\n<\/div><\/div>\n\n\n\n<h2 class=\"wp-block-heading\">Infoveranstaltungen zu gewerblichen Cargobikes<\/h2>\n\n\n\n<p><strong>Flexibel, umweltfreundlich, alltagstauglich \u2013 entdecken Sie das Potenzial von Cargobikes f\u00fcr Unternehmen<\/strong><\/p>\n\n\n\n<p>Cargobikes, auch Lastenr\u00e4der genannt, werden zunehmend von Unternehmen genutzt, um Waren und Dienstleistungen auf der sogenannten \u201eletzten Meile\u201c anzubieten. Diese nachhaltige Alternative zum Kleintransporter ist nicht nur umweltfreundlicher, sondern bietet auch zahlreiche weitere Vorteile: bessere Parkm\u00f6glichkeiten vor Ort, gute Erreichbarkeit auch in engen und vollen Innenst\u00e4dten, Fahrspa\u00df und einen positiven Effekt auf die Gesundheit der Mitarbeitenden.<\/p>\n\n\n\n<p>Im Rahmen des Forschungsprojekts <a href=\"https:\/\/www3.tuhh.de\/vpl\/kogomo\/projekt\/\" type=\"page\" id=\"20\">KoGoMo<\/a> zu nachhaltigen Mobilit\u00e4tsformen wurde unter anderem das <a href=\"https:\/\/www.bakkie.de\/index.php\/product\/tricargo-lademeister-lastenrad-konfigurierbar\/\">Lastenrad \u201eLademeister\u201c<\/a> vom Bezirksamt Harburg angeschafft und kann kosteng\u00fcnstig ausgeliehen werden. Auch l\u00e4ngere Leihzeitr\u00e4ume sind m\u00f6glich \u2013 eine niederschwellige M\u00f6glichkeit, die Integration eines Lastenrades in die eigenen Prozesse auszuprobieren. Das Angebot richtet sich an Harburger Unternehmen, Gewerbetreibende und Vereine sowie an alle B\u00fcrger:innen, die sich f\u00fcr die Nutzung eines gro\u00dfen Lastenrades interessieren.<\/p>\n\n\n\n<p>Ziel ist es, eine Alternative zu konventionellen Kraftfahrzeugen aufzuzeigen und nachhaltige Mobilit\u00e4tsl\u00f6sungen zu f\u00f6rdern.<\/p>\n\n\n\n<h2 class=\"wp-block-heading\" id=\"infotage\"><strong>Veranstaltungen f\u00fcr den Einstieg in die Cargobike-Nutzung<\/strong><\/h2>\n\n\n\n<p>Um den Ein- oder Umstieg auf nachhaltige Mobilit\u00e4t zu erleichtern, l\u00e4dt das Bezirksamt Harburg zu zwei Veranstaltungen ein:<\/p>\n\n\n\n<ul class=\"wp-block-list\">\n<li><strong>4. Juni 2026<\/strong>, 11 bis 12:30 Uhr: <br>90-min\u00fctige Online-Infoveranstaltung&nbsp;mit einem professionellen <a href=\"https:\/\/www.cargobike.jetzt\/team\/\">Cargobike-Team<\/a>. Hier k\u00f6nnen Interessierte erste Informationen erhalten.<\/li>\n\n\n\n<li><strong> 18. Juni 2026<\/strong>, 9 bis 15 Uhr: <br>Aktionstag vor Ort, mit umfassender individueller Beratung rund um Einsatzm\u00f6glichkeiten, Anschaffung und Unterhaltung von Cargobikes. Vor Ort steht der \u201eLademeister\u201c f\u00fcr Probefahrten zur Verf\u00fcgung. Alle Beratungsleistungen sind unabh\u00e4ngig und herstellerneutral, sodass eine objektive Entscheidungsfindung gef\u00f6rdert wird.<\/li>\n<\/ul>\n\n\n\n<p>Das Bezirksamt Harburg freut sich auf zahlreiche Interessierte und steht f\u00fcr Fragen rund um das Thema Cargobikes und nachhaltige Mobilit\u00e4t gerne zur Verf\u00fcgung.<\/p>\n\n\n\n<p>Melden Sie sich zu den kostenlosen&nbsp;Veranstaltungen bitte per E-Mail \u00fcber <a href=\"mailto:mobilitaetswende@harburg.hamburg.de\">mobilitaetswende@harburg.hamburg.de<\/a> an.<\/p>\n\n\n\n<hr class=\"wp-block-separator has-alpha-channel-opacity\"\/>\n","protected":false},"excerpt":{"rendered":"<p>Infoveranstaltungen zu gewerblichen Cargobikes Flexibel, umweltfreundlich, alltagstauglich \u2013 entdecken Sie das Potenzial von Cargobikes f\u00fcr Unternehmen Cargobikes, auch Lastenr\u00e4der genannt, werden zunehmend von Unternehmen genutzt, um Waren und Dienstleistungen auf der sogenannten \u201eletzten Meile\u201c anzubieten. Diese nachhaltige Alternative zum Kleintransporter ist nicht nur umweltfreundlicher, sondern bietet auch zahlreiche weitere Vorteile: bessere Parkm\u00f6glichkeiten vor Ort, gute &hellip; <a href=\"https:\/\/www3.tuhh.de\/vpl\/kogomo\/infotag\/\" class=\"more-link\"><span class=\"screen-reader-text\">Infotage Cargobike<\/span> weiterlesen <span class=\"meta-nav\">&rarr;<\/span><\/a><\/p>\n","protected":false},"author":4,"featured_media":0,"parent":0,"menu_order":0,"comment_status":"closed","ping_status":"closed","template":"","meta":{"footnotes":""},"class_list":["post-417","page","type-page","status-publish","hentry"],"yoast_head":"<!-- This site is optimized with the Yoast SEO plugin v26.9 - https:\/\/yoast.com\/product\/yoast-seo-wordpress\/ -->\n<title>Infotage Cargobike - KoGoMo<\/title>\n<meta name=\"robots\" content=\"index, follow, max-snippet:-1, max-image-preview:large, max-video-preview:-1\" \/>\n<link rel=\"canonical\" href=\"https:\/\/www3.tuhh.de\/vpl\/kogomo\/infotag\/\" \/>\n<meta property=\"og:locale\" content=\"de_DE\" \/>\n<meta property=\"og:type\" content=\"article\" \/>\n<meta property=\"og:title\" content=\"Infotage Cargobike - KoGoMo\" \/>\n<meta property=\"og:description\" content=\"Infoveranstaltungen zu gewerblichen Cargobikes Flexibel, umweltfreundlich, alltagstauglich \u2013 entdecken Sie das Potenzial von Cargobikes f\u00fcr Unternehmen Cargobikes, auch Lastenr\u00e4der genannt, werden zunehmend von Unternehmen genutzt, um Waren und Dienstleistungen auf der sogenannten \u201eletzten Meile\u201c anzubieten. Diese nachhaltige Alternative zum Kleintransporter ist nicht nur umweltfreundlicher, sondern bietet auch zahlreiche weitere Vorteile: bessere Parkm\u00f6glichkeiten vor Ort, gute &hellip; Infotage Cargobike weiterlesen &rarr;\" \/>\n<meta property=\"og:url\" content=\"https:\/\/www3.tuhh.de\/vpl\/kogomo\/infotag\/\" \/>\n<meta property=\"og:site_name\" content=\"KoGoMo\" \/>\n<meta property=\"article:modified_time\" content=\"2026-04-29T09:31:00+00:00\" \/>\n<meta property=\"og:image\" content=\"https:\/\/www3.tuhh.de\/vpl\/kogomo\/wp-content\/uploads\/sites\/4\/2026\/04\/20221021_140106c.jpg\" \/>\n\t<meta property=\"og:image:width\" content=\"836\" \/>\n\t<meta property=\"og:image:height\" content=\"638\" \/>\n\t<meta property=\"og:image:type\" content=\"image\/jpeg\" \/>\n<meta name=\"twitter:card\" content=\"summary_large_image\" \/>\n<meta name=\"twitter:label1\" content=\"Gesch\u00e4tzte Lesezeit\" \/>\n\t<meta name=\"twitter:data1\" content=\"2\u00a0Minuten\" \/>\n<script type=\"application\/ld+json\" class=\"yoast-schema-graph\">{\"@context\":\"https:\/\/schema.org\",\"@graph\":[{\"@type\":\"WebPage\",\"@id\":\"https:\/\/www3.tuhh.de\/vpl\/kogomo\/infotag\/\",\"url\":\"https:\/\/www3.tuhh.de\/vpl\/kogomo\/infotag\/\",\"name\":\"Infotage Cargobike - KoGoMo\",\"isPartOf\":{\"@id\":\"https:\/\/www3.tuhh.de\/vpl\/kogomo\/#website\"},\"primaryImageOfPage\":{\"@id\":\"https:\/\/www3.tuhh.de\/vpl\/kogomo\/infotag\/#primaryimage\"},\"image\":{\"@id\":\"https:\/\/www3.tuhh.de\/vpl\/kogomo\/infotag\/#primaryimage\"},\"thumbnailUrl\":\"http:\/\/www3.tuhh.de\/vpl\/kogomo\/wp-content\/uploads\/sites\/4\/2026\/04\/20221021_140106c.jpg\",\"datePublished\":\"2026-04-29T07:14:15+00:00\",\"dateModified\":\"2026-04-29T09:31:00+00:00\",\"breadcrumb\":{\"@id\":\"https:\/\/www3.tuhh.de\/vpl\/kogomo\/infotag\/#breadcrumb\"},\"inLanguage\":\"de\",\"potentialAction\":[{\"@type\":\"ReadAction\",\"target\":[\"https:\/\/www3.tuhh.de\/vpl\/kogomo\/infotag\/\"]}]},{\"@type\":\"ImageObject\",\"inLanguage\":\"de\",\"@id\":\"https:\/\/www3.tuhh.de\/vpl\/kogomo\/infotag\/#primaryimage\",\"url\":\"https:\/\/www3.tuhh.de\/vpl\/kogomo\/wp-content\/uploads\/sites\/4\/2026\/04\/20221021_140106c.jpg\",\"contentUrl\":\"https:\/\/www3.tuhh.de\/vpl\/kogomo\/wp-content\/uploads\/sites\/4\/2026\/04\/20221021_140106c.jpg\",\"width\":836,\"height\":638,\"caption\":\"20221021_140106.jpg \u00a9 Bezirksamt Harburg\"},{\"@type\":\"BreadcrumbList\",\"@id\":\"https:\/\/www3.tuhh.de\/vpl\/kogomo\/infotag\/#breadcrumb\",\"itemListElement\":[{\"@type\":\"ListItem\",\"position\":1,\"name\":\"Startseite\",\"item\":\"https:\/\/www3.tuhh.de\/vpl\/kogomo\/\"},{\"@type\":\"ListItem\",\"position\":2,\"name\":\"Infotage Cargobike\"}]},{\"@type\":\"WebSite\",\"@id\":\"https:\/\/www3.tuhh.de\/vpl\/kogomo\/#website\",\"url\":\"https:\/\/www3.tuhh.de\/vpl\/kogomo\/\",\"name\":\"KoGoMo\",\"description\":\"St\u00e4rkung der kommunalen Governance f\u00fcr die Umsetzung von neuen Mobilit\u00e4tsangeboten in Kooperation mit privaten Anbietern\",\"potentialAction\":[{\"@type\":\"SearchAction\",\"target\":{\"@type\":\"EntryPoint\",\"urlTemplate\":\"https:\/\/www3.tuhh.de\/vpl\/kogomo\/?s={search_term_string}\"},\"query-input\":{\"@type\":\"PropertyValueSpecification\",\"valueRequired\":true,\"valueName\":\"search_term_string\"}}],\"inLanguage\":\"de\"}]}<\/script>\n<!-- \/ Yoast SEO plugin. -->","yoast_head_json":{"title":"Infotage Cargobike - KoGoMo","robots":{"index":"index","follow":"follow","max-snippet":"max-snippet:-1","max-image-preview":"max-image-preview:large","max-video-preview":"max-video-preview:-1"},"canonical":"https:\/\/www3.tuhh.de\/vpl\/kogomo\/infotag\/","og_locale":"de_DE","og_type":"article","og_title":"Infotage Cargobike - KoGoMo","og_description":"Infoveranstaltungen zu gewerblichen Cargobikes Flexibel, umweltfreundlich, alltagstauglich \u2013 entdecken Sie das Potenzial von Cargobikes f\u00fcr Unternehmen Cargobikes, auch Lastenr\u00e4der genannt, werden zunehmend von Unternehmen genutzt, um Waren und Dienstleistungen auf der sogenannten \u201eletzten Meile\u201c anzubieten. Diese nachhaltige Alternative zum Kleintransporter ist nicht nur umweltfreundlicher, sondern bietet auch zahlreiche weitere Vorteile: bessere Parkm\u00f6glichkeiten vor Ort, gute &hellip; Infotage Cargobike weiterlesen &rarr;","og_url":"https:\/\/www3.tuhh.de\/vpl\/kogomo\/infotag\/","og_site_name":"KoGoMo","article_modified_time":"2026-04-29T09:31:00+00:00","og_image":[{"width":836,"height":638,"url":"https:\/\/www3.tuhh.de\/vpl\/kogomo\/wp-content\/uploads\/sites\/4\/2026\/04\/20221021_140106c.jpg","type":"image\/jpeg"}],"twitter_card":"summary_large_image","twitter_misc":{"Gesch\u00e4tzte Lesezeit":"2\u00a0Minuten"},"schema":{"@context":"https:\/\/schema.org","@graph":[{"@type":"WebPage","@id":"https:\/\/www3.tuhh.de\/vpl\/kogomo\/infotag\/","url":"https:\/\/www3.tuhh.de\/vpl\/kogomo\/infotag\/","name":"Infotage Cargobike - KoGoMo","isPartOf":{"@id":"https:\/\/www3.tuhh.de\/vpl\/kogomo\/#website"},"primaryImageOfPage":{"@id":"https:\/\/www3.tuhh.de\/vpl\/kogomo\/infotag\/#primaryimage"},"image":{"@id":"https:\/\/www3.tuhh.de\/vpl\/kogomo\/infotag\/#primaryimage"},"thumbnailUrl":"http:\/\/www3.tuhh.de\/vpl\/kogomo\/wp-content\/uploads\/sites\/4\/2026\/04\/20221021_140106c.jpg","datePublished":"2026-04-29T07:14:15+00:00","dateModified":"2026-04-29T09:31:00+00:00","breadcrumb":{"@id":"https:\/\/www3.tuhh.de\/vpl\/kogomo\/infotag\/#breadcrumb"},"inLanguage":"de","potentialAction":[{"@type":"ReadAction","target":["https:\/\/www3.tuhh.de\/vpl\/kogomo\/infotag\/"]}]},{"@type":"ImageObject","inLanguage":"de","@id":"https:\/\/www3.tuhh.de\/vpl\/kogomo\/infotag\/#primaryimage","url":"https:\/\/www3.tuhh.de\/vpl\/kogomo\/wp-content\/uploads\/sites\/4\/2026\/04\/20221021_140106c.jpg","contentUrl":"https:\/\/www3.tuhh.de\/vpl\/kogomo\/wp-content\/uploads\/sites\/4\/2026\/04\/20221021_140106c.jpg","width":836,"height":638,"caption":"20221021_140106.jpg \u00a9 Bezirksamt Harburg"},{"@type":"BreadcrumbList","@id":"https:\/\/www3.tuhh.de\/vpl\/kogomo\/infotag\/#breadcrumb","itemListElement":[{"@type":"ListItem","position":1,"name":"Startseite","item":"https:\/\/www3.tuhh.de\/vpl\/kogomo\/"},{"@type":"ListItem","position":2,"name":"Infotage Cargobike"}]},{"@type":"WebSite","@id":"https:\/\/www3.tuhh.de\/vpl\/kogomo\/#website","url":"https:\/\/www3.tuhh.de\/vpl\/kogomo\/","name":"KoGoMo","description":"St\u00e4rkung der kommunalen Governance f\u00fcr die Umsetzung von neuen Mobilit\u00e4tsangeboten in Kooperation mit privaten Anbietern","potentialAction":[{"@type":"SearchAction","target":{"@type":"EntryPoint","urlTemplate":"https:\/\/www3.tuhh.de\/vpl\/kogomo\/?s={search_term_string}"},"query-input":{"@type":"PropertyValueSpecification","valueRequired":true,"valueName":"search_term_string"}}],"inLanguage":"de"}]}},"_links":{"self":[{"href":"https:\/\/www3.tuhh.de\/vpl\/kogomo\/wp-json\/wp\/v2\/pages\/417","targetHints":{"allow":["GET"]}}],"collection":[{"href":"https:\/\/www3.tuhh.de\/vpl\/kogomo\/wp-json\/wp\/v2\/pages"}],"about":[{"href":"https:\/\/www3.tuhh.de\/vpl\/kogomo\/wp-json\/wp\/v2\/types\/page"}],"author":[{"embeddable":true,"href":"https:\/\/www3.tuhh.de\/vpl\/kogomo\/wp-json\/wp\/v2\/users\/4"}],"replies":[{"embeddable":true,"href":"https:\/\/www3.tuhh.de\/vpl\/kogomo\/wp-json\/wp\/v2\/comments?post=417"}],"version-history":[{"count":15,"href":"https:\/\/www3.tuhh.de\/vpl\/kogomo\/wp-json\/wp\/v2\/pages\/417\/revisions"}],"predecessor-version":[{"id":451,"href":"https:\/\/www3.tuhh.de\/vpl\/kogomo\/wp-json\/wp\/v2\/pages\/417\/revisions\/451"}],"wp:attachment":[{"href":"https:\/\/www3.tuhh.de\/vpl\/kogomo\/wp-json\/wp\/v2\/media?parent=417"}],"curies":[{"name":"wp","href":"https:\/\/api.w.org\/{rel}","templated":true}]}}