{"id":1048,"date":"2022-11-15T11:26:41","date_gmt":"2022-11-15T10:26:41","guid":{"rendered":"https:\/\/www2.tuhh.de\/pushundpull\/?page_id=1048"},"modified":"2022-11-15T11:26:41","modified_gmt":"2022-11-15T10:26:41","slug":"veroeffentlichungsankuendigung","status":"publish","type":"page","link":"https:\/\/www3.tuhh.de\/vpl\/pushundpull\/veroeffentlichungsankuendigung\/","title":{"rendered":"Ver\u00f6ffentlichungsank\u00fcndigung"},"content":{"rendered":"\n<p>Am 16.11.2022 erscheint die erste Ver\u00f6ffentlichung des Forschungsprojekts in der Fachzeitschrift \u201eInternationales Verkehrswesen\u201c. Der Artikel \u201ePush &amp; Pull \u2013 Aktueller Forschungsstand\u201c zeigt die Bestandsaufnahme der wissenschaftlichen Forschung zu Push- und Pull-Ma\u00dfnahmen und leitet aus ma\u00dfnahmen\u00fcbergreifenden Ans\u00e4tzen von verkehrspolitischen und -planerischen Ma\u00dfnahmen Schlussfolgerungen f\u00fcr die weitere Forschung ab.<\/p>\n\n\n\n<p>14.10.2022 <em>von Martina Hekler und Leonie Dittrich<\/em><\/p>\n","protected":false},"excerpt":{"rendered":"<p>Am 16.11.2022 erscheint die erste Ver\u00f6ffentlichung des Forschungsprojekts in der Fachzeitschrift \u201eInternationales Verkehrswesen\u201c. Der Artikel \u201ePush &amp; Pull \u2013 Aktueller Forschungsstand\u201c zeigt die Bestandsaufnahme der wissenschaftlichen Forschung zu Push- und Pull-Ma\u00dfnahmen und leitet aus ma\u00dfnahmen\u00fcbergreifenden Ans\u00e4tzen von verkehrspolitischen und -planerischen Ma\u00dfnahmen Schlussfolgerungen f\u00fcr die weitere Forschung ab. 14.10.2022 von Martina Hekler und Leonie Dittrich<\/p>\n","protected":false},"author":1,"featured_media":0,"parent":0,"menu_order":0,"comment_status":"closed","ping_status":"closed","template":"","meta":{"footnotes":""},"class_list":["post-1048","page","type-page","status-publish","hentry"],"yoast_head":"<!-- This site is optimized with the Yoast SEO plugin v26.9 - https:\/\/yoast.com\/product\/yoast-seo-wordpress\/ -->\n<title>Ver\u00f6ffentlichungsank\u00fcndigung - Push &amp; Pull - B\u00f6se &amp; Gut<\/title>\n<meta name=\"robots\" content=\"index, follow, max-snippet:-1, max-image-preview:large, max-video-preview:-1\" \/>\n<link rel=\"canonical\" href=\"https:\/\/www3.tuhh.de\/vpl\/pushundpull\/veroeffentlichungsankuendigung\/\" \/>\n<meta property=\"og:locale\" content=\"de_DE\" \/>\n<meta property=\"og:type\" content=\"article\" \/>\n<meta property=\"og:title\" content=\"Ver\u00f6ffentlichungsank\u00fcndigung - Push &amp; Pull - B\u00f6se &amp; Gut\" \/>\n<meta property=\"og:description\" content=\"Am 16.11.2022 erscheint die erste Ver\u00f6ffentlichung des Forschungsprojekts in der Fachzeitschrift \u201eInternationales Verkehrswesen\u201c. Der Artikel \u201ePush &amp; Pull \u2013 Aktueller Forschungsstand\u201c zeigt die Bestandsaufnahme der wissenschaftlichen Forschung zu Push- und Pull-Ma\u00dfnahmen und leitet aus ma\u00dfnahmen\u00fcbergreifenden Ans\u00e4tzen von verkehrspolitischen und -planerischen Ma\u00dfnahmen Schlussfolgerungen f\u00fcr die weitere Forschung ab. 14.10.2022 von Martina Hekler und Leonie Dittrich\" \/>\n<meta property=\"og:url\" content=\"https:\/\/www3.tuhh.de\/vpl\/pushundpull\/veroeffentlichungsankuendigung\/\" \/>\n<meta property=\"og:site_name\" content=\"Push &amp; Pull - B\u00f6se &amp; Gut\" \/>\n<meta name=\"twitter:card\" content=\"summary_large_image\" \/>\n<script type=\"application\/ld+json\" class=\"yoast-schema-graph\">{\"@context\":\"https:\/\/schema.org\",\"@graph\":[{\"@type\":\"WebPage\",\"@id\":\"https:\/\/www3.tuhh.de\/vpl\/pushundpull\/veroeffentlichungsankuendigung\/\",\"url\":\"https:\/\/www3.tuhh.de\/vpl\/pushundpull\/veroeffentlichungsankuendigung\/\",\"name\":\"Ver\u00f6ffentlichungsank\u00fcndigung - Push & Pull - B\u00f6se & Gut\",\"isPartOf\":{\"@id\":\"https:\/\/www3.tuhh.de\/vpl\/pushundpull\/#website\"},\"datePublished\":\"2022-11-15T10:26:41+00:00\",\"breadcrumb\":{\"@id\":\"https:\/\/www3.tuhh.de\/vpl\/pushundpull\/veroeffentlichungsankuendigung\/#breadcrumb\"},\"inLanguage\":\"de\",\"potentialAction\":[{\"@type\":\"ReadAction\",\"target\":[\"https:\/\/www3.tuhh.de\/vpl\/pushundpull\/veroeffentlichungsankuendigung\/\"]}]},{\"@type\":\"BreadcrumbList\",\"@id\":\"https:\/\/www3.tuhh.de\/vpl\/pushundpull\/veroeffentlichungsankuendigung\/#breadcrumb\",\"itemListElement\":[{\"@type\":\"ListItem\",\"position\":1,\"name\":\"Startseite\",\"item\":\"https:\/\/www3.tuhh.de\/vpl\/pushundpull\/\"},{\"@type\":\"ListItem\",\"position\":2,\"name\":\"Ver\u00f6ffentlichungsank\u00fcndigung\"}]},{\"@type\":\"WebSite\",\"@id\":\"https:\/\/www3.tuhh.de\/vpl\/pushundpull\/#website\",\"url\":\"https:\/\/www3.tuhh.de\/vpl\/pushundpull\/\",\"name\":\"Push & Pull - B\u00f6se & Gut\",\"description\":\"\",\"publisher\":{\"@id\":\"https:\/\/www3.tuhh.de\/vpl\/pushundpull\/#organization\"},\"potentialAction\":[{\"@type\":\"SearchAction\",\"target\":{\"@type\":\"EntryPoint\",\"urlTemplate\":\"https:\/\/www3.tuhh.de\/vpl\/pushundpull\/?s={search_term_string}\"},\"query-input\":{\"@type\":\"PropertyValueSpecification\",\"valueRequired\":true,\"valueName\":\"search_term_string\"}}],\"inLanguage\":\"de\"},{\"@type\":\"Organization\",\"@id\":\"https:\/\/www3.tuhh.de\/vpl\/pushundpull\/#organization\",\"name\":\"Push & Pull - B\u00f6se & Gut\",\"url\":\"https:\/\/www3.tuhh.de\/vpl\/pushundpull\/\",\"logo\":{\"@type\":\"ImageObject\",\"inLanguage\":\"de\",\"@id\":\"https:\/\/www3.tuhh.de\/vpl\/pushundpull\/#\/schema\/logo\/image\/\",\"url\":\"https:\/\/www3.tuhh.de\/vpl\/pushundpull\/wp-content\/uploads\/sites\/2\/2022\/09\/cropped-Logo-RGB.png\",\"contentUrl\":\"https:\/\/www3.tuhh.de\/vpl\/pushundpull\/wp-content\/uploads\/sites\/2\/2022\/09\/cropped-Logo-RGB.png\",\"width\":327,\"height\":206,\"caption\":\"Push & Pull - B\u00f6se & Gut\"},\"image\":{\"@id\":\"https:\/\/www3.tuhh.de\/vpl\/pushundpull\/#\/schema\/logo\/image\/\"}}]}<\/script>\n<!-- \/ Yoast SEO plugin. -->","yoast_head_json":{"title":"Ver\u00f6ffentlichungsank\u00fcndigung - Push & Pull - B\u00f6se & Gut","robots":{"index":"index","follow":"follow","max-snippet":"max-snippet:-1","max-image-preview":"max-image-preview:large","max-video-preview":"max-video-preview:-1"},"canonical":"https:\/\/www3.tuhh.de\/vpl\/pushundpull\/veroeffentlichungsankuendigung\/","og_locale":"de_DE","og_type":"article","og_title":"Ver\u00f6ffentlichungsank\u00fcndigung - Push & Pull - B\u00f6se & Gut","og_description":"Am 16.11.2022 erscheint die erste Ver\u00f6ffentlichung des Forschungsprojekts in der Fachzeitschrift \u201eInternationales Verkehrswesen\u201c. Der Artikel \u201ePush &amp; Pull \u2013 Aktueller Forschungsstand\u201c zeigt die Bestandsaufnahme der wissenschaftlichen Forschung zu Push- und Pull-Ma\u00dfnahmen und leitet aus ma\u00dfnahmen\u00fcbergreifenden Ans\u00e4tzen von verkehrspolitischen und -planerischen Ma\u00dfnahmen Schlussfolgerungen f\u00fcr die weitere Forschung ab. 14.10.2022 von Martina Hekler und Leonie Dittrich","og_url":"https:\/\/www3.tuhh.de\/vpl\/pushundpull\/veroeffentlichungsankuendigung\/","og_site_name":"Push & Pull - B\u00f6se & Gut","twitter_card":"summary_large_image","schema":{"@context":"https:\/\/schema.org","@graph":[{"@type":"WebPage","@id":"https:\/\/www3.tuhh.de\/vpl\/pushundpull\/veroeffentlichungsankuendigung\/","url":"https:\/\/www3.tuhh.de\/vpl\/pushundpull\/veroeffentlichungsankuendigung\/","name":"Ver\u00f6ffentlichungsank\u00fcndigung - Push & Pull - B\u00f6se & Gut","isPartOf":{"@id":"https:\/\/www3.tuhh.de\/vpl\/pushundpull\/#website"},"datePublished":"2022-11-15T10:26:41+00:00","breadcrumb":{"@id":"https:\/\/www3.tuhh.de\/vpl\/pushundpull\/veroeffentlichungsankuendigung\/#breadcrumb"},"inLanguage":"de","potentialAction":[{"@type":"ReadAction","target":["https:\/\/www3.tuhh.de\/vpl\/pushundpull\/veroeffentlichungsankuendigung\/"]}]},{"@type":"BreadcrumbList","@id":"https:\/\/www3.tuhh.de\/vpl\/pushundpull\/veroeffentlichungsankuendigung\/#breadcrumb","itemListElement":[{"@type":"ListItem","position":1,"name":"Startseite","item":"https:\/\/www3.tuhh.de\/vpl\/pushundpull\/"},{"@type":"ListItem","position":2,"name":"Ver\u00f6ffentlichungsank\u00fcndigung"}]},{"@type":"WebSite","@id":"https:\/\/www3.tuhh.de\/vpl\/pushundpull\/#website","url":"https:\/\/www3.tuhh.de\/vpl\/pushundpull\/","name":"Push & Pull - B\u00f6se & Gut","description":"","publisher":{"@id":"https:\/\/www3.tuhh.de\/vpl\/pushundpull\/#organization"},"potentialAction":[{"@type":"SearchAction","target":{"@type":"EntryPoint","urlTemplate":"https:\/\/www3.tuhh.de\/vpl\/pushundpull\/?s={search_term_string}"},"query-input":{"@type":"PropertyValueSpecification","valueRequired":true,"valueName":"search_term_string"}}],"inLanguage":"de"},{"@type":"Organization","@id":"https:\/\/www3.tuhh.de\/vpl\/pushundpull\/#organization","name":"Push & Pull - B\u00f6se & Gut","url":"https:\/\/www3.tuhh.de\/vpl\/pushundpull\/","logo":{"@type":"ImageObject","inLanguage":"de","@id":"https:\/\/www3.tuhh.de\/vpl\/pushundpull\/#\/schema\/logo\/image\/","url":"https:\/\/www3.tuhh.de\/vpl\/pushundpull\/wp-content\/uploads\/sites\/2\/2022\/09\/cropped-Logo-RGB.png","contentUrl":"https:\/\/www3.tuhh.de\/vpl\/pushundpull\/wp-content\/uploads\/sites\/2\/2022\/09\/cropped-Logo-RGB.png","width":327,"height":206,"caption":"Push & Pull - B\u00f6se & Gut"},"image":{"@id":"https:\/\/www3.tuhh.de\/vpl\/pushundpull\/#\/schema\/logo\/image\/"}}]}},"_links":{"self":[{"href":"https:\/\/www3.tuhh.de\/vpl\/pushundpull\/wp-json\/wp\/v2\/pages\/1048","targetHints":{"allow":["GET"]}}],"collection":[{"href":"https:\/\/www3.tuhh.de\/vpl\/pushundpull\/wp-json\/wp\/v2\/pages"}],"about":[{"href":"https:\/\/www3.tuhh.de\/vpl\/pushundpull\/wp-json\/wp\/v2\/types\/page"}],"author":[{"embeddable":true,"href":"https:\/\/www3.tuhh.de\/vpl\/pushundpull\/wp-json\/wp\/v2\/users\/1"}],"replies":[{"embeddable":true,"href":"https:\/\/www3.tuhh.de\/vpl\/pushundpull\/wp-json\/wp\/v2\/comments?post=1048"}],"version-history":[{"count":0,"href":"https:\/\/www3.tuhh.de\/vpl\/pushundpull\/wp-json\/wp\/v2\/pages\/1048\/revisions"}],"wp:attachment":[{"href":"https:\/\/www3.tuhh.de\/vpl\/pushundpull\/wp-json\/wp\/v2\/media?parent=1048"}],"curies":[{"name":"wp","href":"https:\/\/api.w.org\/{rel}","templated":true}]}}