{"id":1130,"date":"2023-03-08T12:28:42","date_gmt":"2023-03-08T11:28:42","guid":{"rendered":"https:\/\/www2.tuhh.de\/pushundpull\/?page_id=1130"},"modified":"2023-12-04T11:29:18","modified_gmt":"2023-12-04T10:29:18","slug":"gut-boese","status":"publish","type":"page","link":"https:\/\/www3.tuhh.de\/vpl\/pushundpull\/gut-boese\/","title":{"rendered":"Blogbeitrag Gut &amp; B\u00f6se"},"content":{"rendered":"\n<p>Es gibt einen neuen <a href=\"https:\/\/www3.tuhh.de\/vpl\/pushundpull\/2023\/03\/08\/gut-boese\/\">Blogbeitrag zum Thema &#8222;Gut &amp; B\u00f6se&#8220;<\/a>. In dem Beitrag wird das Begriffspaar &#8222;Gut &amp; B\u00f6se&#8220; in Bezug auf die Verkehrsplanung der letzten Jahrzehnte erl\u00e4utert sowie in Beziehung zu Push- und Pull-Ma\u00dfnahmen ger\u00fcckt.<br><br>08.03.2023 <em>von Martina Hekler und Leonie Dittrich<\/em><\/p>\n","protected":false},"excerpt":{"rendered":"<p>Es gibt einen neuen Blogbeitrag zum Thema &#8222;Gut &amp; B\u00f6se&#8220;. In dem Beitrag wird das Begriffspaar &#8222;Gut &amp; B\u00f6se&#8220; in Bezug auf die Verkehrsplanung der letzten Jahrzehnte erl\u00e4utert sowie in Beziehung zu Push- und Pull-Ma\u00dfnahmen ger\u00fcckt. 08.03.2023 von Martina Hekler und Leonie Dittrich<\/p>\n","protected":false},"author":1,"featured_media":0,"parent":0,"menu_order":0,"comment_status":"closed","ping_status":"closed","template":"","meta":{"footnotes":""},"class_list":["post-1130","page","type-page","status-publish","hentry"],"yoast_head":"<!-- This site is optimized with the Yoast SEO plugin v26.9 - https:\/\/yoast.com\/product\/yoast-seo-wordpress\/ -->\n<title>Blogbeitrag Gut &amp; B\u00f6se - Push &amp; Pull - B\u00f6se &amp; Gut<\/title>\n<meta name=\"robots\" content=\"index, follow, max-snippet:-1, max-image-preview:large, max-video-preview:-1\" \/>\n<link rel=\"canonical\" href=\"https:\/\/www3.tuhh.de\/vpl\/pushundpull\/gut-boese\/\" \/>\n<meta property=\"og:locale\" content=\"de_DE\" \/>\n<meta property=\"og:type\" content=\"article\" \/>\n<meta property=\"og:title\" content=\"Blogbeitrag Gut &amp; B\u00f6se - Push &amp; Pull - B\u00f6se &amp; Gut\" \/>\n<meta property=\"og:description\" content=\"Es gibt einen neuen Blogbeitrag zum Thema &#8222;Gut &amp; B\u00f6se&#8220;. In dem Beitrag wird das Begriffspaar &#8222;Gut &amp; B\u00f6se&#8220; in Bezug auf die Verkehrsplanung der letzten Jahrzehnte erl\u00e4utert sowie in Beziehung zu Push- und Pull-Ma\u00dfnahmen ger\u00fcckt. 08.03.2023 von Martina Hekler und Leonie Dittrich\" \/>\n<meta property=\"og:url\" content=\"https:\/\/www3.tuhh.de\/vpl\/pushundpull\/gut-boese\/\" \/>\n<meta property=\"og:site_name\" content=\"Push &amp; Pull - B\u00f6se &amp; Gut\" \/>\n<meta property=\"article:modified_time\" content=\"2023-12-04T10:29:18+00:00\" \/>\n<meta name=\"twitter:card\" content=\"summary_large_image\" \/>\n<script type=\"application\/ld+json\" class=\"yoast-schema-graph\">{\"@context\":\"https:\/\/schema.org\",\"@graph\":[{\"@type\":\"WebPage\",\"@id\":\"https:\/\/www3.tuhh.de\/vpl\/pushundpull\/gut-boese\/\",\"url\":\"https:\/\/www3.tuhh.de\/vpl\/pushundpull\/gut-boese\/\",\"name\":\"Blogbeitrag Gut &amp; B\u00f6se - Push & Pull - B\u00f6se & Gut\",\"isPartOf\":{\"@id\":\"https:\/\/www3.tuhh.de\/vpl\/pushundpull\/#website\"},\"datePublished\":\"2023-03-08T11:28:42+00:00\",\"dateModified\":\"2023-12-04T10:29:18+00:00\",\"breadcrumb\":{\"@id\":\"https:\/\/www3.tuhh.de\/vpl\/pushundpull\/gut-boese\/#breadcrumb\"},\"inLanguage\":\"de\",\"potentialAction\":[{\"@type\":\"ReadAction\",\"target\":[\"https:\/\/www3.tuhh.de\/vpl\/pushundpull\/gut-boese\/\"]}]},{\"@type\":\"BreadcrumbList\",\"@id\":\"https:\/\/www3.tuhh.de\/vpl\/pushundpull\/gut-boese\/#breadcrumb\",\"itemListElement\":[{\"@type\":\"ListItem\",\"position\":1,\"name\":\"Startseite\",\"item\":\"https:\/\/www3.tuhh.de\/vpl\/pushundpull\/\"},{\"@type\":\"ListItem\",\"position\":2,\"name\":\"Blogbeitrag Gut &amp; B\u00f6se\"}]},{\"@type\":\"WebSite\",\"@id\":\"https:\/\/www3.tuhh.de\/vpl\/pushundpull\/#website\",\"url\":\"https:\/\/www3.tuhh.de\/vpl\/pushundpull\/\",\"name\":\"Push & Pull - B\u00f6se & Gut\",\"description\":\"\",\"publisher\":{\"@id\":\"https:\/\/www3.tuhh.de\/vpl\/pushundpull\/#organization\"},\"potentialAction\":[{\"@type\":\"SearchAction\",\"target\":{\"@type\":\"EntryPoint\",\"urlTemplate\":\"https:\/\/www3.tuhh.de\/vpl\/pushundpull\/?s={search_term_string}\"},\"query-input\":{\"@type\":\"PropertyValueSpecification\",\"valueRequired\":true,\"valueName\":\"search_term_string\"}}],\"inLanguage\":\"de\"},{\"@type\":\"Organization\",\"@id\":\"https:\/\/www3.tuhh.de\/vpl\/pushundpull\/#organization\",\"name\":\"Push & Pull - B\u00f6se & Gut\",\"url\":\"https:\/\/www3.tuhh.de\/vpl\/pushundpull\/\",\"logo\":{\"@type\":\"ImageObject\",\"inLanguage\":\"de\",\"@id\":\"https:\/\/www3.tuhh.de\/vpl\/pushundpull\/#\/schema\/logo\/image\/\",\"url\":\"https:\/\/www3.tuhh.de\/vpl\/pushundpull\/wp-content\/uploads\/sites\/2\/2022\/09\/cropped-Logo-RGB.png\",\"contentUrl\":\"https:\/\/www3.tuhh.de\/vpl\/pushundpull\/wp-content\/uploads\/sites\/2\/2022\/09\/cropped-Logo-RGB.png\",\"width\":327,\"height\":206,\"caption\":\"Push & Pull - B\u00f6se & Gut\"},\"image\":{\"@id\":\"https:\/\/www3.tuhh.de\/vpl\/pushundpull\/#\/schema\/logo\/image\/\"}}]}<\/script>\n<!-- \/ Yoast SEO plugin. -->","yoast_head_json":{"title":"Blogbeitrag Gut &amp; B\u00f6se - Push & Pull - B\u00f6se & Gut","robots":{"index":"index","follow":"follow","max-snippet":"max-snippet:-1","max-image-preview":"max-image-preview:large","max-video-preview":"max-video-preview:-1"},"canonical":"https:\/\/www3.tuhh.de\/vpl\/pushundpull\/gut-boese\/","og_locale":"de_DE","og_type":"article","og_title":"Blogbeitrag Gut &amp; B\u00f6se - Push & Pull - B\u00f6se & Gut","og_description":"Es gibt einen neuen Blogbeitrag zum Thema &#8222;Gut &amp; B\u00f6se&#8220;. In dem Beitrag wird das Begriffspaar &#8222;Gut &amp; B\u00f6se&#8220; in Bezug auf die Verkehrsplanung der letzten Jahrzehnte erl\u00e4utert sowie in Beziehung zu Push- und Pull-Ma\u00dfnahmen ger\u00fcckt. 08.03.2023 von Martina Hekler und Leonie Dittrich","og_url":"https:\/\/www3.tuhh.de\/vpl\/pushundpull\/gut-boese\/","og_site_name":"Push & Pull - B\u00f6se & Gut","article_modified_time":"2023-12-04T10:29:18+00:00","twitter_card":"summary_large_image","schema":{"@context":"https:\/\/schema.org","@graph":[{"@type":"WebPage","@id":"https:\/\/www3.tuhh.de\/vpl\/pushundpull\/gut-boese\/","url":"https:\/\/www3.tuhh.de\/vpl\/pushundpull\/gut-boese\/","name":"Blogbeitrag Gut &amp; B\u00f6se - Push & Pull - B\u00f6se & Gut","isPartOf":{"@id":"https:\/\/www3.tuhh.de\/vpl\/pushundpull\/#website"},"datePublished":"2023-03-08T11:28:42+00:00","dateModified":"2023-12-04T10:29:18+00:00","breadcrumb":{"@id":"https:\/\/www3.tuhh.de\/vpl\/pushundpull\/gut-boese\/#breadcrumb"},"inLanguage":"de","potentialAction":[{"@type":"ReadAction","target":["https:\/\/www3.tuhh.de\/vpl\/pushundpull\/gut-boese\/"]}]},{"@type":"BreadcrumbList","@id":"https:\/\/www3.tuhh.de\/vpl\/pushundpull\/gut-boese\/#breadcrumb","itemListElement":[{"@type":"ListItem","position":1,"name":"Startseite","item":"https:\/\/www3.tuhh.de\/vpl\/pushundpull\/"},{"@type":"ListItem","position":2,"name":"Blogbeitrag Gut &amp; B\u00f6se"}]},{"@type":"WebSite","@id":"https:\/\/www3.tuhh.de\/vpl\/pushundpull\/#website","url":"https:\/\/www3.tuhh.de\/vpl\/pushundpull\/","name":"Push & Pull - B\u00f6se & Gut","description":"","publisher":{"@id":"https:\/\/www3.tuhh.de\/vpl\/pushundpull\/#organization"},"potentialAction":[{"@type":"SearchAction","target":{"@type":"EntryPoint","urlTemplate":"https:\/\/www3.tuhh.de\/vpl\/pushundpull\/?s={search_term_string}"},"query-input":{"@type":"PropertyValueSpecification","valueRequired":true,"valueName":"search_term_string"}}],"inLanguage":"de"},{"@type":"Organization","@id":"https:\/\/www3.tuhh.de\/vpl\/pushundpull\/#organization","name":"Push & Pull - B\u00f6se & Gut","url":"https:\/\/www3.tuhh.de\/vpl\/pushundpull\/","logo":{"@type":"ImageObject","inLanguage":"de","@id":"https:\/\/www3.tuhh.de\/vpl\/pushundpull\/#\/schema\/logo\/image\/","url":"https:\/\/www3.tuhh.de\/vpl\/pushundpull\/wp-content\/uploads\/sites\/2\/2022\/09\/cropped-Logo-RGB.png","contentUrl":"https:\/\/www3.tuhh.de\/vpl\/pushundpull\/wp-content\/uploads\/sites\/2\/2022\/09\/cropped-Logo-RGB.png","width":327,"height":206,"caption":"Push & Pull - B\u00f6se & Gut"},"image":{"@id":"https:\/\/www3.tuhh.de\/vpl\/pushundpull\/#\/schema\/logo\/image\/"}}]}},"_links":{"self":[{"href":"https:\/\/www3.tuhh.de\/vpl\/pushundpull\/wp-json\/wp\/v2\/pages\/1130","targetHints":{"allow":["GET"]}}],"collection":[{"href":"https:\/\/www3.tuhh.de\/vpl\/pushundpull\/wp-json\/wp\/v2\/pages"}],"about":[{"href":"https:\/\/www3.tuhh.de\/vpl\/pushundpull\/wp-json\/wp\/v2\/types\/page"}],"author":[{"embeddable":true,"href":"https:\/\/www3.tuhh.de\/vpl\/pushundpull\/wp-json\/wp\/v2\/users\/1"}],"replies":[{"embeddable":true,"href":"https:\/\/www3.tuhh.de\/vpl\/pushundpull\/wp-json\/wp\/v2\/comments?post=1130"}],"version-history":[{"count":1,"href":"https:\/\/www3.tuhh.de\/vpl\/pushundpull\/wp-json\/wp\/v2\/pages\/1130\/revisions"}],"predecessor-version":[{"id":1245,"href":"https:\/\/www3.tuhh.de\/vpl\/pushundpull\/wp-json\/wp\/v2\/pages\/1130\/revisions\/1245"}],"wp:attachment":[{"href":"https:\/\/www3.tuhh.de\/vpl\/pushundpull\/wp-json\/wp\/v2\/media?parent=1130"}],"curies":[{"name":"wp","href":"https:\/\/api.w.org\/{rel}","templated":true}]}}