{"id":1180,"date":"2023-05-10T10:27:23","date_gmt":"2023-05-10T08:27:23","guid":{"rendered":"https:\/\/www2.tuhh.de\/pushundpull\/?page_id=1180"},"modified":"2023-05-10T10:27:23","modified_gmt":"2023-05-10T08:27:23","slug":"interview-mit-db-regio","status":"publish","type":"page","link":"https:\/\/www3.tuhh.de\/vpl\/pushundpull\/interview-mit-db-regio\/","title":{"rendered":"Interview mit DB Regio"},"content":{"rendered":"\n<p>Im Interview mit DB Regio spricht Martina Hekler \u00fcber das Forschungsprojekt Push&amp;Pull. Mehr Hintergr\u00fcnde zum Thema unter <a rel=\"noreferrer noopener\" href=\"https:\/\/regiosignale.deutschebahn.com\/rs\/blog\/-Ein-Zuckerl-muss-drin-sein--10580764#\" target=\"_blank\">https:\/\/regiosignale.deutschebahn.com\/rs\/blog\/-Ein-Zuckerl-muss-drin-sein&#8211;10580764#<\/a><\/p>\n\n\n\n<figure class=\"wp-block-image size-large\"><img loading=\"lazy\" decoding=\"async\" width=\"1024\" height=\"616\" src=\"http:\/\/www3.tuhh.de\/vpl\/pushundpull\/wp-content\/uploads\/sites\/2\/2023\/05\/Bildschirm\u00adfoto-2023-05-10-um-10.34.51-1024x616.png\" alt=\"\" class=\"wp-image-1186\" srcset=\"https:\/\/www3.tuhh.de\/vpl\/pushundpull\/wp-content\/uploads\/sites\/2\/2023\/05\/Bildschirm\u00adfoto-2023-05-10-um-10.34.51-1024x616.png 1024w, https:\/\/www3.tuhh.de\/vpl\/pushundpull\/wp-content\/uploads\/sites\/2\/2023\/05\/Bildschirm\u00adfoto-2023-05-10-um-10.34.51-300x180.png 300w, https:\/\/www3.tuhh.de\/vpl\/pushundpull\/wp-content\/uploads\/sites\/2\/2023\/05\/Bildschirm\u00adfoto-2023-05-10-um-10.34.51-768x462.png 768w, https:\/\/www3.tuhh.de\/vpl\/pushundpull\/wp-content\/uploads\/sites\/2\/2023\/05\/Bildschirm\u00adfoto-2023-05-10-um-10.34.51-1536x923.png 1536w, https:\/\/www3.tuhh.de\/vpl\/pushundpull\/wp-content\/uploads\/sites\/2\/2023\/05\/Bildschirm\u00adfoto-2023-05-10-um-10.34.51-2048x1231.png 2048w, https:\/\/www3.tuhh.de\/vpl\/pushundpull\/wp-content\/uploads\/sites\/2\/2023\/05\/Bildschirm\u00adfoto-2023-05-10-um-10.34.51-1200x721.png 1200w, https:\/\/www3.tuhh.de\/vpl\/pushundpull\/wp-content\/uploads\/sites\/2\/2023\/05\/Bildschirm\u00adfoto-2023-05-10-um-10.34.51-1980x1190.png 1980w\" sizes=\"auto, (max-width: 1024px) 100vw, 1024px\" \/><figcaption><br>Vorschau des Interviews &#8222;Ein Zuckerl muss drin sein&#8220; mit Martina Hekler im Blog der DB Regio <br>\u00a9 DB Regio<\/figcaption><\/figure>\n\n\n\n<p>10.05.2023 <em>von Martina Hekler<\/em><\/p>\n","protected":false},"excerpt":{"rendered":"<p>Im Interview mit DB Regio spricht Martina Hekler \u00fcber das Forschungsprojekt Push&amp;Pull. Mehr Hintergr\u00fcnde zum Thema unter https:\/\/regiosignale.deutschebahn.com\/rs\/blog\/-Ein-Zuckerl-muss-drin-sein&#8211;10580764# 10.05.2023 von Martina Hekler<\/p>\n","protected":false},"author":1,"featured_media":0,"parent":0,"menu_order":0,"comment_status":"closed","ping_status":"closed","template":"","meta":{"footnotes":""},"class_list":["post-1180","page","type-page","status-publish","hentry"],"yoast_head":"<!-- This site is optimized with the Yoast SEO plugin v26.9 - https:\/\/yoast.com\/product\/yoast-seo-wordpress\/ -->\n<title>Interview mit DB Regio - Push &amp; Pull - B\u00f6se &amp; Gut<\/title>\n<meta name=\"robots\" content=\"index, follow, max-snippet:-1, max-image-preview:large, max-video-preview:-1\" \/>\n<link rel=\"canonical\" href=\"https:\/\/www3.tuhh.de\/vpl\/pushundpull\/interview-mit-db-regio\/\" \/>\n<meta property=\"og:locale\" content=\"de_DE\" \/>\n<meta property=\"og:type\" content=\"article\" \/>\n<meta property=\"og:title\" content=\"Interview mit DB Regio - Push &amp; Pull - B\u00f6se &amp; Gut\" \/>\n<meta property=\"og:description\" content=\"Im Interview mit DB Regio spricht Martina Hekler \u00fcber das Forschungsprojekt Push&amp;Pull. Mehr Hintergr\u00fcnde zum Thema unter https:\/\/regiosignale.deutschebahn.com\/rs\/blog\/-Ein-Zuckerl-muss-drin-sein&#8211;10580764# 10.05.2023 von Martina Hekler\" \/>\n<meta property=\"og:url\" content=\"https:\/\/www3.tuhh.de\/vpl\/pushundpull\/interview-mit-db-regio\/\" \/>\n<meta property=\"og:site_name\" content=\"Push &amp; Pull - B\u00f6se &amp; Gut\" \/>\n<meta name=\"twitter:card\" content=\"summary_large_image\" \/>\n<script type=\"application\/ld+json\" class=\"yoast-schema-graph\">{\"@context\":\"https:\/\/schema.org\",\"@graph\":[{\"@type\":\"WebPage\",\"@id\":\"https:\/\/www3.tuhh.de\/vpl\/pushundpull\/interview-mit-db-regio\/\",\"url\":\"https:\/\/www3.tuhh.de\/vpl\/pushundpull\/interview-mit-db-regio\/\",\"name\":\"Interview mit DB Regio - Push & Pull - B\u00f6se & Gut\",\"isPartOf\":{\"@id\":\"https:\/\/www3.tuhh.de\/vpl\/pushundpull\/#website\"},\"datePublished\":\"2023-05-10T08:27:23+00:00\",\"breadcrumb\":{\"@id\":\"https:\/\/www3.tuhh.de\/vpl\/pushundpull\/interview-mit-db-regio\/#breadcrumb\"},\"inLanguage\":\"de\",\"potentialAction\":[{\"@type\":\"ReadAction\",\"target\":[\"https:\/\/www3.tuhh.de\/vpl\/pushundpull\/interview-mit-db-regio\/\"]}]},{\"@type\":\"BreadcrumbList\",\"@id\":\"https:\/\/www3.tuhh.de\/vpl\/pushundpull\/interview-mit-db-regio\/#breadcrumb\",\"itemListElement\":[{\"@type\":\"ListItem\",\"position\":1,\"name\":\"Startseite\",\"item\":\"https:\/\/www3.tuhh.de\/vpl\/pushundpull\/\"},{\"@type\":\"ListItem\",\"position\":2,\"name\":\"Interview mit DB Regio\"}]},{\"@type\":\"WebSite\",\"@id\":\"https:\/\/www3.tuhh.de\/vpl\/pushundpull\/#website\",\"url\":\"https:\/\/www3.tuhh.de\/vpl\/pushundpull\/\",\"name\":\"Push & Pull - B\u00f6se & Gut\",\"description\":\"\",\"publisher\":{\"@id\":\"https:\/\/www3.tuhh.de\/vpl\/pushundpull\/#organization\"},\"potentialAction\":[{\"@type\":\"SearchAction\",\"target\":{\"@type\":\"EntryPoint\",\"urlTemplate\":\"https:\/\/www3.tuhh.de\/vpl\/pushundpull\/?s={search_term_string}\"},\"query-input\":{\"@type\":\"PropertyValueSpecification\",\"valueRequired\":true,\"valueName\":\"search_term_string\"}}],\"inLanguage\":\"de\"},{\"@type\":\"Organization\",\"@id\":\"https:\/\/www3.tuhh.de\/vpl\/pushundpull\/#organization\",\"name\":\"Push & Pull - B\u00f6se & Gut\",\"url\":\"https:\/\/www3.tuhh.de\/vpl\/pushundpull\/\",\"logo\":{\"@type\":\"ImageObject\",\"inLanguage\":\"de\",\"@id\":\"https:\/\/www3.tuhh.de\/vpl\/pushundpull\/#\/schema\/logo\/image\/\",\"url\":\"https:\/\/www3.tuhh.de\/vpl\/pushundpull\/wp-content\/uploads\/sites\/2\/2022\/09\/cropped-Logo-RGB.png\",\"contentUrl\":\"https:\/\/www3.tuhh.de\/vpl\/pushundpull\/wp-content\/uploads\/sites\/2\/2022\/09\/cropped-Logo-RGB.png\",\"width\":327,\"height\":206,\"caption\":\"Push & Pull - B\u00f6se & Gut\"},\"image\":{\"@id\":\"https:\/\/www3.tuhh.de\/vpl\/pushundpull\/#\/schema\/logo\/image\/\"}}]}<\/script>\n<!-- \/ Yoast SEO plugin. -->","yoast_head_json":{"title":"Interview mit DB Regio - Push & Pull - B\u00f6se & Gut","robots":{"index":"index","follow":"follow","max-snippet":"max-snippet:-1","max-image-preview":"max-image-preview:large","max-video-preview":"max-video-preview:-1"},"canonical":"https:\/\/www3.tuhh.de\/vpl\/pushundpull\/interview-mit-db-regio\/","og_locale":"de_DE","og_type":"article","og_title":"Interview mit DB Regio - Push & Pull - B\u00f6se & Gut","og_description":"Im Interview mit DB Regio spricht Martina Hekler \u00fcber das Forschungsprojekt Push&amp;Pull. Mehr Hintergr\u00fcnde zum Thema unter https:\/\/regiosignale.deutschebahn.com\/rs\/blog\/-Ein-Zuckerl-muss-drin-sein&#8211;10580764# 10.05.2023 von Martina Hekler","og_url":"https:\/\/www3.tuhh.de\/vpl\/pushundpull\/interview-mit-db-regio\/","og_site_name":"Push & Pull - B\u00f6se & Gut","twitter_card":"summary_large_image","schema":{"@context":"https:\/\/schema.org","@graph":[{"@type":"WebPage","@id":"https:\/\/www3.tuhh.de\/vpl\/pushundpull\/interview-mit-db-regio\/","url":"https:\/\/www3.tuhh.de\/vpl\/pushundpull\/interview-mit-db-regio\/","name":"Interview mit DB Regio - Push & Pull - B\u00f6se & Gut","isPartOf":{"@id":"https:\/\/www3.tuhh.de\/vpl\/pushundpull\/#website"},"datePublished":"2023-05-10T08:27:23+00:00","breadcrumb":{"@id":"https:\/\/www3.tuhh.de\/vpl\/pushundpull\/interview-mit-db-regio\/#breadcrumb"},"inLanguage":"de","potentialAction":[{"@type":"ReadAction","target":["https:\/\/www3.tuhh.de\/vpl\/pushundpull\/interview-mit-db-regio\/"]}]},{"@type":"BreadcrumbList","@id":"https:\/\/www3.tuhh.de\/vpl\/pushundpull\/interview-mit-db-regio\/#breadcrumb","itemListElement":[{"@type":"ListItem","position":1,"name":"Startseite","item":"https:\/\/www3.tuhh.de\/vpl\/pushundpull\/"},{"@type":"ListItem","position":2,"name":"Interview mit DB Regio"}]},{"@type":"WebSite","@id":"https:\/\/www3.tuhh.de\/vpl\/pushundpull\/#website","url":"https:\/\/www3.tuhh.de\/vpl\/pushundpull\/","name":"Push & Pull - B\u00f6se & Gut","description":"","publisher":{"@id":"https:\/\/www3.tuhh.de\/vpl\/pushundpull\/#organization"},"potentialAction":[{"@type":"SearchAction","target":{"@type":"EntryPoint","urlTemplate":"https:\/\/www3.tuhh.de\/vpl\/pushundpull\/?s={search_term_string}"},"query-input":{"@type":"PropertyValueSpecification","valueRequired":true,"valueName":"search_term_string"}}],"inLanguage":"de"},{"@type":"Organization","@id":"https:\/\/www3.tuhh.de\/vpl\/pushundpull\/#organization","name":"Push & Pull - B\u00f6se & Gut","url":"https:\/\/www3.tuhh.de\/vpl\/pushundpull\/","logo":{"@type":"ImageObject","inLanguage":"de","@id":"https:\/\/www3.tuhh.de\/vpl\/pushundpull\/#\/schema\/logo\/image\/","url":"https:\/\/www3.tuhh.de\/vpl\/pushundpull\/wp-content\/uploads\/sites\/2\/2022\/09\/cropped-Logo-RGB.png","contentUrl":"https:\/\/www3.tuhh.de\/vpl\/pushundpull\/wp-content\/uploads\/sites\/2\/2022\/09\/cropped-Logo-RGB.png","width":327,"height":206,"caption":"Push & Pull - B\u00f6se & Gut"},"image":{"@id":"https:\/\/www3.tuhh.de\/vpl\/pushundpull\/#\/schema\/logo\/image\/"}}]}},"_links":{"self":[{"href":"https:\/\/www3.tuhh.de\/vpl\/pushundpull\/wp-json\/wp\/v2\/pages\/1180","targetHints":{"allow":["GET"]}}],"collection":[{"href":"https:\/\/www3.tuhh.de\/vpl\/pushundpull\/wp-json\/wp\/v2\/pages"}],"about":[{"href":"https:\/\/www3.tuhh.de\/vpl\/pushundpull\/wp-json\/wp\/v2\/types\/page"}],"author":[{"embeddable":true,"href":"https:\/\/www3.tuhh.de\/vpl\/pushundpull\/wp-json\/wp\/v2\/users\/1"}],"replies":[{"embeddable":true,"href":"https:\/\/www3.tuhh.de\/vpl\/pushundpull\/wp-json\/wp\/v2\/comments?post=1180"}],"version-history":[{"count":0,"href":"https:\/\/www3.tuhh.de\/vpl\/pushundpull\/wp-json\/wp\/v2\/pages\/1180\/revisions"}],"wp:attachment":[{"href":"https:\/\/www3.tuhh.de\/vpl\/pushundpull\/wp-json\/wp\/v2\/media?parent=1180"}],"curies":[{"name":"wp","href":"https:\/\/api.w.org\/{rel}","templated":true}]}}