{"id":1275,"date":"2024-06-25T16:54:55","date_gmt":"2024-06-25T14:54:55","guid":{"rendered":"https:\/\/www3.tuhh.de\/vpl\/pushundpull\/?page_id=1275"},"modified":"2024-10-07T11:20:45","modified_gmt":"2024-10-07T09:20:45","slug":"datenschutzerklaerung","status":"publish","type":"page","link":"https:\/\/www3.tuhh.de\/vpl\/pushundpull\/datenschutzerklaerung\/","title":{"rendered":"Datenschutzerkl\u00e4rung"},"content":{"rendered":"\n<p>Diese Datenschutzerkl\u00e4rung betrifft die Nutzung von Projekt-Webseiten des Institutes f\u00fcr Verkehrsplanung und Logistik an der <a href=\"https:\/\/www.tuhh.de\/tuhh\/datenschutz\">Technischen Universit\u00e4t Hamburg<\/a> (TU Hamburg), soweit f\u00fcr Einzelseiten keine spezifische Datenschutzerkl\u00e4rung angegeben ist.&nbsp;<\/p>\n\n\n\n<h2 class=\"wp-block-heading has-large-font-size\">1. Name und Kontaktdaten des Verantwortlichen<\/h2>\n\n\n\n<p>Verantwortlicher im Sinne der Datenschutz-Grundverordnung, sonstiger in den Mitgliedstaaten der Europ\u00e4ischen Union geltenden Datenschutzgesetze und anderer Bestimmungen mit datenschutzrechtlichem Charakter ist:<\/p>\n\n\n\n<p>Technische Universit\u00e4t Hamburg (TU Hamburg)<br>Institut f\u00fcr Verkehrsplanung und Logistik<br>Am Schwarzenberg-Campus 3<br>21073 Hamburg<\/p>\n\n\n\n<p>E-Mail: <a href=\"mailto:nabaoui@tuhh.de\">nabaoui(at)tuhh.de<\/a><\/p>\n\n\n\n<p>Das Institut f\u00fcr Verkehrsplanung und Logistik ist innerhalb der TU Hamburg angesiedelt.<br>Die TU Hamburg ist eine K\u00f6rperschaft des \u00d6ffentlichen Rechts. Sie wird gesetzlich vertreten durch den Pr\u00e4sidenten der TU Hamburg, z.Zt. Prof. Dr. Andreas Timm-Giel.<\/p>\n\n\n\n<h2 class=\"wp-block-heading has-large-font-size\">2. Kontaktdaten des Datenschutzbeauftragten der Verantwortlichen<\/h2>\n\n\n\n<p>Externer Datenschutzbeauftragter der TU Hamburg<br>datenschutz nord GmbH<br>Konsul-Smidt-Stra\u00dfe 88<br>28217 Bremen<br><br>E-Mail: <a href=\"https:\/\/www.tuhh.de\/tuhh\">office(at)datenschutz-nord.de<\/a><\/p>\n\n\n\n<h2 class=\"wp-block-heading has-large-font-size\">3. Zwecke, Dauer und Rechtsgrundlage der Verarbeitung personenbezogener Daten<\/h2>\n\n\n\n<h3 class=\"wp-block-heading has-normal-font-size\">Bereitstellung der Website<\/h3>\n\n\n\n<p>Bei jedem Aufruf und Nutzung der Website der TU Hamburg werden vom System automatisiert Daten und Informationen erfasst. Diese Daten und Informationen werden in Logfiles der Server gespeichert.<\/p>\n\n\n\n<p>Im Einzelnen werden \u00fcber jeden Zugriff folgende Daten gespeichert:<\/p>\n\n\n\n<ul class=\"wp-block-list\">\n<li>IP-Adresse<\/li>\n\n\n\n<li>Datum und Uhrzeit<\/li>\n\n\n\n<li>aufgerufene Seite<\/li>\n\n\n\n<li>\u00fcbertragene Datenmenge<\/li>\n\n\n\n<li>Zugriffsstatus<\/li>\n\n\n\n<li>Version des Browsers<\/li>\n\n\n\n<li>vorher aufgerufene Seite<\/li>\n<\/ul>\n\n\n\n<p>Rechtsgrundlage f\u00fcr die Speicherung der Daten und der Logfiles ist Art. 6 Abs. 1 lit. e DSGVO i.V.m. \u00a7 4 HmDSG i.V.m. \u00a7\u00a7 3 und 4 HmbHG.<\/p>\n\n\n\n<p>Die vor\u00fcbergehende Speicherung der IP-Adresse durch das System ist erforderlich, um eine Auslieferung der Website an den Rechner des Nutzers zu erm\u00f6glichen. Hierf\u00fcr muss die IP-Adresse des Nutzers f\u00fcr die Dauer der Sitzung gespeichert bleiben.<\/p>\n\n\n\n<p>Die Speicherung in Logfiles erfolgt zur Sicherstellung der Funktionsf\u00e4higkeit der Webseite, zur Optimierung der Inhalte der Webseite sowie zur Sicherstellung der Sicherheit unserer informationstechnischen Systeme.<\/p>\n\n\n\n<p>Die Logfiles werden gel\u00f6scht, sobald sie f\u00fcr die Erreichung des Zweckes ihrer Erhebung nicht mehr erforderlich sind. Dies geschieht nach einer Woche automatisch, wenn keine aktuelle St\u00f6rung vorliegt. Statistische Auswertungen zur Nutzung verwenden keine personenbeziehbaren Daten wie die IP-Adresse.<\/p>\n\n\n\n<h3 class=\"wp-block-heading has-normal-font-size\">Website-Analyse mit Matomo<\/h3>\n\n\n\n<p>Wir nutzen auf unserer Website das Open-Source-Software-Tool Matomo (https:\/\/matomo.org\/) zur Analyse des Surfverhaltens unserer Nutzer. DSGVO-konform: Matomo wird lokal betrieben, es werden keine Daten an andere weitergegeben. Es werden keine Cookies verwendet.<\/p>\n\n\n\n<p>Werden Einzelseiten unserer Website aufgerufen, so werden folgende Daten erhoben:<\/p>\n\n\n\n<ul class=\"wp-block-list\">\n<li>Anonymisierte IP-Adresse Ihres Endger\u00e4ts, von dem aus auf die Website zugegriffen wird.<br>(Daraus resultierend: Herkunft des Webseitenaufrufs: Land)<\/li>\n\n\n\n<li>Datum und Uhrzeit des Zugriffs auf unsere Website.<\/li>\n\n\n\n<li>Die Website, von der aus Sie auf unsere Website gelangt sind.<\/li>\n\n\n\n<li>Webseiten, die in unserem System aufgerufen werden.<\/li>\n\n\n\n<li>Aufenthaltsdauer<\/li>\n\n\n\n<li>Der von Ihnen verwendete Browser und Ihr Betriebssystem.<\/li>\n\n\n\n<li>Informationen \u00fcber das von Ihnen verwendete Endger\u00e4t (z. B. Ger\u00e4tetyp, Bildschirmaufl\u00f6sung).<\/li>\n\n\n\n<li>Verwendete Plugins und Erweiterungen: Informationen \u00fcber die von Ihnen verwendeten<\/li>\n<\/ul>\n\n\n\n<p>Rechtsgrundlage f\u00fcr die Verarbeitung der personenbezogenen Daten der Nutzer ist Art. 6 Abs. 1 lit. f DSGVO.<\/p>\n\n\n\n<p>Die Verarbeitung der personenbezogenen Daten der Nutzer erm\u00f6glicht uns eine Analyse des Surfverhaltens unserer Nutzer. Wir sind in durch die Auswertung der gewonnen Daten in der Lage, Informationen \u00fcber die Nutzung der einzelnen Komponenten unserer Webseite zusammenzustellen. Dies hilft uns dabei unsere Webseite und deren Nutzerfreundlichkeit stetig zu verbessern. In diesen Zwecken liegt auch unser berechtigtes Interesse in der Verarbeitung der Daten nach Art. 6 Abs. 1 lit. f DSGVO. Durch die Anonymisierung der IP-Adresse wird dem Interesse der Nutzer an deren Schutz personenbezogener Daten hinreichend Rechnung getragen.<\/p>\n\n\n\n<h2 class=\"wp-block-heading has-large-font-size\">4. Recht der betroffenen Person<\/h2>\n\n\n\n<p>Sie haben das Recht auf eine Auskunft \u00fcber die von Ihnen gespeicherten personenbezogenen Daten sowie das Recht auf Berichtigung, L\u00f6schung oder auf Einschr\u00e4nkung der Verarbeitung der von uns erhobenen Daten.<\/p>\n\n\n\n<p>Sie haben das Recht, aus Gr\u00fcnden, die sich aus ihrer besonderen Situation ergeben, jederzeit gegen die Verarbeitung der Sie betreffenden personenbezogenen Daten, die aufgrund von Art. 6 Abs. 1 lit. e oder f DSGVO erfolgt, Widerspruch einzulegen.<\/p>\n\n\n\n<p>Unbeschadet eines anderweitigen verwaltungsrechtlichen oder gerichtlichen Rechtsbehelfs steht Ihnen das Recht auf Beschwerde bei einer Aufsichtsbeh\u00f6rde zu, wenn Sie der Ansicht sind, dass die Verarbeitung der Sie betreffenden personenbezogenen Daten gegen die DSGVO verst\u00f6\u00dft.<\/p>\n\n\n\n<h3 class=\"wp-block-heading has-normal-font-size\">Erg\u00e4nzender datenschutzrechtlicher Hinweis<\/h3>\n\n\n\n<p>Auf den verschiedenen Webseiten der TU Hamburg kommen unterschiedliche Funktionen und Dienste zum Einsatz.&nbsp;Werden dabei personenbezogenen Daten erhoben, finden Sie in den Seiteninformationen entsprechende, erg\u00e4nzende Hinweise darauf.<\/p>\n\n\n\n<h3 class=\"wp-block-heading has-normal-font-size\">\u00c4nderungen der Datenschutzerkl\u00e4rung<\/h3>\n\n\n\n<p>Wir behalten uns vor, diese Datenschutzerkl\u00e4rung anzupassen, um sie stets den aktuellen rechtlichen Anforderungen anzupassen oder um \u00c4nderungen unserer Leistungen in der Datenschutzerkl\u00e4rung umzusetzen, z. B. bei der Einf\u00fchrung neuer Services. F\u00fcr Ihren erneuten Besuch gilt dann die neue Datenschutzerkl\u00e4rung.<\/p>\n","protected":false},"excerpt":{"rendered":"<p>Diese Datenschutzerkl\u00e4rung betrifft die Nutzung von Projekt-Webseiten des Institutes f\u00fcr Verkehrsplanung und Logistik an der Technischen Universit\u00e4t Hamburg (TU Hamburg), soweit f\u00fcr Einzelseiten keine spezifische Datenschutzerkl\u00e4rung angegeben ist.&nbsp; 1. Name und Kontaktdaten des Verantwortlichen Verantwortlicher im Sinne der Datenschutz-Grundverordnung, sonstiger in den Mitgliedstaaten der Europ\u00e4ischen Union geltenden Datenschutzgesetze und anderer Bestimmungen mit datenschutzrechtlichem Charakter ist: [&hellip;]<\/p>\n","protected":false},"author":4,"featured_media":0,"parent":0,"menu_order":0,"comment_status":"closed","ping_status":"closed","template":"","meta":{"footnotes":""},"class_list":["post-1275","page","type-page","status-publish","hentry"],"yoast_head":"<!-- This site is optimized with the Yoast SEO plugin v26.9 - https:\/\/yoast.com\/product\/yoast-seo-wordpress\/ -->\n<title>Datenschutzerkl\u00e4rung - Push &amp; Pull - B\u00f6se &amp; Gut<\/title>\n<meta name=\"description\" content=\"Diese Datenschutzerkl\u00e4rung betrifft die Nutzung von Projekt-Webseiten des Institutes f\u00fcr Verkehrsplanung und Logistik an der Technischen Universit\u00e4t Hamburg (TU Hamburg)\" \/>\n<meta name=\"robots\" content=\"index, follow, max-snippet:-1, max-image-preview:large, max-video-preview:-1\" \/>\n<link rel=\"canonical\" href=\"https:\/\/www3.tuhh.de\/vpl\/pushundpull\/datenschutzerklaerung\/\" \/>\n<meta property=\"og:locale\" content=\"de_DE\" \/>\n<meta property=\"og:type\" content=\"article\" \/>\n<meta property=\"og:title\" content=\"Datenschutzerkl\u00e4rung - Push &amp; Pull - B\u00f6se &amp; Gut\" \/>\n<meta property=\"og:description\" content=\"Diese Datenschutzerkl\u00e4rung betrifft die Nutzung von Projekt-Webseiten des Institutes f\u00fcr Verkehrsplanung und Logistik an der Technischen Universit\u00e4t Hamburg (TU Hamburg)\" \/>\n<meta property=\"og:url\" content=\"https:\/\/www3.tuhh.de\/vpl\/pushundpull\/datenschutzerklaerung\/\" \/>\n<meta property=\"og:site_name\" content=\"Push &amp; Pull - B\u00f6se &amp; Gut\" \/>\n<meta property=\"article:modified_time\" content=\"2024-10-07T09:20:45+00:00\" \/>\n<meta name=\"twitter:card\" content=\"summary_large_image\" \/>\n<meta name=\"twitter:label1\" content=\"Gesch\u00e4tzte Lesezeit\" \/>\n\t<meta name=\"twitter:data1\" content=\"5\u00a0Minuten\" \/>\n<script type=\"application\/ld+json\" class=\"yoast-schema-graph\">{\"@context\":\"https:\/\/schema.org\",\"@graph\":[{\"@type\":\"WebPage\",\"@id\":\"https:\/\/www3.tuhh.de\/vpl\/pushundpull\/datenschutzerklaerung\/\",\"url\":\"https:\/\/www3.tuhh.de\/vpl\/pushundpull\/datenschutzerklaerung\/\",\"name\":\"Datenschutzerkl\u00e4rung - Push & Pull - B\u00f6se & Gut\",\"isPartOf\":{\"@id\":\"https:\/\/www3.tuhh.de\/vpl\/pushundpull\/#website\"},\"datePublished\":\"2024-06-25T14:54:55+00:00\",\"dateModified\":\"2024-10-07T09:20:45+00:00\",\"description\":\"Diese Datenschutzerkl\u00e4rung betrifft die Nutzung von Projekt-Webseiten des Institutes f\u00fcr Verkehrsplanung und Logistik an der Technischen Universit\u00e4t Hamburg (TU Hamburg)\",\"breadcrumb\":{\"@id\":\"https:\/\/www3.tuhh.de\/vpl\/pushundpull\/datenschutzerklaerung\/#breadcrumb\"},\"inLanguage\":\"de\",\"potentialAction\":[{\"@type\":\"ReadAction\",\"target\":[\"https:\/\/www3.tuhh.de\/vpl\/pushundpull\/datenschutzerklaerung\/\"]}]},{\"@type\":\"BreadcrumbList\",\"@id\":\"https:\/\/www3.tuhh.de\/vpl\/pushundpull\/datenschutzerklaerung\/#breadcrumb\",\"itemListElement\":[{\"@type\":\"ListItem\",\"position\":1,\"name\":\"Startseite\",\"item\":\"https:\/\/www3.tuhh.de\/vpl\/pushundpull\/\"},{\"@type\":\"ListItem\",\"position\":2,\"name\":\"Datenschutzerkl\u00e4rung\"}]},{\"@type\":\"WebSite\",\"@id\":\"https:\/\/www3.tuhh.de\/vpl\/pushundpull\/#website\",\"url\":\"https:\/\/www3.tuhh.de\/vpl\/pushundpull\/\",\"name\":\"Push & Pull - B\u00f6se & Gut\",\"description\":\"\",\"publisher\":{\"@id\":\"https:\/\/www3.tuhh.de\/vpl\/pushundpull\/#organization\"},\"potentialAction\":[{\"@type\":\"SearchAction\",\"target\":{\"@type\":\"EntryPoint\",\"urlTemplate\":\"https:\/\/www3.tuhh.de\/vpl\/pushundpull\/?s={search_term_string}\"},\"query-input\":{\"@type\":\"PropertyValueSpecification\",\"valueRequired\":true,\"valueName\":\"search_term_string\"}}],\"inLanguage\":\"de\"},{\"@type\":\"Organization\",\"@id\":\"https:\/\/www3.tuhh.de\/vpl\/pushundpull\/#organization\",\"name\":\"Push & Pull - B\u00f6se & Gut\",\"url\":\"https:\/\/www3.tuhh.de\/vpl\/pushundpull\/\",\"logo\":{\"@type\":\"ImageObject\",\"inLanguage\":\"de\",\"@id\":\"https:\/\/www3.tuhh.de\/vpl\/pushundpull\/#\/schema\/logo\/image\/\",\"url\":\"https:\/\/www3.tuhh.de\/vpl\/pushundpull\/wp-content\/uploads\/sites\/2\/2022\/09\/cropped-Logo-RGB.png\",\"contentUrl\":\"https:\/\/www3.tuhh.de\/vpl\/pushundpull\/wp-content\/uploads\/sites\/2\/2022\/09\/cropped-Logo-RGB.png\",\"width\":327,\"height\":206,\"caption\":\"Push & Pull - B\u00f6se & Gut\"},\"image\":{\"@id\":\"https:\/\/www3.tuhh.de\/vpl\/pushundpull\/#\/schema\/logo\/image\/\"}}]}<\/script>\n<!-- \/ Yoast SEO plugin. -->","yoast_head_json":{"title":"Datenschutzerkl\u00e4rung - Push & Pull - B\u00f6se & Gut","description":"Diese Datenschutzerkl\u00e4rung betrifft die Nutzung von Projekt-Webseiten des Institutes f\u00fcr Verkehrsplanung und Logistik an der Technischen Universit\u00e4t Hamburg (TU Hamburg)","robots":{"index":"index","follow":"follow","max-snippet":"max-snippet:-1","max-image-preview":"max-image-preview:large","max-video-preview":"max-video-preview:-1"},"canonical":"https:\/\/www3.tuhh.de\/vpl\/pushundpull\/datenschutzerklaerung\/","og_locale":"de_DE","og_type":"article","og_title":"Datenschutzerkl\u00e4rung - Push & Pull - B\u00f6se & Gut","og_description":"Diese Datenschutzerkl\u00e4rung betrifft die Nutzung von Projekt-Webseiten des Institutes f\u00fcr Verkehrsplanung und Logistik an der Technischen Universit\u00e4t Hamburg (TU Hamburg)","og_url":"https:\/\/www3.tuhh.de\/vpl\/pushundpull\/datenschutzerklaerung\/","og_site_name":"Push & Pull - B\u00f6se & Gut","article_modified_time":"2024-10-07T09:20:45+00:00","twitter_card":"summary_large_image","twitter_misc":{"Gesch\u00e4tzte Lesezeit":"5\u00a0Minuten"},"schema":{"@context":"https:\/\/schema.org","@graph":[{"@type":"WebPage","@id":"https:\/\/www3.tuhh.de\/vpl\/pushundpull\/datenschutzerklaerung\/","url":"https:\/\/www3.tuhh.de\/vpl\/pushundpull\/datenschutzerklaerung\/","name":"Datenschutzerkl\u00e4rung - Push & Pull - B\u00f6se & Gut","isPartOf":{"@id":"https:\/\/www3.tuhh.de\/vpl\/pushundpull\/#website"},"datePublished":"2024-06-25T14:54:55+00:00","dateModified":"2024-10-07T09:20:45+00:00","description":"Diese Datenschutzerkl\u00e4rung betrifft die Nutzung von Projekt-Webseiten des Institutes f\u00fcr Verkehrsplanung und Logistik an der Technischen Universit\u00e4t Hamburg (TU Hamburg)","breadcrumb":{"@id":"https:\/\/www3.tuhh.de\/vpl\/pushundpull\/datenschutzerklaerung\/#breadcrumb"},"inLanguage":"de","potentialAction":[{"@type":"ReadAction","target":["https:\/\/www3.tuhh.de\/vpl\/pushundpull\/datenschutzerklaerung\/"]}]},{"@type":"BreadcrumbList","@id":"https:\/\/www3.tuhh.de\/vpl\/pushundpull\/datenschutzerklaerung\/#breadcrumb","itemListElement":[{"@type":"ListItem","position":1,"name":"Startseite","item":"https:\/\/www3.tuhh.de\/vpl\/pushundpull\/"},{"@type":"ListItem","position":2,"name":"Datenschutzerkl\u00e4rung"}]},{"@type":"WebSite","@id":"https:\/\/www3.tuhh.de\/vpl\/pushundpull\/#website","url":"https:\/\/www3.tuhh.de\/vpl\/pushundpull\/","name":"Push & Pull - B\u00f6se & Gut","description":"","publisher":{"@id":"https:\/\/www3.tuhh.de\/vpl\/pushundpull\/#organization"},"potentialAction":[{"@type":"SearchAction","target":{"@type":"EntryPoint","urlTemplate":"https:\/\/www3.tuhh.de\/vpl\/pushundpull\/?s={search_term_string}"},"query-input":{"@type":"PropertyValueSpecification","valueRequired":true,"valueName":"search_term_string"}}],"inLanguage":"de"},{"@type":"Organization","@id":"https:\/\/www3.tuhh.de\/vpl\/pushundpull\/#organization","name":"Push & Pull - B\u00f6se & Gut","url":"https:\/\/www3.tuhh.de\/vpl\/pushundpull\/","logo":{"@type":"ImageObject","inLanguage":"de","@id":"https:\/\/www3.tuhh.de\/vpl\/pushundpull\/#\/schema\/logo\/image\/","url":"https:\/\/www3.tuhh.de\/vpl\/pushundpull\/wp-content\/uploads\/sites\/2\/2022\/09\/cropped-Logo-RGB.png","contentUrl":"https:\/\/www3.tuhh.de\/vpl\/pushundpull\/wp-content\/uploads\/sites\/2\/2022\/09\/cropped-Logo-RGB.png","width":327,"height":206,"caption":"Push & Pull - B\u00f6se & Gut"},"image":{"@id":"https:\/\/www3.tuhh.de\/vpl\/pushundpull\/#\/schema\/logo\/image\/"}}]}},"_links":{"self":[{"href":"https:\/\/www3.tuhh.de\/vpl\/pushundpull\/wp-json\/wp\/v2\/pages\/1275","targetHints":{"allow":["GET"]}}],"collection":[{"href":"https:\/\/www3.tuhh.de\/vpl\/pushundpull\/wp-json\/wp\/v2\/pages"}],"about":[{"href":"https:\/\/www3.tuhh.de\/vpl\/pushundpull\/wp-json\/wp\/v2\/types\/page"}],"author":[{"embeddable":true,"href":"https:\/\/www3.tuhh.de\/vpl\/pushundpull\/wp-json\/wp\/v2\/users\/4"}],"replies":[{"embeddable":true,"href":"https:\/\/www3.tuhh.de\/vpl\/pushundpull\/wp-json\/wp\/v2\/comments?post=1275"}],"version-history":[{"count":10,"href":"https:\/\/www3.tuhh.de\/vpl\/pushundpull\/wp-json\/wp\/v2\/pages\/1275\/revisions"}],"predecessor-version":[{"id":1289,"href":"https:\/\/www3.tuhh.de\/vpl\/pushundpull\/wp-json\/wp\/v2\/pages\/1275\/revisions\/1289"}],"wp:attachment":[{"href":"https:\/\/www3.tuhh.de\/vpl\/pushundpull\/wp-json\/wp\/v2\/media?parent=1275"}],"curies":[{"name":"wp","href":"https:\/\/api.w.org\/{rel}","templated":true}]}}