{"id":159,"date":"2022-06-24T13:24:25","date_gmt":"2022-06-24T11:24:25","guid":{"rendered":"https:\/\/www2.tuhh.de\/pushundpull\/?page_id=159"},"modified":"2022-06-24T13:24:25","modified_gmt":"2022-06-24T11:24:25","slug":"forschung","status":"publish","type":"page","link":"https:\/\/www3.tuhh.de\/vpl\/pushundpull\/forschung\/","title":{"rendered":"Forschung"},"content":{"rendered":"\n<div class=\"wp-block-cover alignfull has-background-dim-20 has-background-dim\" style=\"background-color:#00c1d4;min-height:300px;aspect-ratio:unset;\"><img loading=\"lazy\" decoding=\"async\" width=\"2338\" height=\"1557\" class=\"wp-block-cover__image-background wp-image-855\" alt=\"\" src=\"http:\/\/www3.tuhh.de\/vpl\/pushundpull\/wp-content\/uploads\/sites\/2\/2022\/09\/Forschung_DSC09559_b-1.jpg\" style=\"object-position:54% 68%\" data-object-fit=\"cover\" data-object-position=\"54% 68%\" srcset=\"https:\/\/www3.tuhh.de\/vpl\/pushundpull\/wp-content\/uploads\/sites\/2\/2022\/09\/Forschung_DSC09559_b-1.jpg 2338w, https:\/\/www3.tuhh.de\/vpl\/pushundpull\/wp-content\/uploads\/sites\/2\/2022\/09\/Forschung_DSC09559_b-1-300x200.jpg 300w, https:\/\/www3.tuhh.de\/vpl\/pushundpull\/wp-content\/uploads\/sites\/2\/2022\/09\/Forschung_DSC09559_b-1-1024x682.jpg 1024w, https:\/\/www3.tuhh.de\/vpl\/pushundpull\/wp-content\/uploads\/sites\/2\/2022\/09\/Forschung_DSC09559_b-1-768x511.jpg 768w, https:\/\/www3.tuhh.de\/vpl\/pushundpull\/wp-content\/uploads\/sites\/2\/2022\/09\/Forschung_DSC09559_b-1-1536x1023.jpg 1536w, https:\/\/www3.tuhh.de\/vpl\/pushundpull\/wp-content\/uploads\/sites\/2\/2022\/09\/Forschung_DSC09559_b-1-2048x1364.jpg 2048w, https:\/\/www3.tuhh.de\/vpl\/pushundpull\/wp-content\/uploads\/sites\/2\/2022\/09\/Forschung_DSC09559_b-1-1200x799.jpg 1200w, https:\/\/www3.tuhh.de\/vpl\/pushundpull\/wp-content\/uploads\/sites\/2\/2022\/09\/Forschung_DSC09559_b-1-1980x1319.jpg 1980w\" sizes=\"auto, (max-width: 2338px) 100vw, 2338px\" \/><div class=\"wp-block-cover__inner-container is-layout-flow wp-block-cover-is-layout-flow\">\n<p class=\"has-text-align-center has-large-font-size\"><\/p>\n<\/div><\/div>\n\n\n\n<div class=\"wp-block-columns is-layout-flex wp-container-core-columns-is-layout-9d6595d7 wp-block-columns-is-layout-flex\">\n<div class=\"wp-block-column is-layout-flow wp-block-column-is-layout-flow\" style=\"flex-basis:15%\"><\/div>\n\n\n\n<div class=\"wp-block-column is-layout-flow wp-block-column-is-layout-flow\" style=\"flex-basis:60%\">\n<p><strong>Forschungsdesign <\/strong><\/p>\n<\/div>\n\n\n\n<div class=\"wp-block-column is-layout-flow wp-block-column-is-layout-flow\" style=\"flex-basis:25%\"><\/div>\n<\/div>\n\n\n\n<figure class=\"wp-block-image alignwide size-large\"><img loading=\"lazy\" decoding=\"async\" width=\"1024\" height=\"228\" src=\"http:\/\/www3.tuhh.de\/vpl\/pushundpull\/wp-content\/uploads\/sites\/2\/2023\/05\/230522_AP_Uebersicht-1-1024x228.png\" alt=\"\" class=\"wp-image-1205\" srcset=\"https:\/\/www3.tuhh.de\/vpl\/pushundpull\/wp-content\/uploads\/sites\/2\/2023\/05\/230522_AP_Uebersicht-1-1024x228.png 1024w, https:\/\/www3.tuhh.de\/vpl\/pushundpull\/wp-content\/uploads\/sites\/2\/2023\/05\/230522_AP_Uebersicht-1-300x67.png 300w, https:\/\/www3.tuhh.de\/vpl\/pushundpull\/wp-content\/uploads\/sites\/2\/2023\/05\/230522_AP_Uebersicht-1-768x171.png 768w, https:\/\/www3.tuhh.de\/vpl\/pushundpull\/wp-content\/uploads\/sites\/2\/2023\/05\/230522_AP_Uebersicht-1-1200x267.png 1200w, https:\/\/www3.tuhh.de\/vpl\/pushundpull\/wp-content\/uploads\/sites\/2\/2023\/05\/230522_AP_Uebersicht-1.png 1475w\" sizes=\"auto, (max-width: 1024px) 100vw, 1024px\" \/><\/figure>\n\n\n\n<div class=\"wp-block-columns is-layout-flex wp-container-core-columns-is-layout-9d6595d7 wp-block-columns-is-layout-flex\">\n<div class=\"wp-block-column is-layout-flow wp-block-column-is-layout-flow\" style=\"flex-basis:15%\">\n<figure class=\"wp-block-image size-large is-resized\"><img loading=\"lazy\" decoding=\"async\" src=\"https:\/\/www2.tuhh.de\/pushundpull\/wp-content\/uploads\/sites\/52\/2022\/08\/pfeil_AP1.svg\" alt=\"AP1\" class=\"wp-image-455\" width=\"83\" height=\"100\" \/><\/figure>\n<\/div>\n\n\n\n<div class=\"wp-block-column is-layout-flow wp-block-column-is-layout-flow\" style=\"flex-basis:60%\">\n<p><strong>Arbeitspaket 1: <\/strong><br><strong>Darstellung Wissensstand<\/strong><\/p>\n\n\n\n<p>Betrachtung der Begrifflichkeiten Push und Pull aus nationaler und internationaler Sicht sowie Aufarbeitung des politikwissenschaftlichen Forschungsstands zu Governanceprozessen. Zudem erfolgt eine Aufbereitung \u00fcber bisherige Systematisierungen und verkehrliche Wirkungen sowie die Wahrnehmung und Akzeptanz von Push- und Pull-Ma\u00dfnahmen im Kontext unterschiedlicher Akteur*innen aus Politik, Verwaltung und Zivilgesellschaft.<\/p>\n<\/div>\n\n\n\n<div class=\"wp-block-column is-layout-flow wp-block-column-is-layout-flow\" style=\"flex-basis:25%\">\n<p><a href=\"http:\/\/www3.tuhh.de\/vpl\/pushundpull\/wp-content\/uploads\/sites\/2\/2023\/05\/230526_DownloadAP1.pdf\" data-type=\"URL\" target=\"_blank\" rel=\"noreferrer noopener\">Download AP1<\/a><\/p>\n<\/div>\n<\/div>\n\n\n\n<div class=\"wp-block-columns is-layout-flex wp-container-core-columns-is-layout-9d6595d7 wp-block-columns-is-layout-flex\">\n<div class=\"wp-block-column is-layout-flow wp-block-column-is-layout-flow\" style=\"flex-basis:15%\">\n<figure class=\"wp-block-image size-large is-resized\"><img loading=\"lazy\" decoding=\"async\" src=\"https:\/\/www2.tuhh.de\/pushundpull\/wp-content\/uploads\/sites\/52\/2022\/08\/pfeil_AP2.svg\" alt=\"AP2\" class=\"wp-image-460\" width=\"83\" height=\"100\" \/><\/figure>\n<\/div>\n\n\n\n<div class=\"wp-block-column is-layout-flow wp-block-column-is-layout-flow\" style=\"flex-basis:60%\">\n<p><strong>Arbeitspaket 2:<\/strong><br><strong>Ma\u00dfnahmenidentifizierung<\/strong><br>Identifizierung und Zusammenstellung der in der Literatur genannten Push- und Pull-Ma\u00dfnahmen mittels einer Literaturanalyse. Dabei sollen m\u00f6gliche Konfliktpunkte in der Literatur sowie nicht klar abzugrenzende Diskussionsf\u00e4lle veranschaulicht werden.<\/p>\n\n\n\n<p><\/p>\n<\/div>\n\n\n\n<div class=\"wp-block-column is-layout-flow wp-block-column-is-layout-flow\" style=\"flex-basis:25%\">\n<p><a href=\"http:\/\/www3.tuhh.de\/vpl\/pushundpull\/wp-content\/uploads\/sites\/2\/2023\/05\/230526_DownloadAP2.pdf\" target=\"_blank\" rel=\"noreferrer noopener\">Download AP2<\/a><\/p>\n<\/div>\n<\/div>\n\n\n\n<div class=\"wp-block-columns is-layout-flex wp-container-core-columns-is-layout-9d6595d7 wp-block-columns-is-layout-flex\">\n<div class=\"wp-block-column is-layout-flow wp-block-column-is-layout-flow\" style=\"flex-basis:15%\">\n<figure class=\"wp-block-image size-large is-resized\"><img loading=\"lazy\" decoding=\"async\" src=\"https:\/\/www2.tuhh.de\/pushundpull\/wp-content\/uploads\/sites\/52\/2022\/08\/pfeil_AP3.svg\" alt=\"AP3\" class=\"wp-image-461\" width=\"83\" height=\"100\" \/><\/figure>\n<\/div>\n\n\n\n<div class=\"wp-block-column is-layout-flow wp-block-column-is-layout-flow\" style=\"flex-basis:60%\">\n<p><strong>Arbeitspaket 3:<\/strong><br><strong>Ma\u00dfnahmenkategorisierung<\/strong><br>Kriterienbasierte Kategorisierung und systematische Strukturierung der identifizierten Push- und Pull-Ma\u00dfnahmen. Zudem erfolgt eine Analyse bisher unterschiedlich verwendeter Wirkmechanismen durch unterschiedliche Autor*innen bzw. Disziplinen. Im Ergebnis werden verschiedene Wirkmechanismen erarbeitet, die die Auswirkungen auf die Verkehrsteilnehmer*innen beschreiben.<\/p>\n\n\n\n<p><\/p>\n<\/div>\n\n\n\n<div class=\"wp-block-column is-layout-flow wp-block-column-is-layout-flow\" style=\"flex-basis:25%\">\n<p><a href=\"http:\/\/www3.tuhh.de\/vpl\/pushundpull\/wp-content\/uploads\/sites\/2\/2023\/05\/230526_DownloadAP3.pdf\" target=\"_blank\" rel=\"noreferrer noopener\">Download AP3<\/a><\/p>\n<\/div>\n<\/div>\n\n\n\n<div class=\"wp-block-columns is-layout-flex wp-container-core-columns-is-layout-9d6595d7 wp-block-columns-is-layout-flex\">\n<div class=\"wp-block-column is-layout-flow wp-block-column-is-layout-flow\" style=\"flex-basis:15%\">\n<figure class=\"wp-block-image size-large is-resized\"><img loading=\"lazy\" decoding=\"async\" src=\"https:\/\/www2.tuhh.de\/pushundpull\/wp-content\/uploads\/sites\/52\/2022\/08\/pfeil_AP4.svg\" alt=\"AP4\" class=\"wp-image-462\" width=\"83\" height=\"100\" \/><\/figure>\n<\/div>\n\n\n\n<div class=\"wp-block-column is-layout-flow wp-block-column-is-layout-flow\" style=\"flex-basis:60%\">\n<p><strong>Arbeitspaket 4: <\/strong><br><strong>Erfassung der Wirkungen und Mediendebatte<\/strong><br>Evaluierung der Wirkungen von Push- und Pull-Ma\u00dfnahmen basierend auf bisherigen Ma\u00dfnahmen durch Systematisierung der Wirkungsdimensionen, u. a. in verkehrliche, umweltrelevante, \u00f6konomische und siedlungsstrukturelle Wirkungen sowie die Absch\u00e4tzung der Wirkungsst\u00e4rke und der Wirkungsdauer. Es wird der Ansatz der qualitativen Metaanalyse genutzt. Zudem erfolgt eine Untersuchung der \u00f6ffentlichen Debatte zu Push- und Pull-Ma\u00dfnahmen sowie Ma\u00dfnahmenpakete mittels einer Diskursanalyse.<\/p>\n\n\n\n<p><\/p>\n<\/div>\n\n\n\n<div class=\"wp-block-column is-layout-flow wp-block-column-is-layout-flow\" style=\"flex-basis:25%\"><\/div>\n<\/div>\n\n\n\n<div class=\"wp-block-columns is-layout-flex wp-container-core-columns-is-layout-9d6595d7 wp-block-columns-is-layout-flex\">\n<div class=\"wp-block-column is-layout-flow wp-block-column-is-layout-flow\" style=\"flex-basis:15%\">\n<figure class=\"wp-block-image size-large is-resized\"><img loading=\"lazy\" decoding=\"async\" src=\"https:\/\/www2.tuhh.de\/pushundpull\/wp-content\/uploads\/sites\/52\/2022\/08\/pfeil_AP5.svg\" alt=\"AP5\" class=\"wp-image-463\" width=\"83\" height=\"100\" \/><\/figure>\n<\/div>\n\n\n\n<div class=\"wp-block-column is-layout-flow wp-block-column-is-layout-flow\" style=\"flex-basis:60%\">\n<p><strong>Arbeitspaket 5: <\/strong><br><strong>Erfassung der Wahrnehmungen und Akzeptanz<\/strong><br>Erhebung der Wahrnehmungen von Push- und Pull-Ma\u00dfnahmen durch Expert*inneninterviews mit Vertreter*innen aus der Politik und Fokusgruppendiskussionen mit Verwaltungsmitarbeitenden. Um Aussagen zur Akzeptanz der Bev\u00f6lkerung treffen zu k\u00f6nnen, wird auch eine Haushaltsbefragung inkl. einer Pr\u00e4ferenzmessung durchgef\u00fchrt.<\/p>\n\n\n\n<p><\/p>\n<\/div>\n\n\n\n<div class=\"wp-block-column is-layout-flow wp-block-column-is-layout-flow\" style=\"flex-basis:25%\"><\/div>\n<\/div>\n\n\n\n<div class=\"wp-block-columns is-layout-flex wp-container-core-columns-is-layout-9d6595d7 wp-block-columns-is-layout-flex\">\n<div class=\"wp-block-column is-layout-flow wp-block-column-is-layout-flow\" style=\"flex-basis:15%\">\n<figure class=\"wp-block-image size-large is-resized\"><img loading=\"lazy\" decoding=\"async\" src=\"https:\/\/www2.tuhh.de\/pushundpull\/wp-content\/uploads\/sites\/52\/2022\/08\/pfeil_AP6.svg\" alt=\"AP6\" class=\"wp-image-464\" width=\"83\" height=\"100\" \/><\/figure>\n<\/div>\n\n\n\n<div class=\"wp-block-column is-layout-flow wp-block-column-is-layout-flow\" style=\"flex-basis:60%\">\n<p><strong>Arbeitspaket 6: <\/strong><br><strong>Diskussion der Ergebnisse<\/strong><br>Vorstellung der Ergebnisse im Rahmen eines Fokusgruppeninterviews mit ausgew\u00e4hlten Expert*innen der Mobilit\u00e4ts- und Verkehrsforschung sowie sozial- und verkehrspolitischen Entscheidungstr\u00e4ger*innen einschlie\u00dflich Einordnung der Ergebnisse in die gegenw\u00e4rtige Debatte der Mobilit\u00e4ts- und Verkehrsforschung.<\/p>\n\n\n\n<p><\/p>\n<\/div>\n\n\n\n<div class=\"wp-block-column is-layout-flow wp-block-column-is-layout-flow\" style=\"flex-basis:25%\"><\/div>\n<\/div>\n\n\n\n<div class=\"wp-block-columns is-layout-flex wp-container-core-columns-is-layout-9d6595d7 wp-block-columns-is-layout-flex\">\n<div class=\"wp-block-column is-layout-flow wp-block-column-is-layout-flow\" style=\"flex-basis:15%\">\n<figure class=\"wp-block-image size-large is-resized\"><img loading=\"lazy\" decoding=\"async\" src=\"https:\/\/www2.tuhh.de\/pushundpull\/wp-content\/uploads\/sites\/52\/2022\/08\/pfeil_AP7.svg\" alt=\"AP7\" class=\"wp-image-465\" width=\"83\" height=\"100\" \/><\/figure>\n<\/div>\n\n\n\n<div class=\"wp-block-column is-layout-flow wp-block-column-is-layout-flow\" style=\"flex-basis:50%\">\n<p><strong>Arbeitspaket 7: <br>Entwicklung von theoretisch-konzeptionellen Ans\u00e4tzen<\/strong><br>Ableitung wirkungsvoller Strategien im Rahmen von umfassenden theoretischen Konzepten sowie Reflexion und konzeptionelle Weiterentwicklung der grundlegenden theoretischen \u00dcberlegungen zu Governanceprozessen.<\/p>\n\n\n\n<p><\/p>\n<\/div>\n\n\n\n<div class=\"wp-block-column is-layout-flow wp-block-column-is-layout-flow\" style=\"flex-basis:25%\"><\/div>\n<\/div>\n\n\n\n<div class=\"wp-block-columns is-layout-flex wp-container-core-columns-is-layout-9d6595d7 wp-block-columns-is-layout-flex\">\n<div class=\"wp-block-column is-layout-flow wp-block-column-is-layout-flow\" style=\"flex-basis:15%\">\n<figure class=\"wp-block-image size-large is-resized\"><img loading=\"lazy\" decoding=\"async\" src=\"https:\/\/www2.tuhh.de\/pushundpull\/wp-content\/uploads\/sites\/52\/2022\/08\/pfeil_AP8.svg\" alt=\"AP8\" class=\"wp-image-466\" width=\"83\" height=\"100\" \/><\/figure>\n<\/div>\n\n\n\n<div class=\"wp-block-column is-layout-flow wp-block-column-is-layout-flow\" style=\"flex-basis:60%\">\n<p><strong>Arbeitspaket 8: <\/strong><br><strong>Formulierung von Planungsempfehlungen und Handlungsans\u00e4tzen<\/strong><br>Erstellung einer Handreichung f\u00fcr Politik und Verwaltung mit Planungsempfehlungen und Handlungsans\u00e4tzen zur Anpassung der Strategien auf spezifische Bed\u00fcrfnisse zur F\u00f6rderung einer sich an \u00f6konomischen und sozialen Zielfeldern orientierenden kommunalen und stadtregionalen Verkehrsentwicklung.<\/p>\n\n\n\n<p><\/p>\n<\/div>\n\n\n\n<div class=\"wp-block-column is-layout-flow wp-block-column-is-layout-flow\" style=\"flex-basis:25%\"><\/div>\n<\/div>\n\n\n\n<div class=\"wp-block-columns is-layout-flex wp-container-core-columns-is-layout-9d6595d7 wp-block-columns-is-layout-flex\">\n<div class=\"wp-block-column is-layout-flow wp-block-column-is-layout-flow\" style=\"flex-basis:15%\"><\/div>\n\n\n\n<div class=\"wp-block-column is-layout-flow wp-block-column-is-layout-flow\" style=\"flex-basis:60%\">\n<p><\/p>\n<\/div>\n\n\n\n<div class=\"wp-block-column is-layout-flow wp-block-column-is-layout-flow\" style=\"flex-basis:25%\"><\/div>\n<\/div>\n","protected":false},"excerpt":{"rendered":"<p>Forschungsdesign Arbeitspaket 1: Darstellung Wissensstand Betrachtung der Begrifflichkeiten Push und Pull aus nationaler und internationaler Sicht sowie Aufarbeitung des politikwissenschaftlichen Forschungsstands zu Governanceprozessen. Zudem erfolgt eine Aufbereitung \u00fcber bisherige Systematisierungen und verkehrliche Wirkungen sowie die Wahrnehmung und Akzeptanz von Push- und Pull-Ma\u00dfnahmen im Kontext unterschiedlicher Akteur*innen aus Politik, Verwaltung und Zivilgesellschaft. Download AP1 Arbeitspaket 2:Ma\u00dfnahmenidentifizierungIdentifizierung [&hellip;]<\/p>\n","protected":false},"author":1,"featured_media":0,"parent":0,"menu_order":0,"comment_status":"closed","ping_status":"closed","template":"","meta":{"footnotes":""},"class_list":["post-159","page","type-page","status-publish","hentry"],"yoast_head":"<!-- This site is optimized with the Yoast SEO plugin v26.9 - https:\/\/yoast.com\/product\/yoast-seo-wordpress\/ -->\n<title>Forschung - Push &amp; Pull - B\u00f6se &amp; Gut<\/title>\n<meta name=\"robots\" content=\"index, follow, max-snippet:-1, max-image-preview:large, max-video-preview:-1\" \/>\n<link rel=\"canonical\" href=\"https:\/\/www3.tuhh.de\/vpl\/pushundpull\/forschung\/\" \/>\n<meta property=\"og:locale\" content=\"de_DE\" \/>\n<meta property=\"og:type\" content=\"article\" \/>\n<meta property=\"og:title\" content=\"Forschung - Push &amp; Pull - B\u00f6se &amp; Gut\" \/>\n<meta property=\"og:description\" content=\"Forschungsdesign Arbeitspaket 1: Darstellung Wissensstand Betrachtung der Begrifflichkeiten Push und Pull aus nationaler und internationaler Sicht sowie Aufarbeitung des politikwissenschaftlichen Forschungsstands zu Governanceprozessen. Zudem erfolgt eine Aufbereitung \u00fcber bisherige Systematisierungen und verkehrliche Wirkungen sowie die Wahrnehmung und Akzeptanz von Push- und Pull-Ma\u00dfnahmen im Kontext unterschiedlicher Akteur*innen aus Politik, Verwaltung und Zivilgesellschaft. Download AP1 Arbeitspaket 2:Ma\u00dfnahmenidentifizierungIdentifizierung [&hellip;]\" \/>\n<meta property=\"og:url\" content=\"https:\/\/www3.tuhh.de\/vpl\/pushundpull\/forschung\/\" \/>\n<meta property=\"og:site_name\" content=\"Push &amp; Pull - B\u00f6se &amp; Gut\" \/>\n<meta property=\"og:image\" content=\"http:\/\/www3.tuhh.de\/vpl\/pushundpull\/wp-content\/uploads\/sites\/2\/2022\/09\/Forschung_DSC09559_b-1.jpg\" \/>\n<meta name=\"twitter:card\" content=\"summary_large_image\" \/>\n<meta name=\"twitter:label1\" content=\"Gesch\u00e4tzte Lesezeit\" \/>\n\t<meta name=\"twitter:data1\" content=\"2\u00a0Minuten\" \/>\n<script type=\"application\/ld+json\" class=\"yoast-schema-graph\">{\"@context\":\"https:\/\/schema.org\",\"@graph\":[{\"@type\":\"WebPage\",\"@id\":\"https:\/\/www3.tuhh.de\/vpl\/pushundpull\/forschung\/\",\"url\":\"https:\/\/www3.tuhh.de\/vpl\/pushundpull\/forschung\/\",\"name\":\"Forschung - Push & Pull - B\u00f6se & Gut\",\"isPartOf\":{\"@id\":\"https:\/\/www3.tuhh.de\/vpl\/pushundpull\/#website\"},\"primaryImageOfPage\":{\"@id\":\"https:\/\/www3.tuhh.de\/vpl\/pushundpull\/forschung\/#primaryimage\"},\"image\":{\"@id\":\"https:\/\/www3.tuhh.de\/vpl\/pushundpull\/forschung\/#primaryimage\"},\"thumbnailUrl\":\"http:\/\/www3.tuhh.de\/vpl\/pushundpull\/wp-content\/uploads\/sites\/2\/2022\/09\/Forschung_DSC09559_b-1.jpg\",\"datePublished\":\"2022-06-24T11:24:25+00:00\",\"breadcrumb\":{\"@id\":\"https:\/\/www3.tuhh.de\/vpl\/pushundpull\/forschung\/#breadcrumb\"},\"inLanguage\":\"de\",\"potentialAction\":[{\"@type\":\"ReadAction\",\"target\":[\"https:\/\/www3.tuhh.de\/vpl\/pushundpull\/forschung\/\"]}]},{\"@type\":\"ImageObject\",\"inLanguage\":\"de\",\"@id\":\"https:\/\/www3.tuhh.de\/vpl\/pushundpull\/forschung\/#primaryimage\",\"url\":\"https:\/\/www3.tuhh.de\/vpl\/pushundpull\/wp-content\/uploads\/sites\/2\/2022\/09\/Forschung_DSC09559_b-1.jpg\",\"contentUrl\":\"https:\/\/www3.tuhh.de\/vpl\/pushundpull\/wp-content\/uploads\/sites\/2\/2022\/09\/Forschung_DSC09559_b-1.jpg\",\"width\":2338,\"height\":1557,\"caption\":\"Fu\u00dfg\u00e4nger und parkende Autos in einer Stra\u00dfe\"},{\"@type\":\"BreadcrumbList\",\"@id\":\"https:\/\/www3.tuhh.de\/vpl\/pushundpull\/forschung\/#breadcrumb\",\"itemListElement\":[{\"@type\":\"ListItem\",\"position\":1,\"name\":\"Startseite\",\"item\":\"https:\/\/www3.tuhh.de\/vpl\/pushundpull\/\"},{\"@type\":\"ListItem\",\"position\":2,\"name\":\"Forschung\"}]},{\"@type\":\"WebSite\",\"@id\":\"https:\/\/www3.tuhh.de\/vpl\/pushundpull\/#website\",\"url\":\"https:\/\/www3.tuhh.de\/vpl\/pushundpull\/\",\"name\":\"Push & Pull - B\u00f6se & Gut\",\"description\":\"\",\"publisher\":{\"@id\":\"https:\/\/www3.tuhh.de\/vpl\/pushundpull\/#organization\"},\"potentialAction\":[{\"@type\":\"SearchAction\",\"target\":{\"@type\":\"EntryPoint\",\"urlTemplate\":\"https:\/\/www3.tuhh.de\/vpl\/pushundpull\/?s={search_term_string}\"},\"query-input\":{\"@type\":\"PropertyValueSpecification\",\"valueRequired\":true,\"valueName\":\"search_term_string\"}}],\"inLanguage\":\"de\"},{\"@type\":\"Organization\",\"@id\":\"https:\/\/www3.tuhh.de\/vpl\/pushundpull\/#organization\",\"name\":\"Push & Pull - B\u00f6se & Gut\",\"url\":\"https:\/\/www3.tuhh.de\/vpl\/pushundpull\/\",\"logo\":{\"@type\":\"ImageObject\",\"inLanguage\":\"de\",\"@id\":\"https:\/\/www3.tuhh.de\/vpl\/pushundpull\/#\/schema\/logo\/image\/\",\"url\":\"https:\/\/www3.tuhh.de\/vpl\/pushundpull\/wp-content\/uploads\/sites\/2\/2022\/09\/cropped-Logo-RGB.png\",\"contentUrl\":\"https:\/\/www3.tuhh.de\/vpl\/pushundpull\/wp-content\/uploads\/sites\/2\/2022\/09\/cropped-Logo-RGB.png\",\"width\":327,\"height\":206,\"caption\":\"Push & Pull - B\u00f6se & Gut\"},\"image\":{\"@id\":\"https:\/\/www3.tuhh.de\/vpl\/pushundpull\/#\/schema\/logo\/image\/\"}}]}<\/script>\n<!-- \/ Yoast SEO plugin. -->","yoast_head_json":{"title":"Forschung - Push & Pull - B\u00f6se & Gut","robots":{"index":"index","follow":"follow","max-snippet":"max-snippet:-1","max-image-preview":"max-image-preview:large","max-video-preview":"max-video-preview:-1"},"canonical":"https:\/\/www3.tuhh.de\/vpl\/pushundpull\/forschung\/","og_locale":"de_DE","og_type":"article","og_title":"Forschung - Push & Pull - B\u00f6se & Gut","og_description":"Forschungsdesign Arbeitspaket 1: Darstellung Wissensstand Betrachtung der Begrifflichkeiten Push und Pull aus nationaler und internationaler Sicht sowie Aufarbeitung des politikwissenschaftlichen Forschungsstands zu Governanceprozessen. Zudem erfolgt eine Aufbereitung \u00fcber bisherige Systematisierungen und verkehrliche Wirkungen sowie die Wahrnehmung und Akzeptanz von Push- und Pull-Ma\u00dfnahmen im Kontext unterschiedlicher Akteur*innen aus Politik, Verwaltung und Zivilgesellschaft. Download AP1 Arbeitspaket 2:Ma\u00dfnahmenidentifizierungIdentifizierung [&hellip;]","og_url":"https:\/\/www3.tuhh.de\/vpl\/pushundpull\/forschung\/","og_site_name":"Push & Pull - B\u00f6se & Gut","og_image":[{"url":"http:\/\/www3.tuhh.de\/vpl\/pushundpull\/wp-content\/uploads\/sites\/2\/2022\/09\/Forschung_DSC09559_b-1.jpg","type":"","width":"","height":""}],"twitter_card":"summary_large_image","twitter_misc":{"Gesch\u00e4tzte Lesezeit":"2\u00a0Minuten"},"schema":{"@context":"https:\/\/schema.org","@graph":[{"@type":"WebPage","@id":"https:\/\/www3.tuhh.de\/vpl\/pushundpull\/forschung\/","url":"https:\/\/www3.tuhh.de\/vpl\/pushundpull\/forschung\/","name":"Forschung - Push & Pull - B\u00f6se & Gut","isPartOf":{"@id":"https:\/\/www3.tuhh.de\/vpl\/pushundpull\/#website"},"primaryImageOfPage":{"@id":"https:\/\/www3.tuhh.de\/vpl\/pushundpull\/forschung\/#primaryimage"},"image":{"@id":"https:\/\/www3.tuhh.de\/vpl\/pushundpull\/forschung\/#primaryimage"},"thumbnailUrl":"http:\/\/www3.tuhh.de\/vpl\/pushundpull\/wp-content\/uploads\/sites\/2\/2022\/09\/Forschung_DSC09559_b-1.jpg","datePublished":"2022-06-24T11:24:25+00:00","breadcrumb":{"@id":"https:\/\/www3.tuhh.de\/vpl\/pushundpull\/forschung\/#breadcrumb"},"inLanguage":"de","potentialAction":[{"@type":"ReadAction","target":["https:\/\/www3.tuhh.de\/vpl\/pushundpull\/forschung\/"]}]},{"@type":"ImageObject","inLanguage":"de","@id":"https:\/\/www3.tuhh.de\/vpl\/pushundpull\/forschung\/#primaryimage","url":"https:\/\/www3.tuhh.de\/vpl\/pushundpull\/wp-content\/uploads\/sites\/2\/2022\/09\/Forschung_DSC09559_b-1.jpg","contentUrl":"https:\/\/www3.tuhh.de\/vpl\/pushundpull\/wp-content\/uploads\/sites\/2\/2022\/09\/Forschung_DSC09559_b-1.jpg","width":2338,"height":1557,"caption":"Fu\u00dfg\u00e4nger und parkende Autos in einer Stra\u00dfe"},{"@type":"BreadcrumbList","@id":"https:\/\/www3.tuhh.de\/vpl\/pushundpull\/forschung\/#breadcrumb","itemListElement":[{"@type":"ListItem","position":1,"name":"Startseite","item":"https:\/\/www3.tuhh.de\/vpl\/pushundpull\/"},{"@type":"ListItem","position":2,"name":"Forschung"}]},{"@type":"WebSite","@id":"https:\/\/www3.tuhh.de\/vpl\/pushundpull\/#website","url":"https:\/\/www3.tuhh.de\/vpl\/pushundpull\/","name":"Push & Pull - B\u00f6se & Gut","description":"","publisher":{"@id":"https:\/\/www3.tuhh.de\/vpl\/pushundpull\/#organization"},"potentialAction":[{"@type":"SearchAction","target":{"@type":"EntryPoint","urlTemplate":"https:\/\/www3.tuhh.de\/vpl\/pushundpull\/?s={search_term_string}"},"query-input":{"@type":"PropertyValueSpecification","valueRequired":true,"valueName":"search_term_string"}}],"inLanguage":"de"},{"@type":"Organization","@id":"https:\/\/www3.tuhh.de\/vpl\/pushundpull\/#organization","name":"Push & Pull - B\u00f6se & Gut","url":"https:\/\/www3.tuhh.de\/vpl\/pushundpull\/","logo":{"@type":"ImageObject","inLanguage":"de","@id":"https:\/\/www3.tuhh.de\/vpl\/pushundpull\/#\/schema\/logo\/image\/","url":"https:\/\/www3.tuhh.de\/vpl\/pushundpull\/wp-content\/uploads\/sites\/2\/2022\/09\/cropped-Logo-RGB.png","contentUrl":"https:\/\/www3.tuhh.de\/vpl\/pushundpull\/wp-content\/uploads\/sites\/2\/2022\/09\/cropped-Logo-RGB.png","width":327,"height":206,"caption":"Push & Pull - B\u00f6se & Gut"},"image":{"@id":"https:\/\/www3.tuhh.de\/vpl\/pushundpull\/#\/schema\/logo\/image\/"}}]}},"_links":{"self":[{"href":"https:\/\/www3.tuhh.de\/vpl\/pushundpull\/wp-json\/wp\/v2\/pages\/159","targetHints":{"allow":["GET"]}}],"collection":[{"href":"https:\/\/www3.tuhh.de\/vpl\/pushundpull\/wp-json\/wp\/v2\/pages"}],"about":[{"href":"https:\/\/www3.tuhh.de\/vpl\/pushundpull\/wp-json\/wp\/v2\/types\/page"}],"author":[{"embeddable":true,"href":"https:\/\/www3.tuhh.de\/vpl\/pushundpull\/wp-json\/wp\/v2\/users\/1"}],"replies":[{"embeddable":true,"href":"https:\/\/www3.tuhh.de\/vpl\/pushundpull\/wp-json\/wp\/v2\/comments?post=159"}],"version-history":[{"count":0,"href":"https:\/\/www3.tuhh.de\/vpl\/pushundpull\/wp-json\/wp\/v2\/pages\/159\/revisions"}],"wp:attachment":[{"href":"https:\/\/www3.tuhh.de\/vpl\/pushundpull\/wp-json\/wp\/v2\/media?parent=159"}],"curies":[{"name":"wp","href":"https:\/\/api.w.org\/{rel}","templated":true}]}}