{"id":163,"date":"2022-06-24T13:24:56","date_gmt":"2022-06-24T11:24:56","guid":{"rendered":"https:\/\/www2.tuhh.de\/pushundpull\/?page_id=163"},"modified":"2023-12-04T12:18:33","modified_gmt":"2023-12-04T11:18:33","slug":"blog","status":"publish","type":"page","link":"https:\/\/www3.tuhh.de\/vpl\/pushundpull\/blog\/","title":{"rendered":"Blog"},"content":{"rendered":"\n<div class=\"wp-block-cover alignfull is-light\" style=\"min-height:300px;aspect-ratio:unset;\"><span aria-hidden=\"true\" class=\"wp-block-cover__background has-background-dim-20 has-background-dim\" style=\"background-color:#00c1d4\"><\/span><img loading=\"lazy\" decoding=\"async\" width=\"2338\" height=\"1557\" class=\"wp-block-cover__image-background wp-image-532\" alt=\"\" src=\"http:\/\/www3.tuhh.de\/vpl\/pushundpull\/wp-content\/uploads\/sites\/2\/2022\/09\/Blog_DSC09442_b.jpg\" style=\"object-position:49% 54%\" data-object-fit=\"cover\" data-object-position=\"49% 54%\" srcset=\"https:\/\/www3.tuhh.de\/vpl\/pushundpull\/wp-content\/uploads\/sites\/2\/2022\/09\/Blog_DSC09442_b.jpg 2338w, https:\/\/www3.tuhh.de\/vpl\/pushundpull\/wp-content\/uploads\/sites\/2\/2022\/09\/Blog_DSC09442_b-300x200.jpg 300w, https:\/\/www3.tuhh.de\/vpl\/pushundpull\/wp-content\/uploads\/sites\/2\/2022\/09\/Blog_DSC09442_b-1024x682.jpg 1024w, https:\/\/www3.tuhh.de\/vpl\/pushundpull\/wp-content\/uploads\/sites\/2\/2022\/09\/Blog_DSC09442_b-768x511.jpg 768w, https:\/\/www3.tuhh.de\/vpl\/pushundpull\/wp-content\/uploads\/sites\/2\/2022\/09\/Blog_DSC09442_b-1536x1023.jpg 1536w, https:\/\/www3.tuhh.de\/vpl\/pushundpull\/wp-content\/uploads\/sites\/2\/2022\/09\/Blog_DSC09442_b-2048x1364.jpg 2048w, https:\/\/www3.tuhh.de\/vpl\/pushundpull\/wp-content\/uploads\/sites\/2\/2022\/09\/Blog_DSC09442_b-1200x799.jpg 1200w, https:\/\/www3.tuhh.de\/vpl\/pushundpull\/wp-content\/uploads\/sites\/2\/2022\/09\/Blog_DSC09442_b-1980x1319.jpg 1980w\" sizes=\"auto, (max-width: 2338px) 100vw, 2338px\" \/><div class=\"wp-block-cover__inner-container is-layout-flow wp-block-cover-is-layout-flow\">\n<p class=\"has-text-align-center has-large-font-size\"><\/p>\n<\/div><\/div>\n\n\n\n<div class=\"wp-block-query is-layout-flow wp-block-query-is-layout-flow\"><ul class=\"wp-block-post-template is-layout-flow wp-block-post-template-is-layout-flow\"><li class=\"wp-block-post post-1119 post type-post status-publish format-standard hentry category-blog\">\n<h2 class=\"wp-block-post-title\"><a href=\"https:\/\/www3.tuhh.de\/vpl\/pushundpull\/2023\/03\/08\/gut-boese\/\" target=\"_self\" >Gut &amp; B\u00f6se<\/a><\/h2>\n\n\n\n<div class=\"wp-block-post-excerpt\"><p class=\"wp-block-post-excerpt__excerpt\">Im historischen R\u00fcckblick waren jene Herrschaftsregime besonders erfolgreich, denen es gelungen ist, ein Spannungsfeld zwischen Gut und B\u00f6se aufrecht zu erhalten. Das gilt insbesondere f\u00fcr die Jenseitsvorstellungen der christlichen Religionen, die alle eine Idee von Himmel und H\u00f6lle entwickelten und das Handeln der Menschen auf diese Weise jahrtausendelang mit einer Kombination von attraktiven Angeboten und<\/p><p class=\"wp-block-post-excerpt__more-text\"><a class=\"wp-block-post-excerpt__more-link\" href=\"https:\/\/www3.tuhh.de\/vpl\/pushundpull\/2023\/03\/08\/gut-boese\/\">weiter<\/a><\/p><\/div>\n\n<div style=\"font-style:italic;font-weight:400;\" class=\"wp-block-post-date\"><time datetime=\"2023-03-08T10:29:26+01:00\">8. M\u00e4rz 2023<\/time><\/div>\n\n\n<hr class=\"wp-block-separator has-css-opacity is-style-default\"\/>\n\n<\/li><li class=\"wp-block-post post-291 post type-post status-publish format-standard hentry category-blog\">\n<h2 class=\"wp-block-post-title\"><a href=\"https:\/\/www3.tuhh.de\/vpl\/pushundpull\/2022\/11\/03\/blog-2\/\" target=\"_self\" >Internationale Begrifflichkeiten<\/a><\/h2>\n\n\n\n<div class=\"wp-block-post-excerpt\"><p class=\"wp-block-post-excerpt__excerpt\">Im internationalen Kontext werden Push- und Pull-Ma\u00dfnahmen je nach Raumbezug unterschiedlich betitelt. Im US-amerikanischen Raum finden \u00fcberwiegend die Begriffe Carrots und Sticks Anwendung. W\u00e4hrend mit Carrots (Pull) Menschen zu attraktiven Angeboten hingezogen werden sollen, dienen Sticks (Push) dazu, Menschen von bisher genutzten Verkehrsmitteln in Richtung der Alternativen zu dr\u00e4ngen. Im asiatischen Kontext wird teilweise der<\/p><p class=\"wp-block-post-excerpt__more-text\"><a class=\"wp-block-post-excerpt__more-link\" href=\"https:\/\/www3.tuhh.de\/vpl\/pushundpull\/2022\/11\/03\/blog-2\/\">weiter<\/a><\/p><\/div>\n\n<div style=\"font-style:italic;font-weight:400;\" class=\"wp-block-post-date\"><time datetime=\"2022-11-03T15:01:52+01:00\">3. November 2022<\/time><\/div>\n\n\n<hr class=\"wp-block-separator has-css-opacity is-style-default\"\/>\n\n<\/li><li class=\"wp-block-post post-289 post type-post status-publish format-standard hentry category-blog\">\n<h2 class=\"wp-block-post-title\"><a href=\"https:\/\/www3.tuhh.de\/vpl\/pushundpull\/2022\/11\/03\/blog-1\/\" target=\"_self\" >Push und Pull<\/a><\/h2>\n\n\n\n<div class=\"wp-block-post-excerpt\"><p class=\"wp-block-post-excerpt__excerpt\">Push- und Pull-Ma\u00dfnahmen in der Verkehrspolitik dienen als Strategien zur Ver\u00e4nderung des Nutzungsverhaltens und somit als proaktives Gestaltungswerkzeug der Verkehrswende. In der deutschen und internationalen Verkehrsforschung findet seit den 1990er Jahren eine Debatte zu Push und Pull als gezielte Kombination verkehrspolitischer Ma\u00dfnahmen statt. Push-Ma\u00dfnahmen werden als restriktive Ma\u00dfnahmen definiert, die direkt verhaltensbeeinflussend sind und die<\/p><p class=\"wp-block-post-excerpt__more-text\"><a class=\"wp-block-post-excerpt__more-link\" href=\"https:\/\/www3.tuhh.de\/vpl\/pushundpull\/2022\/11\/03\/blog-1\/\">weiter<\/a><\/p><\/div>\n\n<div style=\"font-style:italic;font-weight:400;\" class=\"wp-block-post-date\"><time datetime=\"2022-11-03T15:00:53+01:00\">3. November 2022<\/time><\/div>\n\n\n<hr class=\"wp-block-separator has-css-opacity is-style-default\"\/>\n\n<\/li><\/ul><\/div>\n","protected":false},"excerpt":{"rendered":"","protected":false},"author":1,"featured_media":0,"parent":0,"menu_order":0,"comment_status":"closed","ping_status":"closed","template":"","meta":{"footnotes":""},"class_list":["post-163","page","type-page","status-publish","hentry"],"yoast_head":"<!-- This site is optimized with the Yoast SEO plugin v26.9 - https:\/\/yoast.com\/product\/yoast-seo-wordpress\/ -->\n<title>Blog - Push &amp; Pull - B\u00f6se &amp; Gut<\/title>\n<meta name=\"robots\" content=\"index, follow, max-snippet:-1, max-image-preview:large, max-video-preview:-1\" \/>\n<link rel=\"canonical\" href=\"https:\/\/www3.tuhh.de\/vpl\/pushundpull\/blog\/\" \/>\n<meta property=\"og:locale\" content=\"de_DE\" \/>\n<meta property=\"og:type\" content=\"article\" \/>\n<meta property=\"og:title\" content=\"Blog - Push &amp; Pull - B\u00f6se &amp; Gut\" \/>\n<meta property=\"og:url\" content=\"https:\/\/www3.tuhh.de\/vpl\/pushundpull\/blog\/\" \/>\n<meta property=\"og:site_name\" content=\"Push &amp; Pull - B\u00f6se &amp; Gut\" \/>\n<meta property=\"article:modified_time\" content=\"2023-12-04T11:18:33+00:00\" \/>\n<meta property=\"og:image\" content=\"http:\/\/www3.tuhh.de\/vpl\/pushundpull\/wp-content\/uploads\/sites\/2\/2022\/09\/Blog_DSC09442_b.jpg\" \/>\n<meta name=\"twitter:card\" content=\"summary_large_image\" \/>\n<script type=\"application\/ld+json\" class=\"yoast-schema-graph\">{\"@context\":\"https:\/\/schema.org\",\"@graph\":[{\"@type\":\"WebPage\",\"@id\":\"https:\/\/www3.tuhh.de\/vpl\/pushundpull\/blog\/\",\"url\":\"https:\/\/www3.tuhh.de\/vpl\/pushundpull\/blog\/\",\"name\":\"Blog - Push & Pull - B\u00f6se & Gut\",\"isPartOf\":{\"@id\":\"https:\/\/www3.tuhh.de\/vpl\/pushundpull\/#website\"},\"primaryImageOfPage\":{\"@id\":\"https:\/\/www3.tuhh.de\/vpl\/pushundpull\/blog\/#primaryimage\"},\"image\":{\"@id\":\"https:\/\/www3.tuhh.de\/vpl\/pushundpull\/blog\/#primaryimage\"},\"thumbnailUrl\":\"http:\/\/www3.tuhh.de\/vpl\/pushundpull\/wp-content\/uploads\/sites\/2\/2022\/09\/Blog_DSC09442_b.jpg\",\"datePublished\":\"2022-06-24T11:24:56+00:00\",\"dateModified\":\"2023-12-04T11:18:33+00:00\",\"breadcrumb\":{\"@id\":\"https:\/\/www3.tuhh.de\/vpl\/pushundpull\/blog\/#breadcrumb\"},\"inLanguage\":\"de\",\"potentialAction\":[{\"@type\":\"ReadAction\",\"target\":[\"https:\/\/www3.tuhh.de\/vpl\/pushundpull\/blog\/\"]}]},{\"@type\":\"ImageObject\",\"inLanguage\":\"de\",\"@id\":\"https:\/\/www3.tuhh.de\/vpl\/pushundpull\/blog\/#primaryimage\",\"url\":\"https:\/\/www3.tuhh.de\/vpl\/pushundpull\/wp-content\/uploads\/sites\/2\/2022\/09\/Blog_DSC09442_b.jpg\",\"contentUrl\":\"https:\/\/www3.tuhh.de\/vpl\/pushundpull\/wp-content\/uploads\/sites\/2\/2022\/09\/Blog_DSC09442_b.jpg\",\"width\":2338,\"height\":1557,\"caption\":\"Busse an Bushaltestelle\"},{\"@type\":\"BreadcrumbList\",\"@id\":\"https:\/\/www3.tuhh.de\/vpl\/pushundpull\/blog\/#breadcrumb\",\"itemListElement\":[{\"@type\":\"ListItem\",\"position\":1,\"name\":\"Startseite\",\"item\":\"https:\/\/www3.tuhh.de\/vpl\/pushundpull\/\"},{\"@type\":\"ListItem\",\"position\":2,\"name\":\"Blog\"}]},{\"@type\":\"WebSite\",\"@id\":\"https:\/\/www3.tuhh.de\/vpl\/pushundpull\/#website\",\"url\":\"https:\/\/www3.tuhh.de\/vpl\/pushundpull\/\",\"name\":\"Push & Pull - B\u00f6se & Gut\",\"description\":\"\",\"publisher\":{\"@id\":\"https:\/\/www3.tuhh.de\/vpl\/pushundpull\/#organization\"},\"potentialAction\":[{\"@type\":\"SearchAction\",\"target\":{\"@type\":\"EntryPoint\",\"urlTemplate\":\"https:\/\/www3.tuhh.de\/vpl\/pushundpull\/?s={search_term_string}\"},\"query-input\":{\"@type\":\"PropertyValueSpecification\",\"valueRequired\":true,\"valueName\":\"search_term_string\"}}],\"inLanguage\":\"de\"},{\"@type\":\"Organization\",\"@id\":\"https:\/\/www3.tuhh.de\/vpl\/pushundpull\/#organization\",\"name\":\"Push & Pull - B\u00f6se & Gut\",\"url\":\"https:\/\/www3.tuhh.de\/vpl\/pushundpull\/\",\"logo\":{\"@type\":\"ImageObject\",\"inLanguage\":\"de\",\"@id\":\"https:\/\/www3.tuhh.de\/vpl\/pushundpull\/#\/schema\/logo\/image\/\",\"url\":\"https:\/\/www3.tuhh.de\/vpl\/pushundpull\/wp-content\/uploads\/sites\/2\/2022\/09\/cropped-Logo-RGB.png\",\"contentUrl\":\"https:\/\/www3.tuhh.de\/vpl\/pushundpull\/wp-content\/uploads\/sites\/2\/2022\/09\/cropped-Logo-RGB.png\",\"width\":327,\"height\":206,\"caption\":\"Push & Pull - B\u00f6se & Gut\"},\"image\":{\"@id\":\"https:\/\/www3.tuhh.de\/vpl\/pushundpull\/#\/schema\/logo\/image\/\"}}]}<\/script>\n<!-- \/ Yoast SEO plugin. -->","yoast_head_json":{"title":"Blog - Push & Pull - B\u00f6se & Gut","robots":{"index":"index","follow":"follow","max-snippet":"max-snippet:-1","max-image-preview":"max-image-preview:large","max-video-preview":"max-video-preview:-1"},"canonical":"https:\/\/www3.tuhh.de\/vpl\/pushundpull\/blog\/","og_locale":"de_DE","og_type":"article","og_title":"Blog - Push & Pull - B\u00f6se & Gut","og_url":"https:\/\/www3.tuhh.de\/vpl\/pushundpull\/blog\/","og_site_name":"Push & Pull - B\u00f6se & Gut","article_modified_time":"2023-12-04T11:18:33+00:00","og_image":[{"url":"http:\/\/www3.tuhh.de\/vpl\/pushundpull\/wp-content\/uploads\/sites\/2\/2022\/09\/Blog_DSC09442_b.jpg","type":"","width":"","height":""}],"twitter_card":"summary_large_image","schema":{"@context":"https:\/\/schema.org","@graph":[{"@type":"WebPage","@id":"https:\/\/www3.tuhh.de\/vpl\/pushundpull\/blog\/","url":"https:\/\/www3.tuhh.de\/vpl\/pushundpull\/blog\/","name":"Blog - Push & Pull - B\u00f6se & Gut","isPartOf":{"@id":"https:\/\/www3.tuhh.de\/vpl\/pushundpull\/#website"},"primaryImageOfPage":{"@id":"https:\/\/www3.tuhh.de\/vpl\/pushundpull\/blog\/#primaryimage"},"image":{"@id":"https:\/\/www3.tuhh.de\/vpl\/pushundpull\/blog\/#primaryimage"},"thumbnailUrl":"http:\/\/www3.tuhh.de\/vpl\/pushundpull\/wp-content\/uploads\/sites\/2\/2022\/09\/Blog_DSC09442_b.jpg","datePublished":"2022-06-24T11:24:56+00:00","dateModified":"2023-12-04T11:18:33+00:00","breadcrumb":{"@id":"https:\/\/www3.tuhh.de\/vpl\/pushundpull\/blog\/#breadcrumb"},"inLanguage":"de","potentialAction":[{"@type":"ReadAction","target":["https:\/\/www3.tuhh.de\/vpl\/pushundpull\/blog\/"]}]},{"@type":"ImageObject","inLanguage":"de","@id":"https:\/\/www3.tuhh.de\/vpl\/pushundpull\/blog\/#primaryimage","url":"https:\/\/www3.tuhh.de\/vpl\/pushundpull\/wp-content\/uploads\/sites\/2\/2022\/09\/Blog_DSC09442_b.jpg","contentUrl":"https:\/\/www3.tuhh.de\/vpl\/pushundpull\/wp-content\/uploads\/sites\/2\/2022\/09\/Blog_DSC09442_b.jpg","width":2338,"height":1557,"caption":"Busse an Bushaltestelle"},{"@type":"BreadcrumbList","@id":"https:\/\/www3.tuhh.de\/vpl\/pushundpull\/blog\/#breadcrumb","itemListElement":[{"@type":"ListItem","position":1,"name":"Startseite","item":"https:\/\/www3.tuhh.de\/vpl\/pushundpull\/"},{"@type":"ListItem","position":2,"name":"Blog"}]},{"@type":"WebSite","@id":"https:\/\/www3.tuhh.de\/vpl\/pushundpull\/#website","url":"https:\/\/www3.tuhh.de\/vpl\/pushundpull\/","name":"Push & Pull - B\u00f6se & Gut","description":"","publisher":{"@id":"https:\/\/www3.tuhh.de\/vpl\/pushundpull\/#organization"},"potentialAction":[{"@type":"SearchAction","target":{"@type":"EntryPoint","urlTemplate":"https:\/\/www3.tuhh.de\/vpl\/pushundpull\/?s={search_term_string}"},"query-input":{"@type":"PropertyValueSpecification","valueRequired":true,"valueName":"search_term_string"}}],"inLanguage":"de"},{"@type":"Organization","@id":"https:\/\/www3.tuhh.de\/vpl\/pushundpull\/#organization","name":"Push & Pull - B\u00f6se & Gut","url":"https:\/\/www3.tuhh.de\/vpl\/pushundpull\/","logo":{"@type":"ImageObject","inLanguage":"de","@id":"https:\/\/www3.tuhh.de\/vpl\/pushundpull\/#\/schema\/logo\/image\/","url":"https:\/\/www3.tuhh.de\/vpl\/pushundpull\/wp-content\/uploads\/sites\/2\/2022\/09\/cropped-Logo-RGB.png","contentUrl":"https:\/\/www3.tuhh.de\/vpl\/pushundpull\/wp-content\/uploads\/sites\/2\/2022\/09\/cropped-Logo-RGB.png","width":327,"height":206,"caption":"Push & Pull - B\u00f6se & Gut"},"image":{"@id":"https:\/\/www3.tuhh.de\/vpl\/pushundpull\/#\/schema\/logo\/image\/"}}]}},"_links":{"self":[{"href":"https:\/\/www3.tuhh.de\/vpl\/pushundpull\/wp-json\/wp\/v2\/pages\/163","targetHints":{"allow":["GET"]}}],"collection":[{"href":"https:\/\/www3.tuhh.de\/vpl\/pushundpull\/wp-json\/wp\/v2\/pages"}],"about":[{"href":"https:\/\/www3.tuhh.de\/vpl\/pushundpull\/wp-json\/wp\/v2\/types\/page"}],"author":[{"embeddable":true,"href":"https:\/\/www3.tuhh.de\/vpl\/pushundpull\/wp-json\/wp\/v2\/users\/1"}],"replies":[{"embeddable":true,"href":"https:\/\/www3.tuhh.de\/vpl\/pushundpull\/wp-json\/wp\/v2\/comments?post=163"}],"version-history":[{"count":3,"href":"https:\/\/www3.tuhh.de\/vpl\/pushundpull\/wp-json\/wp\/v2\/pages\/163\/revisions"}],"predecessor-version":[{"id":1260,"href":"https:\/\/www3.tuhh.de\/vpl\/pushundpull\/wp-json\/wp\/v2\/pages\/163\/revisions\/1260"}],"wp:attachment":[{"href":"https:\/\/www3.tuhh.de\/vpl\/pushundpull\/wp-json\/wp\/v2\/media?parent=163"}],"curies":[{"name":"wp","href":"https:\/\/api.w.org\/{rel}","templated":true}]}}