{"id":106,"date":"2020-08-15T12:06:08","date_gmt":"2020-08-15T10:06:08","guid":{"rendered":"https:\/\/www2.tuhh.de\/stadtarmmobil\/?page_id=106"},"modified":"2024-04-17T13:05:40","modified_gmt":"2024-04-17T11:05:40","slug":"anja","status":"publish","type":"page","link":"https:\/\/www3.tuhh.de\/vpl\/stadtarmmobil\/anja\/","title":{"rendered":"Anjas  Zuhause kennenlernen"},"content":{"rendered":"\n<div class=\"wp-block-columns alignfull is-layout-flex wp-container-core-columns-is-layout-9d6595d7 wp-block-columns-is-layout-flex\">\n<div class=\"wp-block-column is-layout-flow wp-block-column-is-layout-flow\">\n<p class=\"has-background\" style=\"background-color:#dee2e2\">Hier k\u00f6nnen Sie Anjas Zuhause kennenlernen. Ihre einzelnen Wegestationen sind als Kreis dargestellt, die gr\u00fcnen B\u00f6gen kennzeichnen Anjas Aktionsraum. Klicken Sie sich durch die Karte!<\/p>\n<\/div>\n\n\n\n<div class=\"wp-block-column is-layout-flow wp-block-column-is-layout-flow\">\n<h2 class=\"wp-block-heading has-text-color\" style=\"color:#178072\">Die Wohnumfeld Verbundenen<\/h2>\n\n\n\n<h5 class=\"wp-block-heading has-text-color\" id=\"block-00792284-f069-427b-95fa-29503d9c3e7d\" style=\"color:#178072\">Anja 36 Jahre, alleinstehend<br>Wohnhaft im Falkenhagener Feld<\/h5>\n<\/div>\n<\/div>\n\n\n\n<div class=\"wp-block-columns alignfull magic is-layout-flex wp-container-core-columns-is-layout-9d6595d7 wp-block-columns-is-layout-flex\">\n<div class=\"wp-block-column is-layout-flow wp-block-column-is-layout-flow\">\n<div id=\"wgMap\"><\/div>\n<\/div>\n\n\n\n<div class=\"wp-block-column is-layout-flow wp-block-column-is-layout-flow\">\n<p>In der Abendsonne steht Anja auf ihrem kleinen Balkon und raucht eine Zigarette. Sie genie\u00dft die Ruhe. Die Flugzeuge, die regelm\u00e4\u00dfig \u00fcber dem Falkenhagener Feld dr\u00f6hnen, haben sie nie gest\u00f6rt. Anja ist hier aufgewachsen und jede Maschine, die den Flughafen Tegel am Leben h\u00e4lt, erfreut sie. Sie erinnern Anja an die Kindheit mit ihrer Schwester Natascha. Mit blo\u00dfem Auge versuchten die Schwestern damals, die verschiedenen Airlines zu erkennen.<br>Vor kurzem ist ihre Mutter gestorben. Sie hatte in der N\u00e4he gewohnt, so hatte Anja jeden Tag vorbeischauen k\u00f6nnen. Essen vorbeibringen, ein bisschen saubermachen. Anjas Tag hatte schon morgens um sieben begonnen, was sich mit Mutters Tod ver\u00e4nderte. Im Moment geht Anja nur aus dem Haus, um <strong>Lebensmittel <\/strong>und Futter f\u00fcr ihren Kater Fritz zu kaufen. Zum <strong>Jobcenter <\/strong>muss sie demn\u00e4chst allerdings mal wieder. Anja ist schon lange arbeitslos gemeldet \u2013 wie lange schon, das hat sie vergessen. Ab und zu hat sie eine Jobcenter-Ma\u00dfnahme besucht oder einen Aushilfsjob angefangen. Fu\u00df fassen konnte sie aber nirgends. Irgendwie bekam Anja immer Stress mit irgendwelchen Leuten. Viele Beziehungen hat sie abgebrochen.<\/p>\n\n\n\n<p class=\"has-background\" style=\"background-color:#d9e1df\">Anja l\u00e4sst sich bei der Gruppe der <em>Wohnumfeld-Verbundenen<\/em> einordnen. Es handelt sich um eine Gruppe mit \u00e4u\u00dferst kleinem Aktionsraum. Dieser setzt sich aus stets wiederkehrenden Alltagswegen zusammen, die kurz sind und in der Regel zu Fu\u00df absolviert werden. Die befragten Wohnumfeld-Verbundenen leben schon lange in ihren Wohnquartieren. Im typischen Fall sind sie in ihrem Wohnumfeld geboren und aufgewachsen.<\/p>\n\n\n\n<p>Als sich Anjas Eltern scheiden lie\u00dfen, stand kurz zur Debatte, aus dem Falkenhagener Feld wegzuziehen. Aber dann fand Mutter eine Wohnung im Quartier f\u00fcr sich und die T\u00f6chter. Ein paar Jahre nach ihrer Schwester zog Anja schlie\u00dflich aus \u2013 in das Hochhaus, in dem sie bis heute lebt. Ab und zu kommt Anjas Schwester Natascha sie noch mal <em>aus Berlin<\/em> besuchen. Manchmal hilft sie beim Gro\u00dfeinkauf und sie schleppen gemeinsam Wasserk\u00e4sten in ihre Wohnung. Wenn ihre Schwester bei ihr klingelt, dann, so sagt Anja scherzhaft, <strong>\u201elasse ich mal die Grenzschranke hoch und dich in mein Falkenhagener Feld ein\u201c<\/strong>. Selbst besucht Anja Natascha nicht \u2013 einfach keine Lust. \u201eIch bin eben h\u00e4uslich\u201c antwortet sie ihrer Schwester, wenn diese mal nachfragt, warum sie nicht mal vorbeikommt. In ihrer Wohnung f\u00fchlt Anja sich wohl. Sie schaut fern und h\u00f6rt Musik im Radio und k\u00fcmmert sich um ihren Kater Fritz. Nach 22 Uhr verl\u00e4sst Anja nicht ihre Wohnung. Anja hat Angst, nachdem sie vor ein paar Jahren von einem Betrunkenen bel\u00e4stigt wurde. Die Kriminalit\u00e4t ist ihrer Meinung nach im Viertel angestiegen; Da geht sie Konfrontationen lieber aus dem Weg. Viel vermisst sie dabei nicht: Anjas Wohnung ist ihre \u201eWohlf\u00fchloase\u201c.<\/p>\n\n\n\n<p class=\"has-background\" style=\"background-color:#d9e1df\">Die Formulierung \u201emeine Schwester kommt mich <em>aus Berlin<\/em> besuchen\u201c steht sinnbildlich f\u00fcr den Eindruck vieler <em>Wohnumfeld-Verbundener<\/em>. Sie verorten sich stark in ihrem Kiez und nehmen ihn dabei nicht als Teil der Stadt wahr, deren Teil er eigentlich ist. Die Fahrt in die Stadt hinein oder der Besuch aus der Stadt werden als besonders wahrgenommen, worauf auch das Bild mit der \u201eGrenzschranke\u201c hindeutet \u2013 Wobei Anja selbst keinen gro\u00dfen Wunsch \u00e4u\u00dfert, die sinnbildliche Schranke zu \u00fcberschreiten und ihr gewohntes Umfeld zu verlassen.<\/p>\n\n\n\n<p>Die Bushaltestelle ist nicht weit entfernt von Anjas Wohnung. Aber sie f\u00e4hrt nicht oft raus aus dem Feld. Ab und zu f\u00e4hrt sie zum gro\u00dfen <strong>Einkaufszentrum <\/strong>am Bahnhof Spandau. Aber eigentlich nur, um zu schauen, denn die Preise sind ihr viel zu hoch. Au\u00dferdem schreckt sie die Busfahrt ab. Die Busse sind ihr viel zu eng und \u00fcberf\u00fcllt. Da sie nicht so oft f\u00e4hrt, <strong>kauft sie sich Einzeltickets und verzichtet auf das Sozialticket.<\/strong> Anja hat zwar mitbekommen, dass das Sozialticket nur noch 27,50 Euro kostet, aber momentan spart sie auch hier. Das lohnt sich f\u00fcr sie erst dann wieder, wenn sie mehr unterwegs sein muss. Mit dem Fahrrad ist Anja nur als Kind und Jugendliche gefahren. Irgendwann landete es im Keller und wurde bei einem Einbruch geklaut. Anja hatte aber auch nie Lust, geschweige denn das Geld, um sich ein neues Fahrrad zuzulegen.<\/p>\n\n\n\n<p>Die Zigarette hat Anja nun aufgeraucht. W\u00fcrde sie was \u00e4ndern\u2026 Warum? Das mit den Bussen ist nicht so prickelnd. Zu viele Leute. Da w\u00e4re eine S-Bahn-Verbindung schon schick. Aber was soll sie in der Stadt Berlin?<\/p>\n\n\n\n<p class=\"has-background\" style=\"background-color:#d9e1df\">Anders als beispielsweise die <em><a href=\"https:\/\/www3.tuhh.de\/vpl\/stadtarmmobil\/katja\/\" data-type=\"URL\" data-id=\"https:\/\/www2.tuhh.de\/stadtarmmobil\/katja\/\" target=\"_blank\" rel=\"noreferrer noopener\">Famili\u00e4ren Profis<\/a><\/em> verf\u00fcgen die <em>Wohnumfeld-Verbundenen<\/em> nicht \u00fcber besondere Kenntnis des \u00d6PNV-Tarifsystems. Ihre Nutzung beschr\u00e4nkt sich auf wenige Fahrten im Monat, f\u00fcr die sie den Bartarif nutzen. Nat\u00fcrlich spielt auch f\u00fcr sie der Preis eine wichtige Rolle \u2013 wie f\u00fcr alle Personen, die von \u201eHartz IV\u201c leben. Allerdings thematisieren sie den Tarif nicht so stark. Sie bem\u00e4ngeln eher die Enge, die sie in den Bussen wahrnehmen. Ihr Eindruck deckt sich mit dem Ergebnis aus einer Untersuchung der Bus-und Tram-Abfahrten: Die Quartiere mit geringer Kaufkraft sind in der Regel gut durch Haltestellen erschlossen und durch Abfahrten bedient. Da hier besonders viele Menschen den \u00d6PNV nutzen m\u00f6chten (oder m\u00fcssen), <a href=\"https:\/\/tore.tuhh.de\/bitstream\/11420\/7706\/1\/MobileInclusion_Faktenblatt_B.pdf#page=3\" data-type=\"URL\" data-id=\"https:\/\/tore.tuhh.de\/bitstream\/11420\/7706\/1\/MobileInclusion_Faktenblatt_B.pdf#page=3\" target=\"_blank\" rel=\"noreferrer noopener\">stehen aber weniger Abfahrten pro Kopf zur Verf\u00fcgung<\/a>.<br><br><span style=\"background-color:rgba(0, 0, 0, 0);color:#178072\" class=\"has-inline-color\"><em>\u2190 In der Karte k\u00f6nnen Sie sich das Risiko f\u00fcr Exklusion einblenden (Button oben rechts).<\/em> <em><a href=\"https:\/\/mobileinclusion.projects.tu-berlin.de\/mi\/risiko-berlin\/\" data-type=\"URL\" data-id=\"https:\/\/mobileinclusion.projects.tu-berlin.de\/mi\/risiko-berlin\/\" target=\"_blank\" rel=\"noreferrer noopener\">Methodischer Hintergrund zur Risiko-Karte<\/a><\/em><\/span><br><em> <\/em><br>Um das Angebot zu verbessern, ziehen die <em>Wohnumfeld-Verbundenen<\/em> im Falkenhagener Feld eine Anbindung an den Schienenverkehr zwar in Erw\u00e4gung. So pr\u00e4sent wie beispielsweise in den Hamburger Untersuchungsgebieten Steilshoop und Osdorfer Born ist das Thema allerdings nicht. An den Wohnumfeld-Verbundenen geht die politische Debatte um den Schienenverkehr eher vorbei. Ob eine S-Bahn zu einem Aufschwung und\/oder zu einer Steigerung der Mietpreise f\u00fchren w\u00fcrde, ist f\u00fcr sie nicht relevant. Was z\u00e4hlt, ist nicht das Morgen, sondern der Alltag. <strong>F\u00fcr die <em>Wohnumfeld-Verbundenen<\/em> bleibt ein Narrativ: \u201eHier komme ich her \u2013 hier bin ich \u2013 hier bleibe ich\u201c.<\/strong><\/p>\n\n\n\n<p><\/p>\n<\/div>\n<\/div>\n\n\n\n<div class=\"wp-block-columns alignfull is-layout-flex wp-container-core-columns-is-layout-9d6595d7 wp-block-columns-is-layout-flex\">\n<div class=\"wp-block-column is-layout-flow wp-block-column-is-layout-flow\">\n<h5 class=\"wp-block-heading has-text-color\" style=\"color:#178072\">Erleben Sie auch den Mobilit\u00e4tsalltag der anderen Personen:<\/h5>\n<\/div>\n\n\n\n<div class=\"wp-block-column is-layout-flow wp-block-column-is-layout-flow\"><\/div>\n<\/div>\n\n\n\n<div class=\"wp-block-columns alignfull is-layout-flex wp-container-core-columns-is-layout-9d6595d7 wp-block-columns-is-layout-flex\">\n<div class=\"wp-block-column is-layout-flow wp-block-column-is-layout-flow\"><div class=\"wp-block-image is-resized\">\n<figure class=\"aligncenter size-large\"><a href=\"https:\/\/www3.tuhh.de\/vpl\/stadtarmmobil\/daniela\"><img loading=\"lazy\" decoding=\"async\" width=\"400\" height=\"400\" src=\"http:\/\/www3.tuhh.de\/vpl\/stadtarmmobil\/wp-content\/uploads\/sites\/5\/2020\/08\/button-daniela.png\" alt=\"Die Routiniert Getriebenen\" class=\"wp-image-131\" srcset=\"https:\/\/www3.tuhh.de\/vpl\/stadtarmmobil\/wp-content\/uploads\/sites\/5\/2020\/08\/button-daniela.png 400w, https:\/\/www3.tuhh.de\/vpl\/stadtarmmobil\/wp-content\/uploads\/sites\/5\/2020\/08\/button-daniela-300x300.png 300w, https:\/\/www3.tuhh.de\/vpl\/stadtarmmobil\/wp-content\/uploads\/sites\/5\/2020\/08\/button-daniela-150x150.png 150w\" sizes=\"auto, (max-width: 400px) 100vw, 400px\" \/><\/a><figcaption class=\"wp-element-caption\"><a href=\"https:\/\/www3.tuhh.de\/vpl\/stadtarmmobil\/daniela\"><strong><span style=\"background-color:rgba(0, 0, 0, 0);color:#178072\" class=\"has-inline-color\">Danielas Routinen<\/span><\/strong><br>Die Routiniert Getriebenen <\/a><\/figcaption><\/figure>\n<\/div>\n\n\n<p><\/p>\n<\/div>\n\n\n\n<div class=\"wp-block-column is-layout-flow wp-block-column-is-layout-flow\"><div class=\"wp-block-image\">\n<figure class=\"aligncenter size-large\"><a href=\"https:\/\/www3.tuhh.de\/vpl\/stadtarmmobil\/katja\"><img loading=\"lazy\" decoding=\"async\" width=\"400\" height=\"400\" src=\"http:\/\/www3.tuhh.de\/vpl\/stadtarmmobil\/wp-content\/uploads\/sites\/5\/2020\/08\/button-katja.png\" alt=\"\" class=\"wp-image-132\" srcset=\"https:\/\/www3.tuhh.de\/vpl\/stadtarmmobil\/wp-content\/uploads\/sites\/5\/2020\/08\/button-katja.png 400w, https:\/\/www3.tuhh.de\/vpl\/stadtarmmobil\/wp-content\/uploads\/sites\/5\/2020\/08\/button-katja-300x300.png 300w, https:\/\/www3.tuhh.de\/vpl\/stadtarmmobil\/wp-content\/uploads\/sites\/5\/2020\/08\/button-katja-150x150.png 150w\" sizes=\"auto, (max-width: 400px) 100vw, 400px\" \/><\/a><figcaption class=\"wp-element-caption\"><a href=\"https:\/\/www3.tuhh.de\/vpl\/stadtarmmobil\/katja\"><strong><span style=\"background-color:rgba(0, 0, 0, 0);color:#178072\" class=\"has-inline-color\">Katjas Familienalltag<\/span><\/strong><br>Die Famili\u00e4ren Profis<\/a><\/figcaption><\/figure>\n<\/div>\n\n\n<p><\/p>\n<\/div>\n\n\n\n<div class=\"wp-block-column is-layout-flow wp-block-column-is-layout-flow\"><div class=\"wp-block-image\">\n<figure class=\"aligncenter size-large\"><a href=\"https:\/\/www3.tuhh.de\/vpl\/stadtarmmobil\/peter\"><img loading=\"lazy\" decoding=\"async\" width=\"400\" height=\"400\" src=\"http:\/\/www3.tuhh.de\/vpl\/stadtarmmobil\/wp-content\/uploads\/sites\/5\/2020\/08\/button-peter.png\" alt=\"Die Erlebnishungrigen\" class=\"wp-image-123\" srcset=\"https:\/\/www3.tuhh.de\/vpl\/stadtarmmobil\/wp-content\/uploads\/sites\/5\/2020\/08\/button-peter.png 400w, https:\/\/www3.tuhh.de\/vpl\/stadtarmmobil\/wp-content\/uploads\/sites\/5\/2020\/08\/button-peter-300x300.png 300w, https:\/\/www3.tuhh.de\/vpl\/stadtarmmobil\/wp-content\/uploads\/sites\/5\/2020\/08\/button-peter-150x150.png 150w\" sizes=\"auto, (max-width: 400px) 100vw, 400px\" \/><\/a><figcaption class=\"wp-element-caption\"><a href=\"https:\/\/www3.tuhh.de\/vpl\/stadtarmmobil\/peter\"><strong><span style=\"background-color:rgba(0, 0, 0, 0);color:#178072\" class=\"has-inline-color\">Peters Erlebnistour<\/span><\/strong><br>Die Erlebnishungrigen<\/a><\/figcaption><\/figure>\n<\/div>\n\n\n<p><\/p>\n<\/div>\n<\/div>\n","protected":false},"excerpt":{"rendered":"<p>Hier k\u00f6nnen Sie Anjas Zuhause kennenlernen. Ihre einzelnen Wegestationen sind als Kreis dargestellt, die gr\u00fcnen B\u00f6gen kennzeichnen Anjas Aktionsraum. Klicken Sie sich durch die Karte! Die Wohnumfeld Verbundenen Anja 36 Jahre, alleinstehendWohnhaft im Falkenhagener Feld In der Abendsonne steht Anja auf ihrem kleinen Balkon und raucht eine Zigarette. Sie genie\u00dft die Ruhe. Die Flugzeuge, die [&hellip;]<\/p>\n","protected":false},"author":5,"featured_media":110,"parent":0,"menu_order":0,"comment_status":"closed","ping_status":"closed","template":"templates\/template-cover.php","meta":{"footnotes":""},"class_list":["post-106","page","type-page","status-publish","has-post-thumbnail","hentry"],"yoast_head":"<!-- This site is optimized with the Yoast SEO plugin v26.9 - https:\/\/yoast.com\/product\/yoast-seo-wordpress\/ -->\n<title>Anjas Zuhause kennenlernen - stadtarmmobil<\/title>\n<meta name=\"robots\" content=\"index, follow, max-snippet:-1, max-image-preview:large, max-video-preview:-1\" \/>\n<link rel=\"canonical\" href=\"https:\/\/www3.tuhh.de\/vpl\/stadtarmmobil\/anja\/\" \/>\n<meta property=\"og:locale\" content=\"de_DE\" \/>\n<meta property=\"og:type\" content=\"article\" \/>\n<meta property=\"og:title\" content=\"Anjas Zuhause kennenlernen - stadtarmmobil\" \/>\n<meta property=\"og:description\" content=\"Hier k\u00f6nnen Sie Anjas Zuhause kennenlernen. Ihre einzelnen Wegestationen sind als Kreis dargestellt, die gr\u00fcnen B\u00f6gen kennzeichnen Anjas Aktionsraum. Klicken Sie sich durch die Karte! Die Wohnumfeld Verbundenen Anja 36 Jahre, alleinstehendWohnhaft im Falkenhagener Feld In der Abendsonne steht Anja auf ihrem kleinen Balkon und raucht eine Zigarette. Sie genie\u00dft die Ruhe. Die Flugzeuge, die [&hellip;]\" \/>\n<meta property=\"og:url\" content=\"https:\/\/www3.tuhh.de\/vpl\/stadtarmmobil\/anja\/\" \/>\n<meta property=\"og:site_name\" content=\"stadtarmmobil\" \/>\n<meta property=\"article:modified_time\" content=\"2024-04-17T11:05:40+00:00\" \/>\n<meta property=\"og:image\" content=\"http:\/\/www3.tuhh.de\/vpl\/stadtarmmobil\/wp-content\/uploads\/sites\/5\/2020\/08\/15356683229_622076c6dd_o-scaled-1.jpg\" \/>\n\t<meta property=\"og:image:width\" content=\"2560\" \/>\n\t<meta property=\"og:image:height\" content=\"1713\" \/>\n\t<meta property=\"og:image:type\" content=\"image\/jpeg\" \/>\n<meta name=\"twitter:card\" content=\"summary_large_image\" \/>\n<meta name=\"twitter:label1\" content=\"Gesch\u00e4tzte Lesezeit\" \/>\n\t<meta name=\"twitter:data1\" content=\"7\u00a0Minuten\" \/>\n<script type=\"application\/ld+json\" class=\"yoast-schema-graph\">{\"@context\":\"https:\/\/schema.org\",\"@graph\":[{\"@type\":\"WebPage\",\"@id\":\"https:\/\/www3.tuhh.de\/vpl\/stadtarmmobil\/anja\/\",\"url\":\"https:\/\/www3.tuhh.de\/vpl\/stadtarmmobil\/anja\/\",\"name\":\"Anjas Zuhause kennenlernen - stadtarmmobil\",\"isPartOf\":{\"@id\":\"https:\/\/www3.tuhh.de\/vpl\/stadtarmmobil\/#website\"},\"primaryImageOfPage\":{\"@id\":\"https:\/\/www3.tuhh.de\/vpl\/stadtarmmobil\/anja\/#primaryimage\"},\"image\":{\"@id\":\"https:\/\/www3.tuhh.de\/vpl\/stadtarmmobil\/anja\/#primaryimage\"},\"thumbnailUrl\":\"https:\/\/www3.tuhh.de\/vpl\/stadtarmmobil\/wp-content\/uploads\/sites\/5\/2020\/08\/15356683229_622076c6dd_o-scaled-1.jpg\",\"datePublished\":\"2020-08-15T10:06:08+00:00\",\"dateModified\":\"2024-04-17T11:05:40+00:00\",\"breadcrumb\":{\"@id\":\"https:\/\/www3.tuhh.de\/vpl\/stadtarmmobil\/anja\/#breadcrumb\"},\"inLanguage\":\"de\",\"potentialAction\":[{\"@type\":\"ReadAction\",\"target\":[\"https:\/\/www3.tuhh.de\/vpl\/stadtarmmobil\/anja\/\"]}]},{\"@type\":\"ImageObject\",\"inLanguage\":\"de\",\"@id\":\"https:\/\/www3.tuhh.de\/vpl\/stadtarmmobil\/anja\/#primaryimage\",\"url\":\"https:\/\/www3.tuhh.de\/vpl\/stadtarmmobil\/wp-content\/uploads\/sites\/5\/2020\/08\/15356683229_622076c6dd_o-scaled-1.jpg\",\"contentUrl\":\"https:\/\/www3.tuhh.de\/vpl\/stadtarmmobil\/wp-content\/uploads\/sites\/5\/2020\/08\/15356683229_622076c6dd_o-scaled-1.jpg\",\"width\":2560,\"height\":1713},{\"@type\":\"BreadcrumbList\",\"@id\":\"https:\/\/www3.tuhh.de\/vpl\/stadtarmmobil\/anja\/#breadcrumb\",\"itemListElement\":[{\"@type\":\"ListItem\",\"position\":1,\"name\":\"Startseite\",\"item\":\"https:\/\/www3.tuhh.de\/vpl\/stadtarmmobil\/\"},{\"@type\":\"ListItem\",\"position\":2,\"name\":\"Anjas Zuhause kennenlernen\"}]},{\"@type\":\"WebSite\",\"@id\":\"https:\/\/www3.tuhh.de\/vpl\/stadtarmmobil\/#website\",\"url\":\"https:\/\/www3.tuhh.de\/vpl\/stadtarmmobil\/\",\"name\":\"stadtarmmobil\",\"description\":\"Armut und Mobilit\u00e4t in Hamburg und Berlin\",\"potentialAction\":[{\"@type\":\"SearchAction\",\"target\":{\"@type\":\"EntryPoint\",\"urlTemplate\":\"https:\/\/www3.tuhh.de\/vpl\/stadtarmmobil\/?s={search_term_string}\"},\"query-input\":{\"@type\":\"PropertyValueSpecification\",\"valueRequired\":true,\"valueName\":\"search_term_string\"}}],\"inLanguage\":\"de\"}]}<\/script>\n<!-- \/ Yoast SEO plugin. -->","yoast_head_json":{"title":"Anjas Zuhause kennenlernen - stadtarmmobil","robots":{"index":"index","follow":"follow","max-snippet":"max-snippet:-1","max-image-preview":"max-image-preview:large","max-video-preview":"max-video-preview:-1"},"canonical":"https:\/\/www3.tuhh.de\/vpl\/stadtarmmobil\/anja\/","og_locale":"de_DE","og_type":"article","og_title":"Anjas Zuhause kennenlernen - stadtarmmobil","og_description":"Hier k\u00f6nnen Sie Anjas Zuhause kennenlernen. Ihre einzelnen Wegestationen sind als Kreis dargestellt, die gr\u00fcnen B\u00f6gen kennzeichnen Anjas Aktionsraum. Klicken Sie sich durch die Karte! Die Wohnumfeld Verbundenen Anja 36 Jahre, alleinstehendWohnhaft im Falkenhagener Feld In der Abendsonne steht Anja auf ihrem kleinen Balkon und raucht eine Zigarette. Sie genie\u00dft die Ruhe. Die Flugzeuge, die [&hellip;]","og_url":"https:\/\/www3.tuhh.de\/vpl\/stadtarmmobil\/anja\/","og_site_name":"stadtarmmobil","article_modified_time":"2024-04-17T11:05:40+00:00","og_image":[{"width":2560,"height":1713,"url":"http:\/\/www3.tuhh.de\/vpl\/stadtarmmobil\/wp-content\/uploads\/sites\/5\/2020\/08\/15356683229_622076c6dd_o-scaled-1.jpg","type":"image\/jpeg"}],"twitter_card":"summary_large_image","twitter_misc":{"Gesch\u00e4tzte Lesezeit":"7\u00a0Minuten"},"schema":{"@context":"https:\/\/schema.org","@graph":[{"@type":"WebPage","@id":"https:\/\/www3.tuhh.de\/vpl\/stadtarmmobil\/anja\/","url":"https:\/\/www3.tuhh.de\/vpl\/stadtarmmobil\/anja\/","name":"Anjas Zuhause kennenlernen - stadtarmmobil","isPartOf":{"@id":"https:\/\/www3.tuhh.de\/vpl\/stadtarmmobil\/#website"},"primaryImageOfPage":{"@id":"https:\/\/www3.tuhh.de\/vpl\/stadtarmmobil\/anja\/#primaryimage"},"image":{"@id":"https:\/\/www3.tuhh.de\/vpl\/stadtarmmobil\/anja\/#primaryimage"},"thumbnailUrl":"https:\/\/www3.tuhh.de\/vpl\/stadtarmmobil\/wp-content\/uploads\/sites\/5\/2020\/08\/15356683229_622076c6dd_o-scaled-1.jpg","datePublished":"2020-08-15T10:06:08+00:00","dateModified":"2024-04-17T11:05:40+00:00","breadcrumb":{"@id":"https:\/\/www3.tuhh.de\/vpl\/stadtarmmobil\/anja\/#breadcrumb"},"inLanguage":"de","potentialAction":[{"@type":"ReadAction","target":["https:\/\/www3.tuhh.de\/vpl\/stadtarmmobil\/anja\/"]}]},{"@type":"ImageObject","inLanguage":"de","@id":"https:\/\/www3.tuhh.de\/vpl\/stadtarmmobil\/anja\/#primaryimage","url":"https:\/\/www3.tuhh.de\/vpl\/stadtarmmobil\/wp-content\/uploads\/sites\/5\/2020\/08\/15356683229_622076c6dd_o-scaled-1.jpg","contentUrl":"https:\/\/www3.tuhh.de\/vpl\/stadtarmmobil\/wp-content\/uploads\/sites\/5\/2020\/08\/15356683229_622076c6dd_o-scaled-1.jpg","width":2560,"height":1713},{"@type":"BreadcrumbList","@id":"https:\/\/www3.tuhh.de\/vpl\/stadtarmmobil\/anja\/#breadcrumb","itemListElement":[{"@type":"ListItem","position":1,"name":"Startseite","item":"https:\/\/www3.tuhh.de\/vpl\/stadtarmmobil\/"},{"@type":"ListItem","position":2,"name":"Anjas Zuhause kennenlernen"}]},{"@type":"WebSite","@id":"https:\/\/www3.tuhh.de\/vpl\/stadtarmmobil\/#website","url":"https:\/\/www3.tuhh.de\/vpl\/stadtarmmobil\/","name":"stadtarmmobil","description":"Armut und Mobilit\u00e4t in Hamburg und Berlin","potentialAction":[{"@type":"SearchAction","target":{"@type":"EntryPoint","urlTemplate":"https:\/\/www3.tuhh.de\/vpl\/stadtarmmobil\/?s={search_term_string}"},"query-input":{"@type":"PropertyValueSpecification","valueRequired":true,"valueName":"search_term_string"}}],"inLanguage":"de"}]}},"_links":{"self":[{"href":"https:\/\/www3.tuhh.de\/vpl\/stadtarmmobil\/wp-json\/wp\/v2\/pages\/106","targetHints":{"allow":["GET"]}}],"collection":[{"href":"https:\/\/www3.tuhh.de\/vpl\/stadtarmmobil\/wp-json\/wp\/v2\/pages"}],"about":[{"href":"https:\/\/www3.tuhh.de\/vpl\/stadtarmmobil\/wp-json\/wp\/v2\/types\/page"}],"author":[{"embeddable":true,"href":"https:\/\/www3.tuhh.de\/vpl\/stadtarmmobil\/wp-json\/wp\/v2\/users\/5"}],"replies":[{"embeddable":true,"href":"https:\/\/www3.tuhh.de\/vpl\/stadtarmmobil\/wp-json\/wp\/v2\/comments?post=106"}],"version-history":[{"count":2,"href":"https:\/\/www3.tuhh.de\/vpl\/stadtarmmobil\/wp-json\/wp\/v2\/pages\/106\/revisions"}],"predecessor-version":[{"id":703,"href":"https:\/\/www3.tuhh.de\/vpl\/stadtarmmobil\/wp-json\/wp\/v2\/pages\/106\/revisions\/703"}],"wp:featuredmedia":[{"embeddable":true,"href":"https:\/\/www3.tuhh.de\/vpl\/stadtarmmobil\/wp-json\/wp\/v2\/media\/110"}],"wp:attachment":[{"href":"https:\/\/www3.tuhh.de\/vpl\/stadtarmmobil\/wp-json\/wp\/v2\/media?parent=106"}],"curies":[{"name":"wp","href":"https:\/\/api.w.org\/{rel}","templated":true}]}}