{"id":140,"date":"2020-08-17T09:13:32","date_gmt":"2020-08-17T07:13:32","guid":{"rendered":"https:\/\/www2.tuhh.de\/stadtarmmobil\/?page_id=140"},"modified":"2024-04-17T13:41:53","modified_gmt":"2024-04-17T11:41:53","slug":"daniela","status":"publish","type":"page","link":"https:\/\/www3.tuhh.de\/vpl\/stadtarmmobil\/daniela\/","title":{"rendered":"Danielas Routinen durchleben"},"content":{"rendered":"\n<div class=\"wp-block-columns alignfull is-layout-flex wp-container-core-columns-is-layout-9d6595d7 wp-block-columns-is-layout-flex\">\n<div class=\"wp-block-column is-layout-flow wp-block-column-is-layout-flow\">\n<p class=\"has-background\" style=\"background-color:#dee2e2\">Verfolgen Sie hier Danielas Routinen! Die Alltagsziele sind an den Kreissymbolen erkennbar. Das farbige Layer zeigt den Erreichbarkeits-Index f\u00fcr jeden Berliner Planungsraum. Im Men\u00fc im oberen rechten Eck der Karte k\u00f6nnen Sie die Layer an- und abw\u00e4hlen.<\/p>\n<\/div>\n\n\n\n<div class=\"wp-block-column is-layout-flow wp-block-column-is-layout-flow\">\n<h2 class=\"wp-block-heading has-text-color\" style=\"color:#178072\">Die Routiniert Getriebenen<\/h2>\n\n\n\n<h5 class=\"wp-block-heading has-text-color\" id=\"block-50e70874-fab8-473f-ad6e-a790ec457e5e\" style=\"color:#178072\">Daniela, 52 Jahre, alleinstehend<br>Wohnhaft in Berlin Neuk\u00f6lln<\/h5>\n<\/div>\n<\/div>\n\n\n\n<div class=\"wp-block-columns alignfull magic is-layout-flex wp-container-core-columns-is-layout-9d6595d7 wp-block-columns-is-layout-flex\">\n<div class=\"wp-block-column is-layout-flow wp-block-column-is-layout-flow\">\n<div id=\"rgMap\"><\/div>\n<\/div>\n\n\n\n<div class=\"wp-block-column is-layout-flow wp-block-column-is-layout-flow\">\n<p>Nach einem kurzen Fr\u00fchst\u00fcck \u2013 ein Apfel, ein schwarzer Kaffee \u2013 geht Daniela um neun Uhr aus dem Haus. Ihren Fr\u00fchst\u00fccks-Apfel hat sie vergangene Woche bei der <strong>Lebensmittel-Tafel<\/strong> mitgenommen. Sie nutzt das Angebot regelm\u00e4\u00dfig, da die Ausgabestelle in der Fuldastra\u00dfe zu Fu\u00df zu erreichen ist. Dabei versucht sie m\u00f6glichst fr\u00fch bei der Tafel zu sein und diese so schnell wie m\u00f6glich wieder zu verlassen. Daniela geht nicht gerne zur Tafel, weil da manchmal Bekannte aus ihrer Obdachlosenzeit sind. Die holen dort auch regelm\u00e4\u00dfig Essen, aber Daniela meidet den Kontakt. Sie ist froh, seit drei Jahren wieder eine eigene Wohnung zu haben.  Die bepackten Taschen und T\u00fcten tr\u00e4gt Daniela meist nach Hause. Der Transport der Lebensmittel ist beschwerlich, aber sie ist die Schlepperei gewohnt. Vor kurzem hat sie ein Lastenrad in ihrem Kiez gesehen. W\u00e4re das nicht eine L\u00f6sung, um das Essen nach Hause zu bekommen?<\/p>\n\n\n\n<p class=\"has-background\" style=\"background-color:#d9e1df\">Wie mehrere Befragte berichten, ist die Lebensmittel-Tafel ein relevantes Ziel in ihrem Alltag. Hier k\u00f6nnen sie sich mit Essen versorgen, das von Superm\u00e4rkten aussortiert wurde. In den letzten Jahren ist die Nachfrage bei den Tafeln <a href=\"https:\/\/www.zeit.de\/wirtschaft\/2018-03\/beduerftigkeit-tafeln-deutschland-verein-aufgaben-hintergruende\">angestiegen<\/a>.<br>In Berlin konnten wir 45 Ausgabestellen der Tafel kartieren, die gut im Stadtraum verteilt sind: 33 Prozent der \u201eHartz IV\u201c-Empf\u00e4nger:innen erreichen eine Essensausgabe zu Fu\u00df oder innerhalb von zehn Minuten mit dem Nahverkehr. Bei einer Reisezeit von 15 Minuten sind es sogar 72 Prozent. F\u00fcr den Gro\u00dfteil der Befragten, der das Sozialticket nutzt, w\u00fcrde auch eine weitere Entfernung kein Problem darstellen: Das <a href=\"https:\/\/sbahn.berlin\/tickets\/alle-tickets\/wochen-monats-abo-jahrestickets\/berlin-ticket-s\/\">Berlin-Ticket S<\/a> gilt im ganzen Stadtraum AB ohne zeitliche Einschr\u00e4nkung. Hier zeigt sich ein wesentlicher Unterschied im \u00d6PNV-Angebot in Hamburg. Auch dort gibt es g\u00fcnstige Abo-Tickets. Allerdings sind sie mit Sperrzeiten verbunden, die von den Befragten als sehr einschr\u00e4nkend wahrgenommen werden (siehe Katjas Geschichte bei den <em><a href=\"https:\/\/www3.tuhh.de\/vpl\/stadtarmmobil\/katja\/\">Famili\u00e4ren Profis<\/a><\/em>).<br><em><span style=\"background-color:rgba(0, 0, 0, 0);color:#1771a1\" class=\"has-inline-color\"><br><\/span><span style=\"background-color:rgba(0, 0, 0, 0);color:#178072\" class=\"has-inline-color\">\u2190Das farbige Layer in der Karte zeigt Ihnen die Erreichbarkeit wichtiger Ziele wie Arztpraxen und Tafeln mit dem Kurzstrecken-Tarif. Wenig \u00fcberraschend: An zentral gelegenen Orten sind mehr Ziele erreichbar (gr\u00fcn eingef\u00e4rbt).<\/span><\/em><br><br>Wenn es in ihr Budget passt, nutzen arme Menschen durchaus auch neue Mobilit\u00e4tsformen: W\u00e4hrend unserer Befragung ging in Hamburg das <a href=\"https:\/\/mobileinclusion.projects.tu-berlin.de\/mi\/ridepooling-hamburg-armut\/\">Ridepooling-Angebot <em>ioki<\/em><\/a> an den Start, das eine T\u00fcr-zu-T\u00fcr-Bedienung bietet. Nicht nur kennen alle von uns Befragten das Angebot \u2013 einige nutzen es, in einem Fall sogar gezielt f\u00fcr Fahrten von der Lebensmittel-Tafel nach Hause.<\/p>\n\n\n\n<p>Aber heute geht es nicht zur Tafel. Die zwei gro\u00dfen Taschen, die Daniela immer \u00fcber der Schulter hat, dienen einem anderen Zweck. <strong>Jeden Tag dreht sie ihre Runde, um Pfandflaschen einzusammeln<\/strong> und sich das \u201eHartz IV\u201c aufzubessern. Mit den Taschen kommt Daniela am besten zurecht. Ein Rucksack w\u00e4re zu umst\u00e4ndlich, f\u00fcr jede Flasche m\u00fcsste sie ihn absetzen. Ein zweir\u00e4driger Einkaufswagen kommt auch nicht in Frage, da schon das Ger\u00e4usch eines W\u00e4gelchens Daniela nerv\u00f6s macht. Mit den Taschen aber geht es ganz schnell: Jede Flasche kann sie sofort einstecken. Wenn die Taschen voll sind, geht Daniela zum n\u00e4chsten Supermarkt und gibt die Flaschen ab. Auf etwas \u00fcber zwanzig Flaschen kommt sie pro Runde, das sind zwischen drei und f\u00fcnf Euro.<\/p>\n\n\n\n<p class=\"has-background\" style=\"background-color:#d9e1df\">Das Pfandsammeln ist, wie verschiedene Forschungsarbeiten herausstellen, eine verbreitete Form des Zuverdienstes in prek\u00e4ren Lebenslagen. Zahlen gibt es nicht, aber Sch\u00e4tzungen zufolge<a href=\"https:\/\/www.deutschlandfunk.de\/flaschensammler-und-ihr-alltag-fuer-eine-handvoll-euro.724.de.html?dram:article_id=456818\" target=\"_blank\" rel=\"noreferrer noopener\"> gewinnt die Gruppe der Pfand-Sammelnden an Mitgliedern<\/a>, seit viele sozialstaatliche Leistungen in den 1990er-Jahren abgebaut wurden und seitdem 2003 das Einwegpfand eingef\u00fchrt wurde.  Dem Nahverkehr f\u00e4llt f\u00fcr Daniela beim Flaschensammeln ein doppelter Nutzen zu: Zum einen bef\u00f6rdert der \u00d6PNV die Sammelnde g\u00fcnstig zwischen den lohnenswerten Orten. Zum anderen fallen in den Fahrzeugen und Haltestellen selbst viele Pfandflaschen an. Bus und Bahn werden strategisch als Mobilit\u00e4tswerkzeuge genutzt und dienen gleichzeitig als Quelle f\u00fcr den Zuverdienst, wobei sich die Nutzung zumindest teilweise refinanziert. <\/p>\n\n\n\n<p>Daniela hat eine feste Route, die sie mehrmals t\u00e4glich abl\u00e4uft. Lohnend sind die U-Bahnstationen und Parks. In den Parks findet sie vor allem im Sommer am sp\u00e4ten Abend einige Flaschen. Heute verbindet Daniela ihre Tour damit, eine Freundin zu treffen. Sie begleitet die Freundin zum Jobcenter, weil es da irgendwelchen Stress gegeben hat. Nach dem Termin gibt ihre Freundin einen Kaffee beim B\u00e4cker aus. Dann geht es f\u00fcr Daniela direkt weiter, um ihren Sohn in Charlottenburg zu besuchen. Vorher m\u00f6chte Daniela wenigstens noch ein paar Flaschen einsammeln. Zu ihrem Sohn f\u00e4hrt sie mit den \u00f6ffentlichen Verkehrsmitteln. <strong>Daniela nutzt das Sozialticket<\/strong>, da sie t\u00e4glich vor allem mit der U-Bahn unterwegs ist. Einmal im Monat, so hat es Daniela sich vorgenommen, m\u00f6chte sie ihren Sohn besuchen und ihren Enkel sehen. Die Treffen sind meist kurz. Eigentlich ist sie nicht gern gesehen, denn in den Jahren der Obdachlosigkeit war der Kontakt ganz abgebrochen. <\/p>\n\n\n\n<p class=\"has-background\" style=\"background-color:#d9e1df\">In den Wegetageb\u00fcchern unserer Befragten ist der Besuch von Familie und Freunden einer der am h\u00e4ufigsten genannten Zwecke, das Haus zu verlassen. Generell nutzen die Befragten haupts\u00e4chlich Bus und Bahn. Sie legen 45 Prozent ihrer Wege mit dem \u00d6PNV zur\u00fcck, wie das Diagramm zeigt:<br><br><img loading=\"lazy\" decoding=\"async\" width=\"401\" height=\"307\" class=\"wp-image-422\" style=\"width: 400px\" src=\"http:\/\/www3.tuhh.de\/vpl\/stadtarmmobil\/wp-content\/uploads\/sites\/5\/2021\/04\/MobInc_ModalSplit.png\" alt=\"Verkehrsmittelnutzung der der Befragten, in % der Wege. n=19\" srcset=\"https:\/\/www3.tuhh.de\/vpl\/stadtarmmobil\/wp-content\/uploads\/sites\/5\/2021\/04\/MobInc_ModalSplit.png 401w, https:\/\/www3.tuhh.de\/vpl\/stadtarmmobil\/wp-content\/uploads\/sites\/5\/2021\/04\/MobInc_ModalSplit-300x230.png 300w\" sizes=\"auto, (max-width: 401px) 100vw, 401px\" \/><br><em>Verkehrsmittelnutzung der Befragten, in Prozent der Wege. Quelle: <a href=\"https:\/\/mobileinclusion.projects.tu-berlin.de\/mi\/vergleich-nationale-verkehrserhebungen\/\" data-type=\"URL\" data-id=\"https:\/\/mobileinclusion.projects.tu-berlin.de\/mi\/vergleich-nationale-verkehrserhebungen\/\" target=\"_blank\" rel=\"noreferrer noopener\">Havemann (2021)<\/a><\/em><\/p>\n\n\n\n<p>Nach dem Treffen mit dem Sohn f\u00e4hrt Daniela nach Hause. Auf dem Weg zur Wohnung macht sie noch einen kleinen Abstecher zum Supermarkt. <strong>Vom Pfandgeld kauft sie sich eine Fertigpizza<\/strong> und geht nach Hause. Der Tag geht zu Ende. Manchmal schaut Daniela abends noch bei ihrem alten Freund Kurt vorbei. Er wohnt in der N\u00e4he. Mit Kurt k\u00f6nnte sie quatschen und sich \u00fcber ihren Sohn aufregen. Nachdem sie sich die Pizza warm gemacht und gegessen hat, verwirft sie den Gedanken. Die f\u00fcnf Minuten Fu\u00dfweg sind ihr heute zu viel. Sie ist doch zu m\u00fcde. <\/p>\n\n\n\n<p class=\"has-background\" style=\"background-color:#d9e1df\">Daniela l\u00e4sst sich in die Gruppe der <em>Routiniert Getriebenen <\/em>einordnen. Diese sind schon lange aus regul\u00e4ren Arbeitszusammenh\u00e4ngen herausgefallen. In der langen Zeit einer sozial prek\u00e4ren Armutslage entwickeln sie <strong>Routinen, die auf das Ziel des \u201e\u00dcberlebens\u201c ausgerichtet sind<\/strong>. Wunschziele jenseits ihres t\u00e4glichen Aktionsraums benennen sie nicht. Jedoch verf\u00fcgen die Routiniert Getriebenen bezogen auf die Anforderungen des Mobilit\u00e4tsalltags \u00fcber solide Kenntnisse zu Mobilit\u00e4tsangeboten. Es gelingt ihnen, neue Angebote sehr schnell wahrzunehmen und in ihren Mobilit\u00e4tsalltag einzubauen. Entsprechend schnell k\u00f6nnen sie Routinen ausbilden. Beratungsstellen und Sozial-Angebote nutzen sie intensiv. Die r\u00e4umliche Verteilung der Angebote ist in den untersuchten Gebieten unterschiedlich. In Berlin-Nordneuk\u00f6lln gibt es beispielsweise viele Angebote, die weitr\u00e4umig im Quartier verteilt sind. In Hamburg-Osdorfer Born sind die Angebote dagegen zentral auf einem Gel\u00e4nde zu finden. Die <em>Routiniert Getriebenen<\/em> bewegen sich souver\u00e4n durch die Stadt. <strong>Das Innehalten f\u00e4llt ihnen allerdings schwer. Denn um ihren Lebensalltag zu bew\u00e4ltigen, m\u00fcssen sie in Bewegung bleiben. <\/strong><\/p>\n<\/div>\n<\/div>\n\n\n\n<div class=\"wp-block-columns alignfull is-layout-flex wp-container-core-columns-is-layout-9d6595d7 wp-block-columns-is-layout-flex\">\n<div class=\"wp-block-column is-layout-flow wp-block-column-is-layout-flow\">\n<h5 class=\"wp-block-heading has-text-color\" style=\"color:#178072\">Erleben Sie auch den Mobilit\u00e4tsalltag der anderen Personen:<\/h5>\n\n\n\n<p><\/p>\n<\/div>\n\n\n\n<div class=\"wp-block-column is-layout-flow wp-block-column-is-layout-flow\"><\/div>\n<\/div>\n\n\n\n<div class=\"wp-block-columns alignfull is-layout-flex wp-container-core-columns-is-layout-9d6595d7 wp-block-columns-is-layout-flex\">\n<div class=\"wp-block-column is-layout-flow wp-block-column-is-layout-flow\"><div class=\"wp-block-image\">\n<figure class=\"aligncenter size-large\"><a href=\"https:\/\/www3.tuhh.de\/vpl\/stadtarmmobil\/katja\"><img loading=\"lazy\" decoding=\"async\" width=\"400\" height=\"400\" src=\"http:\/\/www3.tuhh.de\/vpl\/stadtarmmobil\/wp-content\/uploads\/sites\/5\/2020\/08\/button-katja.png\" alt=\"\" class=\"wp-image-132\" srcset=\"https:\/\/www3.tuhh.de\/vpl\/stadtarmmobil\/wp-content\/uploads\/sites\/5\/2020\/08\/button-katja.png 400w, https:\/\/www3.tuhh.de\/vpl\/stadtarmmobil\/wp-content\/uploads\/sites\/5\/2020\/08\/button-katja-300x300.png 300w, https:\/\/www3.tuhh.de\/vpl\/stadtarmmobil\/wp-content\/uploads\/sites\/5\/2020\/08\/button-katja-150x150.png 150w\" sizes=\"auto, (max-width: 400px) 100vw, 400px\" \/><\/a><figcaption class=\"wp-element-caption\"><a href=\"https:\/\/www3.tuhh.de\/vpl\/stadtarmmobil\/katja\"><strong><span style=\"background-color:rgba(0, 0, 0, 0);color:#178072\" class=\"has-inline-color\">Katjas Familienalltag<\/span><\/strong><br>Die Famili\u00e4ren Profis<\/a><\/figcaption><\/figure>\n<\/div>\n\n\n<p><\/p>\n<\/div>\n\n\n\n<div class=\"wp-block-column is-layout-flow wp-block-column-is-layout-flow\"><div class=\"wp-block-image\">\n<figure class=\"aligncenter size-large\"><a href=\"https:\/\/www3.tuhh.de\/vpl\/stadtarmmobil\/anja\"><img loading=\"lazy\" decoding=\"async\" width=\"400\" height=\"400\" src=\"http:\/\/www3.tuhh.de\/vpl\/stadtarmmobil\/wp-content\/uploads\/sites\/5\/2020\/08\/button-anja.png\" alt=\"Die Wohnumfeld Verbundenen\" class=\"wp-image-130\" srcset=\"https:\/\/www3.tuhh.de\/vpl\/stadtarmmobil\/wp-content\/uploads\/sites\/5\/2020\/08\/button-anja.png 400w, https:\/\/www3.tuhh.de\/vpl\/stadtarmmobil\/wp-content\/uploads\/sites\/5\/2020\/08\/button-anja-300x300.png 300w, https:\/\/www3.tuhh.de\/vpl\/stadtarmmobil\/wp-content\/uploads\/sites\/5\/2020\/08\/button-anja-150x150.png 150w\" sizes=\"auto, (max-width: 400px) 100vw, 400px\" \/><\/a><figcaption class=\"wp-element-caption\"><a href=\"https:\/\/www3.tuhh.de\/vpl\/stadtarmmobil\/anja\"><strong><span style=\"background-color:rgba(0, 0, 0, 0);color:#178072\" class=\"has-inline-color\">Anjas Zuhause<\/span><\/strong><br>Die Wohnumfeld Verbundenen<\/a><\/figcaption><\/figure>\n<\/div>\n\n\n<p><\/p>\n<\/div>\n\n\n\n<div class=\"wp-block-column is-layout-flow wp-block-column-is-layout-flow\"><div class=\"wp-block-image\">\n<figure class=\"aligncenter size-large\"><a href=\"https:\/\/www3.tuhh.de\/vpl\/stadtarmmobil\/peter\"><img loading=\"lazy\" decoding=\"async\" width=\"400\" height=\"400\" src=\"http:\/\/www3.tuhh.de\/vpl\/stadtarmmobil\/wp-content\/uploads\/sites\/5\/2020\/08\/button-peter.png\" alt=\"Die Erlebnishungrigen\" class=\"wp-image-123\" srcset=\"https:\/\/www3.tuhh.de\/vpl\/stadtarmmobil\/wp-content\/uploads\/sites\/5\/2020\/08\/button-peter.png 400w, https:\/\/www3.tuhh.de\/vpl\/stadtarmmobil\/wp-content\/uploads\/sites\/5\/2020\/08\/button-peter-300x300.png 300w, https:\/\/www3.tuhh.de\/vpl\/stadtarmmobil\/wp-content\/uploads\/sites\/5\/2020\/08\/button-peter-150x150.png 150w\" sizes=\"auto, (max-width: 400px) 100vw, 400px\" \/><\/a><figcaption class=\"wp-element-caption\"><a href=\"https:\/\/www3.tuhh.de\/vpl\/stadtarmmobil\/peter\"><strong><span style=\"background-color:rgba(0, 0, 0, 0);color:#178072\" class=\"has-inline-color\">Peters Erlebnistour<\/span><\/strong><br>Die Erlebnishungrigen<\/a><\/figcaption><\/figure>\n<\/div>\n\n\n<p><\/p>\n<\/div>\n<\/div>\n","protected":false},"excerpt":{"rendered":"<p>Verfolgen Sie hier Danielas Routinen! Die Alltagsziele sind an den Kreissymbolen erkennbar. Das farbige Layer zeigt den Erreichbarkeits-Index f\u00fcr jeden Berliner Planungsraum. Im Men\u00fc im oberen rechten Eck der Karte k\u00f6nnen Sie die Layer an- und abw\u00e4hlen. Die Routiniert Getriebenen Daniela, 52 Jahre, alleinstehendWohnhaft in Berlin Neuk\u00f6lln Nach einem kurzen Fr\u00fchst\u00fcck \u2013 ein Apfel, ein [&hellip;]<\/p>\n","protected":false},"author":5,"featured_media":141,"parent":0,"menu_order":0,"comment_status":"closed","ping_status":"closed","template":"templates\/template-cover.php","meta":{"footnotes":""},"class_list":["post-140","page","type-page","status-publish","has-post-thumbnail","hentry"],"yoast_head":"<!-- This site is optimized with the Yoast SEO plugin v26.9 - https:\/\/yoast.com\/product\/yoast-seo-wordpress\/ -->\n<title>Danielas Routinen durchleben - stadtarmmobil<\/title>\n<meta name=\"robots\" content=\"index, follow, max-snippet:-1, max-image-preview:large, max-video-preview:-1\" \/>\n<link rel=\"canonical\" href=\"https:\/\/www3.tuhh.de\/vpl\/stadtarmmobil\/daniela\/\" \/>\n<meta property=\"og:locale\" content=\"de_DE\" \/>\n<meta property=\"og:type\" content=\"article\" \/>\n<meta property=\"og:title\" content=\"Danielas Routinen durchleben - stadtarmmobil\" \/>\n<meta property=\"og:description\" content=\"Verfolgen Sie hier Danielas Routinen! Die Alltagsziele sind an den Kreissymbolen erkennbar. Das farbige Layer zeigt den Erreichbarkeits-Index f\u00fcr jeden Berliner Planungsraum. Im Men\u00fc im oberen rechten Eck der Karte k\u00f6nnen Sie die Layer an- und abw\u00e4hlen. Die Routiniert Getriebenen Daniela, 52 Jahre, alleinstehendWohnhaft in Berlin Neuk\u00f6lln Nach einem kurzen Fr\u00fchst\u00fcck \u2013 ein Apfel, ein [&hellip;]\" \/>\n<meta property=\"og:url\" content=\"https:\/\/www3.tuhh.de\/vpl\/stadtarmmobil\/daniela\/\" \/>\n<meta property=\"og:site_name\" content=\"stadtarmmobil\" \/>\n<meta property=\"article:modified_time\" content=\"2024-04-17T11:41:53+00:00\" \/>\n<meta property=\"og:image\" content=\"http:\/\/www3.tuhh.de\/vpl\/stadtarmmobil\/wp-content\/uploads\/sites\/5\/2020\/08\/191015_Autoluxus.jpg\" \/>\n\t<meta property=\"og:image:width\" content=\"1920\" \/>\n\t<meta property=\"og:image:height\" content=\"1190\" \/>\n\t<meta property=\"og:image:type\" content=\"image\/jpeg\" \/>\n<meta name=\"twitter:card\" content=\"summary_large_image\" \/>\n<meta name=\"twitter:label1\" content=\"Gesch\u00e4tzte Lesezeit\" \/>\n\t<meta name=\"twitter:data1\" content=\"8\u00a0Minuten\" \/>\n<script type=\"application\/ld+json\" class=\"yoast-schema-graph\">{\"@context\":\"https:\/\/schema.org\",\"@graph\":[{\"@type\":\"WebPage\",\"@id\":\"https:\/\/www3.tuhh.de\/vpl\/stadtarmmobil\/daniela\/\",\"url\":\"https:\/\/www3.tuhh.de\/vpl\/stadtarmmobil\/daniela\/\",\"name\":\"Danielas Routinen durchleben - stadtarmmobil\",\"isPartOf\":{\"@id\":\"https:\/\/www3.tuhh.de\/vpl\/stadtarmmobil\/#website\"},\"primaryImageOfPage\":{\"@id\":\"https:\/\/www3.tuhh.de\/vpl\/stadtarmmobil\/daniela\/#primaryimage\"},\"image\":{\"@id\":\"https:\/\/www3.tuhh.de\/vpl\/stadtarmmobil\/daniela\/#primaryimage\"},\"thumbnailUrl\":\"https:\/\/www3.tuhh.de\/vpl\/stadtarmmobil\/wp-content\/uploads\/sites\/5\/2020\/08\/191015_Autoluxus.jpg\",\"datePublished\":\"2020-08-17T07:13:32+00:00\",\"dateModified\":\"2024-04-17T11:41:53+00:00\",\"breadcrumb\":{\"@id\":\"https:\/\/www3.tuhh.de\/vpl\/stadtarmmobil\/daniela\/#breadcrumb\"},\"inLanguage\":\"de\",\"potentialAction\":[{\"@type\":\"ReadAction\",\"target\":[\"https:\/\/www3.tuhh.de\/vpl\/stadtarmmobil\/daniela\/\"]}]},{\"@type\":\"ImageObject\",\"inLanguage\":\"de\",\"@id\":\"https:\/\/www3.tuhh.de\/vpl\/stadtarmmobil\/daniela\/#primaryimage\",\"url\":\"https:\/\/www3.tuhh.de\/vpl\/stadtarmmobil\/wp-content\/uploads\/sites\/5\/2020\/08\/191015_Autoluxus.jpg\",\"contentUrl\":\"https:\/\/www3.tuhh.de\/vpl\/stadtarmmobil\/wp-content\/uploads\/sites\/5\/2020\/08\/191015_Autoluxus.jpg\",\"width\":1920,\"height\":1190},{\"@type\":\"BreadcrumbList\",\"@id\":\"https:\/\/www3.tuhh.de\/vpl\/stadtarmmobil\/daniela\/#breadcrumb\",\"itemListElement\":[{\"@type\":\"ListItem\",\"position\":1,\"name\":\"Startseite\",\"item\":\"https:\/\/www3.tuhh.de\/vpl\/stadtarmmobil\/\"},{\"@type\":\"ListItem\",\"position\":2,\"name\":\"Danielas Routinen durchleben\"}]},{\"@type\":\"WebSite\",\"@id\":\"https:\/\/www3.tuhh.de\/vpl\/stadtarmmobil\/#website\",\"url\":\"https:\/\/www3.tuhh.de\/vpl\/stadtarmmobil\/\",\"name\":\"stadtarmmobil\",\"description\":\"Armut und Mobilit\u00e4t in Hamburg und Berlin\",\"potentialAction\":[{\"@type\":\"SearchAction\",\"target\":{\"@type\":\"EntryPoint\",\"urlTemplate\":\"https:\/\/www3.tuhh.de\/vpl\/stadtarmmobil\/?s={search_term_string}\"},\"query-input\":{\"@type\":\"PropertyValueSpecification\",\"valueRequired\":true,\"valueName\":\"search_term_string\"}}],\"inLanguage\":\"de\"}]}<\/script>\n<!-- \/ Yoast SEO plugin. -->","yoast_head_json":{"title":"Danielas Routinen durchleben - stadtarmmobil","robots":{"index":"index","follow":"follow","max-snippet":"max-snippet:-1","max-image-preview":"max-image-preview:large","max-video-preview":"max-video-preview:-1"},"canonical":"https:\/\/www3.tuhh.de\/vpl\/stadtarmmobil\/daniela\/","og_locale":"de_DE","og_type":"article","og_title":"Danielas Routinen durchleben - stadtarmmobil","og_description":"Verfolgen Sie hier Danielas Routinen! Die Alltagsziele sind an den Kreissymbolen erkennbar. Das farbige Layer zeigt den Erreichbarkeits-Index f\u00fcr jeden Berliner Planungsraum. Im Men\u00fc im oberen rechten Eck der Karte k\u00f6nnen Sie die Layer an- und abw\u00e4hlen. Die Routiniert Getriebenen Daniela, 52 Jahre, alleinstehendWohnhaft in Berlin Neuk\u00f6lln Nach einem kurzen Fr\u00fchst\u00fcck \u2013 ein Apfel, ein [&hellip;]","og_url":"https:\/\/www3.tuhh.de\/vpl\/stadtarmmobil\/daniela\/","og_site_name":"stadtarmmobil","article_modified_time":"2024-04-17T11:41:53+00:00","og_image":[{"width":1920,"height":1190,"url":"http:\/\/www3.tuhh.de\/vpl\/stadtarmmobil\/wp-content\/uploads\/sites\/5\/2020\/08\/191015_Autoluxus.jpg","type":"image\/jpeg"}],"twitter_card":"summary_large_image","twitter_misc":{"Gesch\u00e4tzte Lesezeit":"8\u00a0Minuten"},"schema":{"@context":"https:\/\/schema.org","@graph":[{"@type":"WebPage","@id":"https:\/\/www3.tuhh.de\/vpl\/stadtarmmobil\/daniela\/","url":"https:\/\/www3.tuhh.de\/vpl\/stadtarmmobil\/daniela\/","name":"Danielas Routinen durchleben - stadtarmmobil","isPartOf":{"@id":"https:\/\/www3.tuhh.de\/vpl\/stadtarmmobil\/#website"},"primaryImageOfPage":{"@id":"https:\/\/www3.tuhh.de\/vpl\/stadtarmmobil\/daniela\/#primaryimage"},"image":{"@id":"https:\/\/www3.tuhh.de\/vpl\/stadtarmmobil\/daniela\/#primaryimage"},"thumbnailUrl":"https:\/\/www3.tuhh.de\/vpl\/stadtarmmobil\/wp-content\/uploads\/sites\/5\/2020\/08\/191015_Autoluxus.jpg","datePublished":"2020-08-17T07:13:32+00:00","dateModified":"2024-04-17T11:41:53+00:00","breadcrumb":{"@id":"https:\/\/www3.tuhh.de\/vpl\/stadtarmmobil\/daniela\/#breadcrumb"},"inLanguage":"de","potentialAction":[{"@type":"ReadAction","target":["https:\/\/www3.tuhh.de\/vpl\/stadtarmmobil\/daniela\/"]}]},{"@type":"ImageObject","inLanguage":"de","@id":"https:\/\/www3.tuhh.de\/vpl\/stadtarmmobil\/daniela\/#primaryimage","url":"https:\/\/www3.tuhh.de\/vpl\/stadtarmmobil\/wp-content\/uploads\/sites\/5\/2020\/08\/191015_Autoluxus.jpg","contentUrl":"https:\/\/www3.tuhh.de\/vpl\/stadtarmmobil\/wp-content\/uploads\/sites\/5\/2020\/08\/191015_Autoluxus.jpg","width":1920,"height":1190},{"@type":"BreadcrumbList","@id":"https:\/\/www3.tuhh.de\/vpl\/stadtarmmobil\/daniela\/#breadcrumb","itemListElement":[{"@type":"ListItem","position":1,"name":"Startseite","item":"https:\/\/www3.tuhh.de\/vpl\/stadtarmmobil\/"},{"@type":"ListItem","position":2,"name":"Danielas Routinen durchleben"}]},{"@type":"WebSite","@id":"https:\/\/www3.tuhh.de\/vpl\/stadtarmmobil\/#website","url":"https:\/\/www3.tuhh.de\/vpl\/stadtarmmobil\/","name":"stadtarmmobil","description":"Armut und Mobilit\u00e4t in Hamburg und Berlin","potentialAction":[{"@type":"SearchAction","target":{"@type":"EntryPoint","urlTemplate":"https:\/\/www3.tuhh.de\/vpl\/stadtarmmobil\/?s={search_term_string}"},"query-input":{"@type":"PropertyValueSpecification","valueRequired":true,"valueName":"search_term_string"}}],"inLanguage":"de"}]}},"_links":{"self":[{"href":"https:\/\/www3.tuhh.de\/vpl\/stadtarmmobil\/wp-json\/wp\/v2\/pages\/140","targetHints":{"allow":["GET"]}}],"collection":[{"href":"https:\/\/www3.tuhh.de\/vpl\/stadtarmmobil\/wp-json\/wp\/v2\/pages"}],"about":[{"href":"https:\/\/www3.tuhh.de\/vpl\/stadtarmmobil\/wp-json\/wp\/v2\/types\/page"}],"author":[{"embeddable":true,"href":"https:\/\/www3.tuhh.de\/vpl\/stadtarmmobil\/wp-json\/wp\/v2\/users\/5"}],"replies":[{"embeddable":true,"href":"https:\/\/www3.tuhh.de\/vpl\/stadtarmmobil\/wp-json\/wp\/v2\/comments?post=140"}],"version-history":[{"count":4,"href":"https:\/\/www3.tuhh.de\/vpl\/stadtarmmobil\/wp-json\/wp\/v2\/pages\/140\/revisions"}],"predecessor-version":[{"id":705,"href":"https:\/\/www3.tuhh.de\/vpl\/stadtarmmobil\/wp-json\/wp\/v2\/pages\/140\/revisions\/705"}],"wp:featuredmedia":[{"embeddable":true,"href":"https:\/\/www3.tuhh.de\/vpl\/stadtarmmobil\/wp-json\/wp\/v2\/media\/141"}],"wp:attachment":[{"href":"https:\/\/www3.tuhh.de\/vpl\/stadtarmmobil\/wp-json\/wp\/v2\/media?parent=140"}],"curies":[{"name":"wp","href":"https:\/\/api.w.org\/{rel}","templated":true}]}}