{"id":144,"date":"2020-08-17T09:16:03","date_gmt":"2020-08-17T07:16:03","guid":{"rendered":"https:\/\/www2.tuhh.de\/stadtarmmobil\/?page_id=144"},"modified":"2024-04-17T13:43:05","modified_gmt":"2024-04-17T11:43:05","slug":"peter","status":"publish","type":"page","link":"https:\/\/www3.tuhh.de\/vpl\/stadtarmmobil\/peter\/","title":{"rendered":"Mit Peter auf Erlebnistour"},"content":{"rendered":"\n<div class=\"wp-block-columns alignfull is-layout-flex wp-container-core-columns-is-layout-9d6595d7 wp-block-columns-is-layout-flex\">\n<div class=\"wp-block-column is-layout-flow wp-block-column-is-layout-flow\">\n<p class=\"has-background\" style=\"background-color:#dee2e2\">Peter nimmt Sie mit zu seinen Reisezielen und in seinen Alltag. Die gr\u00fcnen B\u00f6gen kennzeichnen seinen Aktions- und Wunschraum. Zoomen Sie sich in die Karte, um mehr zu erfahren!<\/p>\n<\/div>\n\n\n\n<div class=\"wp-block-column is-layout-flow wp-block-column-is-layout-flow\">\n<h2 class=\"wp-block-heading has-text-color\" style=\"color:#178072\">Die Erlebnishungrigen<\/h2>\n\n\n\n<h5 class=\"wp-block-heading has-text-color\" id=\"block-1d63e878-3cb9-409f-90a0-382a27dec16c\" style=\"color:#178072\">Peter, 42 Jahre, geschieden, alleinstehend<br>Wohnhaft in Hamburg-Steilshoop<\/h5>\n<\/div>\n<\/div>\n\n\n\n<div class=\"wp-block-columns alignfull magic is-layout-flex wp-container-core-columns-is-layout-9d6595d7 wp-block-columns-is-layout-flex\">\n<div class=\"wp-block-column is-layout-flow wp-block-column-is-layout-flow\">\n<div id=\"eMap\"><\/div>\n<\/div>\n\n\n\n<div class=\"wp-block-column is-layout-flow wp-block-column-is-layout-flow\">\n<p>Morgens kocht sich Peter als erstes einen Kaffee, um richtig wach zu werden. W\u00e4hrend der Filterkaffee durchl\u00e4uft, checkt er am Laptop ein Fernbusportal, denn er m\u00f6chte einen Ausflug nach Kiel machen. Die Strecke kennt er gut und der Fernbus ist mit Abstand am g\u00fcnstigsten. Peter hat Lust, mal wieder das Marine-Ehrenmal zu besuchen und auf 70 Metern die Aussicht \u00fcber die Kieler Bucht zu genie\u00dfen.<\/p>\n\n\n\n<p>Peter wei\u00df genau, wie er die g\u00fcnstigsten Tickets ergattern kann. Die Preise bei der Bahn sind ihm zu hoch. Mit dem Fernbus aber hat er schon einige St\u00e4dte bereist: Berlin, Dresden, Potsdam, Heiligenhafen. Vor der Scheidung und dem Jobverlust war er viel unterwegs. Als Peter noch ein Auto hatte, ist er sogar nach Spanien und Portugal gefahren. Aber auch mit dem Bus kann etwas von der Welt sehen \u2013 das ist ihm wichtig. Inzwischen ist es f\u00fcr Peter sogar <strong>eine sportliche Herausforderung, mit m\u00f6glichst wenig Geld zu reisen<\/strong>. Meist sind es Tagesausfl\u00fcge, doch an manchem Ort hat er einen Freund, auf dessen Sofa er \u00fcbernachten kann. Nachdem Peter f\u00fcr 5 Euro ein Ticket nach Kiel gebucht hat, schweifen seine Gedanken ab. Wo k\u00f6nnte er noch hinreisen \u2013 Amsterdam? Das w\u00fcrde ihn reizen und w\u00e4re f\u00fcr 22 Euro pro Fahrt m\u00f6glich. Aber wo \u00fcbernachten? Die sprotzende Kaffemaschine holt Peter zur\u00fcck nach Steilshoop und er bricht seine Recherche ab.<\/p>\n\n\n\n<p class=\"has-background\" style=\"background-color:#d9e1df\">Anders als beispielsweise die <em><a href=\"https:\/\/www3.tuhh.de\/vpl\/stadtarmmobil\/anja\/\" target=\"_blank\" rel=\"noreferrer noopener\">Wohnumfeld-Verbundenen<\/a><\/em> wissen die <em>Erlebnishungrigen<\/em> um den Wunschraum, der ihnen nicht oder nur schwer zug\u00e4nglich ist. Sie haben ein Bild von den Chancen jenseits ihres Budgets und versuchen, sie im Rahmen ihres finanziellen Rahmens wahrzunehmen. Es kennzeichnet die Erlebnishungrigen, dass sie daf\u00fcr aktiv und unerm\u00fcdlich nach g\u00fcnstigen Gelegenheiten suchen. Angst, daf\u00fcr stigmatisiert zu werden, haben sie nicht.<br><br><span style=\"background-color:rgba(0, 0, 0, 0);color:#178072\" class=\"has-inline-color\"><em>\u2190Peters Wunschraum erkennen Sie an den hellgr\u00fcnen B\u00f6gen in der Karte. <\/em><\/span><br><span style=\"background-color:rgba(0, 0, 0, 0);color:#178072\" class=\"has-inline-color\"><em>Klicken Sie auf die B\u00f6gen und Ziele, um mehr zu erfahren.<\/em><\/span><br><br>Dabei sch\u00e4tzen sie ihre Au\u00dfenseiterposition in einer konsumorientierten Gesellschaft durchaus realistisch ein, was ihnen das Gef\u00fchl vermittelt, in einem &#8222;K\u00e4fig&#8220; zu sitzen, wie es eine Betroffene formuliert (P4:133). Ihre Mobilit\u00e4tschancen nutzen die Erlebnishungrigen gezielt, um dem K\u00e4fig zu entfliehen \u2013 und sei es nur zeitweise. Die Mobilit\u00e4t sch\u00e4tzen sie als sehr wichtig ein und begr\u00fcnden das ausf\u00fchrlich. Die Mobilit\u00e4t ist ihnen nicht nur Mittel zum Zweck, sondern wird mit sinnerf\u00fcllenden Erlebnissen verbunden. Die Schwierigkeit, <strong>Wunschziele nicht erreichen zu k\u00f6nnen, ist f\u00fcr diese Gruppe besonders belastend<\/strong>. Die erworbenen mobilit\u00e4tsbezogenen Kenntnisse und F\u00e4higkeiten (Mobilit\u00e4tsportale bedienen, Fernbus buchen, etc.) werden von dieser Gruppe genutzt, wo immer m\u00f6glich.<\/p>\n\n\n\n<p>Peter geht regelm\u00e4\u00dfig in das nahgelegene Stadtteil-Caf\u00e9, um ein kleines Fr\u00fchst\u00fcck zu sich zu nehmen. Hier trifft er Freunde, mit den er reden kann. Normalerweise f\u00e4hrt er mit dem Fahrrad, nur heute schiebt er es: Die Gangschaltung muss eingestellt werden. Peter kennt eine Fahrradwerkstatt in der N\u00e4he, die von einem sozialen Tr\u00e4ger betrieben wird. Hier bringt er das Rad vorbei und l\u00e4sst sich zeigen, wie er die Reparatur vornehmen kann. Mit funktionierender Gangschaltung f\u00e4hrt er nach Hause. Kurz darauf geht es weiter: Peter ist am fr\u00fchen Nachmittag mit seiner 18-j\u00e4hrigen Tochter im Bramfelder Einkaufszentrum verabredet. Einmal w\u00f6chentlich treffen sie sich auf einen Kaffee. Das n\u00e4her gelegene Einkaufszentrum in Steilshoop gef\u00e4llt ihnen nicht \u2013 das hat sich zu einem <em>Lost Place<\/em> entwickelt: Ein Gesch\u00e4ft nach dem anderen ist verschwunden. \u00dcbrig sind ein B\u00e4cker, ein Handyshop und der Ein-Euro-Laden. Insgesamt recht d\u00fcster, findet Peter.<\/p>\n\n\n\n<p class=\"has-background\" style=\"background-color:#d9e1df\">Peter verf\u00fcgt, gemessen an den Erz\u00e4hlungen der 40 Befragten, \u00fcber einen gro\u00dfen Aktionsraum, der sich \u00fcber das gesamte Stadtgebiet erstreckt. Auch sein Wunschraum, also die Gesamtheit der vorstellbaren Reiseziele, erstreckt sich relativ weit. Auf verschiedenen Auslandsreisen hat er Erfahrungen gemacht, an denen er sich auch in der R\u00fcckschau erfreut und an die er gern ankn\u00fcpfen w\u00fcrde. Peters Mobilit\u00e4tsbiografie ist bewegt und er hat sowohl das Wissen als auch die F\u00e4higkeiten, um sich Reisew\u00fcnsche im Rahmen seines Budgets zu erf\u00fcllen.<\/p>\n\n\n\n<p>Am Abend ist Peter mit dem Skatclub verabredet, bei dem er schon zu den Stammspielern z\u00e4hlt. Peter nimmt alle Ligaspieltage mit und f\u00e4hrt zu den Ausw\u00e4rtsspielen durch ganz Hamburg. Da er jeden Tag unterwegs sein m\u00f6chte, <strong>nutzt Peter die erm\u00e4\u00dfigte Vollzeitmonatskarte AB. Er spart in anderen Bereichen ein<\/strong>, um die n\u00f6tigen 68,90 Euro aufzubringen. Kleidung kauft er sich gar nicht. Er tr\u00e4gt immer noch die alte Lederjacke und die alten Hemden und Hosen von fr\u00fcher auf. Abgesehen von seinen Reisen, gibt Peter nur Geld f\u00fcr Lebensmittel und ein paar Hygieneartikel aus. Er teilt sich das Geld genau ein, um sich die Fahrten und Ausfl\u00fcge leisten zu k\u00f6nnen. Es w\u00e4re schon sch\u00f6n, wenn er sich freier bewegen k\u00f6nnte und nicht immer rechnen m\u00fcsste, ob er sich die Fahrt im Monat noch leisten kann. Aber Peter ist schon so lang arbeitslos. Er kann sich eigentlich nicht vorstellen, jemals wieder einen Job zu finden.<\/p>\n\n\n\n<p class=\"has-background\" style=\"background-color:#d9e1df\">Die <em>Erlebnishungrigen<\/em> wollen den Stadtraum in seiner G\u00e4nze nutzen. Hierf\u00fcr nehmen sie finanzielle Einschr\u00e4nkungen in anderen Bereichen des Gesamtbudgets in Kauf. Mobilit\u00e4t wird in dieser Gruppe zum Teil sehr eng mit dem Begriff der Teilhabe verkn\u00fcpft. Ausgepr\u00e4gte Individualbed\u00fcrfnisse der Interviewten (Hier: der Skatclub) sind den <em>Erlebnishungrigen<\/em> sehr wichtig. Wie auch die <em><a href=\"https:\/\/www3.tuhh.de\/vpl\/stadtarmmobil\/katja\/\" target=\"_blank\" rel=\"noreferrer noopener\">Famili\u00e4ren Profis<\/a><\/em> wenden sie l\u00f6sungsorientierte Strategien an, um die Wunschziele zu erreichen. Bei allen Befragten spielt die finanzielle Bedr\u00e4ngnis eine zentrale Rolle. Es handelt sich um die wiederkehrende Erz\u00e4hlung, <strong>immer und \u00fcberall abw\u00e4gen zu m\u00fcssen<\/strong>: die Klassenreise der Kinder gegen neue Kleidung, das Essen gegen die Fahrkarte. Der Armutsforschung ist diese Erz\u00e4hlung nicht neu, sondern beispielsweise unter dem Ph\u00e4nomen der <a href=\"https:\/\/www.sabine-pfeiffer.de\/files\/downloads\/Pfeiffer-Hunger-Ueberflussgesellschaft.pdf\" target=\"_blank\" rel=\"noreferrer noopener\">Ern\u00e4hrungsarmut<\/a> bekannt. Die Mobilit\u00e4tschancen sind dabei ebenso betroffen wie andere Bereiche des Lebens. Die Reaktion der <em>Erlebnishungrigen<\/em> wird darin deutlich, wie Peter sein Geld einteilt: F\u00fcr das teure HVV-Ticket nimmt er Abstriche im Alltag in Kauf. Die M\u00f6glichkeit, mobil zu sein, ist ihm wichtiger als seine Kleidung. <strong>In ihrer angespannten finanziellen Situation opfern die <em>Erlebnishungrigen<\/em> ihr Erscheinungsbild im Zweifel der Bewegungsfreiheit.<\/strong><\/p>\n\n\n\n<hr class=\"wp-block-separator has-css-opacity\"\/>\n\n\n\n<p><\/p>\n<\/div>\n<\/div>\n\n\n\n<div class=\"wp-block-columns alignfull is-layout-flex wp-container-core-columns-is-layout-9d6595d7 wp-block-columns-is-layout-flex\">\n<div class=\"wp-block-column is-layout-flow wp-block-column-is-layout-flow\">\n<h5 class=\"wp-block-heading has-text-color\" style=\"color:#178072\">Erleben Sie auch den Mobilit\u00e4tsalltag der anderen Personen:<\/h5>\n\n\n\n<p><\/p>\n<\/div>\n\n\n\n<div class=\"wp-block-column is-layout-flow wp-block-column-is-layout-flow\"><\/div>\n<\/div>\n\n\n\n<div class=\"wp-block-columns alignfull is-layout-flex wp-container-core-columns-is-layout-9d6595d7 wp-block-columns-is-layout-flex\">\n<div class=\"wp-block-column is-layout-flow wp-block-column-is-layout-flow\"><div class=\"wp-block-image is-resized\">\n<figure class=\"aligncenter size-large\"><a href=\"https:\/\/www3.tuhh.de\/vpl\/stadtarmmobil\/daniela\"><img loading=\"lazy\" decoding=\"async\" width=\"400\" height=\"400\" src=\"http:\/\/www3.tuhh.de\/vpl\/stadtarmmobil\/wp-content\/uploads\/sites\/5\/2020\/08\/button-daniela.png\" alt=\"Die Routiniert Getriebenen\" class=\"wp-image-131\" srcset=\"https:\/\/www3.tuhh.de\/vpl\/stadtarmmobil\/wp-content\/uploads\/sites\/5\/2020\/08\/button-daniela.png 400w, https:\/\/www3.tuhh.de\/vpl\/stadtarmmobil\/wp-content\/uploads\/sites\/5\/2020\/08\/button-daniela-300x300.png 300w, https:\/\/www3.tuhh.de\/vpl\/stadtarmmobil\/wp-content\/uploads\/sites\/5\/2020\/08\/button-daniela-150x150.png 150w\" sizes=\"auto, (max-width: 400px) 100vw, 400px\" \/><\/a><figcaption class=\"wp-element-caption\"><a href=\"https:\/\/www3.tuhh.de\/vpl\/stadtarmmobil\/daniela\"><strong><span style=\"background-color:rgba(0, 0, 0, 0);color:#178072\" class=\"has-inline-color\">Danielas Routinen<\/span><\/strong><br>Die Routiniert Getriebenen <\/a><\/figcaption><\/figure>\n<\/div>\n\n\n<p><\/p>\n<\/div>\n\n\n\n<div class=\"wp-block-column is-layout-flow wp-block-column-is-layout-flow\"><div class=\"wp-block-image\">\n<figure class=\"aligncenter size-large\"><a href=\"https:\/\/www3.tuhh.de\/vpl\/stadtarmmobil\/anja\"><img loading=\"lazy\" decoding=\"async\" width=\"400\" height=\"400\" src=\"http:\/\/www3.tuhh.de\/vpl\/stadtarmmobil\/wp-content\/uploads\/sites\/5\/2020\/08\/button-anja.png\" alt=\"Die Wohnumfeld Verbundenen\" class=\"wp-image-130\" srcset=\"https:\/\/www3.tuhh.de\/vpl\/stadtarmmobil\/wp-content\/uploads\/sites\/5\/2020\/08\/button-anja.png 400w, https:\/\/www3.tuhh.de\/vpl\/stadtarmmobil\/wp-content\/uploads\/sites\/5\/2020\/08\/button-anja-300x300.png 300w, https:\/\/www3.tuhh.de\/vpl\/stadtarmmobil\/wp-content\/uploads\/sites\/5\/2020\/08\/button-anja-150x150.png 150w\" sizes=\"auto, (max-width: 400px) 100vw, 400px\" \/><\/a><figcaption class=\"wp-element-caption\"><a href=\"https:\/\/www3.tuhh.de\/vpl\/stadtarmmobil\/anja\"><strong><span style=\"background-color:rgba(0, 0, 0, 0);color:#178072\" class=\"has-inline-color\">Anjas Zuhause<\/span><\/strong><br>Die Wohnumfeld Verbundenen<\/a><\/figcaption><\/figure>\n<\/div>\n\n\n<p><\/p>\n<\/div>\n\n\n\n<div class=\"wp-block-column is-layout-flow wp-block-column-is-layout-flow\"><div class=\"wp-block-image\">\n<figure class=\"aligncenter size-large\"><a href=\"https:\/\/www3.tuhh.de\/vpl\/stadtarmmobil\/katja\"><img loading=\"lazy\" decoding=\"async\" width=\"400\" height=\"400\" src=\"http:\/\/www3.tuhh.de\/vpl\/stadtarmmobil\/wp-content\/uploads\/sites\/5\/2020\/08\/button-katja.png\" alt=\"\" class=\"wp-image-132\" srcset=\"https:\/\/www3.tuhh.de\/vpl\/stadtarmmobil\/wp-content\/uploads\/sites\/5\/2020\/08\/button-katja.png 400w, https:\/\/www3.tuhh.de\/vpl\/stadtarmmobil\/wp-content\/uploads\/sites\/5\/2020\/08\/button-katja-300x300.png 300w, https:\/\/www3.tuhh.de\/vpl\/stadtarmmobil\/wp-content\/uploads\/sites\/5\/2020\/08\/button-katja-150x150.png 150w\" sizes=\"auto, (max-width: 400px) 100vw, 400px\" \/><\/a><figcaption class=\"wp-element-caption\"><a href=\"https:\/\/www3.tuhh.de\/vpl\/stadtarmmobil\/katja\"><strong><span style=\"background-color:rgba(0, 0, 0, 0);color:#178072\" class=\"has-inline-color\">Katjas Familienalltag<\/span><\/strong><br>Die Famili\u00e4ren Profis<\/a><\/figcaption><\/figure>\n<\/div>\n\n\n<p><\/p>\n<\/div>\n<\/div>\n","protected":false},"excerpt":{"rendered":"<p>Peter nimmt Sie mit zu seinen Reisezielen und in seinen Alltag. Die gr\u00fcnen B\u00f6gen kennzeichnen seinen Aktions- und Wunschraum. Zoomen Sie sich in die Karte, um mehr zu erfahren! Die Erlebnishungrigen Peter, 42 Jahre, geschieden, alleinstehendWohnhaft in Hamburg-Steilshoop Morgens kocht sich Peter als erstes einen Kaffee, um richtig wach zu werden. W\u00e4hrend der Filterkaffee durchl\u00e4uft, [&hellip;]<\/p>\n","protected":false},"author":5,"featured_media":145,"parent":0,"menu_order":0,"comment_status":"closed","ping_status":"closed","template":"templates\/template-cover.php","meta":{"footnotes":""},"class_list":["post-144","page","type-page","status-publish","has-post-thumbnail","hentry"],"yoast_head":"<!-- This site is optimized with the Yoast SEO plugin v26.9 - https:\/\/yoast.com\/product\/yoast-seo-wordpress\/ -->\n<title>Mit Peter auf Erlebnistour - stadtarmmobil<\/title>\n<meta name=\"robots\" content=\"index, follow, max-snippet:-1, max-image-preview:large, max-video-preview:-1\" \/>\n<link rel=\"canonical\" href=\"https:\/\/www3.tuhh.de\/vpl\/stadtarmmobil\/peter\/\" \/>\n<meta property=\"og:locale\" content=\"de_DE\" \/>\n<meta property=\"og:type\" content=\"article\" \/>\n<meta property=\"og:title\" content=\"Mit Peter auf Erlebnistour - stadtarmmobil\" \/>\n<meta property=\"og:description\" content=\"Peter nimmt Sie mit zu seinen Reisezielen und in seinen Alltag. Die gr\u00fcnen B\u00f6gen kennzeichnen seinen Aktions- und Wunschraum. Zoomen Sie sich in die Karte, um mehr zu erfahren! Die Erlebnishungrigen Peter, 42 Jahre, geschieden, alleinstehendWohnhaft in Hamburg-Steilshoop Morgens kocht sich Peter als erstes einen Kaffee, um richtig wach zu werden. W\u00e4hrend der Filterkaffee durchl\u00e4uft, [&hellip;]\" \/>\n<meta property=\"og:url\" content=\"https:\/\/www3.tuhh.de\/vpl\/stadtarmmobil\/peter\/\" \/>\n<meta property=\"og:site_name\" content=\"stadtarmmobil\" \/>\n<meta property=\"article:modified_time\" content=\"2024-04-17T11:43:05+00:00\" \/>\n<meta property=\"og:image\" content=\"http:\/\/www3.tuhh.de\/vpl\/stadtarmmobil\/wp-content\/uploads\/sites\/5\/2020\/08\/16570133532_05de3ee76f_o-1.jpg\" \/>\n\t<meta property=\"og:image:width\" content=\"2048\" \/>\n\t<meta property=\"og:image:height\" content=\"1365\" \/>\n\t<meta property=\"og:image:type\" content=\"image\/jpeg\" \/>\n<meta name=\"twitter:card\" content=\"summary_large_image\" \/>\n<meta name=\"twitter:label1\" content=\"Gesch\u00e4tzte Lesezeit\" \/>\n\t<meta name=\"twitter:data1\" content=\"7\u00a0Minuten\" \/>\n<script type=\"application\/ld+json\" class=\"yoast-schema-graph\">{\"@context\":\"https:\/\/schema.org\",\"@graph\":[{\"@type\":\"WebPage\",\"@id\":\"https:\/\/www3.tuhh.de\/vpl\/stadtarmmobil\/peter\/\",\"url\":\"https:\/\/www3.tuhh.de\/vpl\/stadtarmmobil\/peter\/\",\"name\":\"Mit Peter auf Erlebnistour - stadtarmmobil\",\"isPartOf\":{\"@id\":\"https:\/\/www3.tuhh.de\/vpl\/stadtarmmobil\/#website\"},\"primaryImageOfPage\":{\"@id\":\"https:\/\/www3.tuhh.de\/vpl\/stadtarmmobil\/peter\/#primaryimage\"},\"image\":{\"@id\":\"https:\/\/www3.tuhh.de\/vpl\/stadtarmmobil\/peter\/#primaryimage\"},\"thumbnailUrl\":\"https:\/\/www3.tuhh.de\/vpl\/stadtarmmobil\/wp-content\/uploads\/sites\/5\/2020\/08\/16570133532_05de3ee76f_o-1.jpg\",\"datePublished\":\"2020-08-17T07:16:03+00:00\",\"dateModified\":\"2024-04-17T11:43:05+00:00\",\"breadcrumb\":{\"@id\":\"https:\/\/www3.tuhh.de\/vpl\/stadtarmmobil\/peter\/#breadcrumb\"},\"inLanguage\":\"de\",\"potentialAction\":[{\"@type\":\"ReadAction\",\"target\":[\"https:\/\/www3.tuhh.de\/vpl\/stadtarmmobil\/peter\/\"]}]},{\"@type\":\"ImageObject\",\"inLanguage\":\"de\",\"@id\":\"https:\/\/www3.tuhh.de\/vpl\/stadtarmmobil\/peter\/#primaryimage\",\"url\":\"https:\/\/www3.tuhh.de\/vpl\/stadtarmmobil\/wp-content\/uploads\/sites\/5\/2020\/08\/16570133532_05de3ee76f_o-1.jpg\",\"contentUrl\":\"https:\/\/www3.tuhh.de\/vpl\/stadtarmmobil\/wp-content\/uploads\/sites\/5\/2020\/08\/16570133532_05de3ee76f_o-1.jpg\",\"width\":2048,\"height\":1365,\"caption\":\"If you like to buy a print please visit my wall art shop www.pixael.com\/en\/shop. This is a free picture released under Creative Commons Attribution 2.0 Generic. Feel free to use and share this picture but please give me credit linking my website or my Flickr account. More info about me on www.pixael.com. If you like my pictures please like my Facebook page (https:\/\/www.facebook.com\/giuseppemilophoto) or follow me on Twitter (https:\/\/twitter.com\/pixael_com) and Instagram (http:\/\/instagram.com\/pixael). Thanks!\"},{\"@type\":\"BreadcrumbList\",\"@id\":\"https:\/\/www3.tuhh.de\/vpl\/stadtarmmobil\/peter\/#breadcrumb\",\"itemListElement\":[{\"@type\":\"ListItem\",\"position\":1,\"name\":\"Startseite\",\"item\":\"https:\/\/www3.tuhh.de\/vpl\/stadtarmmobil\/\"},{\"@type\":\"ListItem\",\"position\":2,\"name\":\"Mit Peter auf Erlebnistour\"}]},{\"@type\":\"WebSite\",\"@id\":\"https:\/\/www3.tuhh.de\/vpl\/stadtarmmobil\/#website\",\"url\":\"https:\/\/www3.tuhh.de\/vpl\/stadtarmmobil\/\",\"name\":\"stadtarmmobil\",\"description\":\"Armut und Mobilit\u00e4t in Hamburg und Berlin\",\"potentialAction\":[{\"@type\":\"SearchAction\",\"target\":{\"@type\":\"EntryPoint\",\"urlTemplate\":\"https:\/\/www3.tuhh.de\/vpl\/stadtarmmobil\/?s={search_term_string}\"},\"query-input\":{\"@type\":\"PropertyValueSpecification\",\"valueRequired\":true,\"valueName\":\"search_term_string\"}}],\"inLanguage\":\"de\"}]}<\/script>\n<!-- \/ Yoast SEO plugin. -->","yoast_head_json":{"title":"Mit Peter auf Erlebnistour - stadtarmmobil","robots":{"index":"index","follow":"follow","max-snippet":"max-snippet:-1","max-image-preview":"max-image-preview:large","max-video-preview":"max-video-preview:-1"},"canonical":"https:\/\/www3.tuhh.de\/vpl\/stadtarmmobil\/peter\/","og_locale":"de_DE","og_type":"article","og_title":"Mit Peter auf Erlebnistour - stadtarmmobil","og_description":"Peter nimmt Sie mit zu seinen Reisezielen und in seinen Alltag. Die gr\u00fcnen B\u00f6gen kennzeichnen seinen Aktions- und Wunschraum. Zoomen Sie sich in die Karte, um mehr zu erfahren! Die Erlebnishungrigen Peter, 42 Jahre, geschieden, alleinstehendWohnhaft in Hamburg-Steilshoop Morgens kocht sich Peter als erstes einen Kaffee, um richtig wach zu werden. W\u00e4hrend der Filterkaffee durchl\u00e4uft, [&hellip;]","og_url":"https:\/\/www3.tuhh.de\/vpl\/stadtarmmobil\/peter\/","og_site_name":"stadtarmmobil","article_modified_time":"2024-04-17T11:43:05+00:00","og_image":[{"width":2048,"height":1365,"url":"http:\/\/www3.tuhh.de\/vpl\/stadtarmmobil\/wp-content\/uploads\/sites\/5\/2020\/08\/16570133532_05de3ee76f_o-1.jpg","type":"image\/jpeg"}],"twitter_card":"summary_large_image","twitter_misc":{"Gesch\u00e4tzte Lesezeit":"7\u00a0Minuten"},"schema":{"@context":"https:\/\/schema.org","@graph":[{"@type":"WebPage","@id":"https:\/\/www3.tuhh.de\/vpl\/stadtarmmobil\/peter\/","url":"https:\/\/www3.tuhh.de\/vpl\/stadtarmmobil\/peter\/","name":"Mit Peter auf Erlebnistour - stadtarmmobil","isPartOf":{"@id":"https:\/\/www3.tuhh.de\/vpl\/stadtarmmobil\/#website"},"primaryImageOfPage":{"@id":"https:\/\/www3.tuhh.de\/vpl\/stadtarmmobil\/peter\/#primaryimage"},"image":{"@id":"https:\/\/www3.tuhh.de\/vpl\/stadtarmmobil\/peter\/#primaryimage"},"thumbnailUrl":"https:\/\/www3.tuhh.de\/vpl\/stadtarmmobil\/wp-content\/uploads\/sites\/5\/2020\/08\/16570133532_05de3ee76f_o-1.jpg","datePublished":"2020-08-17T07:16:03+00:00","dateModified":"2024-04-17T11:43:05+00:00","breadcrumb":{"@id":"https:\/\/www3.tuhh.de\/vpl\/stadtarmmobil\/peter\/#breadcrumb"},"inLanguage":"de","potentialAction":[{"@type":"ReadAction","target":["https:\/\/www3.tuhh.de\/vpl\/stadtarmmobil\/peter\/"]}]},{"@type":"ImageObject","inLanguage":"de","@id":"https:\/\/www3.tuhh.de\/vpl\/stadtarmmobil\/peter\/#primaryimage","url":"https:\/\/www3.tuhh.de\/vpl\/stadtarmmobil\/wp-content\/uploads\/sites\/5\/2020\/08\/16570133532_05de3ee76f_o-1.jpg","contentUrl":"https:\/\/www3.tuhh.de\/vpl\/stadtarmmobil\/wp-content\/uploads\/sites\/5\/2020\/08\/16570133532_05de3ee76f_o-1.jpg","width":2048,"height":1365,"caption":"If you like to buy a print please visit my wall art shop www.pixael.com\/en\/shop. This is a free picture released under Creative Commons Attribution 2.0 Generic. Feel free to use and share this picture but please give me credit linking my website or my Flickr account. More info about me on www.pixael.com. If you like my pictures please like my Facebook page (https:\/\/www.facebook.com\/giuseppemilophoto) or follow me on Twitter (https:\/\/twitter.com\/pixael_com) and Instagram (http:\/\/instagram.com\/pixael). Thanks!"},{"@type":"BreadcrumbList","@id":"https:\/\/www3.tuhh.de\/vpl\/stadtarmmobil\/peter\/#breadcrumb","itemListElement":[{"@type":"ListItem","position":1,"name":"Startseite","item":"https:\/\/www3.tuhh.de\/vpl\/stadtarmmobil\/"},{"@type":"ListItem","position":2,"name":"Mit Peter auf Erlebnistour"}]},{"@type":"WebSite","@id":"https:\/\/www3.tuhh.de\/vpl\/stadtarmmobil\/#website","url":"https:\/\/www3.tuhh.de\/vpl\/stadtarmmobil\/","name":"stadtarmmobil","description":"Armut und Mobilit\u00e4t in Hamburg und Berlin","potentialAction":[{"@type":"SearchAction","target":{"@type":"EntryPoint","urlTemplate":"https:\/\/www3.tuhh.de\/vpl\/stadtarmmobil\/?s={search_term_string}"},"query-input":{"@type":"PropertyValueSpecification","valueRequired":true,"valueName":"search_term_string"}}],"inLanguage":"de"}]}},"_links":{"self":[{"href":"https:\/\/www3.tuhh.de\/vpl\/stadtarmmobil\/wp-json\/wp\/v2\/pages\/144","targetHints":{"allow":["GET"]}}],"collection":[{"href":"https:\/\/www3.tuhh.de\/vpl\/stadtarmmobil\/wp-json\/wp\/v2\/pages"}],"about":[{"href":"https:\/\/www3.tuhh.de\/vpl\/stadtarmmobil\/wp-json\/wp\/v2\/types\/page"}],"author":[{"embeddable":true,"href":"https:\/\/www3.tuhh.de\/vpl\/stadtarmmobil\/wp-json\/wp\/v2\/users\/5"}],"replies":[{"embeddable":true,"href":"https:\/\/www3.tuhh.de\/vpl\/stadtarmmobil\/wp-json\/wp\/v2\/comments?post=144"}],"version-history":[{"count":2,"href":"https:\/\/www3.tuhh.de\/vpl\/stadtarmmobil\/wp-json\/wp\/v2\/pages\/144\/revisions"}],"predecessor-version":[{"id":707,"href":"https:\/\/www3.tuhh.de\/vpl\/stadtarmmobil\/wp-json\/wp\/v2\/pages\/144\/revisions\/707"}],"wp:featuredmedia":[{"embeddable":true,"href":"https:\/\/www3.tuhh.de\/vpl\/stadtarmmobil\/wp-json\/wp\/v2\/media\/145"}],"wp:attachment":[{"href":"https:\/\/www3.tuhh.de\/vpl\/stadtarmmobil\/wp-json\/wp\/v2\/media?parent=144"}],"curies":[{"name":"wp","href":"https:\/\/api.w.org\/{rel}","templated":true}]}}