{"id":371,"date":"2020-08-11T08:47:11","date_gmt":"2020-08-11T06:47:11","guid":{"rendered":"https:\/\/www2.tuhh.de\/stadtarmmobil\/?page_id=2"},"modified":"2024-04-09T11:52:41","modified_gmt":"2024-04-09T09:52:41","slug":"start","status":"publish","type":"page","link":"https:\/\/www3.tuhh.de\/vpl\/stadtarmmobil\/","title":{"rendered":"Armut und Mobilit\u00e4t in Hamburg und Berlin"},"content":{"rendered":"\n<div class=\"wp-block-group\"><div class=\"wp-block-group__inner-container is-layout-flow wp-block-group-is-layout-flow\">\n<p>Katja, Anja, Peter und Daniela beziehen &#8222;Hartz IV&#8220;. Im Projekt MobileInclusion finden wir heraus, wie sich dies auf ihre <strong>Mobilit\u00e4t<\/strong> auswirkt. Damit beschreiben wir das Ph\u00e4nomen der mobilit\u00e4tsbezogenen <strong>sozialen Exlusion<\/strong> in Hamburg und Berlin.<\/p>\n<h4 style=\"color: #178072\">VIER GESCHICHTEN <br \/>\u00dcBER ARMUTS-MOBILIT\u00c4T<\/h4>\n<\/div><\/div>\n\n\n\n<div class=\"wp-block-columns is-layout-flex wp-container-core-columns-is-layout-9d6595d7 wp-block-columns-is-layout-flex\">\n<div class=\"wp-block-column is-layout-flow wp-block-column-is-layout-flow\">\n<figure class=\"wp-block-image alignfull size-medium\"><a href=\"https:\/\/www3.tuhh.de\/vpl\/stadtarmmobil\/daniela\/\"><img loading=\"lazy\" decoding=\"async\" width=\"300\" height=\"300\" src=\"http:\/\/www3.tuhh.de\/vpl\/stadtarmmobil\/wp-content\/uploads\/sites\/5\/2020\/08\/button-daniela-300x300.png\" alt=\"\" class=\"wp-image-131\" srcset=\"https:\/\/www3.tuhh.de\/vpl\/stadtarmmobil\/wp-content\/uploads\/sites\/5\/2020\/08\/button-daniela-300x300.png 300w, https:\/\/www3.tuhh.de\/vpl\/stadtarmmobil\/wp-content\/uploads\/sites\/5\/2020\/08\/button-daniela-150x150.png 150w, https:\/\/www3.tuhh.de\/vpl\/stadtarmmobil\/wp-content\/uploads\/sites\/5\/2020\/08\/button-daniela.png 400w\" sizes=\"auto, (max-width: 300px) 100vw, 300px\" \/><\/a><figcaption class=\"wp-element-caption\"><a href=\"https:\/\/www3.tuhh.de\/vpl\/stadtarmmobil\/daniela\/\" data-type=\"page\" data-id=\"140\"><strong><span style=\"background-color:rgba(0, 0, 0, 0);color:#178072\" class=\"has-inline-color\">Danielas Routinen<\/span><\/strong><br>Die Routiniert Getriebenen<\/a><\/figcaption><\/figure>\n<\/div>\n\n\n\n<div class=\"wp-block-column is-layout-flow wp-block-column-is-layout-flow\">\n<figure class=\"wp-block-image alignfull size-large\"><a href=\"https:\/\/www3.tuhh.de\/vpl\/stadtarmmobil\/anja\/\"><img loading=\"lazy\" decoding=\"async\" width=\"400\" height=\"400\" src=\"http:\/\/www3.tuhh.de\/vpl\/stadtarmmobil\/wp-content\/uploads\/sites\/5\/2020\/08\/button-anja.png\" alt=\"\" class=\"wp-image-130\" srcset=\"https:\/\/www3.tuhh.de\/vpl\/stadtarmmobil\/wp-content\/uploads\/sites\/5\/2020\/08\/button-anja.png 400w, https:\/\/www3.tuhh.de\/vpl\/stadtarmmobil\/wp-content\/uploads\/sites\/5\/2020\/08\/button-anja-300x300.png 300w, https:\/\/www3.tuhh.de\/vpl\/stadtarmmobil\/wp-content\/uploads\/sites\/5\/2020\/08\/button-anja-150x150.png 150w\" sizes=\"auto, (max-width: 400px) 100vw, 400px\" \/><\/a><figcaption class=\"wp-element-caption\"><a href=\"https:\/\/www3.tuhh.de\/vpl\/stadtarmmobil\/anja\/\" data-type=\"page\" data-id=\"106\"><strong><span style=\"background-color:rgba(0, 0, 0, 0);color:#178072\" class=\"has-inline-color\">Anjas Zuhause<\/span><\/strong><br>Die Wohnumfeld Verbundenen<\/a><\/figcaption><\/figure>\n<\/div>\n<\/div>\n\n\n\n<div class=\"wp-block-columns is-layout-flex wp-container-core-columns-is-layout-9d6595d7 wp-block-columns-is-layout-flex\">\n<div class=\"wp-block-column is-layout-flow wp-block-column-is-layout-flow\">\n<figure class=\"wp-block-image alignfull size-medium\"><a href=\"https:\/\/www3.tuhh.de\/vpl\/stadtarmmobil\/peter\/\"><img decoding=\"async\" src=\"http:\/\/www3.tuhh.de\/vpl\/stadtarmmobil\/wp-content\/uploads\/sites\/5\/2020\/08\/button-peter-300x300.png\" alt=\"\" class=\"wp-image-131\"\/><\/a><figcaption class=\"wp-element-caption\"><a href=\"https:\/\/www3.tuhh.de\/vpl\/stadtarmmobil\/peter\/\" data-type=\"page\" data-id=\"140\"><strong><span style=\"background-color:rgba(0, 0, 0, 0);color:#178072\" class=\"has-inline-color\">Peters Erlebnistour<\/span><\/strong><br>Die Erlebnishungrigen<\/a><\/figcaption><\/figure>\n<\/div>\n\n\n\n<div class=\"wp-block-column is-layout-flow wp-block-column-is-layout-flow\">\n<figure class=\"wp-block-image alignfull size-large\"><a href=\"https:\/\/www3.tuhh.de\/vpl\/stadtarmmobil\/katja\/\"><img decoding=\"async\" src=\"http:\/\/www3.tuhh.de\/vpl\/stadtarmmobil\/wp-content\/uploads\/sites\/5\/2020\/08\/button-katja.png\" alt=\"\" class=\"wp-image-130\"\/><\/a><figcaption class=\"wp-element-caption\"><a href=\"https:\/\/www3.tuhh.de\/vpl\/stadtarmmobil\/katja\/\" data-type=\"page\" data-id=\"7\"><strong><span style=\"background-color:rgba(0, 0, 0, 0);color:#178072\" class=\"has-inline-color\">Katjas Familienalltag<\/span><\/strong><br>Die Famili\u00e4ren Profis<\/a><\/figcaption><\/figure>\n<\/div>\n<\/div>\n\n\n\n<p>Die vier Geschichten erz\u00e4hlen Forschungsergebnisse aus dem Projekt MobileInclusion. Katja, Anja, Peter und Daniela sind dabei keine echten Personen, sondern aus 40 Interviews verdichtet. <strong>Jede Geschichte steht f\u00fcr einen Mobilit\u00e4tstypen<\/strong>, den wir in unserer Studie herausgearbeitet haben \u2013 und jede Person hat ihre eigenen Mobilit\u00e4tsmuster und Probleme. So helfen uns die Geschichten, die Mobilit\u00e4t von <strong>Menschen in Armut zu verstehen<\/strong>.<\/p>\n\n\n\n<p>F\u00fchlen Sie sich eingeladen, die Geschichten mit<strong> interaktiven Karten <\/strong>zu erleben. Die Karten werden am besten auf einem <strong>Computer oder Tablet<\/strong> dargestellt, aber auch auf dem Smartphone funktionieren sie. <\/p>\n\n\n\n<p>Mehr \u00fcber unser Projekt erfahren Sie hier:<\/p>\n\n\n\n<div class=\"wp-block-columns is-layout-flex wp-container-core-columns-is-layout-9d6595d7 wp-block-columns-is-layout-flex\">\n<div class=\"wp-block-column is-layout-flow wp-block-column-is-layout-flow\">\n<figure class=\"wp-block-image alignfull size-large\"><a href=\"https:\/\/mobileinclusion.projects.tu-berlin.de\/mi\/material\/\" target=\"_blank\" rel=\"noopener\"><img loading=\"lazy\" decoding=\"async\" width=\"743\" height=\"1024\" src=\"http:\/\/www3.tuhh.de\/vpl\/stadtarmmobil\/wp-content\/uploads\/sites\/5\/2021\/04\/Kasten_fabla-743x1024.png\" alt=\"Outlink: Faktenbl\u00e4tter mit Ergebnissen f\u00fcr Berlin und Hamburg (PDF)\" class=\"wp-image-452\" srcset=\"https:\/\/www3.tuhh.de\/vpl\/stadtarmmobil\/wp-content\/uploads\/sites\/5\/2021\/04\/Kasten_fabla-743x1024.png 743w, https:\/\/www3.tuhh.de\/vpl\/stadtarmmobil\/wp-content\/uploads\/sites\/5\/2021\/04\/Kasten_fabla-218x300.png 218w, https:\/\/www3.tuhh.de\/vpl\/stadtarmmobil\/wp-content\/uploads\/sites\/5\/2021\/04\/Kasten_fabla-768x1059.png 768w, https:\/\/www3.tuhh.de\/vpl\/stadtarmmobil\/wp-content\/uploads\/sites\/5\/2021\/04\/Kasten_fabla.png 892w\" sizes=\"auto, (max-width: 743px) 100vw, 743px\" \/><\/a><\/figure>\n<\/div>\n\n\n\n<div class=\"wp-block-column is-layout-flow wp-block-column-is-layout-flow\">\n<figure class=\"wp-block-image alignfull size-large\"><a href=\"https:\/\/mobileinclusion.projects.tu-berlin.de\/mi\/\" target=\"_blank\" rel=\"noopener noreferrer\"><img loading=\"lazy\" decoding=\"async\" width=\"743\" height=\"1024\" src=\"http:\/\/www3.tuhh.de\/vpl\/stadtarmmobil\/wp-content\/uploads\/sites\/5\/2021\/04\/Kasten_hp-743x1024.png\" alt=\"Outlink: Homepage\" class=\"wp-image-453\" srcset=\"https:\/\/www3.tuhh.de\/vpl\/stadtarmmobil\/wp-content\/uploads\/sites\/5\/2021\/04\/Kasten_hp-743x1024.png 743w, https:\/\/www3.tuhh.de\/vpl\/stadtarmmobil\/wp-content\/uploads\/sites\/5\/2021\/04\/Kasten_hp-218x300.png 218w, https:\/\/www3.tuhh.de\/vpl\/stadtarmmobil\/wp-content\/uploads\/sites\/5\/2021\/04\/Kasten_hp-768x1059.png 768w, https:\/\/www3.tuhh.de\/vpl\/stadtarmmobil\/wp-content\/uploads\/sites\/5\/2021\/04\/Kasten_hp.png 892w\" sizes=\"auto, (max-width: 743px) 100vw, 743px\" \/><\/a><\/figure>\n\n\n\n<p><\/p>\n<\/div>\n<\/div>\n\n\n\n<div class=\"wp-block-group alignwide\"><div class=\"wp-block-group__inner-container is-layout-flow wp-block-group-is-layout-flow\"><\/div><\/div>\n","protected":false},"excerpt":{"rendered":"<p>Katja, Anja, Peter und Daniela beziehen &#8222;Hartz IV&#8220;. Im Projekt MobileInclusion finden wir heraus, wie sich dies auf ihre Mobilit\u00e4t auswirkt. Damit beschreiben wir das Ph\u00e4nomen der mobilit\u00e4tsbezogenen sozialen Exlusion in Hamburg und Berlin. VIER GESCHICHTEN \u00dcBER ARMUTS-MOBILIT\u00c4T Die vier Geschichten erz\u00e4hlen Forschungsergebnisse aus dem Projekt MobileInclusion. Katja, Anja, Peter und Daniela sind dabei keine [&hellip;]<\/p>\n","protected":false},"author":5,"featured_media":93,"parent":0,"menu_order":0,"comment_status":"closed","ping_status":"closed","template":"templates\/template-cover.php","meta":{"footnotes":""},"class_list":["post-371","page","type-page","status-publish","has-post-thumbnail","hentry"],"yoast_head":"<!-- This site is optimized with the Yoast SEO plugin v26.9 - https:\/\/yoast.com\/product\/yoast-seo-wordpress\/ -->\n<title>Armut und Mobilit\u00e4t in Hamburg und Berlin - stadtarmmobil<\/title>\n<meta name=\"robots\" content=\"index, follow, max-snippet:-1, max-image-preview:large, max-video-preview:-1\" \/>\n<link rel=\"canonical\" href=\"https:\/\/www3.tuhh.de\/vpl\/stadtarmmobil\/\" \/>\n<meta property=\"og:locale\" content=\"de_DE\" \/>\n<meta property=\"og:type\" content=\"article\" \/>\n<meta property=\"og:title\" content=\"Armut und Mobilit\u00e4t in Hamburg und Berlin - stadtarmmobil\" \/>\n<meta property=\"og:description\" content=\"Katja, Anja, Peter und Daniela beziehen &#8222;Hartz IV&#8220;. Im Projekt MobileInclusion finden wir heraus, wie sich dies auf ihre Mobilit\u00e4t auswirkt. Damit beschreiben wir das Ph\u00e4nomen der mobilit\u00e4tsbezogenen sozialen Exlusion in Hamburg und Berlin. VIER GESCHICHTEN \u00dcBER ARMUTS-MOBILIT\u00c4T Die vier Geschichten erz\u00e4hlen Forschungsergebnisse aus dem Projekt MobileInclusion. Katja, Anja, Peter und Daniela sind dabei keine [&hellip;]\" \/>\n<meta property=\"og:url\" content=\"https:\/\/www3.tuhh.de\/vpl\/stadtarmmobil\/\" \/>\n<meta property=\"og:site_name\" content=\"stadtarmmobil\" \/>\n<meta property=\"article:modified_time\" content=\"2024-04-09T09:52:41+00:00\" \/>\n<meta property=\"og:image\" content=\"https:\/\/www3.tuhh.de\/vpl\/stadtarmmobil\/wp-content\/uploads\/sites\/5\/2020\/08\/34145087130_a968f30016_o_edited_edited.jpg\" \/>\n\t<meta property=\"og:image:width\" content=\"2110\" \/>\n\t<meta property=\"og:image:height\" content=\"902\" \/>\n\t<meta property=\"og:image:type\" content=\"image\/jpeg\" \/>\n<meta name=\"twitter:card\" content=\"summary_large_image\" \/>\n<meta name=\"twitter:label1\" content=\"Gesch\u00e4tzte Lesezeit\" \/>\n\t<meta name=\"twitter:data1\" content=\"3\u00a0Minuten\" \/>\n<script type=\"application\/ld+json\" class=\"yoast-schema-graph\">{\"@context\":\"https:\/\/schema.org\",\"@graph\":[{\"@type\":\"WebPage\",\"@id\":\"https:\/\/www3.tuhh.de\/vpl\/stadtarmmobil\/\",\"url\":\"https:\/\/www3.tuhh.de\/vpl\/stadtarmmobil\/\",\"name\":\"Armut und Mobilit\u00e4t in Hamburg und Berlin - stadtarmmobil\",\"isPartOf\":{\"@id\":\"https:\/\/www3.tuhh.de\/vpl\/stadtarmmobil\/#website\"},\"primaryImageOfPage\":{\"@id\":\"https:\/\/www3.tuhh.de\/vpl\/stadtarmmobil\/#primaryimage\"},\"image\":{\"@id\":\"https:\/\/www3.tuhh.de\/vpl\/stadtarmmobil\/#primaryimage\"},\"thumbnailUrl\":\"https:\/\/www3.tuhh.de\/vpl\/stadtarmmobil\/wp-content\/uploads\/sites\/5\/2020\/08\/34145087130_a968f30016_o_edited_edited.jpg\",\"datePublished\":\"2020-08-11T06:47:11+00:00\",\"dateModified\":\"2024-04-09T09:52:41+00:00\",\"breadcrumb\":{\"@id\":\"https:\/\/www3.tuhh.de\/vpl\/stadtarmmobil\/#breadcrumb\"},\"inLanguage\":\"de\",\"potentialAction\":[{\"@type\":\"ReadAction\",\"target\":[\"https:\/\/www3.tuhh.de\/vpl\/stadtarmmobil\/\"]}]},{\"@type\":\"ImageObject\",\"inLanguage\":\"de\",\"@id\":\"https:\/\/www3.tuhh.de\/vpl\/stadtarmmobil\/#primaryimage\",\"url\":\"https:\/\/www3.tuhh.de\/vpl\/stadtarmmobil\/wp-content\/uploads\/sites\/5\/2020\/08\/34145087130_a968f30016_o_edited_edited.jpg\",\"contentUrl\":\"https:\/\/www3.tuhh.de\/vpl\/stadtarmmobil\/wp-content\/uploads\/sites\/5\/2020\/08\/34145087130_a968f30016_o_edited_edited.jpg\",\"width\":2110,\"height\":902},{\"@type\":\"BreadcrumbList\",\"@id\":\"https:\/\/www3.tuhh.de\/vpl\/stadtarmmobil\/#breadcrumb\",\"itemListElement\":[{\"@type\":\"ListItem\",\"position\":1,\"name\":\"Startseite\",\"item\":\"https:\/\/www3.tuhh.de\/vpl\/stadtarmmobil\/\"},{\"@type\":\"ListItem\",\"position\":2,\"name\":\"Armut und Mobilit\u00e4t in Hamburg und Berlin\"}]},{\"@type\":\"WebSite\",\"@id\":\"https:\/\/www3.tuhh.de\/vpl\/stadtarmmobil\/#website\",\"url\":\"https:\/\/www3.tuhh.de\/vpl\/stadtarmmobil\/\",\"name\":\"stadtarmmobil\",\"description\":\"Armut und Mobilit\u00e4t in Hamburg und Berlin\",\"potentialAction\":[{\"@type\":\"SearchAction\",\"target\":{\"@type\":\"EntryPoint\",\"urlTemplate\":\"https:\/\/www3.tuhh.de\/vpl\/stadtarmmobil\/?s={search_term_string}\"},\"query-input\":{\"@type\":\"PropertyValueSpecification\",\"valueRequired\":true,\"valueName\":\"search_term_string\"}}],\"inLanguage\":\"de\"}]}<\/script>\n<!-- \/ Yoast SEO plugin. -->","yoast_head_json":{"title":"Armut und Mobilit\u00e4t in Hamburg und Berlin - stadtarmmobil","robots":{"index":"index","follow":"follow","max-snippet":"max-snippet:-1","max-image-preview":"max-image-preview:large","max-video-preview":"max-video-preview:-1"},"canonical":"https:\/\/www3.tuhh.de\/vpl\/stadtarmmobil\/","og_locale":"de_DE","og_type":"article","og_title":"Armut und Mobilit\u00e4t in Hamburg und Berlin - stadtarmmobil","og_description":"Katja, Anja, Peter und Daniela beziehen &#8222;Hartz IV&#8220;. Im Projekt MobileInclusion finden wir heraus, wie sich dies auf ihre Mobilit\u00e4t auswirkt. Damit beschreiben wir das Ph\u00e4nomen der mobilit\u00e4tsbezogenen sozialen Exlusion in Hamburg und Berlin. VIER GESCHICHTEN \u00dcBER ARMUTS-MOBILIT\u00c4T Die vier Geschichten erz\u00e4hlen Forschungsergebnisse aus dem Projekt MobileInclusion. Katja, Anja, Peter und Daniela sind dabei keine [&hellip;]","og_url":"https:\/\/www3.tuhh.de\/vpl\/stadtarmmobil\/","og_site_name":"stadtarmmobil","article_modified_time":"2024-04-09T09:52:41+00:00","og_image":[{"width":2110,"height":902,"url":"https:\/\/www3.tuhh.de\/vpl\/stadtarmmobil\/wp-content\/uploads\/sites\/5\/2020\/08\/34145087130_a968f30016_o_edited_edited.jpg","type":"image\/jpeg"}],"twitter_card":"summary_large_image","twitter_misc":{"Gesch\u00e4tzte Lesezeit":"3\u00a0Minuten"},"schema":{"@context":"https:\/\/schema.org","@graph":[{"@type":"WebPage","@id":"https:\/\/www3.tuhh.de\/vpl\/stadtarmmobil\/","url":"https:\/\/www3.tuhh.de\/vpl\/stadtarmmobil\/","name":"Armut und Mobilit\u00e4t in Hamburg und Berlin - stadtarmmobil","isPartOf":{"@id":"https:\/\/www3.tuhh.de\/vpl\/stadtarmmobil\/#website"},"primaryImageOfPage":{"@id":"https:\/\/www3.tuhh.de\/vpl\/stadtarmmobil\/#primaryimage"},"image":{"@id":"https:\/\/www3.tuhh.de\/vpl\/stadtarmmobil\/#primaryimage"},"thumbnailUrl":"https:\/\/www3.tuhh.de\/vpl\/stadtarmmobil\/wp-content\/uploads\/sites\/5\/2020\/08\/34145087130_a968f30016_o_edited_edited.jpg","datePublished":"2020-08-11T06:47:11+00:00","dateModified":"2024-04-09T09:52:41+00:00","breadcrumb":{"@id":"https:\/\/www3.tuhh.de\/vpl\/stadtarmmobil\/#breadcrumb"},"inLanguage":"de","potentialAction":[{"@type":"ReadAction","target":["https:\/\/www3.tuhh.de\/vpl\/stadtarmmobil\/"]}]},{"@type":"ImageObject","inLanguage":"de","@id":"https:\/\/www3.tuhh.de\/vpl\/stadtarmmobil\/#primaryimage","url":"https:\/\/www3.tuhh.de\/vpl\/stadtarmmobil\/wp-content\/uploads\/sites\/5\/2020\/08\/34145087130_a968f30016_o_edited_edited.jpg","contentUrl":"https:\/\/www3.tuhh.de\/vpl\/stadtarmmobil\/wp-content\/uploads\/sites\/5\/2020\/08\/34145087130_a968f30016_o_edited_edited.jpg","width":2110,"height":902},{"@type":"BreadcrumbList","@id":"https:\/\/www3.tuhh.de\/vpl\/stadtarmmobil\/#breadcrumb","itemListElement":[{"@type":"ListItem","position":1,"name":"Startseite","item":"https:\/\/www3.tuhh.de\/vpl\/stadtarmmobil\/"},{"@type":"ListItem","position":2,"name":"Armut und Mobilit\u00e4t in Hamburg und Berlin"}]},{"@type":"WebSite","@id":"https:\/\/www3.tuhh.de\/vpl\/stadtarmmobil\/#website","url":"https:\/\/www3.tuhh.de\/vpl\/stadtarmmobil\/","name":"stadtarmmobil","description":"Armut und Mobilit\u00e4t in Hamburg und Berlin","potentialAction":[{"@type":"SearchAction","target":{"@type":"EntryPoint","urlTemplate":"https:\/\/www3.tuhh.de\/vpl\/stadtarmmobil\/?s={search_term_string}"},"query-input":{"@type":"PropertyValueSpecification","valueRequired":true,"valueName":"search_term_string"}}],"inLanguage":"de"}]}},"_links":{"self":[{"href":"https:\/\/www3.tuhh.de\/vpl\/stadtarmmobil\/wp-json\/wp\/v2\/pages\/371","targetHints":{"allow":["GET"]}}],"collection":[{"href":"https:\/\/www3.tuhh.de\/vpl\/stadtarmmobil\/wp-json\/wp\/v2\/pages"}],"about":[{"href":"https:\/\/www3.tuhh.de\/vpl\/stadtarmmobil\/wp-json\/wp\/v2\/types\/page"}],"author":[{"embeddable":true,"href":"https:\/\/www3.tuhh.de\/vpl\/stadtarmmobil\/wp-json\/wp\/v2\/users\/5"}],"replies":[{"embeddable":true,"href":"https:\/\/www3.tuhh.de\/vpl\/stadtarmmobil\/wp-json\/wp\/v2\/comments?post=371"}],"version-history":[{"count":3,"href":"https:\/\/www3.tuhh.de\/vpl\/stadtarmmobil\/wp-json\/wp\/v2\/pages\/371\/revisions"}],"predecessor-version":[{"id":692,"href":"https:\/\/www3.tuhh.de\/vpl\/stadtarmmobil\/wp-json\/wp\/v2\/pages\/371\/revisions\/692"}],"wp:featuredmedia":[{"embeddable":true,"href":"https:\/\/www3.tuhh.de\/vpl\/stadtarmmobil\/wp-json\/wp\/v2\/media\/93"}],"wp:attachment":[{"href":"https:\/\/www3.tuhh.de\/vpl\/stadtarmmobil\/wp-json\/wp\/v2\/media?parent=371"}],"curies":[{"name":"wp","href":"https:\/\/api.w.org\/{rel}","templated":true}]}}