{"id":7,"date":"2020-08-13T10:10:21","date_gmt":"2020-08-13T08:10:21","guid":{"rendered":"https:\/\/www2.tuhh.de\/stadtarmmobil\/?page_id=7"},"modified":"2024-04-17T13:00:28","modified_gmt":"2024-04-17T11:00:28","slug":"katja","status":"publish","type":"page","link":"https:\/\/www3.tuhh.de\/vpl\/stadtarmmobil\/katja\/","title":{"rendered":"Mit Katja durch den Familienalltag"},"content":{"rendered":"\n<div class=\"wp-block-columns alignfull is-layout-flex wp-container-core-columns-is-layout-9d6595d7 wp-block-columns-is-layout-flex\">\n<div class=\"wp-block-column is-layout-flow wp-block-column-is-layout-flow\">\n<p class=\"has-background\" style=\"background-color:#dee2e2\">Hier k\u00f6nnen Sie Katja durch ihren Alltag begleiten. Im Text rechts nimmt Katja Sie mit, auf der Karte erfahren Sie mehr Details zu den einzelnen Wegestationen, die als Kreise dargestellt sind. Im Men\u00fc rechts oben k\u00f6nnen Sie die Reichweite von Katjas Teilzeitkarte zuschalten und erfahren so, wie weit Katja zu einer bestimmten Uhrzeit fahren kann.<\/p>\n<\/div>\n\n\n\n<div class=\"wp-block-column is-layout-flow wp-block-column-is-layout-flow\">\n<h2 class=\"wp-block-heading has-text-color\" style=\"color:#178072\">Die Famili\u00e4ren Profis<\/h2>\n\n\n\n<h5 class=\"wp-block-heading has-text-color\" id=\"block-00792284-f069-427b-95fa-29503d9c3e7d\" style=\"color:#178072\">Katja, 42 Jahre, alleinerziehend, drei Kinder<br>Wohnhaft in Hamburg-Osdorf<\/h5>\n<\/div>\n<\/div>\n\n\n\n<div class=\"wp-block-columns alignfull magic is-layout-flex wp-container-core-columns-is-layout-9d6595d7 wp-block-columns-is-layout-flex\">\n<div class=\"wp-block-column test is-layout-flow wp-block-column-is-layout-flow\">\n<div id=\"fpMap\"><\/div>\n<\/div>\n\n\n\n<div class=\"wp-block-column is-layout-flow wp-block-column-is-layout-flow\">\n<p>Der Tag f\u00fcr Katja f\u00e4ngt fr\u00fch an. Aufstehen, Kinder wecken, ein schnelles Fr\u00fchst\u00fcck und dann geht es mit allen drei Kindern um 7:30 Uhr schon raus. Die beiden Gro\u00dfen werden zur <strong>Grundschule<\/strong> gebracht. Luisa ist zwar schon in der dritten Klasse, aber Katja mag sie noch nicht alleine loslaufen lassen. Das Nesth\u00e4kchen kommt mit, da die <strong>Kita<\/strong> erst um 8:30 Uhr aufmacht.\nKatjas HVV-Teilzeitkarte gilt erst ab 9 Uhr, also geht sie mit den Kindern zu Fu\u00df zur Schule. Das geht heute ohne viel Gequengel und recht z\u00fcgig. Nachdem Katja sich von den beiden Schulkindern verabschiedet hat, geht es gleich weiter. Die Laune der vierj\u00e4hrigen Paula ist umgeschlagen und der Weg zur Kita gestaltet sich anstrengender. Katja ist ein wenig unter Stress, da sie um 9:30 Uhr einen wichtigen Termin im Jobcenter hat. Auf der Schwelle der Kita spricht Katja noch kurz mit der Erzieherin, und dann geht es auch schon weiter. Mit dem Bus f\u00e4hrt sie zum <strong>Jobcenter<\/strong>.\nZum ersten Mal an diesem Morgen kann Katja ihre Teilzeitkarte nutzen. Sie \u00e4rgert sich, dass diese ihr oft nichts bringt. Morgens und nachmittags m\u00fcsste sie sich zus\u00e4tzliche Einzeltickets kaufen. Die kann und m\u00f6chte sie sich nicht leisten. \u201eWeil da bin ich auch zu geizig, tut mir leid, jeden Tag da noch zus\u00e4tzlich zu zahlen.\u201c So nimmt sie den Stress und den Zeitaufwand in Kauf, mit den Kindern zu Fu\u00df zu gehen.<\/p>\n\n\n\n<p class=\"has-background\" style=\"background-color:#d9e1df\">Die Probandin Katja nutzt eine <a href=\"https:\/\/www.hvv.de\/de\/fahrkarten\/wochen-monatskarten\/teilzeit-karten\">HVV-Teilzeitkarte<\/a>. Es handelt sich um eine Abo-Karte, die montags bis freitags au\u00dferhalb der Hauptverkehrszeit gilt. Zwischen 6 und 9 Uhr sowie zwischen 16 und 18 Uhr darf der Nahverkehr nicht genutzt werden. Mit dieser Einschr\u00e4nkung ist die Karte um 55% g\u00fcnstiger als die Vollzeitkarte<a href=\"#fn1\">[1]<\/a>. Die betr\u00e4chtliche finanzielle Ersparnis wird durch einen Einschnitt in der Flexibilit\u00e4t erkauft: Proband:innen berichten von der st\u00e4ndigen Belastung, den Alltag an die Sperrzeiten anzupassen.<br><br><em><span style=\"color:#178072\" class=\"has-inline-color\">\u2190In der Karte sehen Sie den Stadtraum, den Katja kurz vor der Sperrzeit erreichen kann. Oben rechts k\u00f6nnen Sie die Reichweite der Teilzeitkarte ver\u00e4ndern.<\/span><\/em><br><br>Diese Abw\u00e4gung \u2013 flexibel fahren oder Geld sparen \u2013 m\u00fcssen nat\u00fcrlich nicht nur Menschen in Armut vornehmen. F\u00fcr sie aber hat die Frage ungleich mehr Bedeutung. Was Katja im Interview als \u201eGeiz\u201c beschreibt, ist der finanzielle Zwang, bei der Teilhabe Abstriche zu machen.<\/p>\n\n\n\n<p>Auch beim Jobcenter wird es heute um ihre Mobilit\u00e4t gehen: Katja hat sich in den Kopf gesetzt, den F\u00fchrerschein zu machen. Das m\u00f6chte sie sich im Rahmen einer Weiterbildung finanzieren lassen. Die Sachbearbeiterin ist ihr wohlgesonnen, stellt Katja erleichtert fest. Sie hat da schon andere Erfahrungen gemacht. Jedenfalls werden ihr die M\u00f6glichkeiten aufgezeigt, um den F\u00fchrerschein zu finanzieren. Katja hat selbst schon Kontakt zu einem Kurierdienst gekn\u00fcpft und nach einem Job gefragt. Frohgestimmt verl\u00e4sst sie das Jobcenter und f\u00e4hrt mit dem Bus <strong>zu ihrer Mutter<\/strong>, der sie bei einem Kaffee von ihrem Erfolgserlebnis berichten kann.<\/p>\n\n\n\n<p class=\"has-background\" style=\"background-color:#d9e1df\">Das Jobcenter f\u00f6rdert verschiedene Weiterbildungen f\u00fcr Menschen, die \u201eHartz IV\u201c beziehen. In bestimmten F\u00e4llen bezahlt das Jobcenter die Kosten f\u00fcr den F\u00fchrerschein. Voraussetzung ist die Zusage einer Firma, die der Person einen Arbeitsplatz anbietet. Es handelt sich dabei um eine Ermessens-Entscheidung. Der oder die Bearbeiter:in im Jobcenter kann also <a href=\"https:\/\/www.arbeitslosenselbsthilfe.org\/kostenuebernahme-fuehrerschein-durch-jobcenter\/\">im Einzelfall dar\u00fcber entscheiden<\/a>, den F\u00fchrerschein zu finanzieren. Ein F\u00fchrerschein er\u00f6ffnet die M\u00f6glichkeit, unabh\u00e4ngig vom Nahverkehr zur Arbeit fahren zu k\u00f6nnen. Besonders f\u00fcr Jobs, die sich fr\u00fch morgens oder sp\u00e4t abends abspielen (zum Beispiel in der Geb\u00e4ude-Reinigung oder im Sicherheitsdienst), ist er bisweilen schlichtweg notwendig. Bei unseren 40 Befragten in Berlin und Hamburg wurde der Wunsch nach dem F\u00fchrerschein und dem eigenen Auto mehrfach ge\u00e4u\u00dfert. Allerdings fiel der Wunsch eher im Zusammenhang mit Wohlstand und Bequemlichkeit. Dass sie sich durch den fehlenden Pkw-Zugang ausgegrenzt f\u00fchlen, haben die Proband:innen nicht ge\u00e4u\u00dfert.<\/p>\n\n\n\n<p>Nach dem Durchschnaufen geht es dann auch schon wieder <strong>zur Schule<\/strong>. Heute geht es mal gut auf, da beide Kinder zeitgleich um 13:30 Uhr Schulschluss haben. Dann wird Paula <strong>von der Kita abgeholt <\/strong>und es geht ab <strong>nach Hause<\/strong>. Nach dem Mittagessen passt Katja darauf auf, dass die Kinder ihre kleinen Pflichten erf\u00fcllen: Hausaufgaben machen, Zimmer aufr\u00e4umen, und so weiter. Am fr\u00fchen Abend kommt Katjas Bruder mit seinem zweij\u00e4hrigen Sohn vorbei. Das gibt ihr die M\u00f6glichkeit, noch schnell einkaufen zu gehen. Katja geht meist sp\u00e4t einkaufen. In manchen <strong>Superm\u00e4rkten<\/strong> werden n\u00e4mlich die Preise f\u00fcr Geb\u00e4ck, Gem\u00fcse und Fleisch abends heruntergesetzt, wodurch sie bei den Lebensmitteln an Kosten sparen kann. Dar\u00fcber hinaus nutzt sie regelm\u00e4\u00dfig das Angebot der <strong>Lebensmitteltafel<\/strong> der Kirchengemeinde. Nach erfolgreicher Einkaufstour geht Katja schwerbepackt nach Hause. Ihr Bruder, der derweil auf die Kinder aufgepasst hat, wirkt m\u00fcde und verabschiedet sich schnell. Und auch f\u00fcr Katja geht der Tag in die Zielgerade. Kinder bettfertig machen, noch eine Geschichte vorlesen. Schlie\u00dflich kommt auch Katja zur Ruhe. Fast jedenfalls: Noch im Bett liegend denkt Katja dar\u00fcber nach, was sie den Kindern erm\u00f6glichen kann. Fast jedes Wochenende fahren die vier irgendwo hin. Und das will geplant sein. Proviant zusammenstellen. Schauen, wie sie m\u00f6glichst nervenschonend und schnell zum Ziel kommen. Katja m\u00f6chte den Kindern m\u00f6glichst viel zeigen. Was sie schon alles gemacht haben: Zusammen waren sie in <strong>Hagenbecks Tierpark mit dem gro\u00dfen Wildgehege<\/strong>. Gut, die Fahrt war eine kleine Tortur. Aber f\u00fcr die Kinder war es sch\u00f6n. Der <strong>Dombesuch<\/strong> macht auch immer viel Spa\u00df, wenn es auch meistens nur f\u00fcr eine Portion Zuckerwatte reicht. Am Sonntag m\u00f6chte Katja mit den Kindern eine \u201eHafenrundfahrt\u201c machen. Ihrem knappen Budget entsprechend, wird die Familie daf\u00fcr die Elbf\u00e4hre 62 besteigen, f\u00fcr die der HVV-Tarif gilt.<\/p>\n\n\n\n<p class=\"has-background\" style=\"background-color:#d9e1df\">Katja l\u00e4sst sich als <em>Famili\u00e4rer Profi in der Organisation<\/em> beschreiben. Diesem Typ haben wir 6 der 40 Befragten zugeordnet: Sie nutzen jede Gelegenheit, um ihren Kindern etwas bieten zu k\u00f6nnen. Im gegebenen Rahmen \u2013 ein geringes Einkommen, dazu oft die Rolle als alleinerziehende Mutter\/Vater \u2013 suchen sie aktiv nach M\u00f6glichkeiten, den Kindern etwas Gutes zu tun. In ihrem Mobilit\u00e4tsalltag bedeutet das: Die <em>Famili\u00e4ren Profis<\/em> wissen genau \u00fcber den Tarif Bescheid und ordnen ihre Bed\u00fcrfnisse der Zeitbeschr\u00e4nkung unter, die ihnen beispielsweise eine Teilzeitkarte abverlangt. Daf\u00fcr nutzen sie es aus, wenn das Ticket am Wochenende ganzt\u00e4gig gilt. Sie wissen, welchen Freizeitnutzen der HVV bietet (im Beispiel: Elbf\u00e4hre 62) und nehmen diese Gelegenheit wahr. &nbsp;&nbsp;<br>Um Mobilit\u00e4t unter eingeschr\u00e4nkten finanziellen M\u00f6glichkeiten zu realisieren, wenden die <em>Famili\u00e4ren Profis<\/em> problemorientierte Bew\u00e4ltigungsstrategien an. Sie versuchen, die Problemlage positiv zu ver\u00e4ndern. Im Rahmen einer solchen Strategie analysieren sie die Situation und suchen gezielt nach Informationen, zum Beispiel indem sie proaktiv Beratungsstellen aufsuchen. <strong>Mobilit\u00e4t bedeutet f\u00fcr die <em>Famili\u00e4ren Profis<\/em>, aus den begrenzten M\u00f6glichkeiten das Beste herauszuholen \u2013 zum Wohl der Kinder und f\u00fcr die eigene Teilhabe am Leben.<\/strong><\/p>\n\n\n\n<hr class=\"wp-block-separator has-css-opacity\"\/>\n\n\n\n<p id=\"fn1\">[1] Vergleich der Teilzeitkarte Hamburg AB (31,20 EUR) mit der Vollzeitkarte Hamburg AB (68,90 EUR), beide im Abo f\u00fcr Inhaber:innen einer Sozialkarte. Der Hartz IV Regelsatz f\u00fcr Mobilit\u00e4t betr\u00e4gt 35,99 \u20ac.&nbsp; Stand Juni 2020.<\/p>\n<\/div>\n<\/div>\n\n\n\n<h5 class=\"wp-block-heading has-text-color\" style=\"color:#178072\">Erleben Sie auch den Mobilit\u00e4tsalltag der anderen Personen:<\/h5>\n\n\n\n<div class=\"wp-block-columns alignfull is-layout-flex wp-container-core-columns-is-layout-9d6595d7 wp-block-columns-is-layout-flex\">\n<div class=\"wp-block-column is-layout-flow wp-block-column-is-layout-flow\"><div class=\"wp-block-image is-resized\">\n<figure class=\"aligncenter size-large\"><a href=\"https:\/\/www3.tuhh.de\/vpl\/stadtarmmobil\/daniela\"><img loading=\"lazy\" decoding=\"async\" width=\"400\" height=\"400\" src=\"http:\/\/www3.tuhh.de\/vpl\/stadtarmmobil\/wp-content\/uploads\/sites\/5\/2020\/08\/button-daniela.png\" alt=\"Die Routiniert Getriebenen\" class=\"wp-image-131\" srcset=\"https:\/\/www3.tuhh.de\/vpl\/stadtarmmobil\/wp-content\/uploads\/sites\/5\/2020\/08\/button-daniela.png 400w, https:\/\/www3.tuhh.de\/vpl\/stadtarmmobil\/wp-content\/uploads\/sites\/5\/2020\/08\/button-daniela-300x300.png 300w, https:\/\/www3.tuhh.de\/vpl\/stadtarmmobil\/wp-content\/uploads\/sites\/5\/2020\/08\/button-daniela-150x150.png 150w\" sizes=\"auto, (max-width: 400px) 100vw, 400px\" \/><\/a><figcaption class=\"wp-element-caption\"><a href=\"https:\/\/www3.tuhh.de\/vpl\/stadtarmmobil\/daniela\"><strong><span style=\"background-color:rgba(0, 0, 0, 0);color:#178072\" class=\"has-inline-color\">Danielas Routinen<\/span><\/strong><br>Die Routiniert Getriebenen <\/a><\/figcaption><\/figure>\n<\/div>\n\n\n<p><\/p>\n<\/div>\n\n\n\n<div class=\"wp-block-column is-layout-flow wp-block-column-is-layout-flow\"><div class=\"wp-block-image\">\n<figure class=\"aligncenter size-large\"><a href=\"https:\/\/www3.tuhh.de\/vpl\/stadtarmmobil\/anja\"><img loading=\"lazy\" decoding=\"async\" width=\"400\" height=\"400\" src=\"http:\/\/www3.tuhh.de\/vpl\/stadtarmmobil\/wp-content\/uploads\/sites\/5\/2020\/08\/button-anja.png\" alt=\"Die Wohnumfeld Verbundenen\" class=\"wp-image-130\" srcset=\"https:\/\/www3.tuhh.de\/vpl\/stadtarmmobil\/wp-content\/uploads\/sites\/5\/2020\/08\/button-anja.png 400w, https:\/\/www3.tuhh.de\/vpl\/stadtarmmobil\/wp-content\/uploads\/sites\/5\/2020\/08\/button-anja-300x300.png 300w, https:\/\/www3.tuhh.de\/vpl\/stadtarmmobil\/wp-content\/uploads\/sites\/5\/2020\/08\/button-anja-150x150.png 150w\" sizes=\"auto, (max-width: 400px) 100vw, 400px\" \/><\/a><figcaption class=\"wp-element-caption\"><a href=\"https:\/\/www3.tuhh.de\/vpl\/stadtarmmobil\/anja\"><strong><span style=\"background-color:rgba(0, 0, 0, 0);color:#178072\" class=\"has-inline-color\">Anjas Zuhause<\/span><\/strong><br>Die Wohnumfeld Verbundenen<\/a><\/figcaption><\/figure>\n<\/div>\n\n\n<p><\/p>\n<\/div>\n\n\n\n<div class=\"wp-block-column is-layout-flow wp-block-column-is-layout-flow\"><div class=\"wp-block-image\">\n<figure class=\"aligncenter size-large\"><a href=\"https:\/\/www3.tuhh.de\/vpl\/stadtarmmobil\/peter\"><img loading=\"lazy\" decoding=\"async\" width=\"400\" height=\"400\" src=\"http:\/\/www3.tuhh.de\/vpl\/stadtarmmobil\/wp-content\/uploads\/sites\/5\/2020\/08\/button-peter.png\" alt=\"Die Erlebnishungrigen\" class=\"wp-image-123\" srcset=\"https:\/\/www3.tuhh.de\/vpl\/stadtarmmobil\/wp-content\/uploads\/sites\/5\/2020\/08\/button-peter.png 400w, https:\/\/www3.tuhh.de\/vpl\/stadtarmmobil\/wp-content\/uploads\/sites\/5\/2020\/08\/button-peter-300x300.png 300w, https:\/\/www3.tuhh.de\/vpl\/stadtarmmobil\/wp-content\/uploads\/sites\/5\/2020\/08\/button-peter-150x150.png 150w\" sizes=\"auto, (max-width: 400px) 100vw, 400px\" \/><\/a><figcaption class=\"wp-element-caption\"><a href=\"https:\/\/www3.tuhh.de\/vpl\/stadtarmmobil\/peter\"><strong><span style=\"background-color:rgba(0, 0, 0, 0);color:#178072\" class=\"has-inline-color\">Peters Erlebnistour<\/span><\/strong><br>Die Erlebnishungrigen<\/a><\/figcaption><\/figure>\n<\/div>\n\n\n<p><\/p>\n<\/div>\n<\/div>\n\n\n\n<p><\/p>\n","protected":false},"excerpt":{"rendered":"<p>Hier k\u00f6nnen Sie Katja durch ihren Alltag begleiten. Im Text rechts nimmt Katja Sie mit, auf der Karte erfahren Sie mehr Details zu den einzelnen Wegestationen, die als Kreise dargestellt sind. Im Men\u00fc rechts oben k\u00f6nnen Sie die Reichweite von Katjas Teilzeitkarte zuschalten und erfahren so, wie weit Katja zu einer bestimmten Uhrzeit fahren kann. [&hellip;]<\/p>\n","protected":false},"author":5,"featured_media":87,"parent":0,"menu_order":0,"comment_status":"closed","ping_status":"closed","template":"templates\/template-cover.php","meta":{"footnotes":""},"class_list":["post-7","page","type-page","status-publish","has-post-thumbnail","hentry"],"yoast_head":"<!-- This site is optimized with the Yoast SEO plugin v26.9 - https:\/\/yoast.com\/product\/yoast-seo-wordpress\/ -->\n<title>Mit Katja durch den Familienalltag - stadtarmmobil<\/title>\n<meta name=\"robots\" content=\"index, follow, max-snippet:-1, max-image-preview:large, max-video-preview:-1\" \/>\n<link rel=\"canonical\" href=\"https:\/\/www3.tuhh.de\/vpl\/stadtarmmobil\/katja\/\" \/>\n<meta property=\"og:locale\" content=\"de_DE\" \/>\n<meta property=\"og:type\" content=\"article\" \/>\n<meta property=\"og:title\" content=\"Mit Katja durch den Familienalltag - stadtarmmobil\" \/>\n<meta property=\"og:description\" content=\"Hier k\u00f6nnen Sie Katja durch ihren Alltag begleiten. Im Text rechts nimmt Katja Sie mit, auf der Karte erfahren Sie mehr Details zu den einzelnen Wegestationen, die als Kreise dargestellt sind. Im Men\u00fc rechts oben k\u00f6nnen Sie die Reichweite von Katjas Teilzeitkarte zuschalten und erfahren so, wie weit Katja zu einer bestimmten Uhrzeit fahren kann. [&hellip;]\" \/>\n<meta property=\"og:url\" content=\"https:\/\/www3.tuhh.de\/vpl\/stadtarmmobil\/katja\/\" \/>\n<meta property=\"og:site_name\" content=\"stadtarmmobil\" \/>\n<meta property=\"article:modified_time\" content=\"2024-04-17T11:00:28+00:00\" \/>\n<meta property=\"og:image\" content=\"http:\/\/www3.tuhh.de\/vpl\/stadtarmmobil\/wp-content\/uploads\/sites\/5\/2020\/08\/Image-by-a-hrefhttpspixabay.comusersJuliaAlex-10280421utm_sourcelink-attributionamputm_mediumreferralamputm_campaign.jpg\" \/>\n\t<meta property=\"og:image:width\" content=\"1920\" \/>\n\t<meta property=\"og:image:height\" content=\"1280\" \/>\n\t<meta property=\"og:image:type\" content=\"image\/jpeg\" \/>\n<meta name=\"twitter:card\" content=\"summary_large_image\" \/>\n<meta name=\"twitter:label1\" content=\"Gesch\u00e4tzte Lesezeit\" \/>\n\t<meta name=\"twitter:data1\" content=\"8\u00a0Minuten\" \/>\n<script type=\"application\/ld+json\" class=\"yoast-schema-graph\">{\"@context\":\"https:\/\/schema.org\",\"@graph\":[{\"@type\":\"WebPage\",\"@id\":\"https:\/\/www3.tuhh.de\/vpl\/stadtarmmobil\/katja\/\",\"url\":\"https:\/\/www3.tuhh.de\/vpl\/stadtarmmobil\/katja\/\",\"name\":\"Mit Katja durch den Familienalltag - stadtarmmobil\",\"isPartOf\":{\"@id\":\"https:\/\/www3.tuhh.de\/vpl\/stadtarmmobil\/#website\"},\"primaryImageOfPage\":{\"@id\":\"https:\/\/www3.tuhh.de\/vpl\/stadtarmmobil\/katja\/#primaryimage\"},\"image\":{\"@id\":\"https:\/\/www3.tuhh.de\/vpl\/stadtarmmobil\/katja\/#primaryimage\"},\"thumbnailUrl\":\"https:\/\/www3.tuhh.de\/vpl\/stadtarmmobil\/wp-content\/uploads\/sites\/5\/2020\/08\/Image-by-a-hrefhttpspixabay.comusersJuliaAlex-10280421utm_sourcelink-attributionamputm_mediumreferralamputm_campaign.jpg\",\"datePublished\":\"2020-08-13T08:10:21+00:00\",\"dateModified\":\"2024-04-17T11:00:28+00:00\",\"breadcrumb\":{\"@id\":\"https:\/\/www3.tuhh.de\/vpl\/stadtarmmobil\/katja\/#breadcrumb\"},\"inLanguage\":\"de\",\"potentialAction\":[{\"@type\":\"ReadAction\",\"target\":[\"https:\/\/www3.tuhh.de\/vpl\/stadtarmmobil\/katja\/\"]}]},{\"@type\":\"ImageObject\",\"inLanguage\":\"de\",\"@id\":\"https:\/\/www3.tuhh.de\/vpl\/stadtarmmobil\/katja\/#primaryimage\",\"url\":\"https:\/\/www3.tuhh.de\/vpl\/stadtarmmobil\/wp-content\/uploads\/sites\/5\/2020\/08\/Image-by-a-hrefhttpspixabay.comusersJuliaAlex-10280421utm_sourcelink-attributionamputm_mediumreferralamputm_campaign.jpg\",\"contentUrl\":\"https:\/\/www3.tuhh.de\/vpl\/stadtarmmobil\/wp-content\/uploads\/sites\/5\/2020\/08\/Image-by-a-hrefhttpspixabay.comusersJuliaAlex-10280421utm_sourcelink-attributionamputm_mediumreferralamputm_campaign.jpg\",\"width\":1920,\"height\":1280},{\"@type\":\"BreadcrumbList\",\"@id\":\"https:\/\/www3.tuhh.de\/vpl\/stadtarmmobil\/katja\/#breadcrumb\",\"itemListElement\":[{\"@type\":\"ListItem\",\"position\":1,\"name\":\"Startseite\",\"item\":\"https:\/\/www3.tuhh.de\/vpl\/stadtarmmobil\/\"},{\"@type\":\"ListItem\",\"position\":2,\"name\":\"Mit Katja durch den Familienalltag\"}]},{\"@type\":\"WebSite\",\"@id\":\"https:\/\/www3.tuhh.de\/vpl\/stadtarmmobil\/#website\",\"url\":\"https:\/\/www3.tuhh.de\/vpl\/stadtarmmobil\/\",\"name\":\"stadtarmmobil\",\"description\":\"Armut und Mobilit\u00e4t in Hamburg und Berlin\",\"potentialAction\":[{\"@type\":\"SearchAction\",\"target\":{\"@type\":\"EntryPoint\",\"urlTemplate\":\"https:\/\/www3.tuhh.de\/vpl\/stadtarmmobil\/?s={search_term_string}\"},\"query-input\":{\"@type\":\"PropertyValueSpecification\",\"valueRequired\":true,\"valueName\":\"search_term_string\"}}],\"inLanguage\":\"de\"}]}<\/script>\n<!-- \/ Yoast SEO plugin. -->","yoast_head_json":{"title":"Mit Katja durch den Familienalltag - stadtarmmobil","robots":{"index":"index","follow":"follow","max-snippet":"max-snippet:-1","max-image-preview":"max-image-preview:large","max-video-preview":"max-video-preview:-1"},"canonical":"https:\/\/www3.tuhh.de\/vpl\/stadtarmmobil\/katja\/","og_locale":"de_DE","og_type":"article","og_title":"Mit Katja durch den Familienalltag - stadtarmmobil","og_description":"Hier k\u00f6nnen Sie Katja durch ihren Alltag begleiten. Im Text rechts nimmt Katja Sie mit, auf der Karte erfahren Sie mehr Details zu den einzelnen Wegestationen, die als Kreise dargestellt sind. Im Men\u00fc rechts oben k\u00f6nnen Sie die Reichweite von Katjas Teilzeitkarte zuschalten und erfahren so, wie weit Katja zu einer bestimmten Uhrzeit fahren kann. [&hellip;]","og_url":"https:\/\/www3.tuhh.de\/vpl\/stadtarmmobil\/katja\/","og_site_name":"stadtarmmobil","article_modified_time":"2024-04-17T11:00:28+00:00","og_image":[{"width":1920,"height":1280,"url":"http:\/\/www3.tuhh.de\/vpl\/stadtarmmobil\/wp-content\/uploads\/sites\/5\/2020\/08\/Image-by-a-hrefhttpspixabay.comusersJuliaAlex-10280421utm_sourcelink-attributionamputm_mediumreferralamputm_campaign.jpg","type":"image\/jpeg"}],"twitter_card":"summary_large_image","twitter_misc":{"Gesch\u00e4tzte Lesezeit":"8\u00a0Minuten"},"schema":{"@context":"https:\/\/schema.org","@graph":[{"@type":"WebPage","@id":"https:\/\/www3.tuhh.de\/vpl\/stadtarmmobil\/katja\/","url":"https:\/\/www3.tuhh.de\/vpl\/stadtarmmobil\/katja\/","name":"Mit Katja durch den Familienalltag - stadtarmmobil","isPartOf":{"@id":"https:\/\/www3.tuhh.de\/vpl\/stadtarmmobil\/#website"},"primaryImageOfPage":{"@id":"https:\/\/www3.tuhh.de\/vpl\/stadtarmmobil\/katja\/#primaryimage"},"image":{"@id":"https:\/\/www3.tuhh.de\/vpl\/stadtarmmobil\/katja\/#primaryimage"},"thumbnailUrl":"https:\/\/www3.tuhh.de\/vpl\/stadtarmmobil\/wp-content\/uploads\/sites\/5\/2020\/08\/Image-by-a-hrefhttpspixabay.comusersJuliaAlex-10280421utm_sourcelink-attributionamputm_mediumreferralamputm_campaign.jpg","datePublished":"2020-08-13T08:10:21+00:00","dateModified":"2024-04-17T11:00:28+00:00","breadcrumb":{"@id":"https:\/\/www3.tuhh.de\/vpl\/stadtarmmobil\/katja\/#breadcrumb"},"inLanguage":"de","potentialAction":[{"@type":"ReadAction","target":["https:\/\/www3.tuhh.de\/vpl\/stadtarmmobil\/katja\/"]}]},{"@type":"ImageObject","inLanguage":"de","@id":"https:\/\/www3.tuhh.de\/vpl\/stadtarmmobil\/katja\/#primaryimage","url":"https:\/\/www3.tuhh.de\/vpl\/stadtarmmobil\/wp-content\/uploads\/sites\/5\/2020\/08\/Image-by-a-hrefhttpspixabay.comusersJuliaAlex-10280421utm_sourcelink-attributionamputm_mediumreferralamputm_campaign.jpg","contentUrl":"https:\/\/www3.tuhh.de\/vpl\/stadtarmmobil\/wp-content\/uploads\/sites\/5\/2020\/08\/Image-by-a-hrefhttpspixabay.comusersJuliaAlex-10280421utm_sourcelink-attributionamputm_mediumreferralamputm_campaign.jpg","width":1920,"height":1280},{"@type":"BreadcrumbList","@id":"https:\/\/www3.tuhh.de\/vpl\/stadtarmmobil\/katja\/#breadcrumb","itemListElement":[{"@type":"ListItem","position":1,"name":"Startseite","item":"https:\/\/www3.tuhh.de\/vpl\/stadtarmmobil\/"},{"@type":"ListItem","position":2,"name":"Mit Katja durch den Familienalltag"}]},{"@type":"WebSite","@id":"https:\/\/www3.tuhh.de\/vpl\/stadtarmmobil\/#website","url":"https:\/\/www3.tuhh.de\/vpl\/stadtarmmobil\/","name":"stadtarmmobil","description":"Armut und Mobilit\u00e4t in Hamburg und Berlin","potentialAction":[{"@type":"SearchAction","target":{"@type":"EntryPoint","urlTemplate":"https:\/\/www3.tuhh.de\/vpl\/stadtarmmobil\/?s={search_term_string}"},"query-input":{"@type":"PropertyValueSpecification","valueRequired":true,"valueName":"search_term_string"}}],"inLanguage":"de"}]}},"_links":{"self":[{"href":"https:\/\/www3.tuhh.de\/vpl\/stadtarmmobil\/wp-json\/wp\/v2\/pages\/7","targetHints":{"allow":["GET"]}}],"collection":[{"href":"https:\/\/www3.tuhh.de\/vpl\/stadtarmmobil\/wp-json\/wp\/v2\/pages"}],"about":[{"href":"https:\/\/www3.tuhh.de\/vpl\/stadtarmmobil\/wp-json\/wp\/v2\/types\/page"}],"author":[{"embeddable":true,"href":"https:\/\/www3.tuhh.de\/vpl\/stadtarmmobil\/wp-json\/wp\/v2\/users\/5"}],"replies":[{"embeddable":true,"href":"https:\/\/www3.tuhh.de\/vpl\/stadtarmmobil\/wp-json\/wp\/v2\/comments?post=7"}],"version-history":[{"count":5,"href":"https:\/\/www3.tuhh.de\/vpl\/stadtarmmobil\/wp-json\/wp\/v2\/pages\/7\/revisions"}],"predecessor-version":[{"id":701,"href":"https:\/\/www3.tuhh.de\/vpl\/stadtarmmobil\/wp-json\/wp\/v2\/pages\/7\/revisions\/701"}],"wp:featuredmedia":[{"embeddable":true,"href":"https:\/\/www3.tuhh.de\/vpl\/stadtarmmobil\/wp-json\/wp\/v2\/media\/87"}],"wp:attachment":[{"href":"https:\/\/www3.tuhh.de\/vpl\/stadtarmmobil\/wp-json\/wp\/v2\/media?parent=7"}],"curies":[{"name":"wp","href":"https:\/\/api.w.org\/{rel}","templated":true}]}}