{"id":190,"date":"2025-01-03T10:18:56","date_gmt":"2025-01-03T09:18:56","guid":{"rendered":"https:\/\/www3.tuhh.de\/vpl\/tabula\/?page_id=190"},"modified":"2025-01-03T13:19:33","modified_gmt":"2025-01-03T12:19:33","slug":"laura","status":"publish","type":"page","link":"https:\/\/www3.tuhh.de\/vpl\/tabula\/laura\/","title":{"rendered":"Laura"},"content":{"rendered":"\n<h1 class=\"wp-block-heading\">Der autonome Transportroboter Laura<\/h1>\n\n\n\n<p>Im Rahmen des TaBuLa-LOG Projektes wurde vom Institut f\u00fcr Technische Logistik (ITL) der TUHH der autonome Lieferroboter &#8222;Laura&#8220; entwickelt.<\/p>\n\n\n\n<h2 class=\"wp-block-heading\">Laura besteht aus einer Vielzahl technischer Komponenten.<\/h2>\n\n\n\n<p>Ein Jackal UGV des kanadischen Herstellers Clearpath dient als Basis des Lieferroboters. Er hat neben dem Antrieb auch Sensorik wie eine IMU und einen GNSS Empf\u00e4nger verbaut. Darauf ist ein am ITL konstruierter Aufbau montiert, der sowohl als Montagefl\u00e4che f\u00fcr weitere Sensorik und Recheneinheiten dient, als auch Stauraum f\u00fcr eine genormte Transportbox bietet.<br>Oben auf diesem Aufbau befindet sich ein Velodyne VLP-16 Sensor \u2013 ein 16-lagiger LiDAR, der haupts\u00e4chlich f\u00fcr die Lokalisierung verwendet wird, aber auch in der Hinderniserkennung Einsatz findet. Au\u00dferdem sind vier Intel Realsense D435 und zwei Stereolabs ZED 2 Kameras verbaut. Bei ersteren handelt es sich um aktive Stereokameras, die zur Hinderniserfassung im Nahbereich des Roboters benutzt werden. Die ZED 2 ist eine passive Stereokamera, mit deren Hilfe an einer Haltestelle die Ankunft des Shuttles erkannt wird. Weiterhin werden vier Ultraschallsensoren verwendet, um den Nahbereich des Roboters abzusichern.<\/p>\n\n\n\n<figure class=\"wp-block-image size-large\"><img loading=\"lazy\" decoding=\"async\" width=\"1024\" height=\"672\" src=\"http:\/\/www3.tuhh.de\/vpl\/tabula\/wp-content\/uploads\/sites\/7\/2024\/12\/bild-1_copyright-dominik-pietzko.1168x0-is-1024x672.jpg\" alt=\"\" class=\"wp-image-5\" srcset=\"https:\/\/www3.tuhh.de\/vpl\/tabula\/wp-content\/uploads\/sites\/7\/2024\/12\/bild-1_copyright-dominik-pietzko.1168x0-is-1024x672.jpg 1024w, https:\/\/www3.tuhh.de\/vpl\/tabula\/wp-content\/uploads\/sites\/7\/2024\/12\/bild-1_copyright-dominik-pietzko.1168x0-is-300x197.jpg 300w, https:\/\/www3.tuhh.de\/vpl\/tabula\/wp-content\/uploads\/sites\/7\/2024\/12\/bild-1_copyright-dominik-pietzko.1168x0-is-768x504.jpg 768w, https:\/\/www3.tuhh.de\/vpl\/tabula\/wp-content\/uploads\/sites\/7\/2024\/12\/bild-1_copyright-dominik-pietzko.1168x0-is-457x300.jpg 457w, https:\/\/www3.tuhh.de\/vpl\/tabula\/wp-content\/uploads\/sites\/7\/2024\/12\/bild-1_copyright-dominik-pietzko.1168x0-is.jpg 1168w\" sizes=\"auto, (max-width: 1024px) 100vw, 1024px\" \/><figcaption class=\"wp-element-caption\">Bild: Transportroboter Laura f\u00e4hrt \u00fcber eine Rampe in den TaBuLa Shuttlebus. <br>(Copyright bei Dominik Pietzko)<\/figcaption><\/figure>\n\n\n\n<p>Bei den verbauten Recheneinheiten handelt es sich um ein Pokini I v3, ein Nvidia Jetson AGX Xavier, ein Arduino Mega sowie eine weitere, in die Roboterbasis integrierte Recheneinheit. Der Pokini I v3 ist das Herzst\u00fcck des Roboters. Auf ihm wird der grunds\u00e4tzliche Arbeitsprozess durchgef\u00fchrt, Sensordaten ausgewertet und die Kommunikation mit den anderen Recheneinheiten gesteuert.<br>Der Nvidia Jetson AGX Xavier ist ein auf KI- und Computer Vision Aufgaben spezialisierter Rechner und wird daher f\u00fcr die Auswertung der ZED 2 Kameradatan eingesetzt. Der Arduino Mega steuert die Beleuchtung des Roboters und verarbeitet die Messdaten der Ultraschallsensoren. Die im Jackal integrierte Recheneinheit \u00fcbernimmt die Motorsteuerung sowie die Steuerung und Auswertung der im Jackal verbauten Sensorik.<\/p>\n","protected":false},"excerpt":{"rendered":"<p>Der autonome Transportroboter Laura Im Rahmen des TaBuLa-LOG Projektes wurde vom Institut f\u00fcr Technische Logistik (ITL) der TUHH der autonome Lieferroboter &#8222;Laura&#8220; entwickelt. Laura besteht aus einer Vielzahl technischer Komponenten. Ein Jackal UGV des kanadischen Herstellers Clearpath dient als Basis &hellip; <a href=\"https:\/\/www3.tuhh.de\/vpl\/tabula\/laura\/\">Weiterlesen <span class=\"meta-nav\">&rarr;<\/span><\/a><\/p>\n","protected":false},"author":4,"featured_media":0,"parent":0,"menu_order":0,"comment_status":"closed","ping_status":"closed","template":"","meta":{"footnotes":""},"class_list":["post-190","page","type-page","status-publish","hentry"],"yoast_head":"<!-- This site is optimized with the Yoast SEO plugin v26.9 - https:\/\/yoast.com\/product\/yoast-seo-wordpress\/ -->\n<title>Laura - TaBuLa bis TaBuLa-LOGplus<\/title>\n<meta name=\"robots\" content=\"index, follow, max-snippet:-1, max-image-preview:large, max-video-preview:-1\" \/>\n<link rel=\"canonical\" href=\"https:\/\/www3.tuhh.de\/vpl\/tabula\/laura\/\" \/>\n<meta property=\"og:locale\" content=\"de_DE\" \/>\n<meta property=\"og:type\" content=\"article\" \/>\n<meta property=\"og:title\" content=\"Laura - TaBuLa bis TaBuLa-LOGplus\" \/>\n<meta property=\"og:description\" content=\"Der autonome Transportroboter Laura Im Rahmen des TaBuLa-LOG Projektes wurde vom Institut f\u00fcr Technische Logistik (ITL) der TUHH der autonome Lieferroboter &#8222;Laura&#8220; entwickelt. Laura besteht aus einer Vielzahl technischer Komponenten. Ein Jackal UGV des kanadischen Herstellers Clearpath dient als Basis &hellip; Weiterlesen &rarr;\" \/>\n<meta property=\"og:url\" content=\"https:\/\/www3.tuhh.de\/vpl\/tabula\/laura\/\" \/>\n<meta property=\"og:site_name\" content=\"TaBuLa bis TaBuLa-LOGplus\" \/>\n<meta property=\"article:modified_time\" content=\"2025-01-03T12:19:33+00:00\" \/>\n<meta property=\"og:image\" content=\"https:\/\/www3.tuhh.de\/vpl\/tabula\/wp-content\/uploads\/sites\/7\/2024\/12\/bild-1_copyright-dominik-pietzko.1168x0-is.jpg\" \/>\n\t<meta property=\"og:image:width\" content=\"1168\" \/>\n\t<meta property=\"og:image:height\" content=\"767\" \/>\n\t<meta property=\"og:image:type\" content=\"image\/jpeg\" \/>\n<meta name=\"twitter:card\" content=\"summary_large_image\" \/>\n<meta name=\"twitter:label1\" content=\"Gesch\u00e4tzte Lesezeit\" \/>\n\t<meta name=\"twitter:data1\" content=\"2\u00a0Minuten\" \/>\n<script type=\"application\/ld+json\" class=\"yoast-schema-graph\">{\"@context\":\"https:\/\/schema.org\",\"@graph\":[{\"@type\":\"WebPage\",\"@id\":\"https:\/\/www3.tuhh.de\/vpl\/tabula\/laura\/\",\"url\":\"https:\/\/www3.tuhh.de\/vpl\/tabula\/laura\/\",\"name\":\"Laura - TaBuLa bis TaBuLa-LOGplus\",\"isPartOf\":{\"@id\":\"https:\/\/www3.tuhh.de\/vpl\/tabula\/#website\"},\"primaryImageOfPage\":{\"@id\":\"https:\/\/www3.tuhh.de\/vpl\/tabula\/laura\/#primaryimage\"},\"image\":{\"@id\":\"https:\/\/www3.tuhh.de\/vpl\/tabula\/laura\/#primaryimage\"},\"thumbnailUrl\":\"http:\/\/www3.tuhh.de\/vpl\/tabula\/wp-content\/uploads\/sites\/7\/2024\/12\/bild-1_copyright-dominik-pietzko.1168x0-is-1024x672.jpg\",\"datePublished\":\"2025-01-03T09:18:56+00:00\",\"dateModified\":\"2025-01-03T12:19:33+00:00\",\"breadcrumb\":{\"@id\":\"https:\/\/www3.tuhh.de\/vpl\/tabula\/laura\/#breadcrumb\"},\"inLanguage\":\"de\",\"potentialAction\":[{\"@type\":\"ReadAction\",\"target\":[\"https:\/\/www3.tuhh.de\/vpl\/tabula\/laura\/\"]}]},{\"@type\":\"ImageObject\",\"inLanguage\":\"de\",\"@id\":\"https:\/\/www3.tuhh.de\/vpl\/tabula\/laura\/#primaryimage\",\"url\":\"https:\/\/www3.tuhh.de\/vpl\/tabula\/wp-content\/uploads\/sites\/7\/2024\/12\/bild-1_copyright-dominik-pietzko.1168x0-is.jpg\",\"contentUrl\":\"https:\/\/www3.tuhh.de\/vpl\/tabula\/wp-content\/uploads\/sites\/7\/2024\/12\/bild-1_copyright-dominik-pietzko.1168x0-is.jpg\",\"width\":1168,\"height\":767,\"caption\":\"Bild: copyright Dominik Pietzko\"},{\"@type\":\"BreadcrumbList\",\"@id\":\"https:\/\/www3.tuhh.de\/vpl\/tabula\/laura\/#breadcrumb\",\"itemListElement\":[{\"@type\":\"ListItem\",\"position\":1,\"name\":\"Startseite\",\"item\":\"https:\/\/www3.tuhh.de\/vpl\/tabula\/\"},{\"@type\":\"ListItem\",\"position\":2,\"name\":\"Laura\"}]},{\"@type\":\"WebSite\",\"@id\":\"https:\/\/www3.tuhh.de\/vpl\/tabula\/#website\",\"url\":\"https:\/\/www3.tuhh.de\/vpl\/tabula\/\",\"name\":\"TaBuLa bis TaBuLa-LOGplus\",\"description\":\"Kombinierter Personen- und Warentransport in automatisierten Shuttles\",\"potentialAction\":[{\"@type\":\"SearchAction\",\"target\":{\"@type\":\"EntryPoint\",\"urlTemplate\":\"https:\/\/www3.tuhh.de\/vpl\/tabula\/?s={search_term_string}\"},\"query-input\":{\"@type\":\"PropertyValueSpecification\",\"valueRequired\":true,\"valueName\":\"search_term_string\"}}],\"inLanguage\":\"de\"}]}<\/script>\n<!-- \/ Yoast SEO plugin. -->","yoast_head_json":{"title":"Laura - TaBuLa bis TaBuLa-LOGplus","robots":{"index":"index","follow":"follow","max-snippet":"max-snippet:-1","max-image-preview":"max-image-preview:large","max-video-preview":"max-video-preview:-1"},"canonical":"https:\/\/www3.tuhh.de\/vpl\/tabula\/laura\/","og_locale":"de_DE","og_type":"article","og_title":"Laura - TaBuLa bis TaBuLa-LOGplus","og_description":"Der autonome Transportroboter Laura Im Rahmen des TaBuLa-LOG Projektes wurde vom Institut f\u00fcr Technische Logistik (ITL) der TUHH der autonome Lieferroboter &#8222;Laura&#8220; entwickelt. Laura besteht aus einer Vielzahl technischer Komponenten. Ein Jackal UGV des kanadischen Herstellers Clearpath dient als Basis &hellip; Weiterlesen &rarr;","og_url":"https:\/\/www3.tuhh.de\/vpl\/tabula\/laura\/","og_site_name":"TaBuLa bis TaBuLa-LOGplus","article_modified_time":"2025-01-03T12:19:33+00:00","og_image":[{"width":1168,"height":767,"url":"https:\/\/www3.tuhh.de\/vpl\/tabula\/wp-content\/uploads\/sites\/7\/2024\/12\/bild-1_copyright-dominik-pietzko.1168x0-is.jpg","type":"image\/jpeg"}],"twitter_card":"summary_large_image","twitter_misc":{"Gesch\u00e4tzte Lesezeit":"2\u00a0Minuten"},"schema":{"@context":"https:\/\/schema.org","@graph":[{"@type":"WebPage","@id":"https:\/\/www3.tuhh.de\/vpl\/tabula\/laura\/","url":"https:\/\/www3.tuhh.de\/vpl\/tabula\/laura\/","name":"Laura - TaBuLa bis TaBuLa-LOGplus","isPartOf":{"@id":"https:\/\/www3.tuhh.de\/vpl\/tabula\/#website"},"primaryImageOfPage":{"@id":"https:\/\/www3.tuhh.de\/vpl\/tabula\/laura\/#primaryimage"},"image":{"@id":"https:\/\/www3.tuhh.de\/vpl\/tabula\/laura\/#primaryimage"},"thumbnailUrl":"http:\/\/www3.tuhh.de\/vpl\/tabula\/wp-content\/uploads\/sites\/7\/2024\/12\/bild-1_copyright-dominik-pietzko.1168x0-is-1024x672.jpg","datePublished":"2025-01-03T09:18:56+00:00","dateModified":"2025-01-03T12:19:33+00:00","breadcrumb":{"@id":"https:\/\/www3.tuhh.de\/vpl\/tabula\/laura\/#breadcrumb"},"inLanguage":"de","potentialAction":[{"@type":"ReadAction","target":["https:\/\/www3.tuhh.de\/vpl\/tabula\/laura\/"]}]},{"@type":"ImageObject","inLanguage":"de","@id":"https:\/\/www3.tuhh.de\/vpl\/tabula\/laura\/#primaryimage","url":"https:\/\/www3.tuhh.de\/vpl\/tabula\/wp-content\/uploads\/sites\/7\/2024\/12\/bild-1_copyright-dominik-pietzko.1168x0-is.jpg","contentUrl":"https:\/\/www3.tuhh.de\/vpl\/tabula\/wp-content\/uploads\/sites\/7\/2024\/12\/bild-1_copyright-dominik-pietzko.1168x0-is.jpg","width":1168,"height":767,"caption":"Bild: copyright Dominik Pietzko"},{"@type":"BreadcrumbList","@id":"https:\/\/www3.tuhh.de\/vpl\/tabula\/laura\/#breadcrumb","itemListElement":[{"@type":"ListItem","position":1,"name":"Startseite","item":"https:\/\/www3.tuhh.de\/vpl\/tabula\/"},{"@type":"ListItem","position":2,"name":"Laura"}]},{"@type":"WebSite","@id":"https:\/\/www3.tuhh.de\/vpl\/tabula\/#website","url":"https:\/\/www3.tuhh.de\/vpl\/tabula\/","name":"TaBuLa bis TaBuLa-LOGplus","description":"Kombinierter Personen- und Warentransport in automatisierten Shuttles","potentialAction":[{"@type":"SearchAction","target":{"@type":"EntryPoint","urlTemplate":"https:\/\/www3.tuhh.de\/vpl\/tabula\/?s={search_term_string}"},"query-input":{"@type":"PropertyValueSpecification","valueRequired":true,"valueName":"search_term_string"}}],"inLanguage":"de"}]}},"_links":{"self":[{"href":"https:\/\/www3.tuhh.de\/vpl\/tabula\/wp-json\/wp\/v2\/pages\/190","targetHints":{"allow":["GET"]}}],"collection":[{"href":"https:\/\/www3.tuhh.de\/vpl\/tabula\/wp-json\/wp\/v2\/pages"}],"about":[{"href":"https:\/\/www3.tuhh.de\/vpl\/tabula\/wp-json\/wp\/v2\/types\/page"}],"author":[{"embeddable":true,"href":"https:\/\/www3.tuhh.de\/vpl\/tabula\/wp-json\/wp\/v2\/users\/4"}],"replies":[{"embeddable":true,"href":"https:\/\/www3.tuhh.de\/vpl\/tabula\/wp-json\/wp\/v2\/comments?post=190"}],"version-history":[{"count":4,"href":"https:\/\/www3.tuhh.de\/vpl\/tabula\/wp-json\/wp\/v2\/pages\/190\/revisions"}],"predecessor-version":[{"id":198,"href":"https:\/\/www3.tuhh.de\/vpl\/tabula\/wp-json\/wp\/v2\/pages\/190\/revisions\/198"}],"wp:attachment":[{"href":"https:\/\/www3.tuhh.de\/vpl\/tabula\/wp-json\/wp\/v2\/media?parent=190"}],"curies":[{"name":"wp","href":"https:\/\/api.w.org\/{rel}","templated":true}]}}