{"id":249,"date":"2025-01-03T15:00:08","date_gmt":"2025-01-03T14:00:08","guid":{"rendered":"https:\/\/www3.tuhh.de\/vpl\/tabula\/?page_id=249"},"modified":"2025-01-03T15:41:56","modified_gmt":"2025-01-03T14:41:56","slug":"impressum","status":"publish","type":"page","link":"https:\/\/www3.tuhh.de\/vpl\/tabula\/impressum\/","title":{"rendered":"Impressum"},"content":{"rendered":"\n<p>Angaben gem\u00e4\u00df \u00a7 5 Telemediengesetz<\/p>\n\n\n\n<h2 class=\"wp-block-heading\">Anschrift<\/h2>\n\n\n\n<p>TU Hamburg<br>Institut f\u00fcr Verkehrsplanung und Logistik \u2013 W8<br>D-21071 Hamburg<\/p>\n\n\n\n<h2 class=\"wp-block-heading\">Besucheranschrift<\/h2>\n\n\n\n<p>Am Schwarzenberg-Campus 3 (Geb\u00e4ude E)<br>D-21073 Hamburg<\/p>\n\n\n\n<h2 class=\"wp-block-heading\">Haftungshinweis<\/h2>\n\n\n\n<p>Trotz sorgf\u00e4ltiger Bem\u00fchungen k\u00f6nnen wir keine Gew\u00e4hr f\u00fcr die Richtigkeit, Vollst\u00e4ndigkeit und Aktualit\u00e4t unserer Webseiten geben. Wir \u00fcbernehmen keine Haftung f\u00fcr die Inhalte externer Links. F\u00fcr den Inhalt der verlinkten Seiten sind ausschlie\u00dflich deren Betreiber verantwortlich.<\/p>\n\n\n\n<h2 class=\"wp-block-heading\">Herausgeber \/ Redaktion<\/h2>\n\n\n\n<p>Institut f\u00fcr Verkehrsplanung und Logistik<\/p>\n\n\n\n<h2 class=\"wp-block-heading\">Gestaltung<\/h2>\n\n\n\n<p><a href=\"https:\/\/de.wordpress.org\/\" target=\"_blank\" rel=\"noreferrer noopener\">WordPress.org<\/a><br>Theme: Twenty Eleven<\/p>\n\n\n\n<h2 class=\"wp-block-heading\">Literatur<\/h2>\n\n\n\n<p>Bundesministerium f\u00fcr Verkehr und digitale Infrastruktur (BMVI) (Hg.) (2016): Forschungsprogramm zur Automatisierung und Vernetzung im Stra\u00dfenverkehr. Berlin. Online verf\u00fcgbar unter <a href=\"http:\/\/www.bmvi.de\/SharedDocs\/DE\/Anlage\/Presse\/102-dobrindt-22-millionen-euro-fuer-forschungsprojekte-zum-automatisierten-fahren.pdf?__blob=publicationFile\" target=\"_blank\" rel=\"noreferrer noopener\">http:\/\/www.bmvi.de\/SharedDocs\/DE\/Anlage\/Presse\/102-dobrindt-22-millionen-euro-fuer-forschungsprojekte-zum-automatisierten-fahren.pdf?__blob=publicationFile<\/a>, zuletzt gepr\u00fcft am 16.03.2018.<\/p>\n\n\n\n<p><\/p>\n","protected":false},"excerpt":{"rendered":"<p>Angaben gem\u00e4\u00df \u00a7 5 Telemediengesetz Anschrift TU HamburgInstitut f\u00fcr Verkehrsplanung und Logistik \u2013 W8D-21071 Hamburg Besucheranschrift Am Schwarzenberg-Campus 3 (Geb\u00e4ude E)D-21073 Hamburg Haftungshinweis Trotz sorgf\u00e4ltiger Bem\u00fchungen k\u00f6nnen wir keine Gew\u00e4hr f\u00fcr die Richtigkeit, Vollst\u00e4ndigkeit und Aktualit\u00e4t unserer Webseiten geben. Wir &hellip; <a href=\"https:\/\/www3.tuhh.de\/vpl\/tabula\/impressum\/\">Weiterlesen <span class=\"meta-nav\">&rarr;<\/span><\/a><\/p>\n","protected":false},"author":4,"featured_media":0,"parent":0,"menu_order":0,"comment_status":"closed","ping_status":"closed","template":"","meta":{"footnotes":""},"class_list":["post-249","page","type-page","status-publish","hentry"],"yoast_head":"<!-- This site is optimized with the Yoast SEO plugin v26.9 - https:\/\/yoast.com\/product\/yoast-seo-wordpress\/ -->\n<title>Impressum - TaBuLa bis TaBuLa-LOGplus<\/title>\n<meta name=\"robots\" content=\"index, follow, max-snippet:-1, max-image-preview:large, max-video-preview:-1\" \/>\n<link rel=\"canonical\" href=\"https:\/\/www3.tuhh.de\/vpl\/tabula\/impressum\/\" \/>\n<meta property=\"og:locale\" content=\"de_DE\" \/>\n<meta property=\"og:type\" content=\"article\" \/>\n<meta property=\"og:title\" content=\"Impressum - TaBuLa bis TaBuLa-LOGplus\" \/>\n<meta property=\"og:description\" content=\"Angaben gem\u00e4\u00df \u00a7 5 Telemediengesetz Anschrift TU HamburgInstitut f\u00fcr Verkehrsplanung und Logistik \u2013 W8D-21071 Hamburg Besucheranschrift Am Schwarzenberg-Campus 3 (Geb\u00e4ude E)D-21073 Hamburg Haftungshinweis Trotz sorgf\u00e4ltiger Bem\u00fchungen k\u00f6nnen wir keine Gew\u00e4hr f\u00fcr die Richtigkeit, Vollst\u00e4ndigkeit und Aktualit\u00e4t unserer Webseiten geben. Wir &hellip; Weiterlesen &rarr;\" \/>\n<meta property=\"og:url\" content=\"https:\/\/www3.tuhh.de\/vpl\/tabula\/impressum\/\" \/>\n<meta property=\"og:site_name\" content=\"TaBuLa bis TaBuLa-LOGplus\" \/>\n<meta property=\"article:modified_time\" content=\"2025-01-03T14:41:56+00:00\" \/>\n<meta name=\"twitter:card\" content=\"summary_large_image\" \/>\n<meta name=\"twitter:label1\" content=\"Gesch\u00e4tzte Lesezeit\" \/>\n\t<meta name=\"twitter:data1\" content=\"1\u00a0Minute\" \/>\n<script type=\"application\/ld+json\" class=\"yoast-schema-graph\">{\"@context\":\"https:\/\/schema.org\",\"@graph\":[{\"@type\":\"WebPage\",\"@id\":\"https:\/\/www3.tuhh.de\/vpl\/tabula\/impressum\/\",\"url\":\"https:\/\/www3.tuhh.de\/vpl\/tabula\/impressum\/\",\"name\":\"Impressum - TaBuLa bis TaBuLa-LOGplus\",\"isPartOf\":{\"@id\":\"https:\/\/www3.tuhh.de\/vpl\/tabula\/#website\"},\"datePublished\":\"2025-01-03T14:00:08+00:00\",\"dateModified\":\"2025-01-03T14:41:56+00:00\",\"breadcrumb\":{\"@id\":\"https:\/\/www3.tuhh.de\/vpl\/tabula\/impressum\/#breadcrumb\"},\"inLanguage\":\"de\",\"potentialAction\":[{\"@type\":\"ReadAction\",\"target\":[\"https:\/\/www3.tuhh.de\/vpl\/tabula\/impressum\/\"]}]},{\"@type\":\"BreadcrumbList\",\"@id\":\"https:\/\/www3.tuhh.de\/vpl\/tabula\/impressum\/#breadcrumb\",\"itemListElement\":[{\"@type\":\"ListItem\",\"position\":1,\"name\":\"Startseite\",\"item\":\"https:\/\/www3.tuhh.de\/vpl\/tabula\/\"},{\"@type\":\"ListItem\",\"position\":2,\"name\":\"Impressum\"}]},{\"@type\":\"WebSite\",\"@id\":\"https:\/\/www3.tuhh.de\/vpl\/tabula\/#website\",\"url\":\"https:\/\/www3.tuhh.de\/vpl\/tabula\/\",\"name\":\"TaBuLa bis TaBuLa-LOGplus\",\"description\":\"Kombinierter Personen- und Warentransport in automatisierten Shuttles\",\"potentialAction\":[{\"@type\":\"SearchAction\",\"target\":{\"@type\":\"EntryPoint\",\"urlTemplate\":\"https:\/\/www3.tuhh.de\/vpl\/tabula\/?s={search_term_string}\"},\"query-input\":{\"@type\":\"PropertyValueSpecification\",\"valueRequired\":true,\"valueName\":\"search_term_string\"}}],\"inLanguage\":\"de\"}]}<\/script>\n<!-- \/ Yoast SEO plugin. -->","yoast_head_json":{"title":"Impressum - TaBuLa bis TaBuLa-LOGplus","robots":{"index":"index","follow":"follow","max-snippet":"max-snippet:-1","max-image-preview":"max-image-preview:large","max-video-preview":"max-video-preview:-1"},"canonical":"https:\/\/www3.tuhh.de\/vpl\/tabula\/impressum\/","og_locale":"de_DE","og_type":"article","og_title":"Impressum - TaBuLa bis TaBuLa-LOGplus","og_description":"Angaben gem\u00e4\u00df \u00a7 5 Telemediengesetz Anschrift TU HamburgInstitut f\u00fcr Verkehrsplanung und Logistik \u2013 W8D-21071 Hamburg Besucheranschrift Am Schwarzenberg-Campus 3 (Geb\u00e4ude E)D-21073 Hamburg Haftungshinweis Trotz sorgf\u00e4ltiger Bem\u00fchungen k\u00f6nnen wir keine Gew\u00e4hr f\u00fcr die Richtigkeit, Vollst\u00e4ndigkeit und Aktualit\u00e4t unserer Webseiten geben. Wir &hellip; Weiterlesen &rarr;","og_url":"https:\/\/www3.tuhh.de\/vpl\/tabula\/impressum\/","og_site_name":"TaBuLa bis TaBuLa-LOGplus","article_modified_time":"2025-01-03T14:41:56+00:00","twitter_card":"summary_large_image","twitter_misc":{"Gesch\u00e4tzte Lesezeit":"1\u00a0Minute"},"schema":{"@context":"https:\/\/schema.org","@graph":[{"@type":"WebPage","@id":"https:\/\/www3.tuhh.de\/vpl\/tabula\/impressum\/","url":"https:\/\/www3.tuhh.de\/vpl\/tabula\/impressum\/","name":"Impressum - TaBuLa bis TaBuLa-LOGplus","isPartOf":{"@id":"https:\/\/www3.tuhh.de\/vpl\/tabula\/#website"},"datePublished":"2025-01-03T14:00:08+00:00","dateModified":"2025-01-03T14:41:56+00:00","breadcrumb":{"@id":"https:\/\/www3.tuhh.de\/vpl\/tabula\/impressum\/#breadcrumb"},"inLanguage":"de","potentialAction":[{"@type":"ReadAction","target":["https:\/\/www3.tuhh.de\/vpl\/tabula\/impressum\/"]}]},{"@type":"BreadcrumbList","@id":"https:\/\/www3.tuhh.de\/vpl\/tabula\/impressum\/#breadcrumb","itemListElement":[{"@type":"ListItem","position":1,"name":"Startseite","item":"https:\/\/www3.tuhh.de\/vpl\/tabula\/"},{"@type":"ListItem","position":2,"name":"Impressum"}]},{"@type":"WebSite","@id":"https:\/\/www3.tuhh.de\/vpl\/tabula\/#website","url":"https:\/\/www3.tuhh.de\/vpl\/tabula\/","name":"TaBuLa bis TaBuLa-LOGplus","description":"Kombinierter Personen- und Warentransport in automatisierten Shuttles","potentialAction":[{"@type":"SearchAction","target":{"@type":"EntryPoint","urlTemplate":"https:\/\/www3.tuhh.de\/vpl\/tabula\/?s={search_term_string}"},"query-input":{"@type":"PropertyValueSpecification","valueRequired":true,"valueName":"search_term_string"}}],"inLanguage":"de"}]}},"_links":{"self":[{"href":"https:\/\/www3.tuhh.de\/vpl\/tabula\/wp-json\/wp\/v2\/pages\/249","targetHints":{"allow":["GET"]}}],"collection":[{"href":"https:\/\/www3.tuhh.de\/vpl\/tabula\/wp-json\/wp\/v2\/pages"}],"about":[{"href":"https:\/\/www3.tuhh.de\/vpl\/tabula\/wp-json\/wp\/v2\/types\/page"}],"author":[{"embeddable":true,"href":"https:\/\/www3.tuhh.de\/vpl\/tabula\/wp-json\/wp\/v2\/users\/4"}],"replies":[{"embeddable":true,"href":"https:\/\/www3.tuhh.de\/vpl\/tabula\/wp-json\/wp\/v2\/comments?post=249"}],"version-history":[{"count":8,"href":"https:\/\/www3.tuhh.de\/vpl\/tabula\/wp-json\/wp\/v2\/pages\/249\/revisions"}],"predecessor-version":[{"id":275,"href":"https:\/\/www3.tuhh.de\/vpl\/tabula\/wp-json\/wp\/v2\/pages\/249\/revisions\/275"}],"wp:attachment":[{"href":"https:\/\/www3.tuhh.de\/vpl\/tabula\/wp-json\/wp\/v2\/media?parent=249"}],"curies":[{"name":"wp","href":"https:\/\/api.w.org\/{rel}","templated":true}]}}