{"id":27,"date":"2024-12-19T14:53:03","date_gmt":"2024-12-19T13:53:03","guid":{"rendered":"https:\/\/www3.tuhh.de\/vpl\/tabula\/?page_id=27"},"modified":"2026-02-10T14:12:07","modified_gmt":"2026-02-10T13:12:07","slug":"projekt-historie","status":"publish","type":"page","link":"https:\/\/www3.tuhh.de\/vpl\/tabula\/projekt-historie\/","title":{"rendered":"TaBuLA"},"content":{"rendered":"\n<h2 class=\"wp-block-heading\">Aufbau eines Testzentrums f\u00fcr automatisiert verkehrende Busse im Kreis Herzogtum Lauenburg<\/h2>\n\n\n\n<hr class=\"wp-block-separator has-alpha-channel-opacity\"\/>\n\n\n\n<div class=\"wp-block-media-text is-stacked-on-mobile\"><figure class=\"wp-block-media-text__media\"><img loading=\"lazy\" decoding=\"async\" width=\"295\" height=\"418\" src=\"http:\/\/www3.tuhh.de\/vpl\/tabula\/wp-content\/uploads\/sites\/7\/2026\/02\/Endbericht-des-Projektes-TaBuLa_2021_TUHH_W8_Seite_001-klein.jpg\" alt=\"Cover der Oublikation zum Forschungsbericht TaBuLa\" class=\"wp-image-328 size-full\" srcset=\"https:\/\/www3.tuhh.de\/vpl\/tabula\/wp-content\/uploads\/sites\/7\/2026\/02\/Endbericht-des-Projektes-TaBuLa_2021_TUHH_W8_Seite_001-klein.jpg 295w, https:\/\/www3.tuhh.de\/vpl\/tabula\/wp-content\/uploads\/sites\/7\/2026\/02\/Endbericht-des-Projektes-TaBuLa_2021_TUHH_W8_Seite_001-klein-212x300.jpg 212w\" sizes=\"auto, (max-width: 295px) 100vw, 295px\" \/><\/figure><div class=\"wp-block-media-text__content\">\n<p>Den Endbericht zum Projekt<br>TaBuLa<br>k\u00f6nnen Sie hier einsehen:<br>Technische Universit\u00e4t Hamburg (2021):<br><strong>Endbericht des Projektes<\/strong><br><strong>TaBuLa<\/strong>.<\/p>\n\n\n\n<p>Zitierlink: <a href=\"https:\/\/doi.org\/10.15480\/882.3611\">https:\/\/doi.org\/10.15480\/882.3611<\/a><\/p>\n\n\n\n<p>(Lizenz: <a href=\"https:\/\/creativecommons.org\/licenses\/by\/4.0\/\">https:\/\/creativecommons.org\/licenses\/by\/4.0\/<\/a>)<br><\/p>\n<\/div><\/div>\n\n\n\n<hr class=\"wp-block-separator has-alpha-channel-opacity\"\/>\n\n\n\n<div class=\"wp-block-media-text is-stacked-on-mobile\"><figure class=\"wp-block-media-text__media\"><img loading=\"lazy\" decoding=\"async\" width=\"300\" height=\"169\" src=\"http:\/\/www3.tuhh.de\/vpl\/tabula\/wp-content\/uploads\/sites\/7\/2024\/12\/teaser-08.300x0-is.jpg\" alt=\"Zeichnung des BusShuttles im Projekt TaBuLa\" class=\"wp-image-15 size-full\"\/><\/figure><div class=\"wp-block-media-text__content\">\n<p>Hier geht es zum <strong>Erkl\u00e4r-Video<\/strong> <br>des TaBuLa-Shuttles.<br>Ver\u00f6ffentlicht auf Youtube am 09.10.2019:<br><a href=\"https:\/\/www.youtube.com\/watch?v=4NQijiIR3f8\" target=\"_blank\" rel=\"noreferrer noopener\">https:\/\/www.youtube.com\/watch?v=4NQijiIR3f8<\/a><\/p>\n<\/div><\/div>\n\n\n\n<hr class=\"wp-block-separator has-alpha-channel-opacity\"\/>\n\n\n\n<h2 class=\"wp-block-heading\">Der Beginn im Jahr 2017<\/h2>\n\n\n\n<p>Ob historische Zentren von Kleinst\u00e4dten, gro\u00dffl\u00e4chige suburbane Eigenheimsiedlungen oder l\u00e4ndliche R\u00e4ume \u2013 viele Raumkategorien stellen den Betrieb des konventionellen \u00f6ffentlichen Personenverkehrs vor erhebliche Herausforderungen. Die Idee zum Projekt TaBuLa wurde im Jahr 2017 als m\u00f6gliche L\u00f6sung f\u00fcr die Besonderheiten im l\u00e4ndlichen Raum direkt vor Ort im Kreis Herzogtum Lauenburg geboren. Im Forschungsprojekt sollten Potenziale und Hemmnisse beim Einsatz automatisierter und vernetzter Fahrzeuge im \u00d6PNV untersucht werden, indem eine Testumgebung f\u00fcr autonome Busverkehre implementiert werden sollte. Diese wurde in der Stadt Lauenburg\/Elbe im Kreis Herzogtum Lauenburg aufgebaut, die exemplarisch f\u00fcr die Kategorie der Kleinst\u00e4dte in l\u00e4ndlich gepr\u00e4gten R\u00e4umen steht, damit die Projektergebnisse \u00fcbertragbar sind. Gleichzeitig bietet die Stadt Lauenburg\/Elbe spannende Herausforderungen, wie unregelm\u00e4\u00dfiges Gro\u00dfpflaster und schmale Gassen in der Altstadt, starke und lange Neigungen sowie eine vielbefahrene Bundesstra\u00dfe mit mehreren Ampeln. Auch die Interaktion des automatisierten Busses sollte im Rahmen von wissenschaftlichen Akzeptanz- und Begleitstudien mit Fahrg\u00e4sten und anderen Verkehrsteilnehmern ausgiebig untersucht werden.<\/p>\n\n\n\n<h2 class=\"wp-block-heading\">Die iterative Streckenimplementierung und Betriebsaufnahme in den Jahren 2019 und 2020<\/h2>\n\n\n\n<p>Nach der Bewilligung von F\u00f6rdermitteln im Jahr 2018 wurde als Abschluss eines europaweiten Teilnahmewettbewerbes im Juni 2019 zun\u00e4chst ein automatisiertes Fahrzeug nach Lauenburg gebracht. Das Shuttle der Firma NAVYA ist mit Hilfe von bordeigenen Akkus elektrisch angetrieben und besitzt f\u00fcr die besonderen Herausforderungen in Lauenburg einen Allradantrieb.<br>Zun\u00e4chst konnten der ZOB und der F\u00fcrstengarten in Lauenburg\/Elbe verbunden werden (Strecke 1). Anschlie\u00dfend wurde die Route um einen Abschnitt der Bundesstra\u00dfe B 5 \/ B 209 Berliner Stra\u00dfe mit zwei Lichtsignalanlagen erweitert (Strecke 2). In der letzten Stufe wurde die Ringlinie um die Unterstadt erg\u00e4nzt, so dass Altstadt und Oberstadt durch das Shuttle auf einer europaweit einzigartigen Strecke erschlossen wurden (Strecke 3). Fahrg\u00e4ste konnten seit Oktober 2019 kostenfrei zusteigen und das automatisierte Fahren erfahren. Das vorhandene Busliniennetz ist dabei in vollem Umfang erhalten geblieben und f\u00fcr den tempor\u00e4ren Probebetrieb um die dargestellte Fahrtroute und das Fahrzeug erg\u00e4nzt.<\/p>\n\n\n\n<figure class=\"wp-block-image\"><img decoding=\"async\" src=\"https:\/\/www.tabulashuttle.de\/site\/assets\/files\/1028\/tabula_201905_fahrwegkarte_rechte-vhh-agentur-boy-scaled.551x0-is.jpg\" alt=\"\"\/><\/figure>\n\n\n\n<h2 class=\"wp-block-heading\">Die Idee zur Weiterentwicklung ab 2019<\/h2>\n\n\n\n<p>Nachdem die Teststrecke f\u00fcr autonome Busverkehre unter realen Bedingungen errichtet und der Betrieb in den \u00d6PNV in Lauenburg\/Elbe implementiert wurde, kam die Idee auf, das Projekt TaBuLa um eine Logistikkomponente zu erweitern. Auch diese sollte dabei nat\u00fcrlich automatisiert sein. Ein Wandel vom traditionellen zum kombinierten System, bei dem Waren und Personen gemeinsam bef\u00f6rdert werden, verlangt nach neuen Mobilit\u00e4tskonzepten. Diese wurden von Januar 2020 auf dem im Projekt TaBuLa eingef\u00fchrten Testfeld unter dem Namen <strong>TaBuLa-LOG<\/strong> weiter erforscht. F\u00fcr TaBuLa-LOG ist neben Laura, einem Transportroboter, auch ein zweites Personenshuttle im Testzentrum in Lauenburg\/Elbe hinzugekommen.<br>Mehr zu TaBuLa-LOG erfahren Sie <strong><a href=\"https:\/\/www3.tuhh.de\/vpl\/tabula\/tabula-log\/\">hier<\/a><\/strong>.<\/p>\n\n\n\n<h2 class=\"wp-block-heading\">And the story goes on \u2026&nbsp;<\/h2>\n\n\n\n<p>Im Anschluss an den erfolgreichen Einsatz von Laura und den beiden Shuttles in Lauenburg\/Elbe, hat sich das Team hinter TaBuLa-LOG Gedanken gemacht, wie diese beiden Fahrzeuge miteinander vernetzt werden k\u00f6nnen. Im April 2022 wurde dann das Projekt <strong>TaBuLa-LOGplus<\/strong> gestartet, welches das Ziel hat, eine Leitstelle f\u00fcr den Transportroboter und einen konventionellen Linienbus aufzubauen (perspektivisch ein autonomes Shuttle). Diese soll dann die Grundlage f\u00fcr die effiziente Nutzung des kombinierten Systems sein und die \u00dcberwachung der Fahrzeuge erlauben. Erg\u00e4nzt wird das Ganze durch KI-basierte Methoden, welche die Koordinierung und Vernetzung optimieren, sowie Simulationen. Auch der Transportroboter Laura ist in diesem Projekt mit dabei und wird stetig weiterentwickelt.<br>Mehr zu TaBuLa-LOGplus erfahren Sie <strong><a href=\"https:\/\/www3.tuhh.de\/vpl\/tabula\/tabula-logplus\/\">hier<\/a><\/strong>.<\/p>\n","protected":false},"excerpt":{"rendered":"<p>Aufbau eines Testzentrums f\u00fcr automatisiert verkehrende Busse im Kreis Herzogtum Lauenburg Den Endbericht zum ProjektTaBuLak\u00f6nnen Sie hier einsehen:Technische Universit\u00e4t Hamburg (2021):Endbericht des ProjektesTaBuLa. Zitierlink: https:\/\/doi.org\/10.15480\/882.3611 (Lizenz: https:\/\/creativecommons.org\/licenses\/by\/4.0\/) Hier geht es zum Erkl\u00e4r-Video des TaBuLa-Shuttles.Ver\u00f6ffentlicht auf Youtube am 09.10.2019:https:\/\/www.youtube.com\/watch?v=4NQijiIR3f8 Der Beginn &hellip; <a href=\"https:\/\/www3.tuhh.de\/vpl\/tabula\/projekt-historie\/\">Weiterlesen <span class=\"meta-nav\">&rarr;<\/span><\/a><\/p>\n","protected":false},"author":4,"featured_media":18,"parent":0,"menu_order":0,"comment_status":"closed","ping_status":"closed","template":"","meta":{"footnotes":""},"class_list":["post-27","page","type-page","status-publish","has-post-thumbnail","hentry"],"yoast_head":"<!-- This site is optimized with the Yoast SEO plugin v26.9 - https:\/\/yoast.com\/product\/yoast-seo-wordpress\/ -->\n<title>TaBuLA - TaBuLa bis TaBuLa-LOGplus<\/title>\n<meta name=\"robots\" content=\"index, follow, max-snippet:-1, max-image-preview:large, max-video-preview:-1\" \/>\n<link rel=\"canonical\" href=\"https:\/\/www3.tuhh.de\/vpl\/tabula\/projekt-historie\/\" \/>\n<meta property=\"og:locale\" content=\"de_DE\" \/>\n<meta property=\"og:type\" content=\"article\" \/>\n<meta property=\"og:title\" content=\"TaBuLA - TaBuLa bis TaBuLa-LOGplus\" \/>\n<meta property=\"og:description\" content=\"Aufbau eines Testzentrums f\u00fcr automatisiert verkehrende Busse im Kreis Herzogtum Lauenburg Den Endbericht zum ProjektTaBuLak\u00f6nnen Sie hier einsehen:Technische Universit\u00e4t Hamburg (2021):Endbericht des ProjektesTaBuLa. Zitierlink: https:\/\/doi.org\/10.15480\/882.3611 (Lizenz: https:\/\/creativecommons.org\/licenses\/by\/4.0\/) Hier geht es zum Erkl\u00e4r-Video des TaBuLa-Shuttles.Ver\u00f6ffentlicht auf Youtube am 09.10.2019:https:\/\/www.youtube.com\/watch?v=4NQijiIR3f8 Der Beginn &hellip; Weiterlesen &rarr;\" \/>\n<meta property=\"og:url\" content=\"https:\/\/www3.tuhh.de\/vpl\/tabula\/projekt-historie\/\" \/>\n<meta property=\"og:site_name\" content=\"TaBuLa bis TaBuLa-LOGplus\" \/>\n<meta property=\"article:modified_time\" content=\"2026-02-10T13:12:07+00:00\" \/>\n<meta property=\"og:image\" content=\"http:\/\/www3.tuhh.de\/vpl\/tabula\/wp-content\/uploads\/sites\/7\/2024\/12\/cropped-tabulashuttle-im-fuerstengarten_quelle-alexander-greif.1151x.jpg\" \/>\n\t<meta property=\"og:image:width\" content=\"1000\" \/>\n\t<meta property=\"og:image:height\" content=\"287\" \/>\n\t<meta property=\"og:image:type\" content=\"image\/jpeg\" \/>\n<meta name=\"twitter:card\" content=\"summary_large_image\" \/>\n<meta name=\"twitter:label1\" content=\"Gesch\u00e4tzte Lesezeit\" \/>\n\t<meta name=\"twitter:data1\" content=\"5\u00a0Minuten\" \/>\n<script type=\"application\/ld+json\" class=\"yoast-schema-graph\">{\"@context\":\"https:\/\/schema.org\",\"@graph\":[{\"@type\":\"WebPage\",\"@id\":\"https:\/\/www3.tuhh.de\/vpl\/tabula\/projekt-historie\/\",\"url\":\"https:\/\/www3.tuhh.de\/vpl\/tabula\/projekt-historie\/\",\"name\":\"TaBuLA - TaBuLa bis TaBuLa-LOGplus\",\"isPartOf\":{\"@id\":\"https:\/\/www3.tuhh.de\/vpl\/tabula\/#website\"},\"primaryImageOfPage\":{\"@id\":\"https:\/\/www3.tuhh.de\/vpl\/tabula\/projekt-historie\/#primaryimage\"},\"image\":{\"@id\":\"https:\/\/www3.tuhh.de\/vpl\/tabula\/projekt-historie\/#primaryimage\"},\"thumbnailUrl\":\"https:\/\/www3.tuhh.de\/vpl\/tabula\/wp-content\/uploads\/sites\/7\/2024\/12\/cropped-tabulashuttle-im-fuerstengarten_quelle-alexander-greif.1151x.jpg\",\"datePublished\":\"2024-12-19T13:53:03+00:00\",\"dateModified\":\"2026-02-10T13:12:07+00:00\",\"breadcrumb\":{\"@id\":\"https:\/\/www3.tuhh.de\/vpl\/tabula\/projekt-historie\/#breadcrumb\"},\"inLanguage\":\"de\",\"potentialAction\":[{\"@type\":\"ReadAction\",\"target\":[\"https:\/\/www3.tuhh.de\/vpl\/tabula\/projekt-historie\/\"]}]},{\"@type\":\"ImageObject\",\"inLanguage\":\"de\",\"@id\":\"https:\/\/www3.tuhh.de\/vpl\/tabula\/projekt-historie\/#primaryimage\",\"url\":\"https:\/\/www3.tuhh.de\/vpl\/tabula\/wp-content\/uploads\/sites\/7\/2024\/12\/cropped-tabulashuttle-im-fuerstengarten_quelle-alexander-greif.1151x.jpg\",\"contentUrl\":\"https:\/\/www3.tuhh.de\/vpl\/tabula\/wp-content\/uploads\/sites\/7\/2024\/12\/cropped-tabulashuttle-im-fuerstengarten_quelle-alexander-greif.1151x.jpg\",\"width\":1000,\"height\":287,\"caption\":\"TaBuLashuttle in blau und rot im F\u00fcerstengarten. Quelle: Alexander Greif.\"},{\"@type\":\"BreadcrumbList\",\"@id\":\"https:\/\/www3.tuhh.de\/vpl\/tabula\/projekt-historie\/#breadcrumb\",\"itemListElement\":[{\"@type\":\"ListItem\",\"position\":1,\"name\":\"Startseite\",\"item\":\"https:\/\/www3.tuhh.de\/vpl\/tabula\/\"},{\"@type\":\"ListItem\",\"position\":2,\"name\":\"TaBuLA\"}]},{\"@type\":\"WebSite\",\"@id\":\"https:\/\/www3.tuhh.de\/vpl\/tabula\/#website\",\"url\":\"https:\/\/www3.tuhh.de\/vpl\/tabula\/\",\"name\":\"TaBuLa bis TaBuLa-LOGplus\",\"description\":\"Kombinierter Personen- und Warentransport in automatisierten Shuttles\",\"potentialAction\":[{\"@type\":\"SearchAction\",\"target\":{\"@type\":\"EntryPoint\",\"urlTemplate\":\"https:\/\/www3.tuhh.de\/vpl\/tabula\/?s={search_term_string}\"},\"query-input\":{\"@type\":\"PropertyValueSpecification\",\"valueRequired\":true,\"valueName\":\"search_term_string\"}}],\"inLanguage\":\"de\"}]}<\/script>\n<!-- \/ Yoast SEO plugin. -->","yoast_head_json":{"title":"TaBuLA - TaBuLa bis TaBuLa-LOGplus","robots":{"index":"index","follow":"follow","max-snippet":"max-snippet:-1","max-image-preview":"max-image-preview:large","max-video-preview":"max-video-preview:-1"},"canonical":"https:\/\/www3.tuhh.de\/vpl\/tabula\/projekt-historie\/","og_locale":"de_DE","og_type":"article","og_title":"TaBuLA - TaBuLa bis TaBuLa-LOGplus","og_description":"Aufbau eines Testzentrums f\u00fcr automatisiert verkehrende Busse im Kreis Herzogtum Lauenburg Den Endbericht zum ProjektTaBuLak\u00f6nnen Sie hier einsehen:Technische Universit\u00e4t Hamburg (2021):Endbericht des ProjektesTaBuLa. Zitierlink: https:\/\/doi.org\/10.15480\/882.3611 (Lizenz: https:\/\/creativecommons.org\/licenses\/by\/4.0\/) Hier geht es zum Erkl\u00e4r-Video des TaBuLa-Shuttles.Ver\u00f6ffentlicht auf Youtube am 09.10.2019:https:\/\/www.youtube.com\/watch?v=4NQijiIR3f8 Der Beginn &hellip; Weiterlesen &rarr;","og_url":"https:\/\/www3.tuhh.de\/vpl\/tabula\/projekt-historie\/","og_site_name":"TaBuLa bis TaBuLa-LOGplus","article_modified_time":"2026-02-10T13:12:07+00:00","og_image":[{"width":1000,"height":287,"url":"http:\/\/www3.tuhh.de\/vpl\/tabula\/wp-content\/uploads\/sites\/7\/2024\/12\/cropped-tabulashuttle-im-fuerstengarten_quelle-alexander-greif.1151x.jpg","type":"image\/jpeg"}],"twitter_card":"summary_large_image","twitter_misc":{"Gesch\u00e4tzte Lesezeit":"5\u00a0Minuten"},"schema":{"@context":"https:\/\/schema.org","@graph":[{"@type":"WebPage","@id":"https:\/\/www3.tuhh.de\/vpl\/tabula\/projekt-historie\/","url":"https:\/\/www3.tuhh.de\/vpl\/tabula\/projekt-historie\/","name":"TaBuLA - TaBuLa bis TaBuLa-LOGplus","isPartOf":{"@id":"https:\/\/www3.tuhh.de\/vpl\/tabula\/#website"},"primaryImageOfPage":{"@id":"https:\/\/www3.tuhh.de\/vpl\/tabula\/projekt-historie\/#primaryimage"},"image":{"@id":"https:\/\/www3.tuhh.de\/vpl\/tabula\/projekt-historie\/#primaryimage"},"thumbnailUrl":"https:\/\/www3.tuhh.de\/vpl\/tabula\/wp-content\/uploads\/sites\/7\/2024\/12\/cropped-tabulashuttle-im-fuerstengarten_quelle-alexander-greif.1151x.jpg","datePublished":"2024-12-19T13:53:03+00:00","dateModified":"2026-02-10T13:12:07+00:00","breadcrumb":{"@id":"https:\/\/www3.tuhh.de\/vpl\/tabula\/projekt-historie\/#breadcrumb"},"inLanguage":"de","potentialAction":[{"@type":"ReadAction","target":["https:\/\/www3.tuhh.de\/vpl\/tabula\/projekt-historie\/"]}]},{"@type":"ImageObject","inLanguage":"de","@id":"https:\/\/www3.tuhh.de\/vpl\/tabula\/projekt-historie\/#primaryimage","url":"https:\/\/www3.tuhh.de\/vpl\/tabula\/wp-content\/uploads\/sites\/7\/2024\/12\/cropped-tabulashuttle-im-fuerstengarten_quelle-alexander-greif.1151x.jpg","contentUrl":"https:\/\/www3.tuhh.de\/vpl\/tabula\/wp-content\/uploads\/sites\/7\/2024\/12\/cropped-tabulashuttle-im-fuerstengarten_quelle-alexander-greif.1151x.jpg","width":1000,"height":287,"caption":"TaBuLashuttle in blau und rot im F\u00fcerstengarten. Quelle: Alexander Greif."},{"@type":"BreadcrumbList","@id":"https:\/\/www3.tuhh.de\/vpl\/tabula\/projekt-historie\/#breadcrumb","itemListElement":[{"@type":"ListItem","position":1,"name":"Startseite","item":"https:\/\/www3.tuhh.de\/vpl\/tabula\/"},{"@type":"ListItem","position":2,"name":"TaBuLA"}]},{"@type":"WebSite","@id":"https:\/\/www3.tuhh.de\/vpl\/tabula\/#website","url":"https:\/\/www3.tuhh.de\/vpl\/tabula\/","name":"TaBuLa bis TaBuLa-LOGplus","description":"Kombinierter Personen- und Warentransport in automatisierten Shuttles","potentialAction":[{"@type":"SearchAction","target":{"@type":"EntryPoint","urlTemplate":"https:\/\/www3.tuhh.de\/vpl\/tabula\/?s={search_term_string}"},"query-input":{"@type":"PropertyValueSpecification","valueRequired":true,"valueName":"search_term_string"}}],"inLanguage":"de"}]}},"_links":{"self":[{"href":"https:\/\/www3.tuhh.de\/vpl\/tabula\/wp-json\/wp\/v2\/pages\/27","targetHints":{"allow":["GET"]}}],"collection":[{"href":"https:\/\/www3.tuhh.de\/vpl\/tabula\/wp-json\/wp\/v2\/pages"}],"about":[{"href":"https:\/\/www3.tuhh.de\/vpl\/tabula\/wp-json\/wp\/v2\/types\/page"}],"author":[{"embeddable":true,"href":"https:\/\/www3.tuhh.de\/vpl\/tabula\/wp-json\/wp\/v2\/users\/4"}],"replies":[{"embeddable":true,"href":"https:\/\/www3.tuhh.de\/vpl\/tabula\/wp-json\/wp\/v2\/comments?post=27"}],"version-history":[{"count":21,"href":"https:\/\/www3.tuhh.de\/vpl\/tabula\/wp-json\/wp\/v2\/pages\/27\/revisions"}],"predecessor-version":[{"id":334,"href":"https:\/\/www3.tuhh.de\/vpl\/tabula\/wp-json\/wp\/v2\/pages\/27\/revisions\/334"}],"wp:featuredmedia":[{"embeddable":true,"href":"https:\/\/www3.tuhh.de\/vpl\/tabula\/wp-json\/wp\/v2\/media\/18"}],"wp:attachment":[{"href":"https:\/\/www3.tuhh.de\/vpl\/tabula\/wp-json\/wp\/v2\/media?parent=27"}],"curies":[{"name":"wp","href":"https:\/\/api.w.org\/{rel}","templated":true}]}}