{"id":29,"date":"2024-12-19T14:53:39","date_gmt":"2024-12-19T13:53:39","guid":{"rendered":"https:\/\/www3.tuhh.de\/vpl\/tabula\/?page_id=29"},"modified":"2026-02-10T14:18:47","modified_gmt":"2026-02-10T13:18:47","slug":"tabula-log","status":"publish","type":"page","link":"https:\/\/www3.tuhh.de\/vpl\/tabula\/tabula-log\/","title":{"rendered":"TaBuLa-LOG"},"content":{"rendered":"\n<h1 class=\"wp-block-heading\">Kombinierter Personen- und Warentransport in automatisierten Shuttles<\/h1>\n\n\n\n<hr class=\"wp-block-separator has-alpha-channel-opacity\"\/>\n\n\n\n<p>Der Testbetrieb vor Ort in Lauenburg wurde zum 31.11.2021 eingestellt.<\/p>\n\n\n\n<hr class=\"wp-block-separator has-alpha-channel-opacity\"\/>\n\n\n\n<div class=\"wp-block-media-text is-stacked-on-mobile\"><figure class=\"wp-block-media-text__media\"><img loading=\"lazy\" decoding=\"async\" width=\"295\" height=\"418\" src=\"http:\/\/www3.tuhh.de\/vpl\/tabula\/wp-content\/uploads\/sites\/7\/2026\/02\/TaBuLa-LOG-Endbericht_Gertz-et-al_Hamburg-2022_11_07-3_Seite_001-klein.jpg\" alt=\"Cover der Pubikation des TaBuLa-LOG Berichtes\" class=\"wp-image-335 size-full\" srcset=\"https:\/\/www3.tuhh.de\/vpl\/tabula\/wp-content\/uploads\/sites\/7\/2026\/02\/TaBuLa-LOG-Endbericht_Gertz-et-al_Hamburg-2022_11_07-3_Seite_001-klein.jpg 295w, https:\/\/www3.tuhh.de\/vpl\/tabula\/wp-content\/uploads\/sites\/7\/2026\/02\/TaBuLa-LOG-Endbericht_Gertz-et-al_Hamburg-2022_11_07-3_Seite_001-klein-212x300.jpg 212w\" sizes=\"auto, (max-width: 295px) 100vw, 295px\" \/><\/figure><div class=\"wp-block-media-text__content\">\n<p>Den Ergebnisbericht zum Projekt TaBuLa-LOG k\u00f6nnen Sie hier einsehen:<br>Technische Universit\u00e4t Hamburg (2022): <strong>Endbericht des Projektes TaBuLa-LOG<\/strong>.<\/p>\n\n\n\n<p>Zitierlink: <a href=\"https:\/\/doi.org\/10.15480\/882.4536\" target=\"_blank\" rel=\"noreferrer noopener\">https:\/\/doi.org\/10.15480\/882.4536<\/a><\/p>\n<\/div><\/div>\n\n\n\n<hr class=\"wp-block-separator has-alpha-channel-opacity\"\/>\n\n\n\n<div class=\"wp-block-media-text is-stacked-on-mobile\"><figure class=\"wp-block-media-text__media\"><img loading=\"lazy\" decoding=\"async\" width=\"269\" height=\"151\" src=\"http:\/\/www3.tuhh.de\/vpl\/tabula\/wp-content\/uploads\/sites\/7\/2024\/12\/bild1.269x0-is.png\" alt=\"TaBuLa-LOG Shuttle und Roboter im Erkl\u00e4rvideo\" class=\"wp-image-4 size-full\"\/><\/figure><div class=\"wp-block-media-text__content\">\n<p>Eine kurze Einf\u00fchrung in das Projekt TaBuLa-Log liefert das nachfolgende Erkl\u00e4r-Video:<br><strong>TaBuLaShuttle &#8211; Testzentrum f\u00fcr automatisiert verkehrende Busse im Kreis Herzogtum Lauenburg | TUHH<\/strong><br>Ver\u00f6ffentlicht auf Youtube am 09.10.2019:<br><a href=\"https:\/\/www.youtube.com\/watch?v=4NQijiIR3f8\" target=\"_blank\" rel=\"noreferrer noopener\">https:\/\/www.youtube.com\/watch?v=4NQijiIR3f8<\/a><\/p>\n<\/div><\/div>\n\n\n\n<hr class=\"wp-block-separator has-alpha-channel-opacity\"\/>\n\n\n\n<h2 class=\"wp-block-heading\">Problemstellung<\/h2>\n\n\n\n<p>Bislang wurden Personen- und G\u00fcterverkehre meist getrennt voneinander betrachtet. Im Sinne einer nachhaltigen und zukunftsf\u00e4higen Mobilit\u00e4t, die unter anderem auf eine Reduzierung des Verkehrsaufkommens abzielt, sollen beide Verkehrsarten einer integrierten Betrachtung unterzogen werden. Ein Wandel vom traditionellen zum kombinierten System, bei dem Waren und Personen gemeinsam bef\u00f6rdert werden, verlangt nach neuen Mobilit\u00e4tskonzepten, die auf dem Testfeld unter Realbedingungen erforscht werden.<\/p>\n\n\n\n<h2 class=\"wp-block-heading\">Projektziel<\/h2>\n\n\n\n<p>Ziel des Projekts TaBuLa-LOG war die Integration eines Warentransportes durch einen Lieferroboter in einen bestehenden, automatisierten Busbetrieb des Projektes TaBuLa im \u00f6ffentlichen Raum der Stadt Lauenburg\/Elbe.<\/p>\n\n\n\n<h2 class=\"wp-block-heading\">Durchf\u00fchrung<\/h2>\n\n\n\n<p>In drei aufeinander aufbauenden Testszenarien wurde die Einbindung des Warentransports in den \u00f6ffentlichen Personennahverkehr des Bus-Shuttles entwickelt und erprobt. Eine im Projektverlauf entwickelte, automatisierte Schnittstelle, eine Transportroboterplattform, diente zur \u00dcbergabe der Ware. Dieser Transportroboter hei\u00dft Laura und wird <strong><a href=\"https:\/\/www3.tuhh.de\/vpl\/tabula\/laura\/\">hier<\/a><\/strong> genauer vorgestellt.<br>Die Wirkungen dieser Szenarien werden derzeit ausgewertet, um Ableitungen \u00fcber m\u00f6gliche weitere Anwendungsgebiete treffen zu k\u00f6nnen, aber auch Handlungsempfehlungen f\u00fcr st\u00e4dtische Organisationen, Verkehrsunternehmen und Technologiehersteller vorzunehmen.<\/p>\n\n\n\n<figure class=\"wp-block-image size-full\"><img loading=\"lazy\" decoding=\"async\" width=\"437\" height=\"354\" src=\"http:\/\/www3.tuhh.de\/vpl\/tabula\/wp-content\/uploads\/sites\/7\/2025\/01\/prozesse.png\" alt=\"Die drei Testszenarien im Projekt TaBuLa-LOG werden anhand von Piktogrammen visualisiert (Personen, P\u00e4ckchen, Shuttle-Bus, Transportroboter). Die unterschiedlichen Aspekte des manuellen, des shuttlebasierten und des automatisierten Transports werden in den Schritten der ersten Meile, des Hauptlaufs und der letzten Meile gezeigt.\" class=\"wp-image-296\" srcset=\"https:\/\/www3.tuhh.de\/vpl\/tabula\/wp-content\/uploads\/sites\/7\/2025\/01\/prozesse.png 437w, https:\/\/www3.tuhh.de\/vpl\/tabula\/wp-content\/uploads\/sites\/7\/2025\/01\/prozesse-300x243.png 300w, https:\/\/www3.tuhh.de\/vpl\/tabula\/wp-content\/uploads\/sites\/7\/2025\/01\/prozesse-370x300.png 370w\" sizes=\"auto, (max-width: 437px) 100vw, 437px\" \/><\/figure>\n","protected":false},"excerpt":{"rendered":"<p>Kombinierter Personen- und Warentransport in automatisierten Shuttles Der Testbetrieb vor Ort in Lauenburg wurde zum 31.11.2021 eingestellt. Den Ergebnisbericht zum Projekt TaBuLa-LOG k\u00f6nnen Sie hier einsehen:Technische Universit\u00e4t Hamburg (2022): Endbericht des Projektes TaBuLa-LOG. Zitierlink: https:\/\/doi.org\/10.15480\/882.4536 Eine kurze Einf\u00fchrung in das &hellip; <a href=\"https:\/\/www3.tuhh.de\/vpl\/tabula\/tabula-log\/\">Weiterlesen <span class=\"meta-nav\">&rarr;<\/span><\/a><\/p>\n","protected":false},"author":4,"featured_media":83,"parent":0,"menu_order":0,"comment_status":"closed","ping_status":"closed","template":"","meta":{"footnotes":""},"class_list":["post-29","page","type-page","status-publish","has-post-thumbnail","hentry"],"yoast_head":"<!-- This site is optimized with the Yoast SEO plugin v26.9 - https:\/\/yoast.com\/product\/yoast-seo-wordpress\/ -->\n<title>TaBuLa-LOG - TaBuLa bis TaBuLa-LOGplus<\/title>\n<meta name=\"robots\" content=\"index, follow, max-snippet:-1, max-image-preview:large, max-video-preview:-1\" \/>\n<link rel=\"canonical\" href=\"https:\/\/www3.tuhh.de\/vpl\/tabula\/tabula-log\/\" \/>\n<meta property=\"og:locale\" content=\"de_DE\" \/>\n<meta property=\"og:type\" content=\"article\" \/>\n<meta property=\"og:title\" content=\"TaBuLa-LOG - TaBuLa bis TaBuLa-LOGplus\" \/>\n<meta property=\"og:description\" content=\"Kombinierter Personen- und Warentransport in automatisierten Shuttles Der Testbetrieb vor Ort in Lauenburg wurde zum 31.11.2021 eingestellt. Den Ergebnisbericht zum Projekt TaBuLa-LOG k\u00f6nnen Sie hier einsehen:Technische Universit\u00e4t Hamburg (2022): Endbericht des Projektes TaBuLa-LOG. Zitierlink: https:\/\/doi.org\/10.15480\/882.4536 Eine kurze Einf\u00fchrung in das &hellip; Weiterlesen &rarr;\" \/>\n<meta property=\"og:url\" content=\"https:\/\/www3.tuhh.de\/vpl\/tabula\/tabula-log\/\" \/>\n<meta property=\"og:site_name\" content=\"TaBuLa bis TaBuLa-LOGplus\" \/>\n<meta property=\"article:modified_time\" content=\"2026-02-10T13:18:47+00:00\" \/>\n<meta property=\"og:image\" content=\"http:\/\/www3.tuhh.de\/vpl\/tabula\/wp-content\/uploads\/sites\/7\/2024\/12\/cropped-2020_11_16_PK_TaBuLa-Log-3_klein-1200x720-1.jpg\" \/>\n\t<meta property=\"og:image:width\" content=\"1000\" \/>\n\t<meta property=\"og:image:height\" content=\"286\" \/>\n\t<meta property=\"og:image:type\" content=\"image\/jpeg\" \/>\n<meta name=\"twitter:card\" content=\"summary_large_image\" \/>\n<meta name=\"twitter:label1\" content=\"Gesch\u00e4tzte Lesezeit\" \/>\n\t<meta name=\"twitter:data1\" content=\"3\u00a0Minuten\" \/>\n<script type=\"application\/ld+json\" class=\"yoast-schema-graph\">{\"@context\":\"https:\/\/schema.org\",\"@graph\":[{\"@type\":\"WebPage\",\"@id\":\"https:\/\/www3.tuhh.de\/vpl\/tabula\/tabula-log\/\",\"url\":\"https:\/\/www3.tuhh.de\/vpl\/tabula\/tabula-log\/\",\"name\":\"TaBuLa-LOG - TaBuLa bis TaBuLa-LOGplus\",\"isPartOf\":{\"@id\":\"https:\/\/www3.tuhh.de\/vpl\/tabula\/#website\"},\"primaryImageOfPage\":{\"@id\":\"https:\/\/www3.tuhh.de\/vpl\/tabula\/tabula-log\/#primaryimage\"},\"image\":{\"@id\":\"https:\/\/www3.tuhh.de\/vpl\/tabula\/tabula-log\/#primaryimage\"},\"thumbnailUrl\":\"https:\/\/www3.tuhh.de\/vpl\/tabula\/wp-content\/uploads\/sites\/7\/2024\/12\/cropped-2020_11_16_PK_TaBuLa-Log-3_klein-1200x720-1.jpg\",\"datePublished\":\"2024-12-19T13:53:39+00:00\",\"dateModified\":\"2026-02-10T13:18:47+00:00\",\"breadcrumb\":{\"@id\":\"https:\/\/www3.tuhh.de\/vpl\/tabula\/tabula-log\/#breadcrumb\"},\"inLanguage\":\"de\",\"potentialAction\":[{\"@type\":\"ReadAction\",\"target\":[\"https:\/\/www3.tuhh.de\/vpl\/tabula\/tabula-log\/\"]}]},{\"@type\":\"ImageObject\",\"inLanguage\":\"de\",\"@id\":\"https:\/\/www3.tuhh.de\/vpl\/tabula\/tabula-log\/#primaryimage\",\"url\":\"https:\/\/www3.tuhh.de\/vpl\/tabula\/wp-content\/uploads\/sites\/7\/2024\/12\/cropped-2020_11_16_PK_TaBuLa-Log-3_klein-1200x720-1.jpg\",\"contentUrl\":\"https:\/\/www3.tuhh.de\/vpl\/tabula\/wp-content\/uploads\/sites\/7\/2024\/12\/cropped-2020_11_16_PK_TaBuLa-Log-3_klein-1200x720-1.jpg\",\"width\":1000,\"height\":286},{\"@type\":\"BreadcrumbList\",\"@id\":\"https:\/\/www3.tuhh.de\/vpl\/tabula\/tabula-log\/#breadcrumb\",\"itemListElement\":[{\"@type\":\"ListItem\",\"position\":1,\"name\":\"Startseite\",\"item\":\"https:\/\/www3.tuhh.de\/vpl\/tabula\/\"},{\"@type\":\"ListItem\",\"position\":2,\"name\":\"TaBuLa-LOG\"}]},{\"@type\":\"WebSite\",\"@id\":\"https:\/\/www3.tuhh.de\/vpl\/tabula\/#website\",\"url\":\"https:\/\/www3.tuhh.de\/vpl\/tabula\/\",\"name\":\"TaBuLa bis TaBuLa-LOGplus\",\"description\":\"Kombinierter Personen- und Warentransport in automatisierten Shuttles\",\"potentialAction\":[{\"@type\":\"SearchAction\",\"target\":{\"@type\":\"EntryPoint\",\"urlTemplate\":\"https:\/\/www3.tuhh.de\/vpl\/tabula\/?s={search_term_string}\"},\"query-input\":{\"@type\":\"PropertyValueSpecification\",\"valueRequired\":true,\"valueName\":\"search_term_string\"}}],\"inLanguage\":\"de\"}]}<\/script>\n<!-- \/ Yoast SEO plugin. -->","yoast_head_json":{"title":"TaBuLa-LOG - TaBuLa bis TaBuLa-LOGplus","robots":{"index":"index","follow":"follow","max-snippet":"max-snippet:-1","max-image-preview":"max-image-preview:large","max-video-preview":"max-video-preview:-1"},"canonical":"https:\/\/www3.tuhh.de\/vpl\/tabula\/tabula-log\/","og_locale":"de_DE","og_type":"article","og_title":"TaBuLa-LOG - TaBuLa bis TaBuLa-LOGplus","og_description":"Kombinierter Personen- und Warentransport in automatisierten Shuttles Der Testbetrieb vor Ort in Lauenburg wurde zum 31.11.2021 eingestellt. Den Ergebnisbericht zum Projekt TaBuLa-LOG k\u00f6nnen Sie hier einsehen:Technische Universit\u00e4t Hamburg (2022): Endbericht des Projektes TaBuLa-LOG. Zitierlink: https:\/\/doi.org\/10.15480\/882.4536 Eine kurze Einf\u00fchrung in das &hellip; Weiterlesen &rarr;","og_url":"https:\/\/www3.tuhh.de\/vpl\/tabula\/tabula-log\/","og_site_name":"TaBuLa bis TaBuLa-LOGplus","article_modified_time":"2026-02-10T13:18:47+00:00","og_image":[{"width":1000,"height":286,"url":"http:\/\/www3.tuhh.de\/vpl\/tabula\/wp-content\/uploads\/sites\/7\/2024\/12\/cropped-2020_11_16_PK_TaBuLa-Log-3_klein-1200x720-1.jpg","type":"image\/jpeg"}],"twitter_card":"summary_large_image","twitter_misc":{"Gesch\u00e4tzte Lesezeit":"3\u00a0Minuten"},"schema":{"@context":"https:\/\/schema.org","@graph":[{"@type":"WebPage","@id":"https:\/\/www3.tuhh.de\/vpl\/tabula\/tabula-log\/","url":"https:\/\/www3.tuhh.de\/vpl\/tabula\/tabula-log\/","name":"TaBuLa-LOG - TaBuLa bis TaBuLa-LOGplus","isPartOf":{"@id":"https:\/\/www3.tuhh.de\/vpl\/tabula\/#website"},"primaryImageOfPage":{"@id":"https:\/\/www3.tuhh.de\/vpl\/tabula\/tabula-log\/#primaryimage"},"image":{"@id":"https:\/\/www3.tuhh.de\/vpl\/tabula\/tabula-log\/#primaryimage"},"thumbnailUrl":"https:\/\/www3.tuhh.de\/vpl\/tabula\/wp-content\/uploads\/sites\/7\/2024\/12\/cropped-2020_11_16_PK_TaBuLa-Log-3_klein-1200x720-1.jpg","datePublished":"2024-12-19T13:53:39+00:00","dateModified":"2026-02-10T13:18:47+00:00","breadcrumb":{"@id":"https:\/\/www3.tuhh.de\/vpl\/tabula\/tabula-log\/#breadcrumb"},"inLanguage":"de","potentialAction":[{"@type":"ReadAction","target":["https:\/\/www3.tuhh.de\/vpl\/tabula\/tabula-log\/"]}]},{"@type":"ImageObject","inLanguage":"de","@id":"https:\/\/www3.tuhh.de\/vpl\/tabula\/tabula-log\/#primaryimage","url":"https:\/\/www3.tuhh.de\/vpl\/tabula\/wp-content\/uploads\/sites\/7\/2024\/12\/cropped-2020_11_16_PK_TaBuLa-Log-3_klein-1200x720-1.jpg","contentUrl":"https:\/\/www3.tuhh.de\/vpl\/tabula\/wp-content\/uploads\/sites\/7\/2024\/12\/cropped-2020_11_16_PK_TaBuLa-Log-3_klein-1200x720-1.jpg","width":1000,"height":286},{"@type":"BreadcrumbList","@id":"https:\/\/www3.tuhh.de\/vpl\/tabula\/tabula-log\/#breadcrumb","itemListElement":[{"@type":"ListItem","position":1,"name":"Startseite","item":"https:\/\/www3.tuhh.de\/vpl\/tabula\/"},{"@type":"ListItem","position":2,"name":"TaBuLa-LOG"}]},{"@type":"WebSite","@id":"https:\/\/www3.tuhh.de\/vpl\/tabula\/#website","url":"https:\/\/www3.tuhh.de\/vpl\/tabula\/","name":"TaBuLa bis TaBuLa-LOGplus","description":"Kombinierter Personen- und Warentransport in automatisierten Shuttles","potentialAction":[{"@type":"SearchAction","target":{"@type":"EntryPoint","urlTemplate":"https:\/\/www3.tuhh.de\/vpl\/tabula\/?s={search_term_string}"},"query-input":{"@type":"PropertyValueSpecification","valueRequired":true,"valueName":"search_term_string"}}],"inLanguage":"de"}]}},"_links":{"self":[{"href":"https:\/\/www3.tuhh.de\/vpl\/tabula\/wp-json\/wp\/v2\/pages\/29","targetHints":{"allow":["GET"]}}],"collection":[{"href":"https:\/\/www3.tuhh.de\/vpl\/tabula\/wp-json\/wp\/v2\/pages"}],"about":[{"href":"https:\/\/www3.tuhh.de\/vpl\/tabula\/wp-json\/wp\/v2\/types\/page"}],"author":[{"embeddable":true,"href":"https:\/\/www3.tuhh.de\/vpl\/tabula\/wp-json\/wp\/v2\/users\/4"}],"replies":[{"embeddable":true,"href":"https:\/\/www3.tuhh.de\/vpl\/tabula\/wp-json\/wp\/v2\/comments?post=29"}],"version-history":[{"count":13,"href":"https:\/\/www3.tuhh.de\/vpl\/tabula\/wp-json\/wp\/v2\/pages\/29\/revisions"}],"predecessor-version":[{"id":337,"href":"https:\/\/www3.tuhh.de\/vpl\/tabula\/wp-json\/wp\/v2\/pages\/29\/revisions\/337"}],"wp:featuredmedia":[{"embeddable":true,"href":"https:\/\/www3.tuhh.de\/vpl\/tabula\/wp-json\/wp\/v2\/media\/83"}],"wp:attachment":[{"href":"https:\/\/www3.tuhh.de\/vpl\/tabula\/wp-json\/wp\/v2\/media?parent=29"}],"curies":[{"name":"wp","href":"https:\/\/api.w.org\/{rel}","templated":true}]}}