{"id":33,"date":"2024-12-19T14:54:32","date_gmt":"2024-12-19T13:54:32","guid":{"rendered":"https:\/\/www3.tuhh.de\/vpl\/tabula\/?page_id=33"},"modified":"2025-01-09T11:20:40","modified_gmt":"2025-01-09T10:20:40","slug":"team","status":"publish","type":"page","link":"https:\/\/www3.tuhh.de\/vpl\/tabula\/team\/","title":{"rendered":"Team"},"content":{"rendered":"\n<h1 class=\"wp-block-heading\">Projektpartner<\/h1>\n\n\n\n<div class=\"wp-block-media-text has-media-on-the-right is-stacked-on-mobile is-vertically-aligned-top\" style=\"grid-template-columns:auto 31%\"><div class=\"wp-block-media-text__content\">\n<p>Die <strong>Interlink GmbH <\/strong>leitet das Projekt TaBuLa-LOGplus zusammen mit dem VPL und \u00fcbernimmt dabei die Aufgabe der Projektkoordination. Sie ist verantwortlich f\u00fcr die&nbsp;Sicherung und Durchf\u00fchrung der Planung, Organisation, \u00dcberwachung und Steuerung aller Aspekte des Projekts.<\/p>\n<\/div><figure class=\"wp-block-media-text__media\"><img loading=\"lazy\" decoding=\"async\" width=\"1024\" height=\"279\" src=\"http:\/\/www3.tuhh.de\/vpl\/tabula\/wp-content\/uploads\/sites\/7\/2025\/01\/Logo-interlink-2-1024x279.jpg\" alt=\"Logo: Interlink GmbH\" class=\"wp-image-219 size-full\" srcset=\"https:\/\/www3.tuhh.de\/vpl\/tabula\/wp-content\/uploads\/sites\/7\/2025\/01\/Logo-interlink-2-1024x279.jpg 1024w, https:\/\/www3.tuhh.de\/vpl\/tabula\/wp-content\/uploads\/sites\/7\/2025\/01\/Logo-interlink-2-300x82.jpg 300w, https:\/\/www3.tuhh.de\/vpl\/tabula\/wp-content\/uploads\/sites\/7\/2025\/01\/Logo-interlink-2-768x210.jpg 768w, https:\/\/www3.tuhh.de\/vpl\/tabula\/wp-content\/uploads\/sites\/7\/2025\/01\/Logo-interlink-2-1536x419.jpg 1536w, https:\/\/www3.tuhh.de\/vpl\/tabula\/wp-content\/uploads\/sites\/7\/2025\/01\/Logo-interlink-2-2048x559.jpg 2048w, https:\/\/www3.tuhh.de\/vpl\/tabula\/wp-content\/uploads\/sites\/7\/2025\/01\/Logo-interlink-2-500x136.jpg 500w\" sizes=\"auto, (max-width: 1024px) 100vw, 1024px\" \/><\/figure><\/div>\n\n\n\n<div class=\"wp-block-media-text has-media-on-the-right is-stacked-on-mobile is-vertically-aligned-top\" style=\"grid-template-columns:auto 34%\"><div class=\"wp-block-media-text__content\">\n<p>Das <strong>Institut f\u00fcr Verkehrsplanung und Logistik<\/strong> (VPL) der Technischen Universit\u00e4t Hamburg war als wissenschaftlicher Partner und Projektkoordinator in TaBuLa und TaBuLa-LOG eingebunden. In TaBuLa-LOGplus obliegt dem VPL neben der Konsortialf\u00fchrerschaft auch die Projektkommunikation und die \u00d6ffentlichkeitsarbeit zusammen mit Interlink. Au\u00dferdem ist das VPL verantwortlich f\u00fcr die Entwicklung methodenbasierter Evaluationskonzepte zur Analyse von Nutzungseffekten und von Simulationen f\u00fcr Skalierungen und Flexibilisierung des Betriebs autonomer Roboter und der Personenbef\u00f6rderung in Richtung On-Demand-Verkehre.<\/p>\n<\/div><figure class=\"wp-block-media-text__media\"><img loading=\"lazy\" decoding=\"async\" width=\"556\" height=\"170\" src=\"http:\/\/www3.tuhh.de\/vpl\/tabula\/wp-content\/uploads\/sites\/7\/2025\/01\/w8-DE-Logo.jpg\" alt=\"Logo: Institut f\u00fcr Verkehrsplanung und Logistik\" class=\"wp-image-229 size-full\" srcset=\"https:\/\/www3.tuhh.de\/vpl\/tabula\/wp-content\/uploads\/sites\/7\/2025\/01\/w8-DE-Logo.jpg 556w, https:\/\/www3.tuhh.de\/vpl\/tabula\/wp-content\/uploads\/sites\/7\/2025\/01\/w8-DE-Logo-300x92.jpg 300w, https:\/\/www3.tuhh.de\/vpl\/tabula\/wp-content\/uploads\/sites\/7\/2025\/01\/w8-DE-Logo-500x153.jpg 500w\" sizes=\"auto, (max-width: 556px) 100vw, 556px\" \/><\/figure><\/div>\n\n\n\n<div class=\"wp-block-media-text has-media-on-the-right is-stacked-on-mobile is-vertically-aligned-top\" style=\"grid-template-columns:auto 29%\"><div class=\"wp-block-media-text__content\">\n<p>Das <strong>Institut f\u00fcr Technische Logistik<\/strong> (ITL) der Technischen Universit\u00e4t Hamburg ist in TaBuLa-LOG als wissenschaftlicher Partner hinzugekommen und \u00fcbernahm die Entwicklung von Laura. In TaBuLa-LOGplus \u00fcbernimmt das ITL die Weiterentwicklung von Laura und die Entwicklung der Leitstelle zur Kommunikation von Laura mit den Bussen.<\/p>\n<\/div><figure class=\"wp-block-media-text__media\"><img loading=\"lazy\" decoding=\"async\" width=\"893\" height=\"372\" src=\"http:\/\/www3.tuhh.de\/vpl\/tabula\/wp-content\/uploads\/sites\/7\/2025\/01\/deutsch_institute_of_logistics_engineering_-_prima_erlogo_-_schutzraum_-_dunkelblau_1.893x0-is.png\" alt=\"Institut f\u00fcr Technische Logistik (ITL)\" class=\"wp-image-233 size-full\" srcset=\"https:\/\/www3.tuhh.de\/vpl\/tabula\/wp-content\/uploads\/sites\/7\/2025\/01\/deutsch_institute_of_logistics_engineering_-_prima_erlogo_-_schutzraum_-_dunkelblau_1.893x0-is.png 893w, https:\/\/www3.tuhh.de\/vpl\/tabula\/wp-content\/uploads\/sites\/7\/2025\/01\/deutsch_institute_of_logistics_engineering_-_prima_erlogo_-_schutzraum_-_dunkelblau_1.893x0-is-300x125.png 300w, https:\/\/www3.tuhh.de\/vpl\/tabula\/wp-content\/uploads\/sites\/7\/2025\/01\/deutsch_institute_of_logistics_engineering_-_prima_erlogo_-_schutzraum_-_dunkelblau_1.893x0-is-768x320.png 768w, https:\/\/www3.tuhh.de\/vpl\/tabula\/wp-content\/uploads\/sites\/7\/2025\/01\/deutsch_institute_of_logistics_engineering_-_prima_erlogo_-_schutzraum_-_dunkelblau_1.893x0-is-500x208.png 500w\" sizes=\"auto, (max-width: 893px) 100vw, 893px\" \/><\/figure><\/div>\n\n\n\n<div class=\"wp-block-media-text has-media-on-the-right is-stacked-on-mobile is-vertically-aligned-top\" style=\"grid-template-columns:auto 20%\"><div class=\"wp-block-media-text__content\">\n<p>Die <strong>Palaimon GmbH<\/strong> ist in TaBuLa-LOGplus als Projektpartner hinzugekommen und \u00fcbernimmt die Entwicklung KI-basierter Methoden zur Umfelderkennung und unsicherheitsbehafteter Bedarfsprognosen.<\/p>\n<\/div><figure class=\"wp-block-media-text__media\"><img loading=\"lazy\" decoding=\"async\" width=\"100\" height=\"28\" src=\"http:\/\/www3.tuhh.de\/vpl\/tabula\/wp-content\/uploads\/sites\/7\/2025\/01\/palaimon_logo2000.100x0-is.png\" alt=\"Logo: Palaimon GmbH\" class=\"wp-image-211 size-full\"\/><\/figure><\/div>\n\n\n\n<h2 class=\"wp-block-heading\">Assoziierte Partner<\/h2>\n\n\n\n<div class=\"wp-block-media-text has-media-on-the-right is-stacked-on-mobile is-vertically-aligned-top\" style=\"grid-template-columns:auto 28%\"><div class=\"wp-block-media-text__content\">\n<p>Der <strong>Kreis Herzogtum Lauenburg<\/strong> ist als \u00d6PNV-Aufgabentr\u00e4ger von Beginn an Projektpartner.<\/p>\n<\/div><figure class=\"wp-block-media-text__media\"><img loading=\"lazy\" decoding=\"async\" width=\"400\" height=\"236\" src=\"http:\/\/www3.tuhh.de\/vpl\/tabula\/wp-content\/uploads\/sites\/7\/2025\/01\/logo_kreis_lauenburg.png\" alt=\"Logo: Kreis Herzogtum Lauenburg\" class=\"wp-image-126 size-full\" srcset=\"https:\/\/www3.tuhh.de\/vpl\/tabula\/wp-content\/uploads\/sites\/7\/2025\/01\/logo_kreis_lauenburg.png 400w, https:\/\/www3.tuhh.de\/vpl\/tabula\/wp-content\/uploads\/sites\/7\/2025\/01\/logo_kreis_lauenburg-300x177.png 300w\" sizes=\"auto, (max-width: 400px) 100vw, 400px\" \/><\/figure><\/div>\n\n\n\n<div class=\"wp-block-media-text has-media-on-the-right is-stacked-on-mobile is-vertically-aligned-top\" style=\"grid-template-columns:auto 18%\"><div class=\"wp-block-media-text__content\">\n<p>Die <strong>Stadt Lauenburg\/Elbe <\/strong>trat als assoziierter Projektpartner auf, welcher das eigene Stadtgebiet als Testregion zur Verf\u00fcgung stellte und neben dem Kreis als Stra\u00dfenbaulasttr\u00e4ger agierte.<\/p>\n<\/div><figure class=\"wp-block-media-text__media\"><img loading=\"lazy\" decoding=\"async\" width=\"90\" height=\"72\" src=\"http:\/\/www3.tuhh.de\/vpl\/tabula\/wp-content\/uploads\/sites\/7\/2025\/01\/logolauenburg-4farbig.90x0-is.jpg\" alt=\"Logo: Stadt Lauenburg\/Elbe\" class=\"wp-image-210 size-full\"\/><\/figure><\/div>\n\n\n\n<div class=\"wp-block-media-text has-media-on-the-right is-stacked-on-mobile is-vertically-aligned-top\" style=\"grid-template-columns:auto 18%\"><div class=\"wp-block-media-text__content\">\n<p>Die <strong>KION Group<\/strong> AG ber\u00e4t des Projektteam in Bezug auf Forschungsfragestellungen im Bereich der mobilen Robotik und gibt Feedback zu aktuellen technischen Entwicklungen.<\/p>\n<\/div><figure class=\"wp-block-media-text__media\"><img loading=\"lazy\" decoding=\"async\" width=\"100\" height=\"52\" src=\"http:\/\/www3.tuhh.de\/vpl\/tabula\/wp-content\/uploads\/sites\/7\/2025\/01\/kion_group_web_rgb_3color_size_m.100x0-is.png\" alt=\"Logo: KION Group AG\" class=\"wp-image-207 size-full\"\/><\/figure><\/div>\n\n\n\n<div class=\"wp-block-media-text has-media-on-the-right is-stacked-on-mobile is-vertically-aligned-top\" style=\"grid-template-columns:auto 17%\"><div class=\"wp-block-media-text__content\">\n<p>Die <strong>Yunex GmbH<\/strong> sorgte f\u00fcr die Aufr\u00fcstung der beiden Lichtsignalanlagen und begleitete das Projekt hinsichtlich der Vernetzung mit der Infrastruktur.<\/p>\n<\/div><figure class=\"wp-block-media-text__media\"><img loading=\"lazy\" decoding=\"async\" width=\"100\" height=\"61\" src=\"http:\/\/www3.tuhh.de\/vpl\/tabula\/wp-content\/uploads\/sites\/7\/2025\/01\/yunex-traffic-bg_kopie.100x0-is.png\" alt=\"Logo: Yunex GmbH\" class=\"wp-image-213 size-full\"\/><\/figure><\/div>\n","protected":false},"excerpt":{"rendered":"<p>Projektpartner Die Interlink GmbH leitet das Projekt TaBuLa-LOGplus zusammen mit dem VPL und \u00fcbernimmt dabei die Aufgabe der Projektkoordination. Sie ist verantwortlich f\u00fcr die&nbsp;Sicherung und Durchf\u00fchrung der Planung, Organisation, \u00dcberwachung und Steuerung aller Aspekte des Projekts. Das Institut f\u00fcr Verkehrsplanung &hellip; <a href=\"https:\/\/www3.tuhh.de\/vpl\/tabula\/team\/\">Weiterlesen <span class=\"meta-nav\">&rarr;<\/span><\/a><\/p>\n","protected":false},"author":4,"featured_media":100,"parent":0,"menu_order":0,"comment_status":"closed","ping_status":"closed","template":"","meta":{"footnotes":""},"class_list":["post-33","page","type-page","status-publish","has-post-thumbnail","hentry"],"yoast_head":"<!-- This site is optimized with the Yoast SEO plugin v26.9 - https:\/\/yoast.com\/product\/yoast-seo-wordpress\/ -->\n<title>Team - TaBuLa bis TaBuLa-LOGplus<\/title>\n<meta name=\"robots\" content=\"index, follow, max-snippet:-1, max-image-preview:large, max-video-preview:-1\" \/>\n<link rel=\"canonical\" href=\"https:\/\/www3.tuhh.de\/vpl\/tabula\/team\/\" \/>\n<meta property=\"og:locale\" content=\"de_DE\" \/>\n<meta property=\"og:type\" content=\"article\" \/>\n<meta property=\"og:title\" content=\"Team - TaBuLa bis TaBuLa-LOGplus\" \/>\n<meta property=\"og:description\" content=\"Projektpartner Die Interlink GmbH leitet das Projekt TaBuLa-LOGplus zusammen mit dem VPL und \u00fcbernimmt dabei die Aufgabe der Projektkoordination. Sie ist verantwortlich f\u00fcr die&nbsp;Sicherung und Durchf\u00fchrung der Planung, Organisation, \u00dcberwachung und Steuerung aller Aspekte des Projekts. Das Institut f\u00fcr Verkehrsplanung &hellip; Weiterlesen &rarr;\" \/>\n<meta property=\"og:url\" content=\"https:\/\/www3.tuhh.de\/vpl\/tabula\/team\/\" \/>\n<meta property=\"og:site_name\" content=\"TaBuLa bis TaBuLa-LOGplus\" \/>\n<meta property=\"article:modified_time\" content=\"2025-01-09T10:20:40+00:00\" \/>\n<meta property=\"og:image\" content=\"http:\/\/www3.tuhh.de\/vpl\/tabula\/wp-content\/uploads\/sites\/7\/2024\/12\/cropped-TaBuLa-LOG_IMGL0384_Gruppenfoto_Quelle-Julia-Stargardt_b.jpg\" \/>\n\t<meta property=\"og:image:width\" content=\"1000\" \/>\n\t<meta property=\"og:image:height\" content=\"287\" \/>\n\t<meta property=\"og:image:type\" content=\"image\/jpeg\" \/>\n<meta name=\"twitter:card\" content=\"summary_large_image\" \/>\n<meta name=\"twitter:label1\" content=\"Gesch\u00e4tzte Lesezeit\" \/>\n\t<meta name=\"twitter:data1\" content=\"4\u00a0Minuten\" \/>\n<script type=\"application\/ld+json\" class=\"yoast-schema-graph\">{\"@context\":\"https:\/\/schema.org\",\"@graph\":[{\"@type\":\"WebPage\",\"@id\":\"https:\/\/www3.tuhh.de\/vpl\/tabula\/team\/\",\"url\":\"https:\/\/www3.tuhh.de\/vpl\/tabula\/team\/\",\"name\":\"Team - TaBuLa bis TaBuLa-LOGplus\",\"isPartOf\":{\"@id\":\"https:\/\/www3.tuhh.de\/vpl\/tabula\/#website\"},\"primaryImageOfPage\":{\"@id\":\"https:\/\/www3.tuhh.de\/vpl\/tabula\/team\/#primaryimage\"},\"image\":{\"@id\":\"https:\/\/www3.tuhh.de\/vpl\/tabula\/team\/#primaryimage\"},\"thumbnailUrl\":\"https:\/\/www3.tuhh.de\/vpl\/tabula\/wp-content\/uploads\/sites\/7\/2024\/12\/cropped-TaBuLa-LOG_IMGL0384_Gruppenfoto_Quelle-Julia-Stargardt_b.jpg\",\"datePublished\":\"2024-12-19T13:54:32+00:00\",\"dateModified\":\"2025-01-09T10:20:40+00:00\",\"breadcrumb\":{\"@id\":\"https:\/\/www3.tuhh.de\/vpl\/tabula\/team\/#breadcrumb\"},\"inLanguage\":\"de\",\"potentialAction\":[{\"@type\":\"ReadAction\",\"target\":[\"https:\/\/www3.tuhh.de\/vpl\/tabula\/team\/\"]}]},{\"@type\":\"ImageObject\",\"inLanguage\":\"de\",\"@id\":\"https:\/\/www3.tuhh.de\/vpl\/tabula\/team\/#primaryimage\",\"url\":\"https:\/\/www3.tuhh.de\/vpl\/tabula\/wp-content\/uploads\/sites\/7\/2024\/12\/cropped-TaBuLa-LOG_IMGL0384_Gruppenfoto_Quelle-Julia-Stargardt_b.jpg\",\"contentUrl\":\"https:\/\/www3.tuhh.de\/vpl\/tabula\/wp-content\/uploads\/sites\/7\/2024\/12\/cropped-TaBuLa-LOG_IMGL0384_Gruppenfoto_Quelle-Julia-Stargardt_b.jpg\",\"width\":1000,\"height\":287},{\"@type\":\"BreadcrumbList\",\"@id\":\"https:\/\/www3.tuhh.de\/vpl\/tabula\/team\/#breadcrumb\",\"itemListElement\":[{\"@type\":\"ListItem\",\"position\":1,\"name\":\"Startseite\",\"item\":\"https:\/\/www3.tuhh.de\/vpl\/tabula\/\"},{\"@type\":\"ListItem\",\"position\":2,\"name\":\"Team\"}]},{\"@type\":\"WebSite\",\"@id\":\"https:\/\/www3.tuhh.de\/vpl\/tabula\/#website\",\"url\":\"https:\/\/www3.tuhh.de\/vpl\/tabula\/\",\"name\":\"TaBuLa bis TaBuLa-LOGplus\",\"description\":\"Kombinierter Personen- und Warentransport in automatisierten Shuttles\",\"potentialAction\":[{\"@type\":\"SearchAction\",\"target\":{\"@type\":\"EntryPoint\",\"urlTemplate\":\"https:\/\/www3.tuhh.de\/vpl\/tabula\/?s={search_term_string}\"},\"query-input\":{\"@type\":\"PropertyValueSpecification\",\"valueRequired\":true,\"valueName\":\"search_term_string\"}}],\"inLanguage\":\"de\"}]}<\/script>\n<!-- \/ Yoast SEO plugin. -->","yoast_head_json":{"title":"Team - TaBuLa bis TaBuLa-LOGplus","robots":{"index":"index","follow":"follow","max-snippet":"max-snippet:-1","max-image-preview":"max-image-preview:large","max-video-preview":"max-video-preview:-1"},"canonical":"https:\/\/www3.tuhh.de\/vpl\/tabula\/team\/","og_locale":"de_DE","og_type":"article","og_title":"Team - TaBuLa bis TaBuLa-LOGplus","og_description":"Projektpartner Die Interlink GmbH leitet das Projekt TaBuLa-LOGplus zusammen mit dem VPL und \u00fcbernimmt dabei die Aufgabe der Projektkoordination. Sie ist verantwortlich f\u00fcr die&nbsp;Sicherung und Durchf\u00fchrung der Planung, Organisation, \u00dcberwachung und Steuerung aller Aspekte des Projekts. Das Institut f\u00fcr Verkehrsplanung &hellip; Weiterlesen &rarr;","og_url":"https:\/\/www3.tuhh.de\/vpl\/tabula\/team\/","og_site_name":"TaBuLa bis TaBuLa-LOGplus","article_modified_time":"2025-01-09T10:20:40+00:00","og_image":[{"width":1000,"height":287,"url":"http:\/\/www3.tuhh.de\/vpl\/tabula\/wp-content\/uploads\/sites\/7\/2024\/12\/cropped-TaBuLa-LOG_IMGL0384_Gruppenfoto_Quelle-Julia-Stargardt_b.jpg","type":"image\/jpeg"}],"twitter_card":"summary_large_image","twitter_misc":{"Gesch\u00e4tzte Lesezeit":"4\u00a0Minuten"},"schema":{"@context":"https:\/\/schema.org","@graph":[{"@type":"WebPage","@id":"https:\/\/www3.tuhh.de\/vpl\/tabula\/team\/","url":"https:\/\/www3.tuhh.de\/vpl\/tabula\/team\/","name":"Team - TaBuLa bis TaBuLa-LOGplus","isPartOf":{"@id":"https:\/\/www3.tuhh.de\/vpl\/tabula\/#website"},"primaryImageOfPage":{"@id":"https:\/\/www3.tuhh.de\/vpl\/tabula\/team\/#primaryimage"},"image":{"@id":"https:\/\/www3.tuhh.de\/vpl\/tabula\/team\/#primaryimage"},"thumbnailUrl":"https:\/\/www3.tuhh.de\/vpl\/tabula\/wp-content\/uploads\/sites\/7\/2024\/12\/cropped-TaBuLa-LOG_IMGL0384_Gruppenfoto_Quelle-Julia-Stargardt_b.jpg","datePublished":"2024-12-19T13:54:32+00:00","dateModified":"2025-01-09T10:20:40+00:00","breadcrumb":{"@id":"https:\/\/www3.tuhh.de\/vpl\/tabula\/team\/#breadcrumb"},"inLanguage":"de","potentialAction":[{"@type":"ReadAction","target":["https:\/\/www3.tuhh.de\/vpl\/tabula\/team\/"]}]},{"@type":"ImageObject","inLanguage":"de","@id":"https:\/\/www3.tuhh.de\/vpl\/tabula\/team\/#primaryimage","url":"https:\/\/www3.tuhh.de\/vpl\/tabula\/wp-content\/uploads\/sites\/7\/2024\/12\/cropped-TaBuLa-LOG_IMGL0384_Gruppenfoto_Quelle-Julia-Stargardt_b.jpg","contentUrl":"https:\/\/www3.tuhh.de\/vpl\/tabula\/wp-content\/uploads\/sites\/7\/2024\/12\/cropped-TaBuLa-LOG_IMGL0384_Gruppenfoto_Quelle-Julia-Stargardt_b.jpg","width":1000,"height":287},{"@type":"BreadcrumbList","@id":"https:\/\/www3.tuhh.de\/vpl\/tabula\/team\/#breadcrumb","itemListElement":[{"@type":"ListItem","position":1,"name":"Startseite","item":"https:\/\/www3.tuhh.de\/vpl\/tabula\/"},{"@type":"ListItem","position":2,"name":"Team"}]},{"@type":"WebSite","@id":"https:\/\/www3.tuhh.de\/vpl\/tabula\/#website","url":"https:\/\/www3.tuhh.de\/vpl\/tabula\/","name":"TaBuLa bis TaBuLa-LOGplus","description":"Kombinierter Personen- und Warentransport in automatisierten Shuttles","potentialAction":[{"@type":"SearchAction","target":{"@type":"EntryPoint","urlTemplate":"https:\/\/www3.tuhh.de\/vpl\/tabula\/?s={search_term_string}"},"query-input":{"@type":"PropertyValueSpecification","valueRequired":true,"valueName":"search_term_string"}}],"inLanguage":"de"}]}},"_links":{"self":[{"href":"https:\/\/www3.tuhh.de\/vpl\/tabula\/wp-json\/wp\/v2\/pages\/33","targetHints":{"allow":["GET"]}}],"collection":[{"href":"https:\/\/www3.tuhh.de\/vpl\/tabula\/wp-json\/wp\/v2\/pages"}],"about":[{"href":"https:\/\/www3.tuhh.de\/vpl\/tabula\/wp-json\/wp\/v2\/types\/page"}],"author":[{"embeddable":true,"href":"https:\/\/www3.tuhh.de\/vpl\/tabula\/wp-json\/wp\/v2\/users\/4"}],"replies":[{"embeddable":true,"href":"https:\/\/www3.tuhh.de\/vpl\/tabula\/wp-json\/wp\/v2\/comments?post=33"}],"version-history":[{"count":18,"href":"https:\/\/www3.tuhh.de\/vpl\/tabula\/wp-json\/wp\/v2\/pages\/33\/revisions"}],"predecessor-version":[{"id":289,"href":"https:\/\/www3.tuhh.de\/vpl\/tabula\/wp-json\/wp\/v2\/pages\/33\/revisions\/289"}],"wp:featuredmedia":[{"embeddable":true,"href":"https:\/\/www3.tuhh.de\/vpl\/tabula\/wp-json\/wp\/v2\/media\/100"}],"wp:attachment":[{"href":"https:\/\/www3.tuhh.de\/vpl\/tabula\/wp-json\/wp\/v2\/media?parent=33"}],"curies":[{"name":"wp","href":"https:\/\/api.w.org\/{rel}","templated":true}]}}