{"id":71,"date":"2024-12-19T16:07:26","date_gmt":"2024-12-19T15:07:26","guid":{"rendered":"https:\/\/www3.tuhh.de\/vpl\/tabula\/?page_id=71"},"modified":"2025-01-06T11:15:08","modified_gmt":"2025-01-06T10:15:08","slug":"faq","status":"publish","type":"page","link":"https:\/\/www3.tuhh.de\/vpl\/tabula\/faq\/","title":{"rendered":"FAQ"},"content":{"rendered":"\n<h1 class=\"wp-block-heading\">Allgemeine Fragen zum Projekt:<\/h1>\n\n\n\n<h2 class=\"wp-block-heading\">1. Was bedeuten die Begriffe &#8218;TaBuLa&#8216;, &#8218;TaBuLa-LOG&#8216; bzw. &#8218;TaBuLa-LOGplus&#8216;?<\/h2>\n\n\n\n<p>TaBuLa ist die Abk\u00fcrzung f\u00fcr \u201e<strong>T<\/strong>estzentrum f\u00fcr <strong>a<\/strong>utonome <strong>Bu<\/strong>sse im Kreis Herzogtum <strong>La<\/strong>uenburg\u201c. Damit wird umschrieben, dass in einer Testumgebung im Kreis Herzogtum Lauenburg Tests f\u00fcr den Einsatz von automatisierten bzw. autonomen Bussen durchgef\u00fchrt wurden. Der Zusatz &#8222;LOG&#8220; steht f\u00fcr die Integration einer <strong>Log<\/strong>istik-Komponente in Form eines Transportroboters. Das \u201eplus\u201c kennzeichnet die dritte Phase des Projektes, in der die Vernetzung und Koordinierung der verschiedenen Vehikel durch eine zentrale Leitstelle geschaffen werden soll.<\/p>\n\n\n\n<h2 class=\"wp-block-heading\">2. Was waren die Projektziele?<\/h2>\n\n\n\n<p>Im Projekt TaBuLa wurden M\u00f6glichkeiten und Hindernisse des Einsatzes automatisierter und vernetzter Fahrzeuge im Nahverkehr untersucht. Dar\u00fcber hinaus erfolgte die Entwicklung eines Testfelds f\u00fcr automatisierte Busverkehre unter echten Verkehrsbedingungen.<\/p>\n\n\n\n<p>Mit TaBuLa-LOGplus soll der Automatisierungsgrad der eingesetzten Fahrzeuge (Vehikel) erh\u00f6ht, der Einsatz optimiert und die \u00dcberwachung durch eine Leitstelle realisiert werden.&nbsp;<\/p>\n\n\n\n<h2 class=\"wp-block-heading\">3. Wer waren die Projektpartner*innen und Unterst\u00fctzer*innen?<\/h2>\n\n\n\n<p>Alle Infos zum Projektteam sind <strong><a href=\"https:\/\/www3.tuhh.de\/vpl\/tabula\/team\/\">hier<\/a><\/strong> zu finden.<\/p>\n\n\n\n<h2 class=\"wp-block-heading\">4. Was ist der Unterschied zwischen dem autonomen und dem automatisierten Fahren?<\/h2>\n\n\n\n<p>Es gibt sechs verschiedene Level der Automatisierung, die beschreiben, welche Aufgaben das Fahrzeug \u00fcbernehmen kann. Beim (hoch-)automatisierten Fahren (Level 3) \u00fcbernimmt das Fahrzeug nur f\u00fcr ausgew\u00e4hlte Situationen die Steuerung und die Fahrt\u00fcberwachung. Beim vollautomatisierten (Level 4) oder autonomen Fahren (Level 5) \u00fcbernimmt das Fahrzeug die gesamte Steuerung und die Fahrt\u00fcberwachung in allen Situationen. Der*Die Fahrende wird zum*zur Passagier*in.<\/p>\n\n\n\n<h2 class=\"wp-block-heading\">5. Was kostet(e) das Projekt?<\/h2>\n\n\n\n<p>Das Projektvolumen von TaBuLa betrug 2,25 Mio. Euro, davon wurden 1,92 Mio. Euro durch das Bundesministerium f\u00fcr Verkehr und digitale Infrastruktur (BMVI) getragen.&nbsp;<\/p>\n\n\n\n<p>Das Projektvolumen von TaBuLa-LOG belief sich auf 1,99 Mio. Euro, davon wurden 1,79 Mio. Euro durch das Bundesministerium f\u00fcr Verkehr und digitale Infrastruktur (BMVI) getragen.&nbsp;<\/p>\n\n\n\n<p>Das Projektvolumen von TaBuLa-LOGplus bel\u00e4uft sich auf 1,99 Mio. Euro, davon wurden 1,84 Mio. Euro durch das Bundesministerium f\u00fcr Verkehr und digitale Infrastruktur (BMVI) getragen.&nbsp;<\/p>\n\n\n\n<h2 class=\"wp-block-heading\">6. Wie lange l\u00e4uft das Projekt TaBuLa-LOGplus?&nbsp;<\/h2>\n\n\n\n<p>Die offizielle Projektlaufzeit endet am 31.12.2024.&nbsp;<\/p>\n\n\n\n<h1 class=\"wp-block-heading\">Fragen zum TaBuLa-Shuttle:<\/h1>\n\n\n\n<h2 class=\"wp-block-heading\">1. Ist der Bus barrierefrei?<\/h2>\n\n\n\n<p>Die im TaBuLa und TaBuLa-LOG-Projekt eingesetzten Busse waren barrierefrei. Sie hatten keine Stufen im Fahrzeuginneren und besa\u00dfen eine ausfahrbare Rampe (belastbar bis 350 kg). Zudem wurden im Laufe des Projektes mehrere Haltestellen m\u00f6glichst so eingerichtet, dass ein nahezu niveaugleiches Einsteigen sichergestellt werden konnte.<\/p>\n\n\n\n<h2 class=\"wp-block-heading\">2. Wie schnell ist der Bus gefahren?<\/h2>\n\n\n\n<p>Die Bus-Shuttle in Lauenburg fuhren f\u00fcr das Projekt TaBuLa-LOG mit max. 18 km\/h.<\/p>\n\n\n\n<h2 class=\"wp-block-heading\">3. Wie wurde f\u00fcr die Sicherheit im Stra\u00dfenverkehr gesorgt?<\/h2>\n\n\n\n<p>Alle derzeit erh\u00e4ltlichen automatisierten Fahrzeuge verf\u00fcgen \u00fcber Kameras und Lidar-Sensoren. Lidar steht f\u00fcr \u201eLight detection and ranging\u201c. Das Lidar-System ist eine Art Scanner. Das Erkennen von Hindernissen in einem vorgegebenen Gefahrenbereich ist somit garantiert. Zudem fahren die Fahrzeuge passiv und reagieren bei jeder potenziellen Gefahrensituation sehr vorsichtig. Im Fahrzeug selber befindet sich immer ein Fahrzeugbegleiter, der die Funktion eines Fahrzeugf\u00fchrers \u00fcbernimmt.<\/p>\n\n\n\n<h2 class=\"wp-block-heading\">4. Wer war Betreiber des Kleinbusses?<\/h2>\n\n\n\n<p>Die Verkehrsbetriebe Hamburg-Holstein GmbH waren w\u00e4hrend des Projektzeitraumes Betreiber der automatisierten Kleinbusse (Shuttle).<\/p>\n\n\n\n<h1 class=\"wp-block-heading\">Fragen zum Fahrbetrieb:<\/h1>\n\n\n\n<h2 class=\"wp-block-heading\">1. Wie sind die Fahrzeiten \/ Wann f\u00e4hrt der Bus \/ Woher wei\u00df ich wann der Bus kommt?<\/h2>\n\n\n\n<p>Der Betrieb endete leider am 30.11.2021.<\/p>\n\n\n\n<h2 class=\"wp-block-heading\">2. Kostete die Mitfahrt Geld? \/ Was kostete eine Fahrkarte?<\/h2>\n\n\n\n<p>Da es sich um einen Testbetrieb gehandelt hat und das Projekt gef\u00f6rdert wurde, war die Mitfahrt f\u00fcr alle Fahrg\u00e4ste <strong>kostenlos<\/strong>.<\/p>\n\n\n\n<h2 class=\"wp-block-heading\">3. Bremst der Bus bei Hindernissen?\/ Weicht der Bus Hindernissen aus?<\/h2>\n\n\n\n<p>Bei pl\u00f6tzlich auftretenden Hindernissen bremst das Fahrzeug automatisch. Im Laufe des Projektes konnte stets nur ausgewichen werden, wenn die Begleitperson das Fahrzeug manuell bediente.<\/p>\n\n\n\n<h2 class=\"wp-block-heading\">4. Wird der Fahrbetrieb der Shuttles im Rahmen von TaBuLa-LOGplus wieder aufgenommen?&nbsp;<\/h2>\n\n\n\n<p>Der Weiterbetrieb der Shuttles hing von der F\u00f6rderung in einem weiteren F\u00f6rderprojekt au\u00dferhalb von TaBuLa-LOGplus ab. Leider konnten keine Mittel f\u00fcr den Weiterbetrieb akquiriert werden. Aus diesem Grund wird der Betrieb der automatisierten Shuttles nicht fortgesetzt. Zur Demonstration eines praktischen Szenarios werden im Projekt TaBuLa-LOGplus manuell gesteuerte Busse verwendet. Der Testbetrieb mit diesen Bussen und dem automatisierten Transportroboter ist in der zweiten Jahresh\u00e4lfte 2024 vorgesehen.<\/p>\n\n\n\n<h1 class=\"wp-block-heading\">Fragen zu rechtlichen Rahmenbedingungen und dem Einsatz von automatisierten Fahrzeugen:<\/h1>\n\n\n\n<h2 class=\"wp-block-heading\">1. Wo d\u00fcrfen automatisierte Fahrzeuge derzeit fahren?<\/h2>\n\n\n\n<p>Nach derzeitiger Rechtslage d\u00fcrfen hochautomatisiert oder autonom fahrende Fahrzeuge ohne Begleiter*in nur auf Privatgel\u00e4nde fahren, da dort die Stra\u00dfenverkehrsordnung nicht gilt. Dar\u00fcber hinaus ist ein Einsatz dort m\u00f6glich, wo die Stra\u00dfenverkehrsbeh\u00f6rden den Einsatz solcher Fahrzeuge \u00fcber eine Ausnahmegenehmigung regeln, wie in unserem Projekt. Mit der heutigen Gesetzeslage ist ein Einsatz auf \u00f6ffentlichen Stra\u00dfen grunds\u00e4tzlich nur m\u00f6glich, wenn eine Begleitperson (Operator\/Steward) das Fahrzeug jederzeit \u00fcbernehmen kann.<\/p>\n\n\n\n<h2 class=\"wp-block-heading\">2. Wo fahren automatisierte Fahrzeuge schon?<\/h2>\n\n\n\n<p>Hochautomatisierte Kleinbusse werden in mehreren Dutzend Testfeldern in Europa, Asien, Australien und Amerika eingesetzt. Einige Beispiele k\u00f6nnen Sie der <a href=\"https:\/\/www.vdv.de\/innovationslandkarte.aspx\" target=\"_blank\" rel=\"noreferrer noopener\"><strong>Innovationslandkarte<\/strong><\/a> &#8222;Autonomes Fahren im \u00d6PNV&#8220; entnehmen.<\/p>\n\n\n\n<h2 class=\"wp-block-heading\">3. Auf welchen rechtlichen Grundlagen basiert die Genehmigung von automatisierten Bussen?<\/h2>\n\n\n\n<p>Fahrzeugeinsatz: F\u00fcr den Einsatz von automatisierten Bussen mit Fahrg\u00e4sten im \u00f6ffentlichen Stra\u00dfenraum muss eine Zulassungserfordernis nach den Anforderungen aus Stra\u00dfenverkehrsgesetz (StVG), Stra\u00dfenverkehrszulassungsordnung (StVZO), Stra\u00dfenverkehrsordnung (StVO) und Fahrzeug-Zulassungsverordnung (FZV) erfolgen, weil es sich um Kraftfahrzeuge mit einer H\u00f6chstgeschwindigkeit von mehr als 6 km\/h handelt.<br>Personenbef\u00f6rderung: Hinzu kommen die Anforderungen aus dem Personenbef\u00f6rderungsgesetz (PBefG), das die entgeltliche oder gesch\u00e4ftsm\u00e4\u00dfige Bef\u00f6rderung von Personen regelt.<\/p>\n\n\n\n<h2 class=\"wp-block-heading\">4. Wer erteilte die Genehmigungen f\u00fcr den Einsatz des Busses in Lauenburg\/Elbe?<\/h2>\n\n\n\n<p>Fahrzeugeinsatz: Die erforderliche Einzelbetriebserlaubnis gem\u00e4\u00df \u00a721 StVZO wird von der zust\u00e4ndigen Genehmigungsbeh\u00f6rde erteilt, welche die nach Landesrecht zust\u00e4ndige Stelle am Ort des Unternehmenssitzes bzw. der beteiligten Niederlassung des Halters vom Fahrzeug ist. Vorzulegen ist daf\u00fcr ein Gutachten einer Technischen Pr\u00fcfstelle (z. B. T\u00dcV Nord Mobilit\u00e4t), die zum einen die technischen Vorschriften und zum anderen davon abweichende Ausnahmen gem. \u00a770 StVZO und \u00a747 FZV am konkreten Fahrzeug pr\u00fcft.<br>Voraussetzung f\u00fcr die Genehmigung ist au\u00dferdem der ausschlie\u00dfliche Betrieb auf der im Verfahren konkret angegeben Strecke. Im Rahmen des Verfahrens werden neben der genehmigenden Beh\u00f6rde u. a. betroffene Stra\u00dfenbaulasttr\u00e4ger, Kreise und Stadt beteiligt.<br>Personenbef\u00f6rderung: F\u00fcr die Genehmigung des Linienverkehrs (eine zwischen bestimmten Ausgangs- und Endpunkten eingerichtete regelm\u00e4\u00dfige Verkehrsverbindung, auf der Fahrg\u00e4ste an bestimmten Haltestellen ein- und aussteigen k\u00f6nnen) ist nach Personenbef\u00f6rderungsgesetz (PBefG) die zust\u00e4ndige Genehmigungsbeh\u00f6rde f\u00fcr den Ort der Leistungserbringung zust\u00e4ndig. Konkret werden die Antr\u00e4ge hierf\u00fcr vom Kreis Herzogtum Lauenburg in Ratzeburg und dem Ministerium f\u00fcr Wirtschaft, Verkehr, Arbeit, Technologie und Tourismus in Kiel bearbeitet.<\/p>\n\n\n\n<h2 class=\"wp-block-heading\">5. Stellte der Bus eine Konkurrenz des \u00f6ffentlichen Nahverkehrs oder eine Erg\u00e4nzung dar?<\/h2>\n\n\n\n<p>Der Testbetrieb stellte keine Konkurrenz f\u00fcr das Angebot des \u00f6ffentlichen Nahverkehrs in Lauenburg\/Elbe dar.<br>Die Erwartung allgemein ist, dass die bisher verf\u00fcgbaren Minibusse die Aufgaben der Feinerschlie\u00dfung und der letzten Meile \u00fcbernehmen werden und somit eine Erg\u00e4nzung bzw. sogar eine Attraktivit\u00e4tssteigerung des \u00f6ffentlichen Nahverkehrs darstellen k\u00f6nnen.<\/p>\n\n\n\n<h2 class=\"wp-block-heading\">6. Welche Auswirkungen haben Projekte wie TaBuLa auf das Berufsbild des Busfahrers?<\/h2>\n\n\n\n<p>TaBuLa war eines von mehreren F\u00f6rderprojekten mit automatisierten Minibussen. Diese Projekte finden in Testanwendungen statt, wo heute meist keine \u00f6ffentlichen Verkehre angeboten werden. Sie ersetzen also keine heute vorhandenen Verkehre.<br>Mittelfristig k\u00f6nnen die Minibusse gerade dort Verkehrsaufgaben \u00fcbernehmen, wo der konventionelle Bus aufgrund seines Antriebes, seiner Gr\u00f6\u00dfe oder einer unwirtschaftlichen Platzierung an seine Grenzen st\u00f6\u00dft. Auswirkungen auf das Berufsbild des Busfahrers sind jedoch zum jetzigen Zeitpunkt nicht zu erwarten.<\/p>\n\n\n\n<h1 class=\"wp-block-heading\">Fragen zu Laura, dem Transportroboter:<\/h1>\n\n\n\n<h2 class=\"wp-block-heading\">1. Wof\u00fcr steht &#8222;Laura&#8220;?<\/h2>\n\n\n\n<p>Laura steht f\u00fcr &#8222;<strong>L<\/strong>auenburgs <strong>A<\/strong>utomatisierte <strong>R<\/strong>oboter <strong>A<\/strong>uslieferung&#8220;.<\/p>\n\n\n\n<h2 class=\"wp-block-heading\">2. Wie gro\u00df ist Laura?<\/h2>\n\n\n\n<p>Laura ist ca. 51cm lang, 43cm breit sowie 62 cm hoch und hat ein Gewicht von ca. 50 kg.<\/p>\n\n\n\n<h2 class=\"wp-block-heading\">3. Wie schnell ist Laura gefahren?<\/h2>\n\n\n\n<p>Laura f\u00e4hrt maximal 6 km\/h, also in etwa Schrittgeschwindigkeit.<\/p>\n\n\n\n<h2 class=\"wp-block-heading\">4. Wurde Laura immer von einer Aufsichtsperson begleitet?<\/h2>\n\n\n\n<p>Ja, Laura wurde (und wird weiterhin) \u00fcber die gesamte Laufzeit der Projekte immer von einer Aufsichtsperson, einem \u201eBuddy\u201c, begleitet.<\/p>\n\n\n\n<h2 class=\"wp-block-heading\">5. Welche Daten ben\u00f6tigt Laura von der Umgebung?<\/h2>\n\n\n\n<p>Die wichtigsten Informationen f\u00fcr Laura sind die, die ihr erlauben festzustellen, wo sie sich gerade befindet. Daf\u00fcr werden unterschiedliche 3D Sensoren (Stereo-Kameras, Laserscanner) verwendet.<\/p>\n\n\n\n<h2 class=\"wp-block-heading\">6. Inwieweit musste die Infrastruktur angepasst werden? (ben\u00f6tigt der Bus z. B. Signale von der Ampel?)<\/h2>\n\n\n\n<p>F\u00fcr den Betrieb von Laura mussten keine technischen \u00c4nderungen an der Infrastruktur in Lauenburg vorgenommen werden. Sie hat aber das Podest, das einen barrierefreien Einstieg an der Shuttle-Haltestelle am Kirchplatz erlaubt, benutzt.<\/p>\n\n\n\n<h1 class=\"wp-block-heading\">Fragen zum Einsatz von Laura in Lauenburg:<\/h1>\n\n\n\n<h2 class=\"wp-block-heading\">1. Wie viele Transportroboter hat es in Lauenburg gegeben?<\/h2>\n\n\n\n<p>W\u00e4hrend des Projektes TaBuLa-LOG ist nur ein Roboter in Lauenburg gefahren. Es gibt aber noch einen zweiten in der Werkstatt des Instituts f\u00fcr Technische Logistik der TU Hamburg, an dem die Entwicklungsarbeit parallel zum Betrieb in Lauenburg fortgesetzt wurde. In TaBuLa-LOGplus gibt es keinen Regelbetrieb der Roboter.<\/p>\n\n\n\n<h2 class=\"wp-block-heading\">2. Konnte \u00fcber TaBuLa-LOG auch der Einkauf nach Hause oder eigene Waren transportiert werden?<\/h2>\n\n\n\n<p>Nein, Laura war ausschlie\u00dflich f\u00fcr die Post der Lauenburger Verwaltung zust\u00e4ndig.<\/p>\n\n\n\n<h2 class=\"wp-block-heading\">3. Wird Laura nach der Testphase auch woanders eingesetzt?<\/h2>\n\n\n\n<p>Es wird nat\u00fcrlich nach weiteren Einsatzgebieten f\u00fcr Laura gesucht, bisher gibt es dahingehend aber noch keine konkreten Pl\u00e4ne.<\/p>\n\n\n\n<h1 class=\"wp-block-heading\">Fragen zu Laura und dem Shuttle:<\/h1>\n\n\n\n<h2 class=\"wp-block-heading\">1. Wie viele Personen konnten im Shuttle und k\u00f6nnen im Linienbusmitfahren, wenn Laura mitgefahren ist?<\/h2>\n\n\n\n<p>Corona-bedingt konnten in letzter Zeit maximal 3 Personen mitfahren. Im Projekt TaBuLa-LOGplus wird Laura,&nbsp;aus entwicklungstechnischen Gr\u00fcnden, <strong>nicht<\/strong> im regul\u00e4ren Fahrgastbetrieb mitfahren. Das Ziel f\u00fcr die Zukunft ist, dass weiterhin die regul\u00e4re Fahrgastanzahl in Linienbussen bef\u00f6rdert werden kann und Laura (bzw. Transportroboter im Allgemeinen) im Mehrzweckbereich des Busses platziert wird.<\/p>\n\n\n\n<h2 class=\"wp-block-heading\">2. Wie sicher war der Transport von Laura im Shuttle?<\/h2>\n\n\n\n<p>Das Thema Sicherheit ist ein sehr wichtiger Bestandteil der Entwicklung von Laura und die Fahrt im Shuttle oder im Linienbus spielt da nat\u00fcrlich auch eine gro\u00dfe Rolle. Um einen sicheren Betrieb zu gew\u00e4hrleisten, wurde in der Entwicklungsphase in Zusammenarbeit mit dem T\u00dcV Nord eine Risikoanalyse und ein Sicherheitskonzept erstellt und anschlie\u00dfend vom T\u00dcV gepr\u00fcft. Beispielsweise ist im Fall einer Notfallbremsung der Transportroboter gesichert, sodass der Schutz der Mitfahrenden zu jeder Zeit gew\u00e4hrleistet ist.&nbsp;<\/p>\n","protected":false},"excerpt":{"rendered":"<p>Allgemeine Fragen zum Projekt: 1. Was bedeuten die Begriffe &#8218;TaBuLa&#8216;, &#8218;TaBuLa-LOG&#8216; bzw. &#8218;TaBuLa-LOGplus&#8216;? TaBuLa ist die Abk\u00fcrzung f\u00fcr \u201eTestzentrum f\u00fcr autonome Busse im Kreis Herzogtum Lauenburg\u201c. Damit wird umschrieben, dass in einer Testumgebung im Kreis Herzogtum Lauenburg Tests f\u00fcr den &hellip; <a href=\"https:\/\/www3.tuhh.de\/vpl\/tabula\/faq\/\">Weiterlesen <span class=\"meta-nav\">&rarr;<\/span><\/a><\/p>\n","protected":false},"author":4,"featured_media":0,"parent":0,"menu_order":0,"comment_status":"closed","ping_status":"closed","template":"","meta":{"footnotes":""},"class_list":["post-71","page","type-page","status-publish","hentry"],"yoast_head":"<!-- This site is optimized with the Yoast SEO plugin v26.9 - https:\/\/yoast.com\/product\/yoast-seo-wordpress\/ -->\n<title>FAQ - TaBuLa bis TaBuLa-LOGplus<\/title>\n<meta name=\"robots\" content=\"index, follow, max-snippet:-1, max-image-preview:large, max-video-preview:-1\" \/>\n<link rel=\"canonical\" href=\"https:\/\/www3.tuhh.de\/vpl\/tabula\/faq\/\" \/>\n<meta property=\"og:locale\" content=\"de_DE\" \/>\n<meta property=\"og:type\" content=\"article\" \/>\n<meta property=\"og:title\" content=\"FAQ - TaBuLa bis TaBuLa-LOGplus\" \/>\n<meta property=\"og:description\" content=\"Allgemeine Fragen zum Projekt: 1. Was bedeuten die Begriffe &#8218;TaBuLa&#8216;, &#8218;TaBuLa-LOG&#8216; bzw. &#8218;TaBuLa-LOGplus&#8216;? TaBuLa ist die Abk\u00fcrzung f\u00fcr \u201eTestzentrum f\u00fcr autonome Busse im Kreis Herzogtum Lauenburg\u201c. Damit wird umschrieben, dass in einer Testumgebung im Kreis Herzogtum Lauenburg Tests f\u00fcr den &hellip; Weiterlesen &rarr;\" \/>\n<meta property=\"og:url\" content=\"https:\/\/www3.tuhh.de\/vpl\/tabula\/faq\/\" \/>\n<meta property=\"og:site_name\" content=\"TaBuLa bis TaBuLa-LOGplus\" \/>\n<meta property=\"article:modified_time\" content=\"2025-01-06T10:15:08+00:00\" \/>\n<meta name=\"twitter:card\" content=\"summary_large_image\" \/>\n<meta name=\"twitter:label1\" content=\"Gesch\u00e4tzte Lesezeit\" \/>\n\t<meta name=\"twitter:data1\" content=\"9\u00a0Minuten\" \/>\n<script type=\"application\/ld+json\" class=\"yoast-schema-graph\">{\"@context\":\"https:\/\/schema.org\",\"@graph\":[{\"@type\":\"WebPage\",\"@id\":\"https:\/\/www3.tuhh.de\/vpl\/tabula\/faq\/\",\"url\":\"https:\/\/www3.tuhh.de\/vpl\/tabula\/faq\/\",\"name\":\"FAQ - TaBuLa bis TaBuLa-LOGplus\",\"isPartOf\":{\"@id\":\"https:\/\/www3.tuhh.de\/vpl\/tabula\/#website\"},\"datePublished\":\"2024-12-19T15:07:26+00:00\",\"dateModified\":\"2025-01-06T10:15:08+00:00\",\"breadcrumb\":{\"@id\":\"https:\/\/www3.tuhh.de\/vpl\/tabula\/faq\/#breadcrumb\"},\"inLanguage\":\"de\",\"potentialAction\":[{\"@type\":\"ReadAction\",\"target\":[\"https:\/\/www3.tuhh.de\/vpl\/tabula\/faq\/\"]}]},{\"@type\":\"BreadcrumbList\",\"@id\":\"https:\/\/www3.tuhh.de\/vpl\/tabula\/faq\/#breadcrumb\",\"itemListElement\":[{\"@type\":\"ListItem\",\"position\":1,\"name\":\"Startseite\",\"item\":\"https:\/\/www3.tuhh.de\/vpl\/tabula\/\"},{\"@type\":\"ListItem\",\"position\":2,\"name\":\"FAQ\"}]},{\"@type\":\"WebSite\",\"@id\":\"https:\/\/www3.tuhh.de\/vpl\/tabula\/#website\",\"url\":\"https:\/\/www3.tuhh.de\/vpl\/tabula\/\",\"name\":\"TaBuLa bis TaBuLa-LOGplus\",\"description\":\"Kombinierter Personen- und Warentransport in automatisierten Shuttles\",\"potentialAction\":[{\"@type\":\"SearchAction\",\"target\":{\"@type\":\"EntryPoint\",\"urlTemplate\":\"https:\/\/www3.tuhh.de\/vpl\/tabula\/?s={search_term_string}\"},\"query-input\":{\"@type\":\"PropertyValueSpecification\",\"valueRequired\":true,\"valueName\":\"search_term_string\"}}],\"inLanguage\":\"de\"}]}<\/script>\n<!-- \/ Yoast SEO plugin. -->","yoast_head_json":{"title":"FAQ - TaBuLa bis TaBuLa-LOGplus","robots":{"index":"index","follow":"follow","max-snippet":"max-snippet:-1","max-image-preview":"max-image-preview:large","max-video-preview":"max-video-preview:-1"},"canonical":"https:\/\/www3.tuhh.de\/vpl\/tabula\/faq\/","og_locale":"de_DE","og_type":"article","og_title":"FAQ - TaBuLa bis TaBuLa-LOGplus","og_description":"Allgemeine Fragen zum Projekt: 1. Was bedeuten die Begriffe &#8218;TaBuLa&#8216;, &#8218;TaBuLa-LOG&#8216; bzw. &#8218;TaBuLa-LOGplus&#8216;? TaBuLa ist die Abk\u00fcrzung f\u00fcr \u201eTestzentrum f\u00fcr autonome Busse im Kreis Herzogtum Lauenburg\u201c. Damit wird umschrieben, dass in einer Testumgebung im Kreis Herzogtum Lauenburg Tests f\u00fcr den &hellip; Weiterlesen &rarr;","og_url":"https:\/\/www3.tuhh.de\/vpl\/tabula\/faq\/","og_site_name":"TaBuLa bis TaBuLa-LOGplus","article_modified_time":"2025-01-06T10:15:08+00:00","twitter_card":"summary_large_image","twitter_misc":{"Gesch\u00e4tzte Lesezeit":"9\u00a0Minuten"},"schema":{"@context":"https:\/\/schema.org","@graph":[{"@type":"WebPage","@id":"https:\/\/www3.tuhh.de\/vpl\/tabula\/faq\/","url":"https:\/\/www3.tuhh.de\/vpl\/tabula\/faq\/","name":"FAQ - TaBuLa bis TaBuLa-LOGplus","isPartOf":{"@id":"https:\/\/www3.tuhh.de\/vpl\/tabula\/#website"},"datePublished":"2024-12-19T15:07:26+00:00","dateModified":"2025-01-06T10:15:08+00:00","breadcrumb":{"@id":"https:\/\/www3.tuhh.de\/vpl\/tabula\/faq\/#breadcrumb"},"inLanguage":"de","potentialAction":[{"@type":"ReadAction","target":["https:\/\/www3.tuhh.de\/vpl\/tabula\/faq\/"]}]},{"@type":"BreadcrumbList","@id":"https:\/\/www3.tuhh.de\/vpl\/tabula\/faq\/#breadcrumb","itemListElement":[{"@type":"ListItem","position":1,"name":"Startseite","item":"https:\/\/www3.tuhh.de\/vpl\/tabula\/"},{"@type":"ListItem","position":2,"name":"FAQ"}]},{"@type":"WebSite","@id":"https:\/\/www3.tuhh.de\/vpl\/tabula\/#website","url":"https:\/\/www3.tuhh.de\/vpl\/tabula\/","name":"TaBuLa bis TaBuLa-LOGplus","description":"Kombinierter Personen- und Warentransport in automatisierten Shuttles","potentialAction":[{"@type":"SearchAction","target":{"@type":"EntryPoint","urlTemplate":"https:\/\/www3.tuhh.de\/vpl\/tabula\/?s={search_term_string}"},"query-input":{"@type":"PropertyValueSpecification","valueRequired":true,"valueName":"search_term_string"}}],"inLanguage":"de"}]}},"_links":{"self":[{"href":"https:\/\/www3.tuhh.de\/vpl\/tabula\/wp-json\/wp\/v2\/pages\/71","targetHints":{"allow":["GET"]}}],"collection":[{"href":"https:\/\/www3.tuhh.de\/vpl\/tabula\/wp-json\/wp\/v2\/pages"}],"about":[{"href":"https:\/\/www3.tuhh.de\/vpl\/tabula\/wp-json\/wp\/v2\/types\/page"}],"author":[{"embeddable":true,"href":"https:\/\/www3.tuhh.de\/vpl\/tabula\/wp-json\/wp\/v2\/users\/4"}],"replies":[{"embeddable":true,"href":"https:\/\/www3.tuhh.de\/vpl\/tabula\/wp-json\/wp\/v2\/comments?post=71"}],"version-history":[{"count":4,"href":"https:\/\/www3.tuhh.de\/vpl\/tabula\/wp-json\/wp\/v2\/pages\/71\/revisions"}],"predecessor-version":[{"id":278,"href":"https:\/\/www3.tuhh.de\/vpl\/tabula\/wp-json\/wp\/v2\/pages\/71\/revisions\/278"}],"wp:attachment":[{"href":"https:\/\/www3.tuhh.de\/vpl\/tabula\/wp-json\/wp\/v2\/media?parent=71"}],"curies":[{"name":"wp","href":"https:\/\/api.w.org\/{rel}","templated":true}]}}