{"id":73,"date":"2024-12-19T16:10:46","date_gmt":"2024-12-19T15:10:46","guid":{"rendered":"https:\/\/www3.tuhh.de\/vpl\/tabula\/?page_id=73"},"modified":"2025-01-09T11:12:52","modified_gmt":"2025-01-09T10:12:52","slug":"kontakt","status":"publish","type":"page","link":"https:\/\/www3.tuhh.de\/vpl\/tabula\/kontakt\/","title":{"rendered":"Kontakt"},"content":{"rendered":"\n<h1 class=\"wp-block-heading\"><strong>Ansprechpartner<\/strong><\/h1>\n\n\n\n<p><strong>Prof. Dr.-Ing. Carsten Gertz (Projektleitung)<\/strong><br>Tel.: (+49) 40 428 78 \u2013 3518<br><strong>Dipl.-Ing. Jacqueline Maa\u00df (Projektkoordination)<\/strong><br><a href=\"mailto:tabula@tuhh.de\">tabula@tuhh.de<\/a><\/p>\n\n\n\n<p>Technische Universit\u00e4t Hamburg (TUHH)<br><a href=\"https:\/\/www.tuhh.de\/vpl\" target=\"_blank\" rel=\"noreferrer noopener\">Institut f\u00fcr Verkehrsplanung und Logistik (W-8)<\/a><br>Am Schwarzenberg-Campus 3<br>21073 Hamburg<\/p>\n\n\n\n<p><a href=\"\"><\/a><\/p>\n\n\n\n<p><strong>Tobias Frohnert (Pressesprecher)<\/strong><br>Tel.: (+49) 4541 888 \u2013 206<br><a href=\"mailto:pressestelle@kreis-rz.de\">pressestelle@kreis-rz.de<\/a><\/p>\n\n\n\n<p>Kreis Herzogtum Lauenburg<br>Fachdienst Presse- und \u00d6ffentlichkeitsarbeit<br>Barlachstra\u00dfe 2<br>23909 Ratzeburg<\/p>\n","protected":false},"excerpt":{"rendered":"<p>Ansprechpartner Prof. Dr.-Ing. Carsten Gertz (Projektleitung)Tel.: (+49) 40 428 78 \u2013 3518Dipl.-Ing. Jacqueline Maa\u00df (Projektkoordination)tabula@tuhh.de Technische Universit\u00e4t Hamburg (TUHH)Institut f\u00fcr Verkehrsplanung und Logistik (W-8)Am Schwarzenberg-Campus 321073 Hamburg Tobias Frohnert (Pressesprecher)Tel.: (+49) 4541 888 \u2013 206pressestelle@kreis-rz.de Kreis Herzogtum LauenburgFachdienst Presse- und &hellip; <a href=\"https:\/\/www3.tuhh.de\/vpl\/tabula\/kontakt\/\">Weiterlesen <span class=\"meta-nav\">&rarr;<\/span><\/a><\/p>\n","protected":false},"author":4,"featured_media":0,"parent":0,"menu_order":0,"comment_status":"closed","ping_status":"closed","template":"","meta":{"footnotes":""},"class_list":["post-73","page","type-page","status-publish","hentry"],"yoast_head":"<!-- This site is optimized with the Yoast SEO plugin v26.9 - https:\/\/yoast.com\/product\/yoast-seo-wordpress\/ -->\n<title>Kontakt - TaBuLa bis TaBuLa-LOGplus<\/title>\n<meta name=\"robots\" content=\"index, follow, max-snippet:-1, max-image-preview:large, max-video-preview:-1\" \/>\n<link rel=\"canonical\" href=\"https:\/\/www3.tuhh.de\/vpl\/tabula\/kontakt\/\" \/>\n<meta property=\"og:locale\" content=\"de_DE\" \/>\n<meta property=\"og:type\" content=\"article\" \/>\n<meta property=\"og:title\" content=\"Kontakt - TaBuLa bis TaBuLa-LOGplus\" \/>\n<meta property=\"og:description\" content=\"Ansprechpartner Prof. Dr.-Ing. Carsten Gertz (Projektleitung)Tel.: (+49) 40 428 78 \u2013 3518Dipl.-Ing. Jacqueline Maa\u00df (Projektkoordination)tabula@tuhh.de Technische Universit\u00e4t Hamburg (TUHH)Institut f\u00fcr Verkehrsplanung und Logistik (W-8)Am Schwarzenberg-Campus 321073 Hamburg Tobias Frohnert (Pressesprecher)Tel.: (+49) 4541 888 \u2013 206pressestelle@kreis-rz.de Kreis Herzogtum LauenburgFachdienst Presse- und &hellip; Weiterlesen &rarr;\" \/>\n<meta property=\"og:url\" content=\"https:\/\/www3.tuhh.de\/vpl\/tabula\/kontakt\/\" \/>\n<meta property=\"og:site_name\" content=\"TaBuLa bis TaBuLa-LOGplus\" \/>\n<meta property=\"article:modified_time\" content=\"2025-01-09T10:12:52+00:00\" \/>\n<meta name=\"twitter:card\" content=\"summary_large_image\" \/>\n<meta name=\"twitter:label1\" content=\"Gesch\u00e4tzte Lesezeit\" \/>\n\t<meta name=\"twitter:data1\" content=\"1\u00a0Minute\" \/>\n<script type=\"application\/ld+json\" class=\"yoast-schema-graph\">{\"@context\":\"https:\/\/schema.org\",\"@graph\":[{\"@type\":\"WebPage\",\"@id\":\"https:\/\/www3.tuhh.de\/vpl\/tabula\/kontakt\/\",\"url\":\"https:\/\/www3.tuhh.de\/vpl\/tabula\/kontakt\/\",\"name\":\"Kontakt - TaBuLa bis TaBuLa-LOGplus\",\"isPartOf\":{\"@id\":\"https:\/\/www3.tuhh.de\/vpl\/tabula\/#website\"},\"datePublished\":\"2024-12-19T15:10:46+00:00\",\"dateModified\":\"2025-01-09T10:12:52+00:00\",\"breadcrumb\":{\"@id\":\"https:\/\/www3.tuhh.de\/vpl\/tabula\/kontakt\/#breadcrumb\"},\"inLanguage\":\"de\",\"potentialAction\":[{\"@type\":\"ReadAction\",\"target\":[\"https:\/\/www3.tuhh.de\/vpl\/tabula\/kontakt\/\"]}]},{\"@type\":\"BreadcrumbList\",\"@id\":\"https:\/\/www3.tuhh.de\/vpl\/tabula\/kontakt\/#breadcrumb\",\"itemListElement\":[{\"@type\":\"ListItem\",\"position\":1,\"name\":\"Startseite\",\"item\":\"https:\/\/www3.tuhh.de\/vpl\/tabula\/\"},{\"@type\":\"ListItem\",\"position\":2,\"name\":\"Kontakt\"}]},{\"@type\":\"WebSite\",\"@id\":\"https:\/\/www3.tuhh.de\/vpl\/tabula\/#website\",\"url\":\"https:\/\/www3.tuhh.de\/vpl\/tabula\/\",\"name\":\"TaBuLa bis TaBuLa-LOGplus\",\"description\":\"Kombinierter Personen- und Warentransport in automatisierten Shuttles\",\"potentialAction\":[{\"@type\":\"SearchAction\",\"target\":{\"@type\":\"EntryPoint\",\"urlTemplate\":\"https:\/\/www3.tuhh.de\/vpl\/tabula\/?s={search_term_string}\"},\"query-input\":{\"@type\":\"PropertyValueSpecification\",\"valueRequired\":true,\"valueName\":\"search_term_string\"}}],\"inLanguage\":\"de\"}]}<\/script>\n<!-- \/ Yoast SEO plugin. -->","yoast_head_json":{"title":"Kontakt - TaBuLa bis TaBuLa-LOGplus","robots":{"index":"index","follow":"follow","max-snippet":"max-snippet:-1","max-image-preview":"max-image-preview:large","max-video-preview":"max-video-preview:-1"},"canonical":"https:\/\/www3.tuhh.de\/vpl\/tabula\/kontakt\/","og_locale":"de_DE","og_type":"article","og_title":"Kontakt - TaBuLa bis TaBuLa-LOGplus","og_description":"Ansprechpartner Prof. Dr.-Ing. Carsten Gertz (Projektleitung)Tel.: (+49) 40 428 78 \u2013 3518Dipl.-Ing. Jacqueline Maa\u00df (Projektkoordination)tabula@tuhh.de Technische Universit\u00e4t Hamburg (TUHH)Institut f\u00fcr Verkehrsplanung und Logistik (W-8)Am Schwarzenberg-Campus 321073 Hamburg Tobias Frohnert (Pressesprecher)Tel.: (+49) 4541 888 \u2013 206pressestelle@kreis-rz.de Kreis Herzogtum LauenburgFachdienst Presse- und &hellip; Weiterlesen &rarr;","og_url":"https:\/\/www3.tuhh.de\/vpl\/tabula\/kontakt\/","og_site_name":"TaBuLa bis TaBuLa-LOGplus","article_modified_time":"2025-01-09T10:12:52+00:00","twitter_card":"summary_large_image","twitter_misc":{"Gesch\u00e4tzte Lesezeit":"1\u00a0Minute"},"schema":{"@context":"https:\/\/schema.org","@graph":[{"@type":"WebPage","@id":"https:\/\/www3.tuhh.de\/vpl\/tabula\/kontakt\/","url":"https:\/\/www3.tuhh.de\/vpl\/tabula\/kontakt\/","name":"Kontakt - TaBuLa bis TaBuLa-LOGplus","isPartOf":{"@id":"https:\/\/www3.tuhh.de\/vpl\/tabula\/#website"},"datePublished":"2024-12-19T15:10:46+00:00","dateModified":"2025-01-09T10:12:52+00:00","breadcrumb":{"@id":"https:\/\/www3.tuhh.de\/vpl\/tabula\/kontakt\/#breadcrumb"},"inLanguage":"de","potentialAction":[{"@type":"ReadAction","target":["https:\/\/www3.tuhh.de\/vpl\/tabula\/kontakt\/"]}]},{"@type":"BreadcrumbList","@id":"https:\/\/www3.tuhh.de\/vpl\/tabula\/kontakt\/#breadcrumb","itemListElement":[{"@type":"ListItem","position":1,"name":"Startseite","item":"https:\/\/www3.tuhh.de\/vpl\/tabula\/"},{"@type":"ListItem","position":2,"name":"Kontakt"}]},{"@type":"WebSite","@id":"https:\/\/www3.tuhh.de\/vpl\/tabula\/#website","url":"https:\/\/www3.tuhh.de\/vpl\/tabula\/","name":"TaBuLa bis TaBuLa-LOGplus","description":"Kombinierter Personen- und Warentransport in automatisierten Shuttles","potentialAction":[{"@type":"SearchAction","target":{"@type":"EntryPoint","urlTemplate":"https:\/\/www3.tuhh.de\/vpl\/tabula\/?s={search_term_string}"},"query-input":{"@type":"PropertyValueSpecification","valueRequired":true,"valueName":"search_term_string"}}],"inLanguage":"de"}]}},"_links":{"self":[{"href":"https:\/\/www3.tuhh.de\/vpl\/tabula\/wp-json\/wp\/v2\/pages\/73","targetHints":{"allow":["GET"]}}],"collection":[{"href":"https:\/\/www3.tuhh.de\/vpl\/tabula\/wp-json\/wp\/v2\/pages"}],"about":[{"href":"https:\/\/www3.tuhh.de\/vpl\/tabula\/wp-json\/wp\/v2\/types\/page"}],"author":[{"embeddable":true,"href":"https:\/\/www3.tuhh.de\/vpl\/tabula\/wp-json\/wp\/v2\/users\/4"}],"replies":[{"embeddable":true,"href":"https:\/\/www3.tuhh.de\/vpl\/tabula\/wp-json\/wp\/v2\/comments?post=73"}],"version-history":[{"count":5,"href":"https:\/\/www3.tuhh.de\/vpl\/tabula\/wp-json\/wp\/v2\/pages\/73\/revisions"}],"predecessor-version":[{"id":285,"href":"https:\/\/www3.tuhh.de\/vpl\/tabula\/wp-json\/wp\/v2\/pages\/73\/revisions\/285"}],"wp:attachment":[{"href":"https:\/\/www3.tuhh.de\/vpl\/tabula\/wp-json\/wp\/v2\/media?parent=73"}],"curies":[{"name":"wp","href":"https:\/\/api.w.org\/{rel}","templated":true}]}}